{"id":8498,"date":"2016-05-06T10:52:45","date_gmt":"2016-05-06T08:52:45","guid":{"rendered":"http:\/\/www.reconnectivetherapy.com\/fr\/formation\/practitioner-support\/client-feedback"},"modified":"2017-05-12T13:31:06","modified_gmt":"2017-05-12T11:31:06","slug":"client-feedback","status":"publish","type":"page","link":"https:\/\/www.reconnectivetherapy.com\/fr\/rct\/formation\/client-feedback\/","title":{"rendered":"Feed-backs de traitements RCT"},"content":{"rendered":"<div class=\"wpb-content-wrapper\"><p>[vc_row][vc_column css=\u00a0\u00bb.vc_custom_1453450499130{margin-top: 30px !important;}\u00a0\u00bb][vc_column_text undefined=\u00a0\u00bb\u00a0\u00bb]<\/p>\n<h3>RCT Accompagnement professionnel<\/h3>\n<p>[\/vc_column_text][\/vc_column][\/vc_row][vc_row][vc_column][vc_column_text undefined=\u00a0\u00bb\u00a0\u00bb]<strong>Feed-backs de traitements RCT<br \/>\n<\/strong><br \/>\nPour recevoir un feed-back merci d\u2019envoyer un email \u00e0 Herwig ou Kerstin en indiquant les informations suivantes:<\/p>\n<ul>\n<li>Le <strong>nom de votre client<\/strong>,<\/li>\n<li>La <strong>date de naissance<\/strong> ou l\u2019<strong>\u00e2ge approximatif<\/strong>,<\/li>\n<li><strong>la raison pour laquelle le client s\u2019adresse \u00e0 vous<\/strong><\/li>\n<li>La <strong>date exacte du traitement<\/strong><\/li>\n<li><strong>Vos perceptions, les informations re\u00e7ues en ce qui concerne le traitement.<\/strong><\/li>\n<li>Merci de mentionner \u00e9galement le nombre de jours d&rsquo;int\u00e9gration n\u00e9cessaires avant que le corps de votre client puisse recevoir \u00e0 nouveau un traitement.<\/li>\n<\/ul>\n<p><strong>Co\u00fbt:<\/strong><br \/>\n20,- \u20ac par client, par email feed-back \/ avec max 3 traitements effectu\u00e9s dans les trois mois pr\u00e9c\u00e9dant l\u2019email[\/vc_column_text][\/vc_column][\/vc_row][vc_row][vc_column][vc_separator height_2=\u00a0\u00bb40&Prime; height=\u00a0\u00bb0&Prime; show_border=\u00a0\u00bbyes_border\u00a0\u00bb][\/vc_column][\/vc_row]<\/p>\n<\/div>","protected":false},"excerpt":{"rendered":"<p>[vc_row][vc_column css=\u00a0\u00bb.vc_custom_1453450499130{margin-top: 30px !important;}\u00a0\u00bb][vc_column_text undefined=\u00a0\u00bb\u00a0\u00bb] RCT Accompagnement professionnel [\/vc_column_text][\/vc_column][\/vc_row][vc_row][vc_column][vc_column_text undefined=\u00a0\u00bb\u00a0\u00bb]Feed-backs de traitements RCT Pour recevoir un feed-back merci d\u2019envoyer un email \u00e0 Herwig ou Kerstin en<span class=\"excerpt-hellip\"> [\u2026]<\/span><\/p>\n","protected":false},"author":10,"featured_media":0,"parent":7811,"menu_order":4,"comment_status":"closed","ping_status":"closed","template":"template-slider-full.php","meta":{"footnotes":""},"class_list":["post-8498","page","type-page","status-publish","hentry"],"yoast_head":"<!-- This site is optimized with the Yoast SEO plugin v27.5 - https:\/\/yoast.com\/product\/yoast-seo-wordpress\/ -->\n<title>RCT Intensiv f\u00fcr Heilung - Reconnective Therapy<\/title>\n<meta name=\"description\" content=\"RCT Intensiv f\u00fcr Heilung - Reconnective Therapy | Herwig und Kerstin Sch\u00f6n. Jeder von uns tr\u00e4gt das Wissen \u00fcber perfektes Wohlbefinden in sich.\" \/>\n<meta name=\"robots\" content=\"index, follow, max-snippet:-1, max-image-preview:large, max-video-preview:-1\" \/>\n<link rel=\"canonical\" href=\"https:\/\/www.reconnectivetherapy.com\/healing\/ausbildung\/consultation-client-feedback\/\" \/>\n<meta property=\"og:locale\" content=\"fr_FR\" \/>\n<meta property=\"og:type\" content=\"article\" \/>\n<meta property=\"og:title\" content=\"RCT Intensiv f\u00fcr Heilung - Reconnective Therapy\" \/>\n<meta property=\"og:description\" content=\"RCT Intensiv f\u00fcr Heilung - Reconnective Therapy | Herwig und Kerstin Sch\u00f6n. Jeder von uns tr\u00e4gt das Wissen \u00fcber perfektes Wohlbefinden in sich.\" \/>\n<meta property=\"og:url\" content=\"https:\/\/www.reconnectivetherapy.com\/healing\/ausbildung\/consultation-client-feedback\/\" \/>\n<meta property=\"og:site_name\" content=\"RCT - Reconnective Therapy | Kerstin Sch\u00f6n\" \/>\n<meta property=\"article:modified_time\" content=\"2017-05-12T11:31:06+00:00\" \/>\n<meta name=\"twitter:label1\" content=\"Dur\u00e9e de lecture estim\u00e9e\" \/>\n\t<meta name=\"twitter:data1\" content=\"1 minute\" \/>\n<script type=\"application\/ld+json\" class=\"yoast-schema-graph\">{\"@context\":\"https:\\\/\\\/schema.org\",\"@graph\":[{\"@type\":\"WebPage\",\"@id\":\"https:\\\/\\\/www.reconnectivetherapy.com\\\/healing\\\/ausbildung\\\/consultation-client-feedback\\\/\",\"url\":\"https:\\\/\\\/www.reconnectivetherapy.com\\\/healing\\\/ausbildung\\\/consultation-client-feedback\\\/\",\"name\":\"RCT Intensiv f\u00fcr Heilung - Reconnective Therapy\",\"isPartOf\":{\"@id\":\"https:\\\/\\\/www.reconnectivetherapy.com\\\/#website\"},\"datePublished\":\"2016-05-06T08:52:45+00:00\",\"dateModified\":\"2017-05-12T11:31:06+00:00\",\"description\":\"RCT Intensiv f\u00fcr Heilung - Reconnective Therapy | Herwig und Kerstin Sch\u00f6n. Jeder von uns tr\u00e4gt das Wissen \u00fcber perfektes Wohlbefinden in sich.\",\"breadcrumb\":{\"@id\":\"https:\\\/\\\/www.reconnectivetherapy.com\\\/healing\\\/ausbildung\\\/consultation-client-feedback\\\/#breadcrumb\"},\"inLanguage\":\"fr-FR\",\"potentialAction\":[{\"@type\":\"ReadAction\",\"target\":[\"https:\\\/\\\/www.reconnectivetherapy.com\\\/healing\\\/ausbildung\\\/consultation-client-feedback\\\/\"]}]},{\"@type\":\"BreadcrumbList\",\"@id\":\"https:\\\/\\\/www.reconnectivetherapy.com\\\/healing\\\/ausbildung\\\/consultation-client-feedback\\\/#breadcrumb\",\"itemListElement\":[{\"@type\":\"ListItem\",\"position\":1,\"name\":\"Accueil\",\"item\":\"https:\\\/\\\/www.reconnectivetherapy.com\\\/fr\\\/\"},{\"@type\":\"ListItem\",\"position\":2,\"name\":\"Gu\u00e9rison et formation\",\"item\":\"https:\\\/\\\/www.reconnectivetherapy.com\\\/healing\\\/\"},{\"@type\":\"ListItem\",\"position\":3,\"name\":\"Formation\",\"item\":\"https:\\\/\\\/www.reconnectivetherapy.com\\\/healing\\\/ausbildung\\\/\"},{\"@type\":\"ListItem\",\"position\":4,\"name\":\"Feed-backs de traitements RCT\"}]},{\"@type\":\"WebSite\",\"@id\":\"https:\\\/\\\/www.reconnectivetherapy.com\\\/#website\",\"url\":\"https:\\\/\\\/www.reconnectivetherapy.com\\\/\",\"name\":\"RCT - Reconnective Therapy | Kerstin Sch\u00f6n\",\"description\":\"RCT - Reconnective Therapy | Kerstin Sch\u00f6n\",\"potentialAction\":[{\"@type\":\"SearchAction\",\"target\":{\"@type\":\"EntryPoint\",\"urlTemplate\":\"https:\\\/\\\/www.reconnectivetherapy.com\\\/?s={search_term_string}\"},\"query-input\":{\"@type\":\"PropertyValueSpecification\",\"valueRequired\":true,\"valueName\":\"search_term_string\"}}],\"inLanguage\":\"fr-FR\"}]}<\/script>\n<!-- \/ Yoast SEO plugin. -->","yoast_head_json":{"title":"RCT Intensiv f\u00fcr Heilung - Reconnective Therapy","description":"RCT Intensiv f\u00fcr Heilung - Reconnective Therapy | Herwig und Kerstin Sch\u00f6n. Jeder von uns tr\u00e4gt das Wissen \u00fcber perfektes Wohlbefinden in sich.","robots":{"index":"index","follow":"follow","max-snippet":"max-snippet:-1","max-image-preview":"max-image-preview:large","max-video-preview":"max-video-preview:-1"},"canonical":"https:\/\/www.reconnectivetherapy.com\/healing\/ausbildung\/consultation-client-feedback\/","og_locale":"fr_FR","og_type":"article","og_title":"RCT Intensiv f\u00fcr Heilung - Reconnective Therapy","og_description":"RCT Intensiv f\u00fcr Heilung - Reconnective Therapy | Herwig und Kerstin Sch\u00f6n. Jeder von uns tr\u00e4gt das Wissen \u00fcber perfektes Wohlbefinden in sich.","og_url":"https:\/\/www.reconnectivetherapy.com\/healing\/ausbildung\/consultation-client-feedback\/","og_site_name":"RCT - Reconnective Therapy | Kerstin Sch\u00f6n","article_modified_time":"2017-05-12T11:31:06+00:00","twitter_misc":{"Dur\u00e9e de lecture estim\u00e9e":"1 minute"},"schema":{"@context":"https:\/\/schema.org","@graph":[{"@type":"WebPage","@id":"https:\/\/www.reconnectivetherapy.com\/healing\/ausbildung\/consultation-client-feedback\/","url":"https:\/\/www.reconnectivetherapy.com\/healing\/ausbildung\/consultation-client-feedback\/","name":"RCT Intensiv f\u00fcr Heilung - Reconnective Therapy","isPartOf":{"@id":"https:\/\/www.reconnectivetherapy.com\/#website"},"datePublished":"2016-05-06T08:52:45+00:00","dateModified":"2017-05-12T11:31:06+00:00","description":"RCT Intensiv f\u00fcr Heilung - Reconnective Therapy | Herwig und Kerstin Sch\u00f6n. Jeder von uns tr\u00e4gt das Wissen \u00fcber perfektes Wohlbefinden in sich.","breadcrumb":{"@id":"https:\/\/www.reconnectivetherapy.com\/healing\/ausbildung\/consultation-client-feedback\/#breadcrumb"},"inLanguage":"fr-FR","potentialAction":[{"@type":"ReadAction","target":["https:\/\/www.reconnectivetherapy.com\/healing\/ausbildung\/consultation-client-feedback\/"]}]},{"@type":"BreadcrumbList","@id":"https:\/\/www.reconnectivetherapy.com\/healing\/ausbildung\/consultation-client-feedback\/#breadcrumb","itemListElement":[{"@type":"ListItem","position":1,"name":"Accueil","item":"https:\/\/www.reconnectivetherapy.com\/fr\/"},{"@type":"ListItem","position":2,"name":"Gu\u00e9rison et formation","item":"https:\/\/www.reconnectivetherapy.com\/healing\/"},{"@type":"ListItem","position":3,"name":"Formation","item":"https:\/\/www.reconnectivetherapy.com\/healing\/ausbildung\/"},{"@type":"ListItem","position":4,"name":"Feed-backs de traitements RCT"}]},{"@type":"WebSite","@id":"https:\/\/www.reconnectivetherapy.com\/#website","url":"https:\/\/www.reconnectivetherapy.com\/","name":"RCT - Reconnective Therapy | Kerstin Sch\u00f6n","description":"RCT - Reconnective Therapy | Kerstin Sch\u00f6n","potentialAction":[{"@type":"SearchAction","target":{"@type":"EntryPoint","urlTemplate":"https:\/\/www.reconnectivetherapy.com\/?s={search_term_string}"},"query-input":{"@type":"PropertyValueSpecification","valueRequired":true,"valueName":"search_term_string"}}],"inLanguage":"fr-FR"}]}},"_links":{"self":[{"href":"https:\/\/www.reconnectivetherapy.com\/fr\/wp-json\/wp\/v2\/pages\/8498","targetHints":{"allow":["GET"]}}],"collection":[{"href":"https:\/\/www.reconnectivetherapy.com\/fr\/wp-json\/wp\/v2\/pages"}],"about":[{"href":"https:\/\/www.reconnectivetherapy.com\/fr\/wp-json\/wp\/v2\/types\/page"}],"author":[{"embeddable":true,"href":"https:\/\/www.reconnectivetherapy.com\/fr\/wp-json\/wp\/v2\/users\/10"}],"replies":[{"embeddable":true,"href":"https:\/\/www.reconnectivetherapy.com\/fr\/wp-json\/wp\/v2\/comments?post=8498"}],"version-history":[{"count":0,"href":"https:\/\/www.reconnectivetherapy.com\/fr\/wp-json\/wp\/v2\/pages\/8498\/revisions"}],"up":[{"embeddable":true,"href":"https:\/\/www.reconnectivetherapy.com\/fr\/wp-json\/wp\/v2\/pages\/7811"}],"wp:attachment":[{"href":"https:\/\/www.reconnectivetherapy.com\/fr\/wp-json\/wp\/v2\/media?parent=8498"}],"curies":[{"name":"wp","href":"https:\/\/api.w.org\/{rel}","templated":true}]}}