{"id":8482,"date":"2016-03-23T09:36:27","date_gmt":"2016-03-23T08:36:27","guid":{"rendered":"http:\/\/www.reconnectivetherapy.com\/fr\/formation\/applied-principles-of-energy-work"},"modified":"2026-01-08T20:04:30","modified_gmt":"2026-01-08T19:04:30","slug":"applied-principles-of-energy-work","status":"publish","type":"page","link":"https:\/\/www.reconnectivetherapy.com\/fr\/rct\/formation\/applied-principles-of-energy-work\/","title":{"rendered":"Principes Appliqu\u00e9s en travail \u00c9nerg\u00e9tique (APE) I &#8211; IV"},"content":{"rendered":"<div class=\"wpb-content-wrapper\"><p>[vc_row][vc_column css=\u00a0\u00bb.vc_custom_1453450499130{margin-top: 30px !important;}\u00a0\u00bb][vc_column_text undefined=\u00a0\u00bb\u00a0\u00bb]<\/p>\n<h3>Applied Principles of Energy Work (APEW) Levels I &#8211; V<\/h3>\n<p>[\/vc_column_text][\/vc_column][\/vc_row][vc_row][vc_column][vc_column_text]<\/p>\n<div><\/div>\n<div><span style=\"color: #000000;\">Beginning in 2023, a new energy system with new frequencies<span class=\"gmail-Apple-converted-space\">\u00a0<\/span>is<span class=\"gmail-Apple-converted-space\">\u00a0<\/span>available to all of us once it is anchored on the physical plane. However, anchoring is not necessarily automatic &#8211;\u00a0RCT facilitates the process of expansion into the new system and frequencies, as well as the process of anchoring into the physical body. Since the beginning of 2023, the practitioner training\u00a0is\u00a0geared towards the new frequencies. This<span class=\"gmail-Apple-converted-space\">\u00a0<\/span>helps\u00a0your body adjust to the new energy system. With the new energy system, the body can hold a broader resonance than with the old system. When your system embodies and anchors the new energy system, you will be able to support your clients in the same process.<\/span><\/div>\n<div><\/div>\n<p>[\/vc_column_text][vc_column_text]<strong>Starting in 2023, each APEW level class is followed by Embodiment of RCT Concepts and Sitting in with Kerstin.<\/strong>[\/vc_column_text][\/vc_column][\/vc_row][vc_row][vc_column][vc_separator][\/vc_column][\/vc_row][vc_row][vc_column][vc_column_text undefined=\u00a0\u00bb\u00a0\u00bb]<strong>Prerequisite: <\/strong><a href=\"http:\/\/www.reconnectivetherapy.com\/healing\/ausbildung\/principles-energy-work\/\">Principles of Energy Work<\/a> &amp;\u00a0 <a href=\"http:\/\/www.reconnectivetherapy.com\/ausbildung\/introductory-class\/\">RCT Foundation Class<\/a><\/p>\n<p>APEW Level I &#8211; Biomechanics<br \/>\nAPEW Level II &#8211; Organs<br \/>\nAPEW Level III &#8211; Central Nervous System (CNS)<br \/>\nAPEW Level IV &#8211; Circulatory System<br \/>\nAPEW Level V &#8211; Lymphatic System<\/p>\n<p>In this series you will be introduced to RCT as pure energy work. You will learn to work with the different systems of the body: the lymphatic system, the circulatory system, and the central nervous system.<\/p>\n<p>In the APEW class series you will have the opportunity to work on each other as well as receive teachings on how the body works as a living being. These teachings are intended to\u00a0come alive for you in your work on each other.<\/p>\n<p>Each class will be 3 days in duration.<\/p>\n<p>APEW Levels I-III can only be taken in numerical sequence.<\/p>\n<p>&nbsp;<\/p>\n<p><strong>Fees<\/strong><\/p>\n<p>APEW Level I &#8211; V Classes $1130 for each class<\/p>\n<p>[\/vc_column_text][vc_separator][\/vc_column][\/vc_row][vc_row][vc_column width=\u00a0\u00bb1\/3&Prime;][vc_column_text css=\u00a0\u00bb\u00a0\u00bb]<strong>APEW I &#8211; Biomechanics<br \/>\n<span style=\"color: #000000;\">Date: <\/span><\/strong>TBD<br \/>\n<strong>Time: <\/strong>10:00am &#8211; 6:00pm PT<br \/>\n<strong>Location: <span style=\"color: #000080;\">In Person on Whidbey Island &amp; Online<\/span><\/strong><\/p>\n<p><strong>Embodiment of RCT Concepts<br \/>\nDate: <\/strong>Will be scheduled with the participants at the end of APEW I &#8211; Biomechanics<br \/>\n<strong>Time: <\/strong>8:00am &#8211; 11:00am PT<br \/>\n<strong>Location:<\/strong> Online<\/p>\n<p><strong>Sitting In With Kerstin <span style=\"color: #ff0000;\"><br \/>\n<span style=\"color: #000000;\">Date: <\/span><\/span><\/strong><span style=\"color: #ff0000;\"><span style=\"color: #000000;\">Will be scheduled with the participants at the end of APEW I &#8211; Biomechanics<br \/>\n<strong>Time:\u00a0<\/strong>8:00am &#8211; 1:00pm PT<br \/>\n<strong>Location: <\/strong>Online\u00a0<\/span><\/span><\/p>\n<p><strong>Cost:<\/strong> $1130<\/p>\n<p><strong>Registration Deadline: <\/strong><strong><br \/>\n<\/strong>[\/vc_column_text][\/vc_column][vc_column width=\u00a0\u00bb1\/3&Prime;][vc_column_text css=\u00a0\u00bb\u00a0\u00bb]<strong>APEW II &#8211; The Organs<br \/>\nDate:\u00a0<\/strong>TBD<br \/>\n<strong>Time: <\/strong>10:00am &#8211; 6:00pm PT<br \/>\n<strong>Locaton: <span style=\"color: #000080;\">In Person on Whidbey Island<\/span> <\/strong><\/p>\n<p><strong>Embodiment of RCT Concepts<br \/>\nDate: <\/strong>Will be scheduled with the participants at the end of APEW II &#8211; The Organs<br \/>\n<strong>Time: <\/strong>8:00am &#8211; 11:00am PT<br \/>\n<strong>Location:<\/strong> Online<\/p>\n<p><strong>Sitting In With Kerstin <span style=\"color: #ff0000;\"><br \/>\n<span style=\"color: #000000;\">Date: <\/span><\/span><\/strong><span style=\"color: #ff0000;\"><span style=\"color: #000000;\">Will be scheduled with the participants at the end of APEW II &#8211; The Organs<br \/>\n<strong>Time:\u00a0<\/strong>8:00am &#8211; 1:00pm PT<br \/>\n<strong>Location: <\/strong>Online<\/span><\/span><\/p>\n<p><strong>Cost:<\/strong> $1130<\/p>\n<p><strong>Registration Deadline:<\/strong>\u00a0<strong><br \/>\n<\/strong>[\/vc_column_text][\/vc_column][vc_column width=\u00a0\u00bb1\/3&Prime;][vc_column_text css=\u00a0\u00bb\u00a0\u00bb]<strong>APEW III &#8211; The Central Nervous System<br \/>\nDate: <\/strong>April 25, 26, 27, 2026<br \/>\n<strong>Time: <\/strong>10:00am &#8211; 6:00pm PT<br \/>\n<strong>Location: <\/strong>In Person on Whidbey Island<\/p>\n<p><strong>Embodiment of RCT Concepts<br \/>\nDate: <\/strong>Will be scheduled with the participants at the end of APEW III &#8211; The Central Nervous System<br \/>\n<strong>Time: <\/strong>8:00am &#8211; 11:00am PT<br \/>\n<strong>Location:<\/strong> Online<\/p>\n<p><strong>Sitting In With Kerstin<span style=\"color: #ff0000;\"><br \/>\n<span style=\"color: #000000;\">Date: <\/span><\/span><\/strong><span style=\"color: #ff0000;\"><span style=\"color: #000000;\">April 30 &amp; May 1<br \/>\n<strong>Location: <\/strong>In Person on Whidbey Island<\/span><\/span><\/p>\n<p><strong>Cost:<\/strong> $1130<\/p>\n<p><strong>Registration Deadline: <\/strong>April 20, 2026[\/vc_column_text][vc_btn title=\u00a0\u00bbPay &amp; Register Here\u00a0\u00bb color=\u00a0\u00bbprimary\u00a0\u00bb css=\u00a0\u00bb\u00a0\u00bb link=\u00a0\u00bburl:https%3A%2F%2Freconnective-therapy-shop.myshopify.com%2Fcollections%2Frct-training-classes%2Fproducts%2F3-puzzle-pieces-structural-work-embodiment-of-rct-concepts-lymphatic-system-copy-1|\u00a0\u00bb][\/vc_column][\/vc_row]<\/p>\n<\/div>","protected":false},"excerpt":{"rendered":"<p>[vc_row][vc_column css=\u00a0\u00bb.vc_custom_1453450499130{margin-top: 30px !important;}\u00a0\u00bb][vc_column_text undefined=\u00a0\u00bb\u00a0\u00bb] Applied Principles of Energy Work (APEW) Levels I &#8211; V [\/vc_column_text][\/vc_column][\/vc_row][vc_row][vc_column][vc_column_text] Beginning in 2023, a new energy system with new frequencies\u00a0is\u00a0available<span class=\"excerpt-hellip\"> [\u2026]<\/span><\/p>\n","protected":false},"author":10,"featured_media":0,"parent":7811,"menu_order":3,"comment_status":"closed","ping_status":"closed","template":"","meta":{"footnotes":""},"class_list":["post-8482","page","type-page","status-publish","hentry"],"yoast_head":"<!-- This site is optimized with the Yoast SEO plugin v27.3 - https:\/\/yoast.com\/product\/yoast-seo-wordpress\/ -->\n<title>RCT Intensiv f\u00fcr Heilung - Reconnective Therapy<\/title>\n<meta name=\"description\" content=\"RCT Intensiv f\u00fcr Heilung - Reconnective Therapy | Herwig und Kerstin Sch\u00f6n. Jeder von uns tr\u00e4gt das Wissen \u00fcber perfektes Wohlbefinden in sich.\" \/>\n<meta name=\"robots\" content=\"index, follow, max-snippet:-1, max-image-preview:large, max-video-preview:-1\" \/>\n<link rel=\"canonical\" href=\"https:\/\/www.reconnectivetherapy.com\/fr\/rct\/formation\/applied-principles-of-energy-work\/\" \/>\n<meta property=\"og:locale\" content=\"fr_FR\" \/>\n<meta property=\"og:type\" content=\"article\" \/>\n<meta property=\"og:title\" content=\"RCT Intensiv f\u00fcr Heilung - Reconnective Therapy\" \/>\n<meta property=\"og:description\" content=\"RCT Intensiv f\u00fcr Heilung - Reconnective Therapy | Herwig und Kerstin Sch\u00f6n. Jeder von uns tr\u00e4gt das Wissen \u00fcber perfektes Wohlbefinden in sich.\" \/>\n<meta property=\"og:url\" content=\"https:\/\/www.reconnectivetherapy.com\/fr\/rct\/formation\/applied-principles-of-energy-work\/\" \/>\n<meta property=\"og:site_name\" content=\"RCT - Reconnective Therapy | Kerstin Sch\u00f6n\" \/>\n<meta property=\"article:modified_time\" content=\"2026-01-08T19:04:30+00:00\" \/>\n<meta name=\"twitter:label1\" content=\"Dur\u00e9e de lecture estim\u00e9e\" \/>\n\t<meta name=\"twitter:data1\" content=\"3 minutes\" \/>\n<script type=\"application\/ld+json\" class=\"yoast-schema-graph\">{\"@context\":\"https:\\\/\\\/schema.org\",\"@graph\":[{\"@type\":\"WebPage\",\"@id\":\"https:\\\/\\\/www.reconnectivetherapy.com\\\/fr\\\/rct\\\/formation\\\/applied-principles-of-energy-work\\\/\",\"url\":\"https:\\\/\\\/www.reconnectivetherapy.com\\\/fr\\\/rct\\\/formation\\\/applied-principles-of-energy-work\\\/\",\"name\":\"RCT Intensiv f\u00fcr Heilung - Reconnective Therapy\",\"isPartOf\":{\"@id\":\"https:\\\/\\\/www.reconnectivetherapy.com\\\/#website\"},\"datePublished\":\"2016-03-23T08:36:27+00:00\",\"dateModified\":\"2026-01-08T19:04:30+00:00\",\"description\":\"RCT Intensiv f\u00fcr Heilung - Reconnective Therapy | Herwig und Kerstin Sch\u00f6n. Jeder von uns tr\u00e4gt das Wissen \u00fcber perfektes Wohlbefinden in sich.\",\"breadcrumb\":{\"@id\":\"https:\\\/\\\/www.reconnectivetherapy.com\\\/fr\\\/rct\\\/formation\\\/applied-principles-of-energy-work\\\/#breadcrumb\"},\"inLanguage\":\"fr-FR\",\"potentialAction\":[{\"@type\":\"ReadAction\",\"target\":[\"https:\\\/\\\/www.reconnectivetherapy.com\\\/fr\\\/rct\\\/formation\\\/applied-principles-of-energy-work\\\/\"]}]},{\"@type\":\"BreadcrumbList\",\"@id\":\"https:\\\/\\\/www.reconnectivetherapy.com\\\/fr\\\/rct\\\/formation\\\/applied-principles-of-energy-work\\\/#breadcrumb\",\"itemListElement\":[{\"@type\":\"ListItem\",\"position\":1,\"name\":\"Accueil\",\"item\":\"https:\\\/\\\/www.reconnectivetherapy.com\\\/fr\\\/\"},{\"@type\":\"ListItem\",\"position\":2,\"name\":\"Gu\u00e9rison et formation\",\"item\":\"https:\\\/\\\/www.reconnectivetherapy.com\\\/healing\\\/\"},{\"@type\":\"ListItem\",\"position\":3,\"name\":\"Formation\",\"item\":\"https:\\\/\\\/www.reconnectivetherapy.com\\\/healing\\\/ausbildung\\\/\"},{\"@type\":\"ListItem\",\"position\":4,\"name\":\"Principes Appliqu\u00e9s en travail \u00c9nerg\u00e9tique (APE) I &#8211; IV\"}]},{\"@type\":\"WebSite\",\"@id\":\"https:\\\/\\\/www.reconnectivetherapy.com\\\/#website\",\"url\":\"https:\\\/\\\/www.reconnectivetherapy.com\\\/\",\"name\":\"RCT - Reconnective Therapy | Kerstin Sch\u00f6n\",\"description\":\"RCT - Reconnective Therapy | Kerstin Sch\u00f6n\",\"potentialAction\":[{\"@type\":\"SearchAction\",\"target\":{\"@type\":\"EntryPoint\",\"urlTemplate\":\"https:\\\/\\\/www.reconnectivetherapy.com\\\/?s={search_term_string}\"},\"query-input\":{\"@type\":\"PropertyValueSpecification\",\"valueRequired\":true,\"valueName\":\"search_term_string\"}}],\"inLanguage\":\"fr-FR\"}]}<\/script>\n<!-- \/ Yoast SEO plugin. -->","yoast_head_json":{"title":"RCT Intensiv f\u00fcr Heilung - Reconnective Therapy","description":"RCT Intensiv f\u00fcr Heilung - Reconnective Therapy | Herwig und Kerstin Sch\u00f6n. Jeder von uns tr\u00e4gt das Wissen \u00fcber perfektes Wohlbefinden in sich.","robots":{"index":"index","follow":"follow","max-snippet":"max-snippet:-1","max-image-preview":"max-image-preview:large","max-video-preview":"max-video-preview:-1"},"canonical":"https:\/\/www.reconnectivetherapy.com\/fr\/rct\/formation\/applied-principles-of-energy-work\/","og_locale":"fr_FR","og_type":"article","og_title":"RCT Intensiv f\u00fcr Heilung - Reconnective Therapy","og_description":"RCT Intensiv f\u00fcr Heilung - Reconnective Therapy | Herwig und Kerstin Sch\u00f6n. Jeder von uns tr\u00e4gt das Wissen \u00fcber perfektes Wohlbefinden in sich.","og_url":"https:\/\/www.reconnectivetherapy.com\/fr\/rct\/formation\/applied-principles-of-energy-work\/","og_site_name":"RCT - Reconnective Therapy | Kerstin Sch\u00f6n","article_modified_time":"2026-01-08T19:04:30+00:00","twitter_misc":{"Dur\u00e9e de lecture estim\u00e9e":"3 minutes"},"schema":{"@context":"https:\/\/schema.org","@graph":[{"@type":"WebPage","@id":"https:\/\/www.reconnectivetherapy.com\/fr\/rct\/formation\/applied-principles-of-energy-work\/","url":"https:\/\/www.reconnectivetherapy.com\/fr\/rct\/formation\/applied-principles-of-energy-work\/","name":"RCT Intensiv f\u00fcr Heilung - Reconnective Therapy","isPartOf":{"@id":"https:\/\/www.reconnectivetherapy.com\/#website"},"datePublished":"2016-03-23T08:36:27+00:00","dateModified":"2026-01-08T19:04:30+00:00","description":"RCT Intensiv f\u00fcr Heilung - Reconnective Therapy | Herwig und Kerstin Sch\u00f6n. Jeder von uns tr\u00e4gt das Wissen \u00fcber perfektes Wohlbefinden in sich.","breadcrumb":{"@id":"https:\/\/www.reconnectivetherapy.com\/fr\/rct\/formation\/applied-principles-of-energy-work\/#breadcrumb"},"inLanguage":"fr-FR","potentialAction":[{"@type":"ReadAction","target":["https:\/\/www.reconnectivetherapy.com\/fr\/rct\/formation\/applied-principles-of-energy-work\/"]}]},{"@type":"BreadcrumbList","@id":"https:\/\/www.reconnectivetherapy.com\/fr\/rct\/formation\/applied-principles-of-energy-work\/#breadcrumb","itemListElement":[{"@type":"ListItem","position":1,"name":"Accueil","item":"https:\/\/www.reconnectivetherapy.com\/fr\/"},{"@type":"ListItem","position":2,"name":"Gu\u00e9rison et formation","item":"https:\/\/www.reconnectivetherapy.com\/healing\/"},{"@type":"ListItem","position":3,"name":"Formation","item":"https:\/\/www.reconnectivetherapy.com\/healing\/ausbildung\/"},{"@type":"ListItem","position":4,"name":"Principes Appliqu\u00e9s en travail \u00c9nerg\u00e9tique (APE) I &#8211; IV"}]},{"@type":"WebSite","@id":"https:\/\/www.reconnectivetherapy.com\/#website","url":"https:\/\/www.reconnectivetherapy.com\/","name":"RCT - Reconnective Therapy | Kerstin Sch\u00f6n","description":"RCT - Reconnective Therapy | Kerstin Sch\u00f6n","potentialAction":[{"@type":"SearchAction","target":{"@type":"EntryPoint","urlTemplate":"https:\/\/www.reconnectivetherapy.com\/?s={search_term_string}"},"query-input":{"@type":"PropertyValueSpecification","valueRequired":true,"valueName":"search_term_string"}}],"inLanguage":"fr-FR"}]}},"_links":{"self":[{"href":"https:\/\/www.reconnectivetherapy.com\/fr\/wp-json\/wp\/v2\/pages\/8482","targetHints":{"allow":["GET"]}}],"collection":[{"href":"https:\/\/www.reconnectivetherapy.com\/fr\/wp-json\/wp\/v2\/pages"}],"about":[{"href":"https:\/\/www.reconnectivetherapy.com\/fr\/wp-json\/wp\/v2\/types\/page"}],"author":[{"embeddable":true,"href":"https:\/\/www.reconnectivetherapy.com\/fr\/wp-json\/wp\/v2\/users\/10"}],"replies":[{"embeddable":true,"href":"https:\/\/www.reconnectivetherapy.com\/fr\/wp-json\/wp\/v2\/comments?post=8482"}],"version-history":[{"count":6,"href":"https:\/\/www.reconnectivetherapy.com\/fr\/wp-json\/wp\/v2\/pages\/8482\/revisions"}],"predecessor-version":[{"id":14822,"href":"https:\/\/www.reconnectivetherapy.com\/fr\/wp-json\/wp\/v2\/pages\/8482\/revisions\/14822"}],"up":[{"embeddable":true,"href":"https:\/\/www.reconnectivetherapy.com\/fr\/wp-json\/wp\/v2\/pages\/7811"}],"wp:attachment":[{"href":"https:\/\/www.reconnectivetherapy.com\/fr\/wp-json\/wp\/v2\/media?parent=8482"}],"curies":[{"name":"wp","href":"https:\/\/api.w.org\/{rel}","templated":true}]}}