{"id":8128,"date":"2016-11-17T08:23:30","date_gmt":"2016-11-17T07:23:30","guid":{"rendered":"http:\/\/www.reconnectivetherapy.com\/fr\/school-of-life\/kreis-der-kreation"},"modified":"2018-04-24T22:15:45","modified_gmt":"2018-04-24T20:15:45","slug":"cercle-de-la-creation","status":"publish","type":"page","link":"https:\/\/www.reconnectivetherapy.com\/fr\/alte-versionen\/school-of-life\/cercle-de-la-creation\/","title":{"rendered":"Cercle de la Cr\u00e9ation"},"content":{"rendered":"<div class=\"wpb-content-wrapper\"><p>[vc_row][vc_column css=\u00a0\u00bb.vc_custom_1453450499130{margin-top: 30px !important;}\u00a0\u00bb][vc_column_text undefined=\u00a0\u00bb\u00a0\u00bb]<\/p>\n<h3>RCT Ecole de la Vie<\/h3>\n<p>[\/vc_column_text][\/vc_column][\/vc_row][vc_row][vc_column][vc_column_text undefined=\u00a0\u00bb\u00a0\u00bb]<\/p>\n<h4><b>Cercle de la Cr\u00e9ation<\/b><\/h4>\n<p><span style=\"font-weight: 400;\">Concevez votre vie consciemment<\/span><\/p>\n<p><img loading=\"lazy\" decoding=\"async\" class=\"size-full wp-image-8305 alignleft\" src=\"http:\/\/www.reconnectivetherapy.com\/wp-content\/uploads\/2016\/11\/kreis-kreation-fr.png\" alt=\"kreis-kreation-fr\" width=\"606\" height=\"531\" \/>[\/vc_column_text][vc_column_text]<em><strong><span style=\"color: #ffffff;\">&#8211;<\/span><br \/>\nLes modules de la RCT Ecole de la Vie &#8211; Cercle de la Cr\u00e9ation: Il est n\u00e9cessaire de suivre les modules dans l\u2019ordre.<\/strong><\/em>[\/vc_column_text][vc_row_inner][vc_column_inner][vc_column_text]<span style=\"color: #ffffff;\"><img loading=\"lazy\" decoding=\"async\" class=\"size-full wp-image-7915 alignleft\" style=\"margin-top: 6px;\" src=\"http:\/\/www.reconnectivetherapy.com\/wp-content\/uploads\/2016\/11\/modul-1.png\" alt=\"modul-1\" width=\"81\" height=\"75\" \/><\/span><strong>Module 1 &#8211; Acceptation<\/strong><br \/>\nConditions de participation:<br \/>\nAvoir suivi 1 \u00e9l\u00e9ment de la RCT Ecole de la Vie \u2013 Cercle des Fondements[\/vc_column_text][vc_column_text]<strong><br \/>\nStructure du Module 1 :<\/strong><\/p>\n<ul>\n<li>Dur\u00e9e: \u00e9tendu sur 10 semaines<\/li>\n<li>Une conf\u00e9rence vid\u00e9o toutes les deux semaines<\/li>\n<li>6 conf\u00e9rences vid\u00e9o<\/li>\n<li>La conf\u00e9rence vid\u00e9o dure 1 heure<\/li>\n<li>D\u00e9roulement de la conf\u00e9rence vid\u00e9o:<br \/>\n&#8211; Enseignements et exercices \u2013 comment transformer l\u2019habituelle tendance \u00e0 prendre une attitude<br \/>\n<span style=\"color: #ffffff;\">&#8211;<\/span> r\u00e9ticente et combative, ce qui est dans la nature de l\u2019ego, dans une attitude d\u2019acceptation.<br \/>\n&#8211; Un temps pour des questions.<br \/>\n&#8211; Entra\u00eenements et exercices \u00e0 r\u00e9aliser chez soi pour la conf\u00e9rence suivante.<\/li>\n<li>Appels \u201cRendre compte\u201d:<br \/>\n&#8211; Les participants sont regroup\u00e9s par paires<br \/>\n&#8211; Au d\u00e9but de la s\u00e9rie de conf\u00e9rences vous recevrez les directives pour ces appels<br \/>\n&#8211; Les bin\u00f4mes s\u2019appellent une fois entre chaque conf\u00e9rence pour faire un bilan sur l\u2019accomplissement des exercices<\/li>\n<\/ul>\n<p>Co\u00fbt: 350,- \u20ac[\/vc_column_text][vc_column_text]<strong>Module 1 &#8211; Acceptation<\/strong><br \/>\nDans mon travail avec les personnes et en enseignant le travail \u00e9nerg\u00e9tique et la transformation personnelle, j\u2019ai souvent pu constater qu\u2019il est tr\u00e8s difficile pour des occidentaux d\u2019accepter les choses telles u\u2019elles sont. Nous avons \u00e9t\u00e9 \u00e9duqu\u00e9s pour r\u00e9sister et pour combattre ou vouloir changer tout ce qui ne nous pla\u00eet pas ou dont nous sommes persuad\u00e9s qu\u2019il devrait en \u00eatre autrement. Entre autres le combat contre la pauvret\u00e9, le combat contre la guerre, le combat contre la maladie, la liste n\u2019est pas exhaustive. Observez bien les r\u00e9sultats de ces combats.<\/p>\n<p><span style=\"font-weight: 400;\">Il en va de m\u00eame sur le plan personnel : Beaucoup de gens se battent contre tout ce qu\u2019ils ne souhaitent pas voir ou avoir dans leur vie. J\u2019ai justement appris que quand nous combattons quelque chose, nous donnons de l\u2019\u00e9nergie \u00e0 cette m\u00eame chose. Tout ce que nous vivons, nous l\u2019avons cr\u00e9\u00e9 nous-m\u00eame. Nous renfor\u00e7ons les cr\u00e9ations en leur donnant de l\u2019\u00e9nergie, et celles que nous privons de notre \u00e9nergie, diminuent au point de cesser d\u2019exister. Tout ce que nous acceptons \u00e0 100%, ne re\u00e7oit plus aucune \u00e9nergie de notre part. Alors nous sommes libres, nous gardons ces cr\u00e9ations ou nous les transformons. Nous pouvons les transformer en ce que nous souhaitons.<\/span>[\/vc_column_text][\/vc_column_inner][\/vc_row_inner][vc_separator height=\u00a0\u00bb24&Prime; show_border=\u00a0\u00bbyes_border\u00a0\u00bb][vc_row_inner][vc_column_inner][vc_column_text]<strong><br \/>\n<img loading=\"lazy\" decoding=\"async\" class=\"size-full wp-image-7926 alignleft\" style=\"margin-top: 6px;\" src=\"http:\/\/www.reconnectivetherapy.com\/wp-content\/uploads\/2016\/11\/modul-2.png\" alt=\"modul-2\" width=\"70\" height=\"73\" \/>Module 2 &#8211; Cr\u00e9ation<\/strong><br \/>\nConditions de participation:<br \/>\nAvoir suivi 1 \u00e9l\u00e9ment de la RCT Ecole de la Vie \u2013 Cercle des Fondements<br \/>\nModule 1 &#8211; Acceptance[\/vc_column_text][vc_column_text]<strong><br \/>\nD\u00e9roulement du Module 2:<\/strong><\/p>\n<ul>\n<li>Dur\u00e9e: \u00e9tendu sur 12 semaines<\/li>\n<li>Une conf\u00e9rence vid\u00e9o toutes les deux semaines<\/li>\n<li>7 conf\u00e9rences vid\u00e9o<\/li>\n<li>La conf\u00e9rence vid\u00e9o dure 1 heure<\/li>\n<li>D\u00e9roulement de la conf\u00e9rence vid\u00e9o:<br \/>\n&#8211; Enseignements et exercices:<br \/>\n<span style=\"color: #ffffff;\">\u2022\u2022<\/span>\u2022 Dans ce segment vous apprendrez \u00e0 distinguer l\u2019endroit duquel vous cr\u00e9ez en vous-m\u00eame : du Ego ou du Soi.<br \/>\n<span style=\"color: #ffffff;\">\u2022\u2022<\/span>\u2022 Ensuite nous nous penchons sur le processus de la cr\u00e9ation lui-m\u00eame. Vous apprendrez, comment concevoir consciemment des<br \/>\n<span style=\"color: #ffffff;\">\u2022\u2022\u2022<\/span> contenus et comment les charger suffisamment en \u00e9nergie, pour les voir se manifester dans le monde mat\u00e9riel.<br \/>\n<span style=\"color: #ffffff;\">\u2022\u2022<\/span>\u2022 Pour finir, nous appliquerons tr\u00e8s concr\u00e8tement ce savoir-faire.<br \/>\n&#8211; Un temps pour des questions<br \/>\n&#8211; Entra\u00eenements et exercices \u00e0 r\u00e9aliser chez soi pour la conf\u00e9rence suivante<\/li>\n<li>Appels \u201cRendre compte\u201d:<br \/>\n&#8211; Les participants sont regroup\u00e9s par paires<br \/>\n&#8211; Au d\u00e9but de la s\u00e9rie de conf\u00e9rences vous recevrez les directives pour ces appels<br \/>\n&#8211; Les bin\u00f4mes s\u2019appellent une fois entre chaque conf\u00e9rence pour faire un bilan sur l\u2019accomplissement des exercices<\/li>\n<\/ul>\n<p>Co\u00fbt: 350,- \u20ac[\/vc_column_text][vc_column_text]<strong>Module 2:<\/strong><br \/>\nTout, ce que nous exp\u00e9rimentons dans notre vie, nous le cr\u00e9ons nous-m\u00eame par la voie de nos pens\u00e9es et de nos \u00e9motions. En acceptant ce fait, nous sommes capable de prendre pleinement la responsabilit\u00e9 de notre vie et nous pouvons alors apprendre \u00e0 la conditionner consciemment au lieu d\u2019\u00eatre fa\u00e7onn\u00e9 par des \u00e9l\u00e9ments \u201cext\u00e9rieurs\u201d.<\/p>\n<p>Comme dans tout domaine, l\u2019\u00e9l\u00e8ve devient ma\u00eetre \u00e0 force d\u2019exercice. Dans ce module vous apprendrez \u00e0 distinguer l\u2019endroit duquel vous vous cr\u00e9ez, du Ego ou du Soi sup\u00e9rieur. Vous apprendrez \u00e0 distinguer l\u2019un de l\u2019autre et deviendrez ainsi capable de d\u00e9cider d\u2019o\u00f9 vous initierez consciemment vos cr\u00e9ations. Ensuite nous nous pencherons sur le processus de la cr\u00e9ation lui-m\u00eame et vous apprendrez \u00e0 utiliser ces \u00e9nergies pour pouvoir cr\u00e9er votre vie.[\/vc_column_text][\/vc_column_inner][\/vc_row_inner][vc_separator height=\u00a0\u00bb24&Prime; show_border=\u00a0\u00bbyes_border\u00a0\u00bb][vc_row_inner][vc_column_inner][vc_column_text]<\/p>\n<div style=\"height: 124px; width: 126px; float: left;\"><img loading=\"lazy\" decoding=\"async\" class=\"size-full wp-image-7932 alignleft\" src=\"http:\/\/www.reconnectivetherapy.com\/wp-content\/uploads\/2016\/11\/modul-3.png\" alt=\"modul-3\" width=\"126\" height=\"66\" \/><\/div>\n<p><strong>Module 3 &#8211; Aligner de plus en plus d\u2019aspects de votre vie en cr\u00e9ant consciemment<\/strong><br \/>\nConditions de participation:<br \/>\nAvoir suivi 1 \u00e9l\u00e9ment de la RCT Ecole de la Vie \u2013 Cercle des Fondements<br \/>\nModule 1 &#8211; Acceptance<br \/>\nModule 2 &#8211; Cr\u00e9ation[\/vc_column_text][vc_column_text]<strong><br \/>\nD\u00e9roulement du Module 3:<\/strong><\/p>\n<ul>\n<li>Dur\u00e9e: \u00e9tendu sur 12 semaines<\/li>\n<li>Une conf\u00e9rence vid\u00e9o toutes les deux semaines<\/li>\n<li>7 conf\u00e9rences vid\u00e9o<\/li>\n<li>La conf\u00e9rence vid\u00e9o dure 1 heure<\/li>\n<li>D\u00e9roulement de la conf\u00e9rence vid\u00e9o:<br \/>\n&#8211; Enseignements et exercices<br \/>\n<span style=\"color: #ffffff;\">\u2022\u2022<\/span>\u2022 Commencer \u00e0 percevoir votre vie en vous pla\u00e7ant du point de vue de votre vision<br \/>\n<span style=\"color: #ffffff;\">\u2022\u2022<\/span>\u2022 Comprendre comment aligner les aspects de votre vie avec cette vision<br \/>\n<span style=\"color: #ffffff;\">\u2022\u2022<\/span>\u2022 Approfondir votre compr\u00e9hension du r\u00f4le que jouent vos pens\u00e9es et vos \u00e9motions<br \/>\n<span style=\"color: #ffffff;\">\u2022\u2022\u2022<\/span> dans votre vie et comment les transformer de mani\u00e8re permanente<br \/>\n&#8211; Un temps pour des questions<br \/>\n&#8211; Entra\u00eenements et exercices \u00e0 r\u00e9aliser chez soi pour la conf\u00e9rence suivante<\/li>\n<li>Appels \u201cRendre compte\u201d:<br \/>\n&#8211; Les participants sont regroup\u00e9s par paires<br \/>\n&#8211; Au d\u00e9but de la s\u00e9rie de conf\u00e9rences vous recevrez les directives pour ces appels<br \/>\n&#8211; Les bin\u00f4mes s\u2019appellent une fois entre chaque conf\u00e9rence pour faire un bilan sur l\u2019accomplissement des exercices<\/li>\n<\/ul>\n<p>Co\u00fbt: 350,- \u20ac[\/vc_column_text][vc_column_text]<strong>Module 3:<\/strong><br \/>\nLe module 3 s\u2019inscrit dans la continuit\u00e9 du module 2. A la fin du module 2 vous aurez une bonne id\u00e9e de ce que vous souhaiteriez voir appara\u00eetre dans votre vie, tant au niveau mat\u00e9riel que des exp\u00e9riences et de la qualit\u00e9 de celles-ci. Tous ces \u00e9l\u00e9ments feront partie de ce que nous nommons \u201cvotre vision\u201d.<\/p>\n<p>Dans le module 3 vous apprendrez \u00e0 r\u00e9soudre des probl\u00e8mes qui continuent peut \u00eatre d\u2019appara\u00eetre dans vos cr\u00e9ations. Vous pourrez ainsi aligner de plus en plus d\u2019aspects de votre vie avec votre vision.<br \/>\n[\/vc_column_text][\/vc_column_inner][\/vc_row_inner][vc_row_inner css=\u00a0\u00bb.vc_custom_1524600931684{margin-top: 24px !important;}\u00a0\u00bb][vc_column_inner width=\u00a0\u00bb1\/4&Prime;][vc_promo_box]<\/p>\n<p style=\"text-align: center;\"><strong><a href=\"\/fr\/schedule\">Programme<\/a><\/strong><\/p>\n<p>[\/vc_promo_box][\/vc_column_inner][vc_column_inner width=\u00a0\u00bb1\/4&Prime;][\/vc_column_inner][vc_column_inner width=\u00a0\u00bb1\/4&Prime;][\/vc_column_inner][vc_column_inner width=\u00a0\u00bb1\/4&Prime;][\/vc_column_inner][\/vc_row_inner][\/vc_column][\/vc_row][vc_row][vc_column][vc_separator height_2=\u00a0\u00bb40&Prime; height=\u00a0\u00bb0&Prime; show_border=\u00a0\u00bbyes_border\u00a0\u00bb][\/vc_column][\/vc_row]<\/p>\n<\/div>","protected":false},"excerpt":{"rendered":"<p>[vc_row][vc_column css=\u00a0\u00bb.vc_custom_1453450499130{margin-top: 30px !important;}\u00a0\u00bb][vc_column_text undefined=\u00a0\u00bb\u00a0\u00bb] RCT Ecole de la Vie [\/vc_column_text][\/vc_column][\/vc_row][vc_row][vc_column][vc_column_text undefined=\u00a0\u00bb\u00a0\u00bb] Cercle de la Cr\u00e9ation Concevez votre vie consciemment [\/vc_column_text][vc_column_text]&#8211; Les modules de la RCT<span class=\"excerpt-hellip\"> [\u2026]<\/span><\/p>\n","protected":false},"author":10,"featured_media":0,"parent":6649,"menu_order":3,"comment_status":"closed","ping_status":"closed","template":"template-slider-full.php","meta":{"footnotes":""},"class_list":["post-8128","page","type-page","status-publish","hentry"],"yoast_head":"<!-- This site is optimized with the Yoast SEO plugin v27.5 - https:\/\/yoast.com\/product\/yoast-seo-wordpress\/ -->\n<title>RCT Intensiv f\u00fcr Heilung - Reconnective Therapy<\/title>\n<meta name=\"description\" content=\"RCT Intensiv f\u00fcr Heilung - Reconnective Therapy | Herwig und Kerstin Sch\u00f6n. Jeder von uns tr\u00e4gt das Wissen \u00fcber perfektes Wohlbefinden in sich.\" \/>\n<meta name=\"robots\" content=\"index, follow, max-snippet:-1, max-image-preview:large, max-video-preview:-1\" \/>\n<link rel=\"canonical\" href=\"https:\/\/www.reconnectivetherapy.com\/circle-of-creation\/\" \/>\n<meta property=\"og:locale\" content=\"fr_FR\" \/>\n<meta property=\"og:type\" content=\"article\" \/>\n<meta property=\"og:title\" content=\"RCT Intensiv f\u00fcr Heilung - Reconnective Therapy\" \/>\n<meta property=\"og:description\" content=\"RCT Intensiv f\u00fcr Heilung - Reconnective Therapy | Herwig und Kerstin Sch\u00f6n. Jeder von uns tr\u00e4gt das Wissen \u00fcber perfektes Wohlbefinden in sich.\" \/>\n<meta property=\"og:url\" content=\"https:\/\/www.reconnectivetherapy.com\/circle-of-creation\/\" \/>\n<meta property=\"og:site_name\" content=\"RCT - Reconnective Therapy | Kerstin Sch\u00f6n\" \/>\n<meta property=\"article:modified_time\" content=\"2018-04-24T20:15:45+00:00\" \/>\n<meta property=\"og:image\" content=\"http:\/\/www.reconnectivetherapy.com\/wp-content\/uploads\/2016\/11\/kreis-kreation-fr.png\" \/>\n<meta name=\"twitter:label1\" content=\"Dur\u00e9e de lecture estim\u00e9e\" \/>\n\t<meta name=\"twitter:data1\" content=\"6 minutes\" \/>\n<script type=\"application\/ld+json\" class=\"yoast-schema-graph\">{\"@context\":\"https:\\\/\\\/schema.org\",\"@graph\":[{\"@type\":\"WebPage\",\"@id\":\"https:\\\/\\\/www.reconnectivetherapy.com\\\/circle-of-creation\\\/\",\"url\":\"https:\\\/\\\/www.reconnectivetherapy.com\\\/circle-of-creation\\\/\",\"name\":\"RCT Intensiv f\u00fcr Heilung - Reconnective Therapy\",\"isPartOf\":{\"@id\":\"https:\\\/\\\/www.reconnectivetherapy.com\\\/#website\"},\"primaryImageOfPage\":{\"@id\":\"https:\\\/\\\/www.reconnectivetherapy.com\\\/circle-of-creation\\\/#primaryimage\"},\"image\":{\"@id\":\"https:\\\/\\\/www.reconnectivetherapy.com\\\/circle-of-creation\\\/#primaryimage\"},\"thumbnailUrl\":\"http:\\\/\\\/www.reconnectivetherapy.com\\\/wp-content\\\/uploads\\\/2016\\\/11\\\/kreis-kreation-fr.png\",\"datePublished\":\"2016-11-17T07:23:30+00:00\",\"dateModified\":\"2018-04-24T20:15:45+00:00\",\"description\":\"RCT Intensiv f\u00fcr Heilung - Reconnective Therapy | Herwig und Kerstin Sch\u00f6n. Jeder von uns tr\u00e4gt das Wissen \u00fcber perfektes Wohlbefinden in sich.\",\"breadcrumb\":{\"@id\":\"https:\\\/\\\/www.reconnectivetherapy.com\\\/circle-of-creation\\\/#breadcrumb\"},\"inLanguage\":\"fr-FR\",\"potentialAction\":[{\"@type\":\"ReadAction\",\"target\":[\"https:\\\/\\\/www.reconnectivetherapy.com\\\/circle-of-creation\\\/\"]}]},{\"@type\":\"ImageObject\",\"inLanguage\":\"fr-FR\",\"@id\":\"https:\\\/\\\/www.reconnectivetherapy.com\\\/circle-of-creation\\\/#primaryimage\",\"url\":\"http:\\\/\\\/www.reconnectivetherapy.com\\\/wp-content\\\/uploads\\\/2016\\\/11\\\/kreis-kreation-fr.png\",\"contentUrl\":\"http:\\\/\\\/www.reconnectivetherapy.com\\\/wp-content\\\/uploads\\\/2016\\\/11\\\/kreis-kreation-fr.png\"},{\"@type\":\"BreadcrumbList\",\"@id\":\"https:\\\/\\\/www.reconnectivetherapy.com\\\/circle-of-creation\\\/#breadcrumb\",\"itemListElement\":[{\"@type\":\"ListItem\",\"position\":1,\"name\":\"Accueil\",\"item\":\"https:\\\/\\\/www.reconnectivetherapy.com\\\/fr\\\/\"},{\"@type\":\"ListItem\",\"position\":2,\"name\":\"alte Versionen\",\"item\":\"https:\\\/\\\/www.reconnectivetherapy.com\\\/fr\\\/alte-versionen\\\/\"},{\"@type\":\"ListItem\",\"position\":3,\"name\":\"RCT Ecole de la Vie\",\"item\":\"https:\\\/\\\/www.reconnectivetherapy.com\\\/internal-practic\\\/\"},{\"@type\":\"ListItem\",\"position\":4,\"name\":\"Cercle de la Cr\u00e9ation\"}]},{\"@type\":\"WebSite\",\"@id\":\"https:\\\/\\\/www.reconnectivetherapy.com\\\/#website\",\"url\":\"https:\\\/\\\/www.reconnectivetherapy.com\\\/\",\"name\":\"RCT - Reconnective Therapy | Kerstin Sch\u00f6n\",\"description\":\"RCT - Reconnective Therapy | Kerstin Sch\u00f6n\",\"potentialAction\":[{\"@type\":\"SearchAction\",\"target\":{\"@type\":\"EntryPoint\",\"urlTemplate\":\"https:\\\/\\\/www.reconnectivetherapy.com\\\/?s={search_term_string}\"},\"query-input\":{\"@type\":\"PropertyValueSpecification\",\"valueRequired\":true,\"valueName\":\"search_term_string\"}}],\"inLanguage\":\"fr-FR\"}]}<\/script>\n<!-- \/ Yoast SEO plugin. -->","yoast_head_json":{"title":"RCT Intensiv f\u00fcr Heilung - Reconnective Therapy","description":"RCT Intensiv f\u00fcr Heilung - Reconnective Therapy | Herwig und Kerstin Sch\u00f6n. Jeder von uns tr\u00e4gt das Wissen \u00fcber perfektes Wohlbefinden in sich.","robots":{"index":"index","follow":"follow","max-snippet":"max-snippet:-1","max-image-preview":"max-image-preview:large","max-video-preview":"max-video-preview:-1"},"canonical":"https:\/\/www.reconnectivetherapy.com\/circle-of-creation\/","og_locale":"fr_FR","og_type":"article","og_title":"RCT Intensiv f\u00fcr Heilung - Reconnective Therapy","og_description":"RCT Intensiv f\u00fcr Heilung - Reconnective Therapy | Herwig und Kerstin Sch\u00f6n. Jeder von uns tr\u00e4gt das Wissen \u00fcber perfektes Wohlbefinden in sich.","og_url":"https:\/\/www.reconnectivetherapy.com\/circle-of-creation\/","og_site_name":"RCT - Reconnective Therapy | Kerstin Sch\u00f6n","article_modified_time":"2018-04-24T20:15:45+00:00","og_image":[{"url":"http:\/\/www.reconnectivetherapy.com\/wp-content\/uploads\/2016\/11\/kreis-kreation-fr.png","type":"","width":"","height":""}],"twitter_misc":{"Dur\u00e9e de lecture estim\u00e9e":"6 minutes"},"schema":{"@context":"https:\/\/schema.org","@graph":[{"@type":"WebPage","@id":"https:\/\/www.reconnectivetherapy.com\/circle-of-creation\/","url":"https:\/\/www.reconnectivetherapy.com\/circle-of-creation\/","name":"RCT Intensiv f\u00fcr Heilung - Reconnective Therapy","isPartOf":{"@id":"https:\/\/www.reconnectivetherapy.com\/#website"},"primaryImageOfPage":{"@id":"https:\/\/www.reconnectivetherapy.com\/circle-of-creation\/#primaryimage"},"image":{"@id":"https:\/\/www.reconnectivetherapy.com\/circle-of-creation\/#primaryimage"},"thumbnailUrl":"http:\/\/www.reconnectivetherapy.com\/wp-content\/uploads\/2016\/11\/kreis-kreation-fr.png","datePublished":"2016-11-17T07:23:30+00:00","dateModified":"2018-04-24T20:15:45+00:00","description":"RCT Intensiv f\u00fcr Heilung - Reconnective Therapy | Herwig und Kerstin Sch\u00f6n. Jeder von uns tr\u00e4gt das Wissen \u00fcber perfektes Wohlbefinden in sich.","breadcrumb":{"@id":"https:\/\/www.reconnectivetherapy.com\/circle-of-creation\/#breadcrumb"},"inLanguage":"fr-FR","potentialAction":[{"@type":"ReadAction","target":["https:\/\/www.reconnectivetherapy.com\/circle-of-creation\/"]}]},{"@type":"ImageObject","inLanguage":"fr-FR","@id":"https:\/\/www.reconnectivetherapy.com\/circle-of-creation\/#primaryimage","url":"http:\/\/www.reconnectivetherapy.com\/wp-content\/uploads\/2016\/11\/kreis-kreation-fr.png","contentUrl":"http:\/\/www.reconnectivetherapy.com\/wp-content\/uploads\/2016\/11\/kreis-kreation-fr.png"},{"@type":"BreadcrumbList","@id":"https:\/\/www.reconnectivetherapy.com\/circle-of-creation\/#breadcrumb","itemListElement":[{"@type":"ListItem","position":1,"name":"Accueil","item":"https:\/\/www.reconnectivetherapy.com\/fr\/"},{"@type":"ListItem","position":2,"name":"alte Versionen","item":"https:\/\/www.reconnectivetherapy.com\/fr\/alte-versionen\/"},{"@type":"ListItem","position":3,"name":"RCT Ecole de la Vie","item":"https:\/\/www.reconnectivetherapy.com\/internal-practic\/"},{"@type":"ListItem","position":4,"name":"Cercle de la Cr\u00e9ation"}]},{"@type":"WebSite","@id":"https:\/\/www.reconnectivetherapy.com\/#website","url":"https:\/\/www.reconnectivetherapy.com\/","name":"RCT - Reconnective Therapy | Kerstin Sch\u00f6n","description":"RCT - Reconnective Therapy | Kerstin Sch\u00f6n","potentialAction":[{"@type":"SearchAction","target":{"@type":"EntryPoint","urlTemplate":"https:\/\/www.reconnectivetherapy.com\/?s={search_term_string}"},"query-input":{"@type":"PropertyValueSpecification","valueRequired":true,"valueName":"search_term_string"}}],"inLanguage":"fr-FR"}]}},"_links":{"self":[{"href":"https:\/\/www.reconnectivetherapy.com\/fr\/wp-json\/wp\/v2\/pages\/8128","targetHints":{"allow":["GET"]}}],"collection":[{"href":"https:\/\/www.reconnectivetherapy.com\/fr\/wp-json\/wp\/v2\/pages"}],"about":[{"href":"https:\/\/www.reconnectivetherapy.com\/fr\/wp-json\/wp\/v2\/types\/page"}],"author":[{"embeddable":true,"href":"https:\/\/www.reconnectivetherapy.com\/fr\/wp-json\/wp\/v2\/users\/10"}],"replies":[{"embeddable":true,"href":"https:\/\/www.reconnectivetherapy.com\/fr\/wp-json\/wp\/v2\/comments?post=8128"}],"version-history":[{"count":0,"href":"https:\/\/www.reconnectivetherapy.com\/fr\/wp-json\/wp\/v2\/pages\/8128\/revisions"}],"up":[{"embeddable":true,"href":"https:\/\/www.reconnectivetherapy.com\/fr\/wp-json\/wp\/v2\/pages\/6649"}],"wp:attachment":[{"href":"https:\/\/www.reconnectivetherapy.com\/fr\/wp-json\/wp\/v2\/media?parent=8128"}],"curies":[{"name":"wp","href":"https:\/\/api.w.org\/{rel}","templated":true}]}}