{"id":8127,"date":"2016-11-16T15:44:40","date_gmt":"2016-11-16T14:44:40","guid":{"rendered":"http:\/\/www.reconnectivetherapy.com\/fr\/school-of-life\/kreis-der-grundlagen"},"modified":"2018-04-24T22:16:42","modified_gmt":"2018-04-24T20:16:42","slug":"cercle-des-fondements","status":"publish","type":"page","link":"https:\/\/www.reconnectivetherapy.com\/fr\/alte-versionen\/school-of-life\/cercle-des-fondements\/","title":{"rendered":"Cercle des Fondements"},"content":{"rendered":"<div class=\"wpb-content-wrapper\"><p>[vc_row][vc_column css=\u00a0\u00bb.vc_custom_1453450499130{margin-top: 30px !important;}\u00a0\u00bb][vc_column_text undefined=\u00a0\u00bb\u00a0\u00bb]<\/p>\n<h3>RCT Ecole de la Vie<\/h3>\n<p>[\/vc_column_text][\/vc_column][\/vc_row][vc_row][vc_column][vc_column_text undefined=\u00a0\u00bb\u00a0\u00bb]<\/p>\n<h4><b>Cercle des Fondements<\/b><\/h4>\n<p><span style=\"font-weight: 400;\">Se lancer dans le tourbillon de la vie<\/span><\/p>\n<p>&nbsp;<\/p>\n<p><img loading=\"lazy\" decoding=\"async\" class=\"size-full wp-image-8302 alignleft\" src=\"http:\/\/www.reconnectivetherapy.com\/wp-content\/uploads\/2016\/11\/kreis-grundlagen-fr-01-1.png\" alt=\"kreis-grundlagen-fr-01\" width=\"577\" height=\"457\" \/>[\/vc_column_text][vc_column_text]<em><strong><span style=\"color: #ffffff;\">&#8211;<\/span><br \/>\nLes 3 \u00e9l\u00e9ments de l\u2019Ecole de la Vie &#8211; Cercle des Fondements &#8211; sont:<\/strong><\/em>[\/vc_column_text][vc_row_inner][vc_column_inner width=\u00a0\u00bb1\/3&Prime;][vc_column_text]<strong><img loading=\"lazy\" decoding=\"async\" class=\"size-full wp-image-7876 alignleft\" src=\"http:\/\/www.reconnectivetherapy.com\/wp-content\/uploads\/2016\/11\/beziehungen_icon.png\" alt=\"beziehungen_icon\" width=\"85\" height=\"71\" \/><\/strong><\/p>\n<p><span style=\"color: #ffffff;\">&#8211;<\/span><br \/>\nRelations:<br \/>\n<span style=\"color: #ffffff;\">&#8211;<\/span><\/p>\n<ul>\n<ul>\n<li style=\"font-weight: 400;\"><span style=\"font-weight: 400;\">Relations intimes<\/span><\/li>\n<li style=\"font-weight: 400;\"><span style=\"font-weight: 400;\">Famille<\/span><\/li>\n<li style=\"font-weight: 400;\"><span style=\"font-weight: 400;\">Travail<\/span><\/li>\n<li style=\"font-weight: 400;\"><span style=\"font-weight: 400;\">Amiti\u00e9s<\/span><\/li>\n<li style=\"font-weight: 400;\"><span style=\"font-weight: 400;\">Relations informelles<\/span><\/li>\n<li style=\"font-weight: 400;\"><strong><span style=\"font-weight: 400;\">Relation avec vous-m\u00eame<\/span><\/strong><\/li>\n<\/ul>\n<\/ul>\n<p><strong>\u00a0<\/strong>[\/vc_column_text][\/vc_column_inner][vc_column_inner width=\u00a0\u00bb1\/3&Prime;][vc_column_text]<img loading=\"lazy\" decoding=\"async\" class=\"size-full wp-image-7884 alignleft\" src=\"http:\/\/www.reconnectivetherapy.com\/wp-content\/uploads\/2016\/11\/karriere_icon.png\" alt=\"karriere_icon\" width=\"75\" height=\"73\" \/><br \/>\nCorps et Sant\u00e9[\/vc_column_text][\/vc_column_inner][vc_column_inner width=\u00a0\u00bb1\/3&Prime;][vc_column_text]<img loading=\"lazy\" decoding=\"async\" class=\"size-full wp-image-7883 alignleft\" src=\"http:\/\/www.reconnectivetherapy.com\/wp-content\/uploads\/2016\/11\/kundgesund_icon.png\" alt=\"kundgesund_icon\" width=\"66\" height=\"70\" \/><br \/>\nCarri\u00e8re, Argent et Affaires[\/vc_column_text][\/vc_column_inner][\/vc_row_inner][vc_separator height=\u00a0\u00bb24&Prime; show_border=\u00a0\u00bbyes_border\u00a0\u00bb][vc_column_text]<strong><img loading=\"lazy\" decoding=\"async\" class=\"size-full wp-image-7876 alignleft\" src=\"http:\/\/www.reconnectivetherapy.com\/wp-content\/uploads\/2016\/11\/beziehungen_icon.png\" alt=\"beziehungen_icon\" width=\"85\" height=\"71\" \/><span style=\"color: #ffffff;\">&#8211;<\/span><br \/>\n<span style=\"color: #ffffff;\">&#8211;<\/span>Relations:<br \/>\n<\/strong><span style=\"color: #ffffff;\">&#8211;<\/span><br \/>\nNotre exp\u00e9rience nous dit que le domaine des relations rel\u00e8ve d\u2019une grande importance pour la plupart des gens. Leur d\u00e9sir d\u2019intimit\u00e9, d\u2019authenticit\u00e9 et d\u2019abondance n\u2019est souvent pas combl\u00e9. Au lieu de cela, ils revivent les m\u00eames situations dans leurs relations en famille, amicales et dans leurs relations amoureuses. Vous comprendrez comment, souvent de mani\u00e8re inconsciente, vous attirez certains types de relation dans votre vie par vos pens\u00e9es et \u00e9motions. Vous apprendrez \u00e0 transformer ces pens\u00e9es et \u00e9motions pour ainsi attirer et maintenir d\u2019autres sortes de relation, plus en accord avec ce que vous d\u00e9sirez voir appara\u00eetre dans votre vie.<\/p>\n<p>Vous recevrez des enseignements qui vous permettront de mieux comprendre la nature des relations humaines et qui faciliteront votre prise de conscience. Vous prendrez conscience de la fa\u00e7on dont vous cr\u00e9ez et maintenez vos relations dans votre vie actuelle, et comment pouvoir les transformer.[\/vc_column_text][vc_separator height=\u00a0\u00bb24&Prime; show_border=\u00a0\u00bbyes_border\u00a0\u00bb][vc_column_text]<strong><img loading=\"lazy\" decoding=\"async\" class=\"size-full wp-image-7884 alignleft\" src=\"http:\/\/www.reconnectivetherapy.com\/wp-content\/uploads\/2016\/11\/karriere_icon.png\" alt=\"karriere_icon\" width=\"75\" height=\"73\" \/><span style=\"color: #ffffff;\">&#8211;<\/span><br \/>\nCorps et Sant\u00e9:<br \/>\n<\/strong><span style=\"color: #ffffff;\">&#8211;<\/span><br \/>\nQuand le corps montre un dysfonctionnement la plupart des personnes ont tendance \u00e0 penser que cela est d\u00fb au hasard. Ils souhaitent que cela soit vite r\u00e9par\u00e9 pour pouvoir continuer avec leur vie.<br \/>\nIls se tournent alors vers diff\u00e9rentes pratiques, de la m\u00e9decine \u00e0 l\u2019hom\u00e9opathie, en passant par l\u2019acupuncture, un travail \u00e9nerg\u00e9tique ou d\u2019autres th\u00e9rapies.<\/p>\n<p>Dans ce cursus vous verrez petit \u00e0 petit comment vous cr\u00e9ez tout ce qui arrive \u00e0 votre corps, par l&rsquo;interm\u00e9diaire de vos pens\u00e9es et \u00e9motions, s\u2019agissant aussi bien des maladies anodines que des maladies mortelles. Vous apprendrez comment transformer ces pens\u00e9es et \u00e9motions et comment cr\u00e9er une toute autre exp\u00e9rience de vie sur la plan\u00e8te terre en tant que corps physique.<\/p>\n<p>Nous vous expliquerons comment la pens\u00e9e et l\u2019\u00e9motion interagissent avec le corps physique. Vous apprendrez \u00e0 utiliser ces forces qui sont en jeu pour cr\u00e9er sant\u00e9 et vitalit\u00e9 plut\u00f4t que d\u2019agir au d\u00e9triment de votre corps. Nous vous rappelons qu\u2019il ne s\u2019agit pas d\u2019un traitement m\u00e9dical et que nous ne pouvons en aucun cas promettre des r\u00e9sultats \u00e0 ceux qui suivent ce cursus.<br \/>\n[\/vc_column_text][vc_separator height=\u00a0\u00bb24&Prime; show_border=\u00a0\u00bbyes_border\u00a0\u00bb][vc_column_text]<strong><img loading=\"lazy\" decoding=\"async\" class=\"size-full wp-image-7883 alignleft\" src=\"http:\/\/www.reconnectivetherapy.com\/wp-content\/uploads\/2016\/11\/kundgesund_icon.png\" alt=\"kundgesund_icon\" width=\"66\" height=\"70\" \/><span style=\"color: #ffffff;\">&#8211;<\/span><br \/>\nCarri\u00e8re, Argent et Affaires:<\/strong><br \/>\n<span style=\"color: #ffffff;\">&#8211;<\/span><br \/>\nCes trois th\u00e8mes cr\u00e9ent beaucoup de stress et d\u2019inconfort dans la vie d\u2019une personne, ind\u00e9pendamment des r\u00e9ussites ou des \u00e9checs rencontr\u00e9s au cours de sa carri\u00e8re et de ses affaires, ind\u00e9pendamment aussi de sa situation, richesse ou pauvret\u00e9 ou du capital \u00e9conomis\u00e9 jusqu\u2019alors. Il y a d\u2019autres param\u00e8tres qui semblent entrer en jeu et qui , souvent de mani\u00e8re inconsciente, emp\u00eachent de s\u2019\u00e9panouir dans le domaine professionnel de sa vie.<\/p>\n<p>Comme pour tout autre domaine, ce sont nos pens\u00e9es et nos \u00e9motions qui sont responsables des exp\u00e9riences que nous vivons dans ce domaine. Ce cursus vous permettra d\u2019examiner vos sch\u00e9mas de pens\u00e9es et d\u2019\u00e9motions en ce qui concerne la carri\u00e8re, l\u2019argent et les affaires. Vous prendrez conscience des forces actives et de l\u2019origine de ce qui est pr\u00e9sent dans votre vie actuellement. Vous apprendrez \u00e0 transformer ces sch\u00e9mas afin de cr\u00e9er des exp\u00e9riences de vie que vous souhaitez voir appara\u00eetre dans ces domaines.<\/p>\n<p>Nous vous enseignerons le fonctionnement de l\u2019argent en tant qu\u2019\u00e9nergie et la fa\u00e7on dont il influe, en lien avec les pens\u00e9es et les \u00e9motions, sur l\u2019\u00e9tat de votre carri\u00e8re et\/ou de vos affaires.<br \/>\n[\/vc_column_text][vc_separator height=\u00a0\u00bb24&Prime; show_border=\u00a0\u00bbyes_border\u00a0\u00bb][vc_column_text]<strong>Le d\u00e9roulement de chaque \u00e9l\u00e9ment du cercle des Fondements:<\/strong><\/p>\n<ul>\n<li>Dur\u00e9e: \u00e9tendu sur 12 semaines<\/li>\n<li>Une conf\u00e9rence vid\u00e9o toutes les 2 semaines<\/li>\n<li>7 conf\u00e9rences vid\u00e9o en tout<\/li>\n<li>La conf\u00e9rence vid\u00e9o dure 1 heure<\/li>\n<li>D\u00e9roulement de la conf\u00e9rence vid\u00e9o:<br \/>\n&#8211; Exercices<br \/>\n&#8211; Un temps pour des questions<br \/>\n&#8211; Enseignements<br \/>\n&#8211; Entra\u00eenements et exercices \u00e0 r\u00e9aliser chez soi pour la conf\u00e9rence suivante<\/li>\n<li>Appels \u201cCompte Rendu\u201d:<br \/>\n&#8211; Les participants sont regroup\u00e9s par paires.<br \/>\n&#8211; Vous recevrez des indications pr\u00e9cises quant au d\u00e9roulement de ces appels au d\u00e9but du cursus.<br \/>\n&#8211; Les bin\u00f4mes communiquent par t\u00e9l\u00e9phone une fois entre chaque conf\u00e9rence pour faire un bilan sur l\u2019accomplissement des exercices.<\/li>\n<\/ul>\n<p>Co\u00fbt: 350,- \u20ac[\/vc_column_text][vc_row_inner css=\u00a0\u00bb.vc_custom_1524600987734{margin-top: 24px !important;}\u00a0\u00bb][vc_column_inner width=\u00a0\u00bb1\/4&Prime;][vc_promo_box]<\/p>\n<p style=\"text-align: center;\"><strong><a href=\"\/fr\/schedule\">Programme<\/a><\/strong><\/p>\n<p>[\/vc_promo_box][\/vc_column_inner][vc_column_inner width=\u00a0\u00bb1\/4&Prime;][\/vc_column_inner][vc_column_inner width=\u00a0\u00bb1\/4&Prime;][\/vc_column_inner][vc_column_inner width=\u00a0\u00bb1\/4&Prime;][\/vc_column_inner][\/vc_row_inner][\/vc_column][\/vc_row][vc_row][vc_column][vc_separator height_2=\u00a0\u00bb40&Prime; height=\u00a0\u00bb0&Prime; show_border=\u00a0\u00bbyes_border\u00a0\u00bb][\/vc_column][\/vc_row]<\/p>\n<\/div>","protected":false},"excerpt":{"rendered":"<p>[vc_row][vc_column css=\u00a0\u00bb.vc_custom_1453450499130{margin-top: 30px !important;}\u00a0\u00bb][vc_column_text undefined=\u00a0\u00bb\u00a0\u00bb] RCT Ecole de la Vie [\/vc_column_text][\/vc_column][\/vc_row][vc_row][vc_column][vc_column_text undefined=\u00a0\u00bb\u00a0\u00bb] Cercle des Fondements Se lancer dans le tourbillon de la vie &nbsp; [\/vc_column_text][vc_column_text]&#8211; Les<span class=\"excerpt-hellip\"> [\u2026]<\/span><\/p>\n","protected":false},"author":10,"featured_media":0,"parent":6649,"menu_order":4,"comment_status":"closed","ping_status":"closed","template":"template-slider-full.php","meta":{"footnotes":""},"class_list":["post-8127","page","type-page","status-publish","hentry"],"yoast_head":"<!-- This site is optimized with the Yoast SEO plugin v27.5 - https:\/\/yoast.com\/product\/yoast-seo-wordpress\/ -->\n<title>RCT Intensiv f\u00fcr Heilung - Reconnective Therapy<\/title>\n<meta name=\"description\" content=\"RCT Intensiv f\u00fcr Heilung - Reconnective Therapy | Herwig und Kerstin Sch\u00f6n. Jeder von uns tr\u00e4gt das Wissen \u00fcber perfektes Wohlbefinden in sich.\" \/>\n<meta name=\"robots\" content=\"index, follow, max-snippet:-1, max-image-preview:large, max-video-preview:-1\" \/>\n<link rel=\"canonical\" href=\"https:\/\/www.reconnectivetherapy.com\/circle-of-foundations\/\" \/>\n<meta property=\"og:locale\" content=\"fr_FR\" \/>\n<meta property=\"og:type\" content=\"article\" \/>\n<meta property=\"og:title\" content=\"RCT Intensiv f\u00fcr Heilung - Reconnective Therapy\" \/>\n<meta property=\"og:description\" content=\"RCT Intensiv f\u00fcr Heilung - Reconnective Therapy | Herwig und Kerstin Sch\u00f6n. Jeder von uns tr\u00e4gt das Wissen \u00fcber perfektes Wohlbefinden in sich.\" \/>\n<meta property=\"og:url\" content=\"https:\/\/www.reconnectivetherapy.com\/circle-of-foundations\/\" \/>\n<meta property=\"og:site_name\" content=\"RCT - Reconnective Therapy | Kerstin Sch\u00f6n\" \/>\n<meta property=\"article:modified_time\" content=\"2018-04-24T20:16:42+00:00\" \/>\n<meta property=\"og:image\" content=\"http:\/\/www.reconnectivetherapy.com\/wp-content\/uploads\/2016\/11\/kreis-grundlagen-fr-01-1.png\" \/>\n<meta name=\"twitter:label1\" content=\"Dur\u00e9e de lecture estim\u00e9e\" \/>\n\t<meta name=\"twitter:data1\" content=\"5 minutes\" \/>\n<script type=\"application\/ld+json\" class=\"yoast-schema-graph\">{\"@context\":\"https:\\\/\\\/schema.org\",\"@graph\":[{\"@type\":\"WebPage\",\"@id\":\"https:\\\/\\\/www.reconnectivetherapy.com\\\/circle-of-foundations\\\/\",\"url\":\"https:\\\/\\\/www.reconnectivetherapy.com\\\/circle-of-foundations\\\/\",\"name\":\"RCT Intensiv f\u00fcr Heilung - Reconnective Therapy\",\"isPartOf\":{\"@id\":\"https:\\\/\\\/www.reconnectivetherapy.com\\\/#website\"},\"primaryImageOfPage\":{\"@id\":\"https:\\\/\\\/www.reconnectivetherapy.com\\\/circle-of-foundations\\\/#primaryimage\"},\"image\":{\"@id\":\"https:\\\/\\\/www.reconnectivetherapy.com\\\/circle-of-foundations\\\/#primaryimage\"},\"thumbnailUrl\":\"http:\\\/\\\/www.reconnectivetherapy.com\\\/wp-content\\\/uploads\\\/2016\\\/11\\\/kreis-grundlagen-fr-01-1.png\",\"datePublished\":\"2016-11-16T14:44:40+00:00\",\"dateModified\":\"2018-04-24T20:16:42+00:00\",\"description\":\"RCT Intensiv f\u00fcr Heilung - Reconnective Therapy | Herwig und Kerstin Sch\u00f6n. Jeder von uns tr\u00e4gt das Wissen \u00fcber perfektes Wohlbefinden in sich.\",\"breadcrumb\":{\"@id\":\"https:\\\/\\\/www.reconnectivetherapy.com\\\/circle-of-foundations\\\/#breadcrumb\"},\"inLanguage\":\"fr-FR\",\"potentialAction\":[{\"@type\":\"ReadAction\",\"target\":[\"https:\\\/\\\/www.reconnectivetherapy.com\\\/circle-of-foundations\\\/\"]}]},{\"@type\":\"ImageObject\",\"inLanguage\":\"fr-FR\",\"@id\":\"https:\\\/\\\/www.reconnectivetherapy.com\\\/circle-of-foundations\\\/#primaryimage\",\"url\":\"http:\\\/\\\/www.reconnectivetherapy.com\\\/wp-content\\\/uploads\\\/2016\\\/11\\\/kreis-grundlagen-fr-01-1.png\",\"contentUrl\":\"http:\\\/\\\/www.reconnectivetherapy.com\\\/wp-content\\\/uploads\\\/2016\\\/11\\\/kreis-grundlagen-fr-01-1.png\"},{\"@type\":\"BreadcrumbList\",\"@id\":\"https:\\\/\\\/www.reconnectivetherapy.com\\\/circle-of-foundations\\\/#breadcrumb\",\"itemListElement\":[{\"@type\":\"ListItem\",\"position\":1,\"name\":\"Accueil\",\"item\":\"https:\\\/\\\/www.reconnectivetherapy.com\\\/fr\\\/\"},{\"@type\":\"ListItem\",\"position\":2,\"name\":\"alte Versionen\",\"item\":\"https:\\\/\\\/www.reconnectivetherapy.com\\\/fr\\\/alte-versionen\\\/\"},{\"@type\":\"ListItem\",\"position\":3,\"name\":\"RCT Ecole de la Vie\",\"item\":\"https:\\\/\\\/www.reconnectivetherapy.com\\\/internal-practic\\\/\"},{\"@type\":\"ListItem\",\"position\":4,\"name\":\"Cercle des Fondements\"}]},{\"@type\":\"WebSite\",\"@id\":\"https:\\\/\\\/www.reconnectivetherapy.com\\\/#website\",\"url\":\"https:\\\/\\\/www.reconnectivetherapy.com\\\/\",\"name\":\"RCT - Reconnective Therapy | Kerstin Sch\u00f6n\",\"description\":\"RCT - Reconnective Therapy | Kerstin Sch\u00f6n\",\"potentialAction\":[{\"@type\":\"SearchAction\",\"target\":{\"@type\":\"EntryPoint\",\"urlTemplate\":\"https:\\\/\\\/www.reconnectivetherapy.com\\\/?s={search_term_string}\"},\"query-input\":{\"@type\":\"PropertyValueSpecification\",\"valueRequired\":true,\"valueName\":\"search_term_string\"}}],\"inLanguage\":\"fr-FR\"}]}<\/script>\n<!-- \/ Yoast SEO plugin. -->","yoast_head_json":{"title":"RCT Intensiv f\u00fcr Heilung - Reconnective Therapy","description":"RCT Intensiv f\u00fcr Heilung - Reconnective Therapy | Herwig und Kerstin Sch\u00f6n. Jeder von uns tr\u00e4gt das Wissen \u00fcber perfektes Wohlbefinden in sich.","robots":{"index":"index","follow":"follow","max-snippet":"max-snippet:-1","max-image-preview":"max-image-preview:large","max-video-preview":"max-video-preview:-1"},"canonical":"https:\/\/www.reconnectivetherapy.com\/circle-of-foundations\/","og_locale":"fr_FR","og_type":"article","og_title":"RCT Intensiv f\u00fcr Heilung - Reconnective Therapy","og_description":"RCT Intensiv f\u00fcr Heilung - Reconnective Therapy | Herwig und Kerstin Sch\u00f6n. Jeder von uns tr\u00e4gt das Wissen \u00fcber perfektes Wohlbefinden in sich.","og_url":"https:\/\/www.reconnectivetherapy.com\/circle-of-foundations\/","og_site_name":"RCT - Reconnective Therapy | Kerstin Sch\u00f6n","article_modified_time":"2018-04-24T20:16:42+00:00","og_image":[{"url":"http:\/\/www.reconnectivetherapy.com\/wp-content\/uploads\/2016\/11\/kreis-grundlagen-fr-01-1.png","type":"","width":"","height":""}],"twitter_misc":{"Dur\u00e9e de lecture estim\u00e9e":"5 minutes"},"schema":{"@context":"https:\/\/schema.org","@graph":[{"@type":"WebPage","@id":"https:\/\/www.reconnectivetherapy.com\/circle-of-foundations\/","url":"https:\/\/www.reconnectivetherapy.com\/circle-of-foundations\/","name":"RCT Intensiv f\u00fcr Heilung - Reconnective Therapy","isPartOf":{"@id":"https:\/\/www.reconnectivetherapy.com\/#website"},"primaryImageOfPage":{"@id":"https:\/\/www.reconnectivetherapy.com\/circle-of-foundations\/#primaryimage"},"image":{"@id":"https:\/\/www.reconnectivetherapy.com\/circle-of-foundations\/#primaryimage"},"thumbnailUrl":"http:\/\/www.reconnectivetherapy.com\/wp-content\/uploads\/2016\/11\/kreis-grundlagen-fr-01-1.png","datePublished":"2016-11-16T14:44:40+00:00","dateModified":"2018-04-24T20:16:42+00:00","description":"RCT Intensiv f\u00fcr Heilung - Reconnective Therapy | Herwig und Kerstin Sch\u00f6n. Jeder von uns tr\u00e4gt das Wissen \u00fcber perfektes Wohlbefinden in sich.","breadcrumb":{"@id":"https:\/\/www.reconnectivetherapy.com\/circle-of-foundations\/#breadcrumb"},"inLanguage":"fr-FR","potentialAction":[{"@type":"ReadAction","target":["https:\/\/www.reconnectivetherapy.com\/circle-of-foundations\/"]}]},{"@type":"ImageObject","inLanguage":"fr-FR","@id":"https:\/\/www.reconnectivetherapy.com\/circle-of-foundations\/#primaryimage","url":"http:\/\/www.reconnectivetherapy.com\/wp-content\/uploads\/2016\/11\/kreis-grundlagen-fr-01-1.png","contentUrl":"http:\/\/www.reconnectivetherapy.com\/wp-content\/uploads\/2016\/11\/kreis-grundlagen-fr-01-1.png"},{"@type":"BreadcrumbList","@id":"https:\/\/www.reconnectivetherapy.com\/circle-of-foundations\/#breadcrumb","itemListElement":[{"@type":"ListItem","position":1,"name":"Accueil","item":"https:\/\/www.reconnectivetherapy.com\/fr\/"},{"@type":"ListItem","position":2,"name":"alte Versionen","item":"https:\/\/www.reconnectivetherapy.com\/fr\/alte-versionen\/"},{"@type":"ListItem","position":3,"name":"RCT Ecole de la Vie","item":"https:\/\/www.reconnectivetherapy.com\/internal-practic\/"},{"@type":"ListItem","position":4,"name":"Cercle des Fondements"}]},{"@type":"WebSite","@id":"https:\/\/www.reconnectivetherapy.com\/#website","url":"https:\/\/www.reconnectivetherapy.com\/","name":"RCT - Reconnective Therapy | Kerstin Sch\u00f6n","description":"RCT - Reconnective Therapy | Kerstin Sch\u00f6n","potentialAction":[{"@type":"SearchAction","target":{"@type":"EntryPoint","urlTemplate":"https:\/\/www.reconnectivetherapy.com\/?s={search_term_string}"},"query-input":{"@type":"PropertyValueSpecification","valueRequired":true,"valueName":"search_term_string"}}],"inLanguage":"fr-FR"}]}},"_links":{"self":[{"href":"https:\/\/www.reconnectivetherapy.com\/fr\/wp-json\/wp\/v2\/pages\/8127","targetHints":{"allow":["GET"]}}],"collection":[{"href":"https:\/\/www.reconnectivetherapy.com\/fr\/wp-json\/wp\/v2\/pages"}],"about":[{"href":"https:\/\/www.reconnectivetherapy.com\/fr\/wp-json\/wp\/v2\/types\/page"}],"author":[{"embeddable":true,"href":"https:\/\/www.reconnectivetherapy.com\/fr\/wp-json\/wp\/v2\/users\/10"}],"replies":[{"embeddable":true,"href":"https:\/\/www.reconnectivetherapy.com\/fr\/wp-json\/wp\/v2\/comments?post=8127"}],"version-history":[{"count":0,"href":"https:\/\/www.reconnectivetherapy.com\/fr\/wp-json\/wp\/v2\/pages\/8127\/revisions"}],"up":[{"embeddable":true,"href":"https:\/\/www.reconnectivetherapy.com\/fr\/wp-json\/wp\/v2\/pages\/6649"}],"wp:attachment":[{"href":"https:\/\/www.reconnectivetherapy.com\/fr\/wp-json\/wp\/v2\/media?parent=8127"}],"curies":[{"name":"wp","href":"https:\/\/api.w.org\/{rel}","templated":true}]}}