{"id":8126,"date":"2016-11-17T08:16:24","date_gmt":"2016-11-17T07:16:24","guid":{"rendered":"http:\/\/www.reconnectivetherapy.com\/fr\/school-of-life\/videokonferenz-kurrikulum"},"modified":"2018-04-24T22:14:29","modified_gmt":"2018-04-24T20:14:29","slug":"curriculum","status":"publish","type":"page","link":"https:\/\/www.reconnectivetherapy.com\/fr\/alte-versionen\/school-of-life\/curriculum\/","title":{"rendered":"Curriculum conf\u00e9rences vid\u00e9o"},"content":{"rendered":"<div class=\"wpb-content-wrapper\"><p>[vc_row][vc_column css=\u00a0\u00bb.vc_custom_1453450499130{margin-top: 30px !important;}\u00a0\u00bb][vc_column_text undefined=\u00a0\u00bb\u00a0\u00bb]<\/p>\n<h3>RCT Ecole de la Vie<\/h3>\n<p>[\/vc_column_text][\/vc_column][\/vc_row][vc_row][vc_column][vc_column_text undefined=\u00a0\u00bb\u00a0\u00bb]<\/p>\n<h4><b>Curriculum Conf\u00e9rences Vid\u00e9o<\/b><\/h4>\n<p>Tout ce qui appara\u00eet dans notre vie, nous le cr\u00e9ons nous-m\u00eame par nos pens\u00e9es et de nos \u00e9motions. En acceptant cela nous devenons capable de prendre enti\u00e8rement la responsabilit\u00e9 de notre vie. Au lieu de faire des projections et des reproches nous pouvons commencer \u00e0 cr\u00e9er notre vie consciemment.<\/p>\n<p>La RCT Ecole de la Vie d\u00e9bute par le Cercle des Fondements. Vous observerez vos pens\u00e9es et vos \u00e9motions impliqu\u00e9es dans les diff\u00e9rents domaines de votre vie, vous prendrez conscience de la fa\u00e7on dont elles ont \u00e9t\u00e9 cr\u00e9\u00e9s, ce qui est dans votre vie en ce moment, et vous apprendrez \u00e0 les transformer.<\/p>\n<p>Une fois que vous ma\u00eetriserez ces proc\u00e9d\u00e9s,vous pourrez poursuivre avec le Cercle de la Cr\u00e9ation. Vous apprendrez comment cr\u00e9er votre vie consciemment, \u00e9tape par \u00e9tape, et comment aligner davantage d\u2019aspects de votre vie.[\/vc_column_text][vc_separator height_2=\u00a0\u00bb26&Prime; height=\u00a0\u00bb26&Prime; show_border=\u00a0\u00bbyes_border\u00a0\u00bb][vc_column_text]<\/p>\n<h4><b>Cercle des Fondements<\/b><\/h4>\n<p><span style=\"font-weight: 400;\">Se lancer dans le tourbillon de la vie<\/span><\/p>\n<p>&nbsp;<\/p>\n<p><img loading=\"lazy\" decoding=\"async\" class=\"size-full wp-image-8302 alignleft\" src=\"http:\/\/www.reconnectivetherapy.com\/wp-content\/uploads\/2016\/11\/kreis-grundlagen-fr-01-1.png\" alt=\"kreis-grundlagen-fr-01\" width=\"577\" height=\"457\" \/>[\/vc_column_text][vc_row_inner css=\u00a0\u00bb.vc_custom_1479801550118{margin-top: 44px !important;}\u00a0\u00bb][vc_column_inner width=\u00a0\u00bb1\/3&Prime;][vc_column_text]<strong><img loading=\"lazy\" decoding=\"async\" class=\"size-full wp-image-7876 alignleft\" src=\"http:\/\/www.reconnectivetherapy.com\/wp-content\/uploads\/2016\/11\/beziehungen_icon.png\" alt=\"beziehungen_icon\" width=\"85\" height=\"71\" \/><\/strong><\/p>\n<p><span style=\"color: #ffffff;\">&#8211;<\/span><br \/>\nRelations:<br \/>\n<span style=\"color: #ffffff;\">&#8211;<\/span><\/p>\n<ul>\n<ul>\n<li style=\"font-weight: 400;\"><span style=\"font-weight: 400;\">Relations intimes<\/span><\/li>\n<li style=\"font-weight: 400;\"><span style=\"font-weight: 400;\">Famille<\/span><\/li>\n<li style=\"font-weight: 400;\"><span style=\"font-weight: 400;\">Travail<\/span><\/li>\n<li style=\"font-weight: 400;\"><span style=\"font-weight: 400;\">Amiti\u00e9s<\/span><\/li>\n<li style=\"font-weight: 400;\"><span style=\"font-weight: 400;\">Relations informelles<\/span><\/li>\n<li style=\"font-weight: 400;\"><strong><span style=\"font-weight: 400;\">Relations avec vous-m\u00eame<\/span><\/strong><\/li>\n<\/ul>\n<\/ul>\n<p><strong>\u00a0<\/strong>[\/vc_column_text][\/vc_column_inner][vc_column_inner width=\u00a0\u00bb1\/3&Prime;][vc_column_text]<img loading=\"lazy\" decoding=\"async\" class=\"size-full wp-image-7884 alignleft\" src=\"http:\/\/www.reconnectivetherapy.com\/wp-content\/uploads\/2016\/11\/karriere_icon.png\" alt=\"karriere_icon\" width=\"75\" height=\"73\" \/><br \/>\nCorps et Sant\u00e9 [\/vc_column_text][\/vc_column_inner][vc_column_inner width=\u00a0\u00bb1\/3&Prime;][vc_column_text]<img loading=\"lazy\" decoding=\"async\" class=\"size-full wp-image-7883 alignleft\" src=\"http:\/\/www.reconnectivetherapy.com\/wp-content\/uploads\/2016\/11\/kundgesund_icon.png\" alt=\"kundgesund_icon\" width=\"66\" height=\"70\" \/><br \/>\nCarri\u00e8re, Argent et Affaires[\/vc_column_text][\/vc_column_inner][\/vc_row_inner][vc_column_text]Chacun des 3 \u00e9l\u00e9ments du Cercle des Fondements dure 12 semaines. Nous vous conseillons de participer aux 3 th\u00e8mes. Vous pouvez cependant poursuivre avec le Cercle de la Cr\u00e9ation apr\u00e8s avoir compl\u00e9t\u00e9 au moins un des trois \u00e9l\u00e9ments du Cercle des Fondements.[\/vc_column_text][vc_promo_box style=\u00a0\u00bblight\u00a0\u00bb]<\/p>\n<p style=\"text-align: center;\"><a href=\"http:\/\/www.reconnectivetherapy.com\/fr\/rct-schule-des-lebens\/kreis-der-grundlagen\">Voici un lien pour plus d\u2019informations sur le Cercle des Fondements<\/a><\/p>\n<p>[\/vc_promo_box][vc_separator height_2=\u00a0\u00bb26&Prime; height=\u00a0\u00bb26&Prime; show_border=\u00a0\u00bbyes_border\u00a0\u00bb][vc_column_text]<\/p>\n<h4><b>Cercle de la Cr\u00e9ation<\/b><\/h4>\n<p><span style=\"font-weight: 400;\">Concevoir sa vie consciemment<\/span><\/p>\n<p><img loading=\"lazy\" decoding=\"async\" class=\"size-full wp-image-8305 alignleft\" src=\"http:\/\/www.reconnectivetherapy.com\/wp-content\/uploads\/2016\/11\/kreis-kreation-fr.png\" alt=\"kreis-kreation-fr\" width=\"606\" height=\"531\" \/>[\/vc_column_text][vc_column_text]<\/p>\n<div style=\"float: left; margin-right: 12px;\"><span style=\"color: #ffffff;\"><img loading=\"lazy\" decoding=\"async\" class=\"size-full wp-image-7915 alignleft\" style=\"margin-top: 6px; margin-left: 24px;\" src=\"http:\/\/www.reconnectivetherapy.com\/wp-content\/uploads\/2016\/11\/modul-1.png\" alt=\"modul-1\" width=\"81\" height=\"75\" \/><\/span><\/div>\n<div style=\"float: left; margin-bottom: 26px;\"><strong><span style=\"color: #ffffff;\">&#8211;<\/span><br \/>\nModule 1 &#8211; Acceptation<\/strong><\/div>\n<p>[\/vc_column_text][vc_column_text]<\/p>\n<div style=\"float: left; margin-right: 16px;\"><img loading=\"lazy\" decoding=\"async\" class=\"size-full wp-image-7926 alignleft\" style=\"margin-top: 6px; margin-left: 30px;\" src=\"http:\/\/www.reconnectivetherapy.com\/wp-content\/uploads\/2016\/11\/modul-2.png\" alt=\"modul-2\" width=\"70\" height=\"73\" \/><\/div>\n<div style=\"float: left; margin-bottom: 16px;\"><strong><span style=\"color: #ffffff;\">&#8211;<\/span><br \/>\nModule 2 &#8211; Cr\u00e9ation<\/strong><\/div>\n<p>[\/vc_column_text][vc_column_text]<\/p>\n<div style=\"height: 124px; width: 126px; float: left;\"><img loading=\"lazy\" decoding=\"async\" class=\"size-full wp-image-7932 alignleft\" src=\"http:\/\/www.reconnectivetherapy.com\/wp-content\/uploads\/2016\/11\/modul-3.png\" alt=\"modul-3\" width=\"126\" height=\"66\" \/><\/div>\n<p><strong><span style=\"color: #ffffff;\">&#8211;<\/span><br \/>\nModule 3 &#8211; Aligner davantage d\u2019aspects de sa vie avec cette cr\u00e9ation consciente<\/strong>[\/vc_column_text][vc_column_text]<\/p>\n<p style=\"text-align: center;\">Les modules 1 \u00e0 3 durent 12 semaines chacun. Il est n\u00e9cessaire d\u2019effectuer les modules dans l\u2019ordre.<\/p>\n<p>[\/vc_column_text][vc_promo_box style=\u00a0\u00bblight\u00a0\u00bb]<\/p>\n<p style=\"text-align: center;\"><a href=\"http:\/\/www.reconnectivetherapy.com\/fr\/rct-schule-des-lebens\/kreis-der-kreation\">Voici un lien pour plus d\u2019informations sur le Cercle de la Cr\u00e9ation<\/a><\/p>\n<p>[\/vc_promo_box][vc_row_inner css=\u00a0\u00bb.vc_custom_1524600852043{margin-top: 24px !important;}\u00a0\u00bb][vc_column_inner width=\u00a0\u00bb1\/4&Prime;][vc_promo_box]<\/p>\n<p style=\"text-align: center;\"><strong><a href=\"\/fr\/schedule\">Programme<\/a><\/strong><\/p>\n<p>[\/vc_promo_box][\/vc_column_inner][vc_column_inner width=\u00a0\u00bb1\/4&Prime;][\/vc_column_inner][vc_column_inner width=\u00a0\u00bb1\/4&Prime;][\/vc_column_inner][vc_column_inner width=\u00a0\u00bb1\/4&Prime;][\/vc_column_inner][\/vc_row_inner][\/vc_column][\/vc_row][vc_row][vc_column][vc_separator height_2=\u00a0\u00bb40&Prime; height=\u00a0\u00bb0&Prime; show_border=\u00a0\u00bbyes_border\u00a0\u00bb][\/vc_column][\/vc_row]<\/p>\n<\/div>","protected":false},"excerpt":{"rendered":"<p>[vc_row][vc_column css=\u00a0\u00bb.vc_custom_1453450499130{margin-top: 30px !important;}\u00a0\u00bb][vc_column_text undefined=\u00a0\u00bb\u00a0\u00bb] RCT Ecole de la Vie [\/vc_column_text][\/vc_column][\/vc_row][vc_row][vc_column][vc_column_text undefined=\u00a0\u00bb\u00a0\u00bb] Curriculum Conf\u00e9rences Vid\u00e9o Tout ce qui appara\u00eet dans notre vie, nous le cr\u00e9ons nous-m\u00eame<span class=\"excerpt-hellip\"> [\u2026]<\/span><\/p>\n","protected":false},"author":10,"featured_media":0,"parent":6649,"menu_order":1,"comment_status":"closed","ping_status":"closed","template":"template-slider-full.php","meta":{"footnotes":""},"class_list":["post-8126","page","type-page","status-publish","hentry"],"yoast_head":"<!-- This site is optimized with the Yoast SEO plugin v27.5 - https:\/\/yoast.com\/product\/yoast-seo-wordpress\/ -->\n<title>RCT Intensiv f\u00fcr Heilung - Reconnective Therapy<\/title>\n<meta name=\"description\" content=\"RCT Intensiv f\u00fcr Heilung - Reconnective Therapy | Herwig und Kerstin Sch\u00f6n. Jeder von uns tr\u00e4gt das Wissen \u00fcber perfektes Wohlbefinden in sich.\" \/>\n<meta name=\"robots\" content=\"index, follow, max-snippet:-1, max-image-preview:large, max-video-preview:-1\" \/>\n<link rel=\"canonical\" href=\"https:\/\/www.reconnectivetherapy.com\/internal-practic\/school-of-life-curriculum\/\" \/>\n<meta property=\"og:locale\" content=\"fr_FR\" \/>\n<meta property=\"og:type\" content=\"article\" \/>\n<meta property=\"og:title\" content=\"RCT Intensiv f\u00fcr Heilung - Reconnective Therapy\" \/>\n<meta property=\"og:description\" content=\"RCT Intensiv f\u00fcr Heilung - Reconnective Therapy | Herwig und Kerstin Sch\u00f6n. Jeder von uns tr\u00e4gt das Wissen \u00fcber perfektes Wohlbefinden in sich.\" \/>\n<meta property=\"og:url\" content=\"https:\/\/www.reconnectivetherapy.com\/internal-practic\/school-of-life-curriculum\/\" \/>\n<meta property=\"og:site_name\" content=\"RCT - Reconnective Therapy | Kerstin Sch\u00f6n\" \/>\n<meta property=\"article:modified_time\" content=\"2018-04-24T20:14:29+00:00\" \/>\n<meta property=\"og:image\" content=\"http:\/\/www.reconnectivetherapy.com\/wp-content\/uploads\/2016\/11\/kreis-grundlagen-fr-01-1.png\" \/>\n<meta name=\"twitter:label1\" content=\"Dur\u00e9e de lecture estim\u00e9e\" \/>\n\t<meta name=\"twitter:data1\" content=\"3 minutes\" \/>\n<script type=\"application\/ld+json\" class=\"yoast-schema-graph\">{\"@context\":\"https:\\\/\\\/schema.org\",\"@graph\":[{\"@type\":\"WebPage\",\"@id\":\"https:\\\/\\\/www.reconnectivetherapy.com\\\/internal-practic\\\/school-of-life-curriculum\\\/\",\"url\":\"https:\\\/\\\/www.reconnectivetherapy.com\\\/internal-practic\\\/school-of-life-curriculum\\\/\",\"name\":\"RCT Intensiv f\u00fcr Heilung - Reconnective Therapy\",\"isPartOf\":{\"@id\":\"https:\\\/\\\/www.reconnectivetherapy.com\\\/#website\"},\"primaryImageOfPage\":{\"@id\":\"https:\\\/\\\/www.reconnectivetherapy.com\\\/internal-practic\\\/school-of-life-curriculum\\\/#primaryimage\"},\"image\":{\"@id\":\"https:\\\/\\\/www.reconnectivetherapy.com\\\/internal-practic\\\/school-of-life-curriculum\\\/#primaryimage\"},\"thumbnailUrl\":\"http:\\\/\\\/www.reconnectivetherapy.com\\\/wp-content\\\/uploads\\\/2016\\\/11\\\/kreis-grundlagen-fr-01-1.png\",\"datePublished\":\"2016-11-17T07:16:24+00:00\",\"dateModified\":\"2018-04-24T20:14:29+00:00\",\"description\":\"RCT Intensiv f\u00fcr Heilung - Reconnective Therapy | Herwig und Kerstin Sch\u00f6n. Jeder von uns tr\u00e4gt das Wissen \u00fcber perfektes Wohlbefinden in sich.\",\"breadcrumb\":{\"@id\":\"https:\\\/\\\/www.reconnectivetherapy.com\\\/internal-practic\\\/school-of-life-curriculum\\\/#breadcrumb\"},\"inLanguage\":\"fr-FR\",\"potentialAction\":[{\"@type\":\"ReadAction\",\"target\":[\"https:\\\/\\\/www.reconnectivetherapy.com\\\/internal-practic\\\/school-of-life-curriculum\\\/\"]}]},{\"@type\":\"ImageObject\",\"inLanguage\":\"fr-FR\",\"@id\":\"https:\\\/\\\/www.reconnectivetherapy.com\\\/internal-practic\\\/school-of-life-curriculum\\\/#primaryimage\",\"url\":\"http:\\\/\\\/www.reconnectivetherapy.com\\\/wp-content\\\/uploads\\\/2016\\\/11\\\/kreis-grundlagen-fr-01-1.png\",\"contentUrl\":\"http:\\\/\\\/www.reconnectivetherapy.com\\\/wp-content\\\/uploads\\\/2016\\\/11\\\/kreis-grundlagen-fr-01-1.png\"},{\"@type\":\"BreadcrumbList\",\"@id\":\"https:\\\/\\\/www.reconnectivetherapy.com\\\/internal-practic\\\/school-of-life-curriculum\\\/#breadcrumb\",\"itemListElement\":[{\"@type\":\"ListItem\",\"position\":1,\"name\":\"Accueil\",\"item\":\"https:\\\/\\\/www.reconnectivetherapy.com\\\/fr\\\/\"},{\"@type\":\"ListItem\",\"position\":2,\"name\":\"alte Versionen\",\"item\":\"https:\\\/\\\/www.reconnectivetherapy.com\\\/fr\\\/alte-versionen\\\/\"},{\"@type\":\"ListItem\",\"position\":3,\"name\":\"RCT Ecole de la Vie\",\"item\":\"https:\\\/\\\/www.reconnectivetherapy.com\\\/internal-practic\\\/\"},{\"@type\":\"ListItem\",\"position\":4,\"name\":\"Curriculum conf\u00e9rences vid\u00e9o\"}]},{\"@type\":\"WebSite\",\"@id\":\"https:\\\/\\\/www.reconnectivetherapy.com\\\/#website\",\"url\":\"https:\\\/\\\/www.reconnectivetherapy.com\\\/\",\"name\":\"RCT - Reconnective Therapy | Kerstin Sch\u00f6n\",\"description\":\"RCT - Reconnective Therapy | Kerstin Sch\u00f6n\",\"potentialAction\":[{\"@type\":\"SearchAction\",\"target\":{\"@type\":\"EntryPoint\",\"urlTemplate\":\"https:\\\/\\\/www.reconnectivetherapy.com\\\/?s={search_term_string}\"},\"query-input\":{\"@type\":\"PropertyValueSpecification\",\"valueRequired\":true,\"valueName\":\"search_term_string\"}}],\"inLanguage\":\"fr-FR\"}]}<\/script>\n<!-- \/ Yoast SEO plugin. -->","yoast_head_json":{"title":"RCT Intensiv f\u00fcr Heilung - Reconnective Therapy","description":"RCT Intensiv f\u00fcr Heilung - Reconnective Therapy | Herwig und Kerstin Sch\u00f6n. Jeder von uns tr\u00e4gt das Wissen \u00fcber perfektes Wohlbefinden in sich.","robots":{"index":"index","follow":"follow","max-snippet":"max-snippet:-1","max-image-preview":"max-image-preview:large","max-video-preview":"max-video-preview:-1"},"canonical":"https:\/\/www.reconnectivetherapy.com\/internal-practic\/school-of-life-curriculum\/","og_locale":"fr_FR","og_type":"article","og_title":"RCT Intensiv f\u00fcr Heilung - Reconnective Therapy","og_description":"RCT Intensiv f\u00fcr Heilung - Reconnective Therapy | Herwig und Kerstin Sch\u00f6n. Jeder von uns tr\u00e4gt das Wissen \u00fcber perfektes Wohlbefinden in sich.","og_url":"https:\/\/www.reconnectivetherapy.com\/internal-practic\/school-of-life-curriculum\/","og_site_name":"RCT - Reconnective Therapy | Kerstin Sch\u00f6n","article_modified_time":"2018-04-24T20:14:29+00:00","og_image":[{"url":"http:\/\/www.reconnectivetherapy.com\/wp-content\/uploads\/2016\/11\/kreis-grundlagen-fr-01-1.png","type":"","width":"","height":""}],"twitter_misc":{"Dur\u00e9e de lecture estim\u00e9e":"3 minutes"},"schema":{"@context":"https:\/\/schema.org","@graph":[{"@type":"WebPage","@id":"https:\/\/www.reconnectivetherapy.com\/internal-practic\/school-of-life-curriculum\/","url":"https:\/\/www.reconnectivetherapy.com\/internal-practic\/school-of-life-curriculum\/","name":"RCT Intensiv f\u00fcr Heilung - Reconnective Therapy","isPartOf":{"@id":"https:\/\/www.reconnectivetherapy.com\/#website"},"primaryImageOfPage":{"@id":"https:\/\/www.reconnectivetherapy.com\/internal-practic\/school-of-life-curriculum\/#primaryimage"},"image":{"@id":"https:\/\/www.reconnectivetherapy.com\/internal-practic\/school-of-life-curriculum\/#primaryimage"},"thumbnailUrl":"http:\/\/www.reconnectivetherapy.com\/wp-content\/uploads\/2016\/11\/kreis-grundlagen-fr-01-1.png","datePublished":"2016-11-17T07:16:24+00:00","dateModified":"2018-04-24T20:14:29+00:00","description":"RCT Intensiv f\u00fcr Heilung - Reconnective Therapy | Herwig und Kerstin Sch\u00f6n. Jeder von uns tr\u00e4gt das Wissen \u00fcber perfektes Wohlbefinden in sich.","breadcrumb":{"@id":"https:\/\/www.reconnectivetherapy.com\/internal-practic\/school-of-life-curriculum\/#breadcrumb"},"inLanguage":"fr-FR","potentialAction":[{"@type":"ReadAction","target":["https:\/\/www.reconnectivetherapy.com\/internal-practic\/school-of-life-curriculum\/"]}]},{"@type":"ImageObject","inLanguage":"fr-FR","@id":"https:\/\/www.reconnectivetherapy.com\/internal-practic\/school-of-life-curriculum\/#primaryimage","url":"http:\/\/www.reconnectivetherapy.com\/wp-content\/uploads\/2016\/11\/kreis-grundlagen-fr-01-1.png","contentUrl":"http:\/\/www.reconnectivetherapy.com\/wp-content\/uploads\/2016\/11\/kreis-grundlagen-fr-01-1.png"},{"@type":"BreadcrumbList","@id":"https:\/\/www.reconnectivetherapy.com\/internal-practic\/school-of-life-curriculum\/#breadcrumb","itemListElement":[{"@type":"ListItem","position":1,"name":"Accueil","item":"https:\/\/www.reconnectivetherapy.com\/fr\/"},{"@type":"ListItem","position":2,"name":"alte Versionen","item":"https:\/\/www.reconnectivetherapy.com\/fr\/alte-versionen\/"},{"@type":"ListItem","position":3,"name":"RCT Ecole de la Vie","item":"https:\/\/www.reconnectivetherapy.com\/internal-practic\/"},{"@type":"ListItem","position":4,"name":"Curriculum conf\u00e9rences vid\u00e9o"}]},{"@type":"WebSite","@id":"https:\/\/www.reconnectivetherapy.com\/#website","url":"https:\/\/www.reconnectivetherapy.com\/","name":"RCT - Reconnective Therapy | Kerstin Sch\u00f6n","description":"RCT - Reconnective Therapy | Kerstin Sch\u00f6n","potentialAction":[{"@type":"SearchAction","target":{"@type":"EntryPoint","urlTemplate":"https:\/\/www.reconnectivetherapy.com\/?s={search_term_string}"},"query-input":{"@type":"PropertyValueSpecification","valueRequired":true,"valueName":"search_term_string"}}],"inLanguage":"fr-FR"}]}},"_links":{"self":[{"href":"https:\/\/www.reconnectivetherapy.com\/fr\/wp-json\/wp\/v2\/pages\/8126","targetHints":{"allow":["GET"]}}],"collection":[{"href":"https:\/\/www.reconnectivetherapy.com\/fr\/wp-json\/wp\/v2\/pages"}],"about":[{"href":"https:\/\/www.reconnectivetherapy.com\/fr\/wp-json\/wp\/v2\/types\/page"}],"author":[{"embeddable":true,"href":"https:\/\/www.reconnectivetherapy.com\/fr\/wp-json\/wp\/v2\/users\/10"}],"replies":[{"embeddable":true,"href":"https:\/\/www.reconnectivetherapy.com\/fr\/wp-json\/wp\/v2\/comments?post=8126"}],"version-history":[{"count":0,"href":"https:\/\/www.reconnectivetherapy.com\/fr\/wp-json\/wp\/v2\/pages\/8126\/revisions"}],"up":[{"embeddable":true,"href":"https:\/\/www.reconnectivetherapy.com\/fr\/wp-json\/wp\/v2\/pages\/6649"}],"wp:attachment":[{"href":"https:\/\/www.reconnectivetherapy.com\/fr\/wp-json\/wp\/v2\/media?parent=8126"}],"curies":[{"name":"wp","href":"https:\/\/api.w.org\/{rel}","templated":true}]}}