{"id":7520,"date":"2016-06-07T08:59:34","date_gmt":"2016-06-07T06:59:34","guid":{"rendered":"http:\/\/www.reconnectivetherapy.com\/fr\/lese-hoere\/kreative-problem-loesung"},"modified":"2016-06-07T09:03:08","modified_gmt":"2016-06-07T07:03:08","slug":"kreative-problem-loesung","status":"publish","type":"page","link":"https:\/\/www.reconnectivetherapy.com\/fr\/alte-versionen\/lese-hoere\/kreative-problem-loesung\/","title":{"rendered":"Solution cr\u00e9ative de probl\u00e8mes"},"content":{"rendered":"<div class=\"wpb-content-wrapper\"><p>[vc_row][vc_column css=\u00a0\u00bb.vc_custom_1453450499130{margin-top: 30px !important;}\u00a0\u00bb][vc_column_text undefined=\u00a0\u00bb\u00a0\u00bb]<\/p>\n<h3>Solution cr\u00e9ative de probl\u00e8mes<\/h3>\n<p>[\/vc_column_text][\/vc_column][\/vc_row][vc_row][vc_column][vc_column_text undefined=\u00a0\u00bb\u00a0\u00bb]Dans ce segment\u00a0 je souhaite parler de la solution cr\u00e9ative de probl\u00e8mes et de cr\u00e9ativit\u00e9 tout simplement.<\/p>\n<p>Il existe un dicton attribu\u00e9 \u00e0 Einstein que j\u2019aime vraiment, disant que de croire que l\u2019on peut r\u00e9soudre un probl\u00e8me en \u00e9tant dans le m\u00eame \u00e9tat d\u2019esprit duquel ledit probl\u00e8me na\u00eet, c\u2019est de la folie.<\/p>\n<p>Mais c\u2019est exactement ce que la plupart des gens font, puisqu\u2019ils n\u2019ont pas appris une mani\u00e8re diff\u00e9rente de r\u00e9soudre les probl\u00e8mes.<\/p>\n<p>Il s\u2019agit donc d\u2019une certaine mentalit\u00e9, d\u2019un \u00e9tat d\u2019esprit, dont nous sommes parfois conscient, parfois pas, et cet \u00e9tat d\u2019esprit, ces convictions et croyances que nous avons, ces empreintes et ces programmations dans notre esprit, cr\u00e9ent certaines situations, que nous percevons comme des probl\u00e8mes.<\/p>\n<p>Puis, quand ce probl\u00e8me est d\u2019actualit\u00e9 dans notre vie, nous essayons de le r\u00e9soudre avec le m\u00eame \u00e9tat d\u2019esprit qui a cr\u00e9\u00e9 le probl\u00e8me ou du moins est \u00e0 la base de celui-ci.<\/p>\n<p>Comme nous l\u2019avons appris, ceci ne pourra pas fonctionner, en aucune fa\u00e7on.<\/p>\n<p>Ce que nous faisons alors, c\u2019est de cr\u00e9er la m\u00eame chose en boucle, sans \ufb01n. Cela peut avoir l\u2019air de diff\u00e9rer un peu par-ci par-l\u00e0, mais il s\u2019agit essentiellement de la m\u00eame chose. Alors comment est-il\u00a0 possible de contourner cette mentalit\u00e9 qui est la n\u00f4tre, et de r\u00e9soudre le probl\u00e8me d\u2019un endroit en nous, dont nous ne supposons m\u00eame pas l\u2019existence ? Ou dont nous ignorons la nature?<\/p>\n<p>Voici un exemple simple, pour que vous voyiez exactement de quoi je parle: Imaginez un couple, mari\u00e9, qui souhaite partir en vacances. La femme veut aller \u00e0 la montagne, son \u00e9poux veut aller au bord de la mer. Alors, ils commencent \u00e0 discuter, ils auront une conversation pour essayer de trouver une solution. La fa\u00e7on, avec laquelle la plupart des gens vont faire cela, est, que chacun aura un peu de ce qu\u2019il ou elle souhaite. Ils trouveront peut-\u00eatre m\u00eame un endroit, o\u00f9 la montagne et la mer ne sont pas \u00e9loign\u00e9es l\u2019une de l\u2019autre, comme c\u2019est le cas l\u00e0 o\u00f9 j\u2019habite. Mais, n\u00e9anmoins, ils ne pourront pas \u00eatre au m\u00eame moment, et ensemble, \u00e0 la fois \u00e0 la montagne et \u00e0 la mer.<\/p>\n<p>Donc quand ils seront dans la montagne, la femme sera heureuse, l\u2019homme peut-\u00eatre pas. Au moment, o\u00f9 ils se trouveront au bord de l\u2019eau, l\u2019homme sera content, la femme peut-\u00eatre pas.<\/p>\n<p>Ce que font la plupart des gens, c\u2019est de trouver un compromis. Mais nous pouvons d\u00e9j\u00e0 voir \u00e0 ce stade, qu\u2019un compromis ne rendra pas vraiment les deux heureux.<\/p>\n<p>Alors, quel serait un exemple de solution cr\u00e9ative d\u2019un probl\u00e8me dans ce cas?<\/p>\n<p>Dans un premier temps, ils doivent sonder plus en profondeur. Ils ont besoin tous les deux de comprendre, ce qu\u2019ils veulent r\u00e9ellement. Car ce n\u2019est pas juste que la femme souhaite aller dans les montagnes, et l\u2019homme veut aller au bord de la mer. Ce qu\u2019ils cherchent vraiment, c\u2019est de se sentir d\u2019une certaine fa\u00e7on. La femme cherche \u00e0 se sentir comme elle sait qu\u2019elle va se sentir quand elle est dans les montagnes, et l\u2019homme cherche \u00e0 se sentir comme il sait qu\u2019il se sentira, quand il sera au bord de la mer.<\/p>\n<p>C\u2019est donc cela qu\u2019ils cherchent vraiment. Et c\u2019est cela le d\u00e9nominateur commun. Ils cherchent tous les deux \u00e0 se sentir d\u2019une certaine fa\u00e7on. Alors maintenant, que vont-ils faire? Ils vont s\u2019ouvrir tous les deux \u00e0 l\u2019id\u00e9e de partir en vacances et de s\u2019y sentir bien tous les deux, de la fa\u00e7on dont ils l\u2019envisagent. Et puis ils vont attendre simplement et voir quelle inspiration leur viendra. Je suis persuad\u00e9, vraiment s\u00fbr de moi, qu\u2019\u00e0 ce moment-l\u00e0, quand ils feront cela, ils trouveront ce qui leur conviendra parfaitement \u00e0 tous les deux et ce qui les rendra heureux. Et j\u2019irais jusqu\u2019\u00e0 affirmer qu\u2019ils se sentiront m\u00eame mieux, la femme mieux qu\u2019elle ne se serait sentie \u00e0 la montagne, et l\u2019homme mieux qu\u2019il ne se serait senti au bord de la mer.<\/p>\n<p>Donc, fondamentalement, ce qu\u2019ils ont essay\u00e9 de faire auparavant, c\u2019est de r\u00e9soudre le probl\u00e8me sur le m\u00eame niveau mental, o\u00f9 il a \u00e9t\u00e9 cr\u00e9\u00e9.<\/p>\n<p>Et apr\u00e8s, ce qu\u2019ils auront fait, c\u2019est qu\u2019ils auront permis \u00e0 tout \u00e7a de s\u2019\u00e9lever \u00e0 un niveau de fr\u00e9quences sup\u00e9rieures, ils auront en quelque sorte cr\u00e9\u00e9 quelque chose d\u2019enti\u00e8rement nouveau.<\/p>\n<p>Avec cette intention de vraiment se sentir tr\u00e8s bien tous les deux. Et c\u2019est exactement cela qui va se produire.<\/p>\n<p>J\u2019ai appris comment cela fonctionne il y a longtemps d\u00e9j\u00e0, c\u2019\u00e9tait par une amie \u00e0 l\u2019\u00e9poque, elle savait comment faire cela, comment vivre de cette fa\u00e7on, et je l\u2019ai adopt\u00e9 de mani\u00e8re instinctive instantan\u00e9ment. Et puis je l\u2019ai pratiqu\u00e9, ma vie est devenue ce qu\u2019elle est aujourd\u2019hui. Alors, chaque fois, que se posait un probl\u00e8me \u00e0 moi, c\u2019est ce que j\u2019ai fait. Encore et encore. Jusque \u00e0 ce jour. Parfois, j\u2019oublie, parfois je tombe dans d\u2019anciennes habitudes, d\u2019anciens sch\u00e9mas et j\u2019oublie. Mais d\u00e8s que je me souviens, c\u2019est ce que je fais.<\/p>\n<p>Et ce que je fais alors c\u2019est de regarder le probl\u00e8me et puis de m\u2019ouvrir en disant litt\u00e9ralement: \u00ab\u00a0donne-moi quelque chose que je ne connais pas, qui pourra vraiment r\u00e9soudre \u00e7a\u00a0\u00bb. Et ce qui arrive alors habituellement, c\u2019est que s\u2019ouvrent en moi des possibilit\u00e9s, dont je n\u2019\u00e9tais pas conscient \u00e0 cet instant et jusqu\u2019alors. Et c\u2019est vraiment beau, cela rend la vie tr\u00e8s facile, et c\u2019est une des raisons qui me font adorer cela.<\/p>\n<p>Une autre raison qui fait que j\u2019aime cela, c\u2019est que cela rend la vie aventureuse. Et c\u2019est quelque chose que chaque \u00eatre humain peut pratiquer. Si vous n\u2019\u00eates pas habitu\u00e9, si c\u2019est nouveau pour vous, vous pouvez le pratiquer. Vous trouvez en vous une discipline : chaque fois que vous rencontrez un probl\u00e8me, vous appliquez cette m\u00e9thode de solution cr\u00e9ative.<\/p>\n<p>C\u2019est-\u00e0-dire vous \u00e9valuez ce qu\u2019il se passe, vous clari\ufb01ez en vous-m\u00eame, o\u00f9 vous voulez aller avec \u00e7a, o\u00f9 vous voulez l\u2019amener. Mais gardez clairement \u00e0 l\u2019esprit, que plus vous \u00eates ouvert, plus vous d\u00e9terminez la qualit\u00e9 de votre exp\u00e9rience. Au lieu d\u2019attendre une solution pr\u00e9cise que vous avez en t\u00eate vous garderez de l\u2019espace pour l\u2019abondance, pour l\u2019\u00e9norme richesse de ce que l\u2019univers est pr\u00eat \u00e0 vous offrir en possibilit\u00e9s, dont vous n\u2019auriez m\u00eame pas os\u00e9 r\u00eaver.<\/p>\n<p>Merci encore pour ce temps pass\u00e9 ensemble, et \u00e0 bient\u00f4t, peut-\u00eatre. Au revoir.[\/vc_column_text][\/vc_column][\/vc_row][vc_row][vc_column][vc_separator height_2=\u00a0\u00bb40&Prime; height=\u00a0\u00bb0&Prime; show_border=\u00a0\u00bbyes_border\u00a0\u00bb][\/vc_column][\/vc_row]<\/p>\n<\/div>","protected":false},"excerpt":{"rendered":"<p>[vc_row][vc_column css=\u00a0\u00bb.vc_custom_1453450499130{margin-top: 30px !important;}\u00a0\u00bb][vc_column_text undefined=\u00a0\u00bb\u00a0\u00bb] Solution cr\u00e9ative de probl\u00e8mes [\/vc_column_text][\/vc_column][\/vc_row][vc_row][vc_column][vc_column_text undefined=\u00a0\u00bb\u00a0\u00bb]Dans ce segment\u00a0 je souhaite parler de la solution cr\u00e9ative de probl\u00e8mes et de cr\u00e9ativit\u00e9 tout<span class=\"excerpt-hellip\"> [\u2026]<\/span><\/p>\n","protected":false},"author":10,"featured_media":0,"parent":7498,"menu_order":0,"comment_status":"closed","ping_status":"closed","template":"template-slider-full.php","meta":{"footnotes":""},"class_list":["post-7520","page","type-page","status-publish","hentry"],"yoast_head":"<!-- This site is optimized with the Yoast SEO plugin v27.4 - https:\/\/yoast.com\/product\/yoast-seo-wordpress\/ -->\n<title>RCT Intensiv f\u00fcr Heilung - Reconnective Therapy<\/title>\n<meta name=\"description\" content=\"RCT Intensiv f\u00fcr Heilung - Reconnective Therapy | Herwig und Kerstin Sch\u00f6n. Jeder von uns tr\u00e4gt das Wissen \u00fcber perfektes Wohlbefinden in sich.\" \/>\n<meta name=\"robots\" content=\"index, follow, max-snippet:-1, max-image-preview:large, max-video-preview:-1\" \/>\n<link rel=\"canonical\" href=\"https:\/\/www.reconnectivetherapy.com\/fr\/alte-versionen\/lese-hoere\/kreative-problem-loesung\/\" \/>\n<meta property=\"og:locale\" content=\"fr_FR\" \/>\n<meta property=\"og:type\" content=\"article\" \/>\n<meta property=\"og:title\" content=\"RCT Intensiv f\u00fcr Heilung - Reconnective Therapy\" \/>\n<meta property=\"og:description\" content=\"RCT Intensiv f\u00fcr Heilung - Reconnective Therapy | Herwig und Kerstin Sch\u00f6n. Jeder von uns tr\u00e4gt das Wissen \u00fcber perfektes Wohlbefinden in sich.\" \/>\n<meta property=\"og:url\" content=\"https:\/\/www.reconnectivetherapy.com\/fr\/alte-versionen\/lese-hoere\/kreative-problem-loesung\/\" \/>\n<meta property=\"og:site_name\" content=\"RCT - Reconnective Therapy | Kerstin Sch\u00f6n\" \/>\n<meta property=\"article:modified_time\" content=\"2016-06-07T07:03:08+00:00\" \/>\n<meta name=\"twitter:label1\" content=\"Dur\u00e9e de lecture estim\u00e9e\" \/>\n\t<meta name=\"twitter:data1\" content=\"6 minutes\" \/>\n<script type=\"application\/ld+json\" class=\"yoast-schema-graph\">{\"@context\":\"https:\\\/\\\/schema.org\",\"@graph\":[{\"@type\":\"WebPage\",\"@id\":\"https:\\\/\\\/www.reconnectivetherapy.com\\\/fr\\\/alte-versionen\\\/lese-hoere\\\/kreative-problem-loesung\\\/\",\"url\":\"https:\\\/\\\/www.reconnectivetherapy.com\\\/fr\\\/alte-versionen\\\/lese-hoere\\\/kreative-problem-loesung\\\/\",\"name\":\"RCT Intensiv f\u00fcr Heilung - Reconnective Therapy\",\"isPartOf\":{\"@id\":\"https:\\\/\\\/www.reconnectivetherapy.com\\\/#website\"},\"datePublished\":\"2016-06-07T06:59:34+00:00\",\"dateModified\":\"2016-06-07T07:03:08+00:00\",\"description\":\"RCT Intensiv f\u00fcr Heilung - Reconnective Therapy | Herwig und Kerstin Sch\u00f6n. Jeder von uns tr\u00e4gt das Wissen \u00fcber perfektes Wohlbefinden in sich.\",\"breadcrumb\":{\"@id\":\"https:\\\/\\\/www.reconnectivetherapy.com\\\/fr\\\/alte-versionen\\\/lese-hoere\\\/kreative-problem-loesung\\\/#breadcrumb\"},\"inLanguage\":\"fr-FR\",\"potentialAction\":[{\"@type\":\"ReadAction\",\"target\":[\"https:\\\/\\\/www.reconnectivetherapy.com\\\/fr\\\/alte-versionen\\\/lese-hoere\\\/kreative-problem-loesung\\\/\"]}]},{\"@type\":\"BreadcrumbList\",\"@id\":\"https:\\\/\\\/www.reconnectivetherapy.com\\\/fr\\\/alte-versionen\\\/lese-hoere\\\/kreative-problem-loesung\\\/#breadcrumb\",\"itemListElement\":[{\"@type\":\"ListItem\",\"position\":1,\"name\":\"Accueil\",\"item\":\"https:\\\/\\\/www.reconnectivetherapy.com\\\/fr\\\/\"},{\"@type\":\"ListItem\",\"position\":2,\"name\":\"alte Versionen\",\"item\":\"https:\\\/\\\/www.reconnectivetherapy.com\\\/fr\\\/alte-versionen\\\/\"},{\"@type\":\"ListItem\",\"position\":3,\"name\":\"\u00c1 Lire\",\"item\":\"https:\\\/\\\/www.reconnectivetherapy.com\\\/fr\\\/alte-versionen\\\/lese-hoere\\\/\"},{\"@type\":\"ListItem\",\"position\":4,\"name\":\"Solution cr\u00e9ative de probl\u00e8mes\"}]},{\"@type\":\"WebSite\",\"@id\":\"https:\\\/\\\/www.reconnectivetherapy.com\\\/#website\",\"url\":\"https:\\\/\\\/www.reconnectivetherapy.com\\\/\",\"name\":\"RCT - Reconnective Therapy | Kerstin Sch\u00f6n\",\"description\":\"RCT - Reconnective Therapy | Kerstin Sch\u00f6n\",\"potentialAction\":[{\"@type\":\"SearchAction\",\"target\":{\"@type\":\"EntryPoint\",\"urlTemplate\":\"https:\\\/\\\/www.reconnectivetherapy.com\\\/?s={search_term_string}\"},\"query-input\":{\"@type\":\"PropertyValueSpecification\",\"valueRequired\":true,\"valueName\":\"search_term_string\"}}],\"inLanguage\":\"fr-FR\"}]}<\/script>\n<!-- \/ Yoast SEO plugin. -->","yoast_head_json":{"title":"RCT Intensiv f\u00fcr Heilung - Reconnective Therapy","description":"RCT Intensiv f\u00fcr Heilung - Reconnective Therapy | Herwig und Kerstin Sch\u00f6n. Jeder von uns tr\u00e4gt das Wissen \u00fcber perfektes Wohlbefinden in sich.","robots":{"index":"index","follow":"follow","max-snippet":"max-snippet:-1","max-image-preview":"max-image-preview:large","max-video-preview":"max-video-preview:-1"},"canonical":"https:\/\/www.reconnectivetherapy.com\/fr\/alte-versionen\/lese-hoere\/kreative-problem-loesung\/","og_locale":"fr_FR","og_type":"article","og_title":"RCT Intensiv f\u00fcr Heilung - Reconnective Therapy","og_description":"RCT Intensiv f\u00fcr Heilung - Reconnective Therapy | Herwig und Kerstin Sch\u00f6n. Jeder von uns tr\u00e4gt das Wissen \u00fcber perfektes Wohlbefinden in sich.","og_url":"https:\/\/www.reconnectivetherapy.com\/fr\/alte-versionen\/lese-hoere\/kreative-problem-loesung\/","og_site_name":"RCT - Reconnective Therapy | Kerstin Sch\u00f6n","article_modified_time":"2016-06-07T07:03:08+00:00","twitter_misc":{"Dur\u00e9e de lecture estim\u00e9e":"6 minutes"},"schema":{"@context":"https:\/\/schema.org","@graph":[{"@type":"WebPage","@id":"https:\/\/www.reconnectivetherapy.com\/fr\/alte-versionen\/lese-hoere\/kreative-problem-loesung\/","url":"https:\/\/www.reconnectivetherapy.com\/fr\/alte-versionen\/lese-hoere\/kreative-problem-loesung\/","name":"RCT Intensiv f\u00fcr Heilung - Reconnective Therapy","isPartOf":{"@id":"https:\/\/www.reconnectivetherapy.com\/#website"},"datePublished":"2016-06-07T06:59:34+00:00","dateModified":"2016-06-07T07:03:08+00:00","description":"RCT Intensiv f\u00fcr Heilung - Reconnective Therapy | Herwig und Kerstin Sch\u00f6n. Jeder von uns tr\u00e4gt das Wissen \u00fcber perfektes Wohlbefinden in sich.","breadcrumb":{"@id":"https:\/\/www.reconnectivetherapy.com\/fr\/alte-versionen\/lese-hoere\/kreative-problem-loesung\/#breadcrumb"},"inLanguage":"fr-FR","potentialAction":[{"@type":"ReadAction","target":["https:\/\/www.reconnectivetherapy.com\/fr\/alte-versionen\/lese-hoere\/kreative-problem-loesung\/"]}]},{"@type":"BreadcrumbList","@id":"https:\/\/www.reconnectivetherapy.com\/fr\/alte-versionen\/lese-hoere\/kreative-problem-loesung\/#breadcrumb","itemListElement":[{"@type":"ListItem","position":1,"name":"Accueil","item":"https:\/\/www.reconnectivetherapy.com\/fr\/"},{"@type":"ListItem","position":2,"name":"alte Versionen","item":"https:\/\/www.reconnectivetherapy.com\/fr\/alte-versionen\/"},{"@type":"ListItem","position":3,"name":"\u00c1 Lire","item":"https:\/\/www.reconnectivetherapy.com\/fr\/alte-versionen\/lese-hoere\/"},{"@type":"ListItem","position":4,"name":"Solution cr\u00e9ative de probl\u00e8mes"}]},{"@type":"WebSite","@id":"https:\/\/www.reconnectivetherapy.com\/#website","url":"https:\/\/www.reconnectivetherapy.com\/","name":"RCT - Reconnective Therapy | Kerstin Sch\u00f6n","description":"RCT - Reconnective Therapy | Kerstin Sch\u00f6n","potentialAction":[{"@type":"SearchAction","target":{"@type":"EntryPoint","urlTemplate":"https:\/\/www.reconnectivetherapy.com\/?s={search_term_string}"},"query-input":{"@type":"PropertyValueSpecification","valueRequired":true,"valueName":"search_term_string"}}],"inLanguage":"fr-FR"}]}},"_links":{"self":[{"href":"https:\/\/www.reconnectivetherapy.com\/fr\/wp-json\/wp\/v2\/pages\/7520","targetHints":{"allow":["GET"]}}],"collection":[{"href":"https:\/\/www.reconnectivetherapy.com\/fr\/wp-json\/wp\/v2\/pages"}],"about":[{"href":"https:\/\/www.reconnectivetherapy.com\/fr\/wp-json\/wp\/v2\/types\/page"}],"author":[{"embeddable":true,"href":"https:\/\/www.reconnectivetherapy.com\/fr\/wp-json\/wp\/v2\/users\/10"}],"replies":[{"embeddable":true,"href":"https:\/\/www.reconnectivetherapy.com\/fr\/wp-json\/wp\/v2\/comments?post=7520"}],"version-history":[{"count":0,"href":"https:\/\/www.reconnectivetherapy.com\/fr\/wp-json\/wp\/v2\/pages\/7520\/revisions"}],"up":[{"embeddable":true,"href":"https:\/\/www.reconnectivetherapy.com\/fr\/wp-json\/wp\/v2\/pages\/7498"}],"wp:attachment":[{"href":"https:\/\/www.reconnectivetherapy.com\/fr\/wp-json\/wp\/v2\/media?parent=7520"}],"curies":[{"name":"wp","href":"https:\/\/api.w.org\/{rel}","templated":true}]}}