{"id":7511,"date":"2016-06-07T08:48:13","date_gmt":"2016-06-07T06:48:13","guid":{"rendered":"http:\/\/www.reconnectivetherapy.com\/fr\/lese-hoere\/heilung-emotionen"},"modified":"2016-06-07T08:55:22","modified_gmt":"2016-06-07T06:55:22","slug":"heilung-emotionen","status":"publish","type":"page","link":"https:\/\/www.reconnectivetherapy.com\/fr\/alte-versionen\/lese-hoere\/heilung-emotionen\/","title":{"rendered":"Gu\u00e9rison d\u2019\u00e9motions"},"content":{"rendered":"<div class=\"wpb-content-wrapper\"><p>[vc_row][vc_column css=\u00a0\u00bb.vc_custom_1453450499130{margin-top: 30px !important;}\u00a0\u00bb][vc_column_text undefined=\u00a0\u00bb\u00a0\u00bb]<\/p>\n<h3>Gu\u00e9rison d\u2019\u00e9motions<\/h3>\n<p>[\/vc_column_text][\/vc_column][\/vc_row][vc_row][vc_column][vc_column_text undefined=\u00a0\u00bb\u00a0\u00bb]<\/p>\n<div class=\"clearfix row-fluid krown-column-row clearfix-fluid\">\n<div class=\"span12 krown-column-container clearfix column_container\">\n<div class=\"clearfix \">\n<div class=\"wpb_wrapper\">\n<p>Lorsque vous recevez un mail de ma part qui vous indique ce qui s\u2019est pass\u00e9 lors du traitement, il y est souvent \u00e9crit : \u00ab\u00a0Gu\u00e9rison d\u2019\u00e9motions\u00a0\u00bb.\u00a0Ceci est un terme que j\u2019emploie pour d\u00e9signer un processus plut\u00f4t\u00a0complexe. Je vais maintenant expliquer de quoi il s\u2019agit exactement.\u00a0Comprenez bien, ce sujet est tellement complexe que je pourrais facilement \u00e9crire tout un livre. Pour cette raison je ne pourrai pas approfondir certains\u00a0sous-th\u00e8mes auxquelles je voudrais bri\u00e8vement faire allusion.<\/p>\n<p>Tout d\u2019abord, il est important de comprendre que chacun a acc\u00e8s \u00e0 une force inou\u00efe et que cette force est celle de la cr\u00e9ation par l\u2019utilisation d\u2019\u00e9nergie. Ce processus commence toujours avec un d\u00e9sir, qui am\u00e8ne \u00e0 une\u00a0 image int\u00e9rieure immuable. Prenons l\u2019exemple suivant : Vous avez le d\u00e9sir de poss\u00e9der une Ferrari rouge. Ce contenu sera charg\u00e9 avec \u00e9nergie par la sensation de bonheur que vous procure l\u2019id\u00e9e de la poss\u00e9der un jour. C\u2019est le fait d\u2019imaginer d\u2019avoir la voiture, de la conduire, et comment ce sera de la poss\u00e9der. Au moment ou la quantit\u00e9 de cette \u00e9nergie d\u00e9passe un certain seuil, alors cette voiture n\u2019existera non seulement dans vos pens\u00e9es, mais se manifestera aussi mat\u00e9riellement pour vous. Il se peut que vous deviez faire certaines choses, pour que cela s\u2019accomplisse, mais j\u2019ai d\u00e9j\u00e0 vu des cas, ou l\u2019objet d\u00e9sir\u00e9 s\u2019est litt\u00e9ralement manifest\u00e9 devant la porte de la personne.\u00a0Cette force est si puissante et si omnipr\u00e9sente, que tout ce que nous vivons, est cr\u00e9\u00e9 par nous-m\u00eame.<\/p>\n<p>Ceci \u00e9tait un exemple simple d\u2019une cr\u00e9ation venant de notre conscience.<br \/>\nIl existe cependant aussi des cr\u00e9ation venant du sub-conscient. Tant de choses qui nous posent des soucis, comme par exemple des maladies, sont des cr\u00e9ations venant du sub-conscient. La question qui se pose est la suivante : comment un tel contenu est parvenu \u00e0 s\u2019inscrire dans le sub-conscient de mani\u00e8re immuable et comment s\u2019est-il charg\u00e9 d\u2019\u00e9nergie ?<\/p>\n<p>Imaginons le sc\u00e9nario suivant : Quelqu\u2019un, en qui vous avez confiance vous trahit.<br \/>\nCela peut \u00eatre tr\u00e8s douloureux, peut-\u00eatre trop douloureux pour pouvoir le dig\u00e9rer. Si cela s\u2019av\u00e8re \u00eatre le cas, un m\u00e9canisme d\u2019auto-protection se met en place, que pratiquement toute personne poss\u00e8de. Parmi les cons\u00e9quences que ce m\u00e9canisme engendre, est celle de donner une interpr\u00e9tation \u00e0 cet \u00e9v\u00e9nement, qui servira \u00e0 \u00e9viter que celui-ci se reproduise. On peut se l\u2019imaginer comme suit: \u00ab\u00a0 Les gens sont comme \u00e7a, on ne peut pas leur faire confiance, tout ce qu\u2019il veulent, c\u2019est nous trahir.\u00a0\u00bb<br \/>\nA cause de l\u2019intensit\u00e9 de l\u2019exp\u00e9rience\u00a0 et du fait de l\u2019impossibilit\u00e9 de pouvoir l\u2019int\u00e9grer, tout de vous-m\u00eame sera pr\u00eat \u00e0 croire en la v\u00e9racit\u00e9 de cette d\u00e9claration. Tout ce complexe va rapidement dispara\u00eetre dans le sub-conscient et comme vous \u00eates fortement convaincu de la v\u00e9racit\u00e9 de cette d\u00e9claration, celle-ci peut se charger avec de l\u2019\u00e9nergie. Quand l\u2019\u00e9nergie d\u00e9passe un certain seuil, ce contenu va se manifester dans votre vie. C\u2019est \u00e0 dire, vous allez revivre une trahison, ce qui, \u00e0 nouveau, va renforcer votre conviction.<\/p>\n<p>Par des traitements de ReConnective Therapy, ces convictions peuvent \u00eatre connect\u00e9es avec une partie de votre corps mentale. A ce point, j\u2019aimerais ajouter un petit exemple pour d\u00e9montrer comment cela peut se traduire.\u00a0Imaginez, que vous ayez pass\u00e9 une mauvaise journ\u00e9e au travail et \u00e0 la maison ce n\u2019est gu\u00e8re plus glorieux. Vous \u00eates sur le chemin de retour \u00e0 la maison, le traffic est charg\u00e9 et quelqu\u2019un vous prend la priorit\u00e9. On n\u2019a pas de mal \u00e0 s\u2019imaginer, comment on pourrait exploser de col\u00e8re dans une telle situation, et cette col\u00e8re peut demeurer avec vous pendant des heures. Imaginez-vous, qu\u2019au moment ou l\u2019autre vous prend la priorit\u00e9, vous pensez : \u00ab\u00a0 Peut-\u00eatre la personne en question va-t-elle encore moins bien que moi\u00a0\u00bb. Dans ce cas, il n\u2018y aura pas de col\u00e8re et vous oublierez l\u2019incident imm\u00e9diatement. Ceci est un exemple simple concernant la transformation, qui peut avoir lieu, si une pens\u00e9e de fr\u00e9quence basse se connecte avec une partie de votre Soi, qui vibre dans des fr\u00e9quences plus \u00e9lev\u00e9es.<\/p>\n<p>Revenons vers notre sc\u00e9nario\u00a0 de d\u00e9part, la trahison. Lors d\u2019un traitement RCT il est possible que cette conviction, dont nous parlions et qui consiste \u00e0 croire que toute personne veut vous trahir, se connecte avec une partie de\u00a0\u00a0 votre Soi, qui vibre avec des fr\u00e9quences plus \u00e9lev\u00e9es.\u00a0Ainsi cette conviction peut se transformer en quelque chose d\u2019harmonieux en vous-m\u00eame. A partir de ce moment-l\u00e0, vous cr\u00e9erez votre exp\u00e9rience non plus \u00e0 partir de la conviction que tout le monde veut vous trahir, mais \u00e0 partir d\u2019un endroit plus \u00e9lev\u00e9 en vous, ce qui signifie, que vous cesserez d\u2019attirer la trahison. Au lieu de cela, vous attirerez des personnes, qui refl\u00e8tent la paix et l\u2019harmonie, qui existent \u00e0 cet endroit en vous-m\u00eame. Il s\u2019agit l\u00e0 d\u2019une v\u00e9ritable gu\u00e9rison \u00e0 l\u2019endroit m\u00eame, o\u00f9 le dysfonctionnement a pris sa source.<\/p>\n<\/div>\n<\/div>\n<\/div>\n<\/div>\n<p>[\/vc_column_text][\/vc_column][\/vc_row][vc_row][vc_column][vc_separator height_2=\u00a0\u00bb40&Prime; height=\u00a0\u00bb0&Prime; show_border=\u00a0\u00bbyes_border\u00a0\u00bb][\/vc_column][\/vc_row]<\/p>\n<\/div>","protected":false},"excerpt":{"rendered":"<p>[vc_row][vc_column css=\u00a0\u00bb.vc_custom_1453450499130{margin-top: 30px !important;}\u00a0\u00bb][vc_column_text undefined=\u00a0\u00bb\u00a0\u00bb] Gu\u00e9rison d\u2019\u00e9motions [\/vc_column_text][\/vc_column][\/vc_row][vc_row][vc_column][vc_column_text undefined=\u00a0\u00bb\u00a0\u00bb] Lorsque vous recevez un mail de ma part qui vous indique ce qui s\u2019est pass\u00e9 lors du<span class=\"excerpt-hellip\"> [\u2026]<\/span><\/p>\n","protected":false},"author":10,"featured_media":0,"parent":7498,"menu_order":1,"comment_status":"closed","ping_status":"closed","template":"template-slider-full.php","meta":{"footnotes":""},"class_list":["post-7511","page","type-page","status-publish","hentry"],"yoast_head":"<!-- This site is optimized with the Yoast SEO plugin v27.3 - https:\/\/yoast.com\/product\/yoast-seo-wordpress\/ -->\n<title>RCT Intensiv f\u00fcr Heilung - Reconnective Therapy<\/title>\n<meta name=\"description\" content=\"RCT Intensiv f\u00fcr Heilung - Reconnective Therapy | Herwig und Kerstin Sch\u00f6n. Jeder von uns tr\u00e4gt das Wissen \u00fcber perfektes Wohlbefinden in sich.\" \/>\n<meta name=\"robots\" content=\"index, follow, max-snippet:-1, max-image-preview:large, max-video-preview:-1\" \/>\n<link rel=\"canonical\" href=\"https:\/\/www.reconnectivetherapy.com\/fr\/alte-versionen\/lese-hoere\/heilung-emotionen\/\" \/>\n<meta property=\"og:locale\" content=\"fr_FR\" \/>\n<meta property=\"og:type\" content=\"article\" \/>\n<meta property=\"og:title\" content=\"RCT Intensiv f\u00fcr Heilung - Reconnective Therapy\" \/>\n<meta property=\"og:description\" content=\"RCT Intensiv f\u00fcr Heilung - Reconnective Therapy | Herwig und Kerstin Sch\u00f6n. Jeder von uns tr\u00e4gt das Wissen \u00fcber perfektes Wohlbefinden in sich.\" \/>\n<meta property=\"og:url\" content=\"https:\/\/www.reconnectivetherapy.com\/fr\/alte-versionen\/lese-hoere\/heilung-emotionen\/\" \/>\n<meta property=\"og:site_name\" content=\"RCT - Reconnective Therapy | Kerstin Sch\u00f6n\" \/>\n<meta property=\"article:modified_time\" content=\"2016-06-07T06:55:22+00:00\" \/>\n<meta name=\"twitter:label1\" content=\"Dur\u00e9e de lecture estim\u00e9e\" \/>\n\t<meta name=\"twitter:data1\" content=\"5 minutes\" \/>\n<script type=\"application\/ld+json\" class=\"yoast-schema-graph\">{\"@context\":\"https:\\\/\\\/schema.org\",\"@graph\":[{\"@type\":\"WebPage\",\"@id\":\"https:\\\/\\\/www.reconnectivetherapy.com\\\/fr\\\/alte-versionen\\\/lese-hoere\\\/heilung-emotionen\\\/\",\"url\":\"https:\\\/\\\/www.reconnectivetherapy.com\\\/fr\\\/alte-versionen\\\/lese-hoere\\\/heilung-emotionen\\\/\",\"name\":\"RCT Intensiv f\u00fcr Heilung - Reconnective Therapy\",\"isPartOf\":{\"@id\":\"https:\\\/\\\/www.reconnectivetherapy.com\\\/#website\"},\"datePublished\":\"2016-06-07T06:48:13+00:00\",\"dateModified\":\"2016-06-07T06:55:22+00:00\",\"description\":\"RCT Intensiv f\u00fcr Heilung - Reconnective Therapy | Herwig und Kerstin Sch\u00f6n. Jeder von uns tr\u00e4gt das Wissen \u00fcber perfektes Wohlbefinden in sich.\",\"breadcrumb\":{\"@id\":\"https:\\\/\\\/www.reconnectivetherapy.com\\\/fr\\\/alte-versionen\\\/lese-hoere\\\/heilung-emotionen\\\/#breadcrumb\"},\"inLanguage\":\"fr-FR\",\"potentialAction\":[{\"@type\":\"ReadAction\",\"target\":[\"https:\\\/\\\/www.reconnectivetherapy.com\\\/fr\\\/alte-versionen\\\/lese-hoere\\\/heilung-emotionen\\\/\"]}]},{\"@type\":\"BreadcrumbList\",\"@id\":\"https:\\\/\\\/www.reconnectivetherapy.com\\\/fr\\\/alte-versionen\\\/lese-hoere\\\/heilung-emotionen\\\/#breadcrumb\",\"itemListElement\":[{\"@type\":\"ListItem\",\"position\":1,\"name\":\"Accueil\",\"item\":\"https:\\\/\\\/www.reconnectivetherapy.com\\\/fr\\\/\"},{\"@type\":\"ListItem\",\"position\":2,\"name\":\"alte Versionen\",\"item\":\"https:\\\/\\\/www.reconnectivetherapy.com\\\/fr\\\/alte-versionen\\\/\"},{\"@type\":\"ListItem\",\"position\":3,\"name\":\"\u00c1 Lire\",\"item\":\"https:\\\/\\\/www.reconnectivetherapy.com\\\/fr\\\/alte-versionen\\\/lese-hoere\\\/\"},{\"@type\":\"ListItem\",\"position\":4,\"name\":\"Gu\u00e9rison d\u2019\u00e9motions\"}]},{\"@type\":\"WebSite\",\"@id\":\"https:\\\/\\\/www.reconnectivetherapy.com\\\/#website\",\"url\":\"https:\\\/\\\/www.reconnectivetherapy.com\\\/\",\"name\":\"RCT - Reconnective Therapy | Kerstin Sch\u00f6n\",\"description\":\"RCT - Reconnective Therapy | Kerstin Sch\u00f6n\",\"potentialAction\":[{\"@type\":\"SearchAction\",\"target\":{\"@type\":\"EntryPoint\",\"urlTemplate\":\"https:\\\/\\\/www.reconnectivetherapy.com\\\/?s={search_term_string}\"},\"query-input\":{\"@type\":\"PropertyValueSpecification\",\"valueRequired\":true,\"valueName\":\"search_term_string\"}}],\"inLanguage\":\"fr-FR\"}]}<\/script>\n<!-- \/ Yoast SEO plugin. -->","yoast_head_json":{"title":"RCT Intensiv f\u00fcr Heilung - Reconnective Therapy","description":"RCT Intensiv f\u00fcr Heilung - Reconnective Therapy | Herwig und Kerstin Sch\u00f6n. Jeder von uns tr\u00e4gt das Wissen \u00fcber perfektes Wohlbefinden in sich.","robots":{"index":"index","follow":"follow","max-snippet":"max-snippet:-1","max-image-preview":"max-image-preview:large","max-video-preview":"max-video-preview:-1"},"canonical":"https:\/\/www.reconnectivetherapy.com\/fr\/alte-versionen\/lese-hoere\/heilung-emotionen\/","og_locale":"fr_FR","og_type":"article","og_title":"RCT Intensiv f\u00fcr Heilung - Reconnective Therapy","og_description":"RCT Intensiv f\u00fcr Heilung - Reconnective Therapy | Herwig und Kerstin Sch\u00f6n. Jeder von uns tr\u00e4gt das Wissen \u00fcber perfektes Wohlbefinden in sich.","og_url":"https:\/\/www.reconnectivetherapy.com\/fr\/alte-versionen\/lese-hoere\/heilung-emotionen\/","og_site_name":"RCT - Reconnective Therapy | Kerstin Sch\u00f6n","article_modified_time":"2016-06-07T06:55:22+00:00","twitter_misc":{"Dur\u00e9e de lecture estim\u00e9e":"5 minutes"},"schema":{"@context":"https:\/\/schema.org","@graph":[{"@type":"WebPage","@id":"https:\/\/www.reconnectivetherapy.com\/fr\/alte-versionen\/lese-hoere\/heilung-emotionen\/","url":"https:\/\/www.reconnectivetherapy.com\/fr\/alte-versionen\/lese-hoere\/heilung-emotionen\/","name":"RCT Intensiv f\u00fcr Heilung - Reconnective Therapy","isPartOf":{"@id":"https:\/\/www.reconnectivetherapy.com\/#website"},"datePublished":"2016-06-07T06:48:13+00:00","dateModified":"2016-06-07T06:55:22+00:00","description":"RCT Intensiv f\u00fcr Heilung - Reconnective Therapy | Herwig und Kerstin Sch\u00f6n. Jeder von uns tr\u00e4gt das Wissen \u00fcber perfektes Wohlbefinden in sich.","breadcrumb":{"@id":"https:\/\/www.reconnectivetherapy.com\/fr\/alte-versionen\/lese-hoere\/heilung-emotionen\/#breadcrumb"},"inLanguage":"fr-FR","potentialAction":[{"@type":"ReadAction","target":["https:\/\/www.reconnectivetherapy.com\/fr\/alte-versionen\/lese-hoere\/heilung-emotionen\/"]}]},{"@type":"BreadcrumbList","@id":"https:\/\/www.reconnectivetherapy.com\/fr\/alte-versionen\/lese-hoere\/heilung-emotionen\/#breadcrumb","itemListElement":[{"@type":"ListItem","position":1,"name":"Accueil","item":"https:\/\/www.reconnectivetherapy.com\/fr\/"},{"@type":"ListItem","position":2,"name":"alte Versionen","item":"https:\/\/www.reconnectivetherapy.com\/fr\/alte-versionen\/"},{"@type":"ListItem","position":3,"name":"\u00c1 Lire","item":"https:\/\/www.reconnectivetherapy.com\/fr\/alte-versionen\/lese-hoere\/"},{"@type":"ListItem","position":4,"name":"Gu\u00e9rison d\u2019\u00e9motions"}]},{"@type":"WebSite","@id":"https:\/\/www.reconnectivetherapy.com\/#website","url":"https:\/\/www.reconnectivetherapy.com\/","name":"RCT - Reconnective Therapy | Kerstin Sch\u00f6n","description":"RCT - Reconnective Therapy | Kerstin Sch\u00f6n","potentialAction":[{"@type":"SearchAction","target":{"@type":"EntryPoint","urlTemplate":"https:\/\/www.reconnectivetherapy.com\/?s={search_term_string}"},"query-input":{"@type":"PropertyValueSpecification","valueRequired":true,"valueName":"search_term_string"}}],"inLanguage":"fr-FR"}]}},"_links":{"self":[{"href":"https:\/\/www.reconnectivetherapy.com\/fr\/wp-json\/wp\/v2\/pages\/7511","targetHints":{"allow":["GET"]}}],"collection":[{"href":"https:\/\/www.reconnectivetherapy.com\/fr\/wp-json\/wp\/v2\/pages"}],"about":[{"href":"https:\/\/www.reconnectivetherapy.com\/fr\/wp-json\/wp\/v2\/types\/page"}],"author":[{"embeddable":true,"href":"https:\/\/www.reconnectivetherapy.com\/fr\/wp-json\/wp\/v2\/users\/10"}],"replies":[{"embeddable":true,"href":"https:\/\/www.reconnectivetherapy.com\/fr\/wp-json\/wp\/v2\/comments?post=7511"}],"version-history":[{"count":0,"href":"https:\/\/www.reconnectivetherapy.com\/fr\/wp-json\/wp\/v2\/pages\/7511\/revisions"}],"up":[{"embeddable":true,"href":"https:\/\/www.reconnectivetherapy.com\/fr\/wp-json\/wp\/v2\/pages\/7498"}],"wp:attachment":[{"href":"https:\/\/www.reconnectivetherapy.com\/fr\/wp-json\/wp\/v2\/media?parent=7511"}],"curies":[{"name":"wp","href":"https:\/\/api.w.org\/{rel}","templated":true}]}}