{"id":7394,"date":"2016-04-07T08:43:52","date_gmt":"2016-04-07T06:43:52","guid":{"rendered":"http:\/\/www.reconnectivetherapy.com\/fr\/cancellation-policies"},"modified":"2016-05-31T11:25:19","modified_gmt":"2016-05-31T09:25:19","slug":"cancellation-policies","status":"publish","type":"page","link":"https:\/\/www.reconnectivetherapy.com\/fr\/cancellation-policies\/","title":{"rendered":"Terms of Use"},"content":{"rendered":"<div class=\"wpb-content-wrapper\"><p>[vc_row][vc_column css=\u00a0\u00bb.vc_custom_1453450499130{margin-top: 30px !important;}\u00a0\u00bb][vc_column_text undefined=\u00a0\u00bb\u00a0\u00bb]<\/p>\n<h3>Terms of Use<\/h3>\n<p>[\/vc_column_text][\/vc_column][\/vc_row][vc_row][vc_column][vc_column_text]<strong>WEBSITE DISCLAIMER, TERMS OF USE, AND PROPRIETARY INFORMATION<\/strong><\/p>\n<p><strong><br \/>\nNo Warranties<\/strong><\/p>\n<p>This website is provided \u201cas is\u201d without any representations or warranties, express or implied. ReConnective Therapy makes no representations or warranties in relation to this website or the information and materials provided on this website. Without prejudice to the generality of the foregoing paragraph, ReConnective Therapy does not warrant that this website will be constantly available or available at all. Nothing on this website constitutes, or is meant to constitute, advice of any kind. If you require advice in relation to any legal, financial, or medical matter, you should consult an appropriate professional.<\/p>\n<p>&nbsp;<\/p>\n<p><strong>Limitations of Liability<\/strong><\/p>\n<p>ReConnective Therapy will not be liable to you (whether under the law of contract, the law of torts or otherwise) in relation to the contents of, or use of, or otherwise in connection with, this website:<\/p>\n<ul>\n<li>To the extent that this website is provided free-of-charge, for any direct loss, indirect, special or consequential loss; or;<\/li>\n<li>For any business losses, loss of revenue, income, profits or anticipated savings, loss of contracts or business relationships, loss of reputation or goodwill, or loss or corruption of information or data.<\/li>\n<\/ul>\n<p>Any information, stories, examples, or testimonials presented on this website do not constitute a warrantee, guarantee, or prediction regarding the outcome of an individual or organization using the program or products for any particular problem or issue. While all materials and links and other resources are posted in good faith, the accuracy, validity, effectiveness, completeness, or usefulness of any information herein, as with any publication, cannot be guaranteed. ReConnective Therapy accepts no responsibility or liability whatsoever for the use or misuse of the information contained on this website.<\/p>\n<p>&nbsp;<\/p>\n<p><strong>Exceptions<\/strong><\/p>\n<p>Nothing in this website disclaimer will exclude or limit any warranty implied by law that it would be unlawful to exclude or limit; and nothing in this website disclaimer will exclude or limit ReConnective Therapy\u2019s liability in respect of any:<\/p>\n<ul>\n<li>Death or personal injury caused by ReConnective Therapy negligence;<\/li>\n<li>Fraud or fraudulent misrepresentation on the part of ReConnective Therapy; or<\/li>\n<li>Any matter which it would be illegal or unlawful for ReConnective Therapy to exclude or limit, or to attempt or purport to exclude or limit, its liability.<\/li>\n<\/ul>\n<p>&nbsp;<\/p>\n<p><strong>Reasonableness<\/strong><\/p>\n<p>By using this website, you agree that the exclusions and limitations of liability set out in this website disclaimer are reasonable. If you do not think they are reasonable, you must not use this website.<\/p>\n<p>&nbsp;<\/p>\n<p><strong>Other Parties<\/strong><\/p>\n<p>You accept that ReConnective Therapy has an interest in limiting the personal liability of its members, officers, and employees. You agree that you will not bring any claim personally against ReConnective Therapy\u2019s members, officers, or employees in respect of any losses you suffer in connection with this website. Without prejudice to the foregoing paragraph you agree that the limitations of warranties and liability set out in this website disclaimer will protect ReConnective Therapy\u2019s members, officers, employees, agents, subsidiaries, successors, assigns and sub-contractors.<\/p>\n<p>&nbsp;<\/p>\n<p><strong>Proprietary and Copyright Information<\/strong><\/p>\n<p>This website contains copyrighted material (all rights reserved). You may not disseminate, modify, copy, in whole or in part, such copyrighted materials unless specifically permitted to do so by ReConnective Therapy.<\/p>\n<p>&nbsp;<\/p>\n<p><strong>Unenforceable Provisions<\/strong><\/p>\n<p>If any provision of this website disclaimer is, or is found to be, unenforceable under applicable law, that will not affect the enforceability of the other provisions of this website disclaimer.<\/p>\n<p>&nbsp;<\/p>\n<p><strong>Credit<\/strong><\/p>\n<p>This document was created using a Contractology template available at <a href=\"http:\/\/www.freenetlaw.com\">http:\/\/www.freenetlaw.com<\/a>.<\/p>\n<p>&nbsp;<\/p>\n<p><strong>By continuing to explore our website, you agree to all of the above.<\/strong><\/p>\n<p><strong>Please enjoy our website!<\/strong>[\/vc_column_text][\/vc_column][\/vc_row][vc_row][vc_column][vc_separator height_2=\u00a0\u00bb40&Prime; height=\u00a0\u00bb0&Prime; show_border=\u00a0\u00bbyes_border\u00a0\u00bb][\/vc_column][\/vc_row]<\/p>\n<\/div>","protected":false},"excerpt":{"rendered":"<p>[vc_row][vc_column css=\u00a0\u00bb.vc_custom_1453450499130{margin-top: 30px !important;}\u00a0\u00bb][vc_column_text undefined=\u00a0\u00bb\u00a0\u00bb] Terms of Use [\/vc_column_text][\/vc_column][\/vc_row][vc_row][vc_column][vc_column_text]WEBSITE DISCLAIMER, TERMS OF USE, AND PROPRIETARY INFORMATION No Warranties This website is provided \u201cas is\u201d without any<span class=\"excerpt-hellip\"> [\u2026]<\/span><\/p>\n","protected":false},"author":10,"featured_media":0,"parent":0,"menu_order":4,"comment_status":"closed","ping_status":"closed","template":"template-slider-full-en.php","meta":{"footnotes":""},"class_list":["post-7394","page","type-page","status-publish","hentry"],"yoast_head":"<!-- This site is optimized with the Yoast SEO plugin v27.3 - https:\/\/yoast.com\/product\/yoast-seo-wordpress\/ -->\n<title>Refund &amp; Cancellation Policy RCT - Reconnective Therapy<\/title>\n<meta name=\"description\" content=\"Refund &amp; Cancellation Policy RCT - Reconnective Therapy | Herwig und Kerstin Sch\u00f6n.\" \/>\n<meta name=\"robots\" content=\"index, follow, max-snippet:-1, max-image-preview:large, max-video-preview:-1\" \/>\n<link rel=\"canonical\" href=\"https:\/\/www.reconnectivetherapy.com\/cancellation-policies\/\" \/>\n<meta property=\"og:locale\" content=\"fr_FR\" \/>\n<meta property=\"og:type\" content=\"article\" \/>\n<meta property=\"og:title\" content=\"Refund &amp; Cancellation Policy RCT - Reconnective Therapy\" \/>\n<meta property=\"og:description\" content=\"Refund &amp; Cancellation Policy RCT - Reconnective Therapy | Herwig und Kerstin Sch\u00f6n.\" \/>\n<meta property=\"og:url\" content=\"https:\/\/www.reconnectivetherapy.com\/cancellation-policies\/\" \/>\n<meta property=\"og:site_name\" content=\"RCT - Reconnective Therapy | Kerstin Sch\u00f6n\" \/>\n<meta property=\"article:modified_time\" content=\"2016-05-31T09:25:19+00:00\" \/>\n<meta name=\"twitter:label1\" content=\"Dur\u00e9e de lecture estim\u00e9e\" \/>\n\t<meta name=\"twitter:data1\" content=\"3 minutes\" \/>\n<script type=\"application\/ld+json\" class=\"yoast-schema-graph\">{\"@context\":\"https:\\\/\\\/schema.org\",\"@graph\":[{\"@type\":\"WebPage\",\"@id\":\"https:\\\/\\\/www.reconnectivetherapy.com\\\/cancellation-policies\\\/\",\"url\":\"https:\\\/\\\/www.reconnectivetherapy.com\\\/cancellation-policies\\\/\",\"name\":\"Refund & Cancellation Policy RCT - Reconnective Therapy\",\"isPartOf\":{\"@id\":\"https:\\\/\\\/www.reconnectivetherapy.com\\\/#website\"},\"datePublished\":\"2016-04-07T06:43:52+00:00\",\"dateModified\":\"2016-05-31T09:25:19+00:00\",\"description\":\"Refund & Cancellation Policy RCT - Reconnective Therapy | Herwig und Kerstin Sch\u00f6n.\",\"breadcrumb\":{\"@id\":\"https:\\\/\\\/www.reconnectivetherapy.com\\\/cancellation-policies\\\/#breadcrumb\"},\"inLanguage\":\"fr-FR\",\"potentialAction\":[{\"@type\":\"ReadAction\",\"target\":[\"https:\\\/\\\/www.reconnectivetherapy.com\\\/cancellation-policies\\\/\"]}]},{\"@type\":\"BreadcrumbList\",\"@id\":\"https:\\\/\\\/www.reconnectivetherapy.com\\\/cancellation-policies\\\/#breadcrumb\",\"itemListElement\":[{\"@type\":\"ListItem\",\"position\":1,\"name\":\"Accueil\",\"item\":\"https:\\\/\\\/www.reconnectivetherapy.com\\\/fr\\\/\"},{\"@type\":\"ListItem\",\"position\":2,\"name\":\"Terms of Use\"}]},{\"@type\":\"WebSite\",\"@id\":\"https:\\\/\\\/www.reconnectivetherapy.com\\\/#website\",\"url\":\"https:\\\/\\\/www.reconnectivetherapy.com\\\/\",\"name\":\"RCT - Reconnective Therapy | Kerstin Sch\u00f6n\",\"description\":\"RCT - Reconnective Therapy | Kerstin Sch\u00f6n\",\"potentialAction\":[{\"@type\":\"SearchAction\",\"target\":{\"@type\":\"EntryPoint\",\"urlTemplate\":\"https:\\\/\\\/www.reconnectivetherapy.com\\\/?s={search_term_string}\"},\"query-input\":{\"@type\":\"PropertyValueSpecification\",\"valueRequired\":true,\"valueName\":\"search_term_string\"}}],\"inLanguage\":\"fr-FR\"}]}<\/script>\n<!-- \/ Yoast SEO plugin. -->","yoast_head_json":{"title":"Refund & Cancellation Policy RCT - Reconnective Therapy","description":"Refund & Cancellation Policy RCT - Reconnective Therapy | Herwig und Kerstin Sch\u00f6n.","robots":{"index":"index","follow":"follow","max-snippet":"max-snippet:-1","max-image-preview":"max-image-preview:large","max-video-preview":"max-video-preview:-1"},"canonical":"https:\/\/www.reconnectivetherapy.com\/cancellation-policies\/","og_locale":"fr_FR","og_type":"article","og_title":"Refund & Cancellation Policy RCT - Reconnective Therapy","og_description":"Refund & Cancellation Policy RCT - Reconnective Therapy | Herwig und Kerstin Sch\u00f6n.","og_url":"https:\/\/www.reconnectivetherapy.com\/cancellation-policies\/","og_site_name":"RCT - Reconnective Therapy | Kerstin Sch\u00f6n","article_modified_time":"2016-05-31T09:25:19+00:00","twitter_misc":{"Dur\u00e9e de lecture estim\u00e9e":"3 minutes"},"schema":{"@context":"https:\/\/schema.org","@graph":[{"@type":"WebPage","@id":"https:\/\/www.reconnectivetherapy.com\/cancellation-policies\/","url":"https:\/\/www.reconnectivetherapy.com\/cancellation-policies\/","name":"Refund & Cancellation Policy RCT - Reconnective Therapy","isPartOf":{"@id":"https:\/\/www.reconnectivetherapy.com\/#website"},"datePublished":"2016-04-07T06:43:52+00:00","dateModified":"2016-05-31T09:25:19+00:00","description":"Refund & Cancellation Policy RCT - Reconnective Therapy | Herwig und Kerstin Sch\u00f6n.","breadcrumb":{"@id":"https:\/\/www.reconnectivetherapy.com\/cancellation-policies\/#breadcrumb"},"inLanguage":"fr-FR","potentialAction":[{"@type":"ReadAction","target":["https:\/\/www.reconnectivetherapy.com\/cancellation-policies\/"]}]},{"@type":"BreadcrumbList","@id":"https:\/\/www.reconnectivetherapy.com\/cancellation-policies\/#breadcrumb","itemListElement":[{"@type":"ListItem","position":1,"name":"Accueil","item":"https:\/\/www.reconnectivetherapy.com\/fr\/"},{"@type":"ListItem","position":2,"name":"Terms of Use"}]},{"@type":"WebSite","@id":"https:\/\/www.reconnectivetherapy.com\/#website","url":"https:\/\/www.reconnectivetherapy.com\/","name":"RCT - Reconnective Therapy | Kerstin Sch\u00f6n","description":"RCT - Reconnective Therapy | Kerstin Sch\u00f6n","potentialAction":[{"@type":"SearchAction","target":{"@type":"EntryPoint","urlTemplate":"https:\/\/www.reconnectivetherapy.com\/?s={search_term_string}"},"query-input":{"@type":"PropertyValueSpecification","valueRequired":true,"valueName":"search_term_string"}}],"inLanguage":"fr-FR"}]}},"_links":{"self":[{"href":"https:\/\/www.reconnectivetherapy.com\/fr\/wp-json\/wp\/v2\/pages\/7394","targetHints":{"allow":["GET"]}}],"collection":[{"href":"https:\/\/www.reconnectivetherapy.com\/fr\/wp-json\/wp\/v2\/pages"}],"about":[{"href":"https:\/\/www.reconnectivetherapy.com\/fr\/wp-json\/wp\/v2\/types\/page"}],"author":[{"embeddable":true,"href":"https:\/\/www.reconnectivetherapy.com\/fr\/wp-json\/wp\/v2\/users\/10"}],"replies":[{"embeddable":true,"href":"https:\/\/www.reconnectivetherapy.com\/fr\/wp-json\/wp\/v2\/comments?post=7394"}],"version-history":[{"count":0,"href":"https:\/\/www.reconnectivetherapy.com\/fr\/wp-json\/wp\/v2\/pages\/7394\/revisions"}],"wp:attachment":[{"href":"https:\/\/www.reconnectivetherapy.com\/fr\/wp-json\/wp\/v2\/media?parent=7394"}],"curies":[{"name":"wp","href":"https:\/\/api.w.org\/{rel}","templated":true}]}}