{"id":6673,"date":"2016-03-10T10:24:39","date_gmt":"2016-03-10T09:24:39","guid":{"rendered":"http:\/\/www.reconnectivetherapy.com\/fr\/schedule"},"modified":"2023-10-12T10:01:48","modified_gmt":"2023-10-12T08:01:48","slug":"schedule","status":"publish","type":"page","link":"https:\/\/www.reconnectivetherapy.com\/fr\/rct\/formation\/programme-dun-an-formation-en\/schedule\/","title":{"rendered":"Programme"},"content":{"rendered":"<div class=\"wpb-content-wrapper\"><p>[vc_row][vc_column css=\u00a0\u00bb.vc_custom_1697097713523{padding-top: 20px !important;padding-right: 20px !important;padding-bottom: 20px !important;padding-left: 20px !important;}\u00a0\u00bb][vc_row_inner][vc_column_inner css=\u00a0\u00bb.vc_custom_1457602475331{margin-bottom: 25px !important;}\u00a0\u00bb][\/vc_column_inner][\/vc_row_inner][vc_row_inner][vc_column_inner css=\u00a0\u00bb.vc_custom_1457602475331{margin-bottom: 25px !important;}\u00a0\u00bb][vc_column_text]<\/p>\n<h1 style=\"text-align: justify;\"><strong><span style=\"font-size: 40px;\"><u>Mars 2021<\/u><\/span><\/strong><\/h1>\n<h3 style=\"text-align: justify;\"><span style=\"color: #000000;\"><strong>RCT- prise de conscience et transformation<\/strong><\/span><\/h3>\n<p>Durant ces groupes vous recevrez un soin RCT, ainsi que la possibilit\u00e9 d&rsquo;un soutien concernant un domaine de votre vie.<br \/>\nVous \u00eates invit\u00e9\/es \u00e0 poser des questions de tous genre et \u00e0 partager ce qui vous tient \u00e0 c\u0153ur.<br \/>\nCela peut concerner la sant\u00e9, les \u00e9motions, les pens\u00e9es ou des sch\u00e9mas r\u00e9p\u00e9titifs.<\/p>\n<p>Nous avons observ\u00e9 que la gu\u00e9rison se renforce, quand ce travail se fait en groupe.<br \/>\nCes groupes sont con\u00e7us de mani\u00e8re \u00e0 soutenir votre prise de conscience de votre orientation actuelle dans votre vie.<\/p>\n<p>Vous recevrez des enseignements et exercices pratiques afin de promouvoir votre transformation<\/p>\n<p><strong>une vid\u00e9o conf\u00e9rence e<b>n allemand, avec traduction simultan\u00e9e en fran\u00e7ais<\/b><br \/>\n<\/strong><strong>Conditions de participation:<\/strong>\u00a0Aucune<\/p>\n<p><strong>Date:<br \/>\n<\/strong><strong>mardi 16 Mars 2021<\/strong><\/p>\n<p>Horaire:\u00a0<strong>20H00 &#8211; 21h30<\/strong><\/p>\n<p><strong>Lieu: <\/strong>conf\u00e9rence vid\u00e9o<\/p>\n<p><strong>Animatrice:<\/strong>\u00a0 Kerstin Schoen<br \/>\n<strong>Co\u00fbt:<\/strong>\u00a065,-\u20ac<\/p>\n<h3 style=\"text-align: justify;\"><\/h3>\n<h3><\/h3>\n<p><strong>\u00a0<\/strong><\/p>\n<p>&nbsp;<\/p>\n<h3 style=\"text-align: justify;\"><\/h3>\n<h3 style=\"text-align: justify;\"><\/h3>\n<p>[\/vc_column_text][\/vc_column_inner][\/vc_row_inner][vc_row_inner css=\u00a0\u00bb.vc_custom_1457604039249{margin-top: 0px !important;}\u00a0\u00bb][vc_column_inner width=\u00a0\u00bb1\/6&Prime; css=\u00a0\u00bb.vc_custom_1457604056886{margin-top: 25px !important;}\u00a0\u00bb][vc_promo_box]<a href=\"mailto:info.fr@reconnectivetherapy.com\">S&rsquo;inscrire<\/a>[\/vc_promo_box][\/vc_column_inner][vc_column_inner width=\u00a0\u00bb1\/6&Prime;][\/vc_column_inner][vc_column_inner width=\u00a0\u00bb1\/6&Prime;][\/vc_column_inner][vc_column_inner width=\u00a0\u00bb1\/6&Prime;][\/vc_column_inner][vc_column_inner width=\u00a0\u00bb1\/6&Prime;][\/vc_column_inner][\/vc_row_inner][vc_row_inner][vc_column_inner css=\u00a0\u00bb.vc_custom_1457602475331{margin-bottom: 25px !important;}\u00a0\u00bb][\/vc_column_inner][\/vc_row_inner][vc_row_inner][vc_column_inner css=\u00a0\u00bb.vc_custom_1457602475331{margin-bottom: 25px !important;}\u00a0\u00bb][vc_column_text]<\/p>\n<h1 style=\"text-align: justify;\"><strong><span style=\"font-size: 40px;\"><u>Avril 2021<\/u><\/span><\/strong><\/h1>\n<h3 style=\"text-align: justify;\"><span style=\"color: #808080;\">RCT- prise de conscience et transformation<\/span><\/h3>\n<p>Durant ces groupes vous recevrez un soin RCT, ainsi que la possibilit\u00e9 d&rsquo;un soutien concernant un domaine de votre vie.<br \/>\nVous \u00eates invit\u00e9\/es \u00e0 poser des questions de tous genre et \u00e0 partager ce qui vous tient \u00e0 c\u0153ur.<br \/>\nCela peut concerner la sant\u00e9, les \u00e9motions, les pens\u00e9es ou des sch\u00e9mas r\u00e9p\u00e9titifs.<\/p>\n<p>Nous avons observ\u00e9 que la gu\u00e9rison se renforce, quand ce travail se fait en groupe.<br \/>\nCes groupes sont con\u00e7us de mani\u00e8re \u00e0 soutenir votre prise de conscience de votre orientation actuelle dans votre vie.<\/p>\n<p>Vous recevrez des enseignements et exercices pratiques afin de promouvoir votre transformation<\/p>\n<p><strong>une vid\u00e9o conf\u00e9rence e<b>n allemand, avec traduction simultan\u00e9e en fran\u00e7ais<\/b><br \/>\n<\/strong><strong>Conditions de participation:<\/strong>\u00a0Aucune<\/p>\n<p><strong>Date:<br \/>\n<\/strong><strong>mardi 20 avril 2021<\/strong><\/p>\n<p>Horaire:\u00a0<strong>20H00 &#8211; 21h30<\/strong><\/p>\n<p><strong>Lieu: <\/strong>conf\u00e9rence vid\u00e9o<\/p>\n<p><strong>Animatrice:<\/strong>\u00a0 Kerstin Schoen<br \/>\n<strong>Co\u00fbt:<\/strong>\u00a065,-\u20ac<\/p>\n<h3 style=\"text-align: justify;\"><\/h3>\n<h3><\/h3>\n<p><strong>\u00a0<\/strong><\/p>\n<h3 style=\"text-align: justify;\"><\/h3>\n<p>[\/vc_column_text][\/vc_column_inner][\/vc_row_inner][vc_row_inner css=\u00a0\u00bb.vc_custom_1457604039249{margin-top: 0px !important;}\u00a0\u00bb][vc_column_inner width=\u00a0\u00bb1\/6&Prime; css=\u00a0\u00bb.vc_custom_1457604056886{margin-top: 25px !important;}\u00a0\u00bb][vc_promo_box]<a href=\"mailto:info.fr@reconnectivetherapy.com\">S&rsquo;inscrire<\/a>[\/vc_promo_box][\/vc_column_inner][vc_column_inner width=\u00a0\u00bb1\/6&Prime;][\/vc_column_inner][vc_column_inner width=\u00a0\u00bb1\/6&Prime;][\/vc_column_inner][vc_column_inner width=\u00a0\u00bb1\/6&Prime;][\/vc_column_inner][vc_column_inner width=\u00a0\u00bb1\/6&Prime;][\/vc_column_inner][\/vc_row_inner][vc_row_inner][vc_column_inner css=\u00a0\u00bb.vc_custom_1457602475331{margin-bottom: 25px !important;}\u00a0\u00bb][\/vc_column_inner][\/vc_row_inner][vc_row_inner][vc_column_inner css=\u00a0\u00bb.vc_custom_1457602475331{margin-bottom: 25px !important;}\u00a0\u00bb][vc_column_text]<\/p>\n<h1 style=\"text-align: justify;\"><strong><span style=\"font-size: 40px;\"><u>Mai 2021<\/u><\/span><\/strong><\/h1>\n<h3><a href=\"https:\/\/www.reconnectivetherapy.com\/fr\/heilung\/healing-day-weekend\">RCT &#8211; journ\u00e9e de gu\u00e9rison et transformation<br \/>\n<\/a><\/h3>\n<p>Une journ\u00e9e de gu\u00e9rison est une merveilleuse occasion pour une gu\u00e9rison \u00e0 tous les niveaux, une prise de conscience de ce qui nous anime dans notre vie et la possibilit\u00e9 d&rsquo;une transformation.<\/p>\n<ul>\n<li>Apprenez \u00e0 transformer des habitudes et vieux sch\u00e9mas qui ne vous servent plus ou sont devenus nocifs<\/li>\n<li>Permettez \u00e0 de vieilles cicatrices et blessures corporelles, \u00e9motionnelles ou mentales, qui jusqu\u2019alors n\u2019\u00e9taient pas accessibles, de gu\u00e9rir.<\/li>\n<li>Gagnez en compr\u00e9hension par rapport aux forces qui animent votre vie<\/li>\n<li>apprenez des exercises et techniques pratiques \u00e0 utiliser dans la vie quotidienne<\/li>\n<\/ul>\n<p>&nbsp;<\/p>\n<p>&nbsp;<\/p>\n<p><strong>conditions de participation:<\/strong>\u00a0aucune<\/p>\n<h4><span style=\"color: #008000;\"><strong>conf\u00e9rence en ligne<\/strong><\/span><\/h4>\n<p><strong>date<em>:\u00a0<\/em>Samedi 08 mai 2021<\/strong><\/p>\n<p><strong>horaires:\u00a0<\/strong>15:00h &#8211; 21:00h (Pauses incluses)<\/p>\n<p><strong>animatrice: <\/strong>Kerstin Schoen<\/p>\n<p><strong>Co\u00fbt:<\/strong>\u00a0120,- \u20ac<\/p>\n<h3 style=\"text-align: justify;\"><\/h3>\n<p>&nbsp;<\/p>\n<h3><\/h3>\n<p><strong>\u00a0<\/strong><\/p>\n<h3 style=\"text-align: justify;\"><\/h3>\n<p>[\/vc_column_text][vc_column_text]<\/p>\n<h1 style=\"text-align: justify;\"><strong><span style=\"font-size: 40px;\"><u>Mai 2021<\/u><\/span><\/strong><\/h1>\n<h3 style=\"text-align: justify;\"><span style=\"color: #808080;\">RCT- prise de conscience et transformation<\/span><\/h3>\n<p>Durant ces groupes vous recevrez un soin RCT, ainsi que la possibilit\u00e9 d&rsquo;un soutien concernant un domaine de votre vie.<br \/>\nVous \u00eates invit\u00e9\/es \u00e0 poser des questions de tous genre et \u00e0 partager ce qui vous tient \u00e0 c\u0153ur.<br \/>\nCela peut concerner la sant\u00e9, les \u00e9motions, les pens\u00e9es ou des sch\u00e9mas r\u00e9p\u00e9titifs.<\/p>\n<p>Nous avons observ\u00e9 que la gu\u00e9rison se renforce, quand ce travail se fait en groupe.<br \/>\nCes groupes sont con\u00e7us de mani\u00e8re \u00e0 soutenir votre prise de conscience de votre orientation actuelle dans votre vie.<\/p>\n<p>Vous recevrez des enseignements et exercices pratiques afin de promouvoir votre transformation<\/p>\n<p><strong>une vid\u00e9o conf\u00e9rence e<b>n allemand, avec traduction simultan\u00e9e en fran\u00e7ais<\/b><br \/>\n<\/strong><strong>Conditions de participation:<\/strong>\u00a0Aucune<\/p>\n<p><strong>Date:<br \/>\n<\/strong><strong>mardi 18 mai 2021<\/strong><\/p>\n<p>Horaire:\u00a0<strong>20H00 &#8211; 21h30<\/strong><\/p>\n<p><strong>Lieu: <\/strong>conf\u00e9rence vid\u00e9o<\/p>\n<p><strong>Animatrice:<\/strong>\u00a0 Kerstin Schoen<br \/>\n<strong>Co\u00fbt:<\/strong>\u00a065,-\u20ac<\/p>\n<h3 style=\"text-align: justify;\"><\/h3>\n<h3><\/h3>\n<p><strong>\u00a0<\/strong><\/p>\n<h3 style=\"text-align: justify;\"><\/h3>\n<p>[\/vc_column_text][\/vc_column_inner][\/vc_row_inner][\/vc_column][vc_column][\/vc_column][\/vc_row]<\/p>\n<\/div>","protected":false},"excerpt":{"rendered":"<p>[vc_row][vc_column css=\u00a0\u00bb.vc_custom_1697097713523{padding-top: 20px !important;padding-right: 20px !important;padding-bottom: 20px !important;padding-left: 20px !important;}\u00a0\u00bb][vc_row_inner][vc_column_inner css=\u00a0\u00bb.vc_custom_1457602475331{margin-bottom: 25px !important;}\u00a0\u00bb][\/vc_column_inner][\/vc_row_inner][vc_row_inner][vc_column_inner css=\u00a0\u00bb.vc_custom_1457602475331{margin-bottom: 25px !important;}\u00a0\u00bb][vc_column_text] Mars 2021 RCT- prise de conscience et transformation Durant ces<span class=\"excerpt-hellip\"> [\u2026]<\/span><\/p>\n","protected":false},"author":10,"featured_media":0,"parent":13553,"menu_order":0,"comment_status":"closed","ping_status":"closed","template":"","meta":{"footnotes":""},"class_list":["post-6673","page","type-page","status-publish","hentry"],"yoast_head":"<!-- This site is optimized with the Yoast SEO plugin v27.5 - https:\/\/yoast.com\/product\/yoast-seo-wordpress\/ -->\n<title>Programme RCT - Reconnective Therapy<\/title>\n<meta name=\"description\" content=\"Termine von RCT - Reconnective Therapy | Herwig und Kerstin Sch\u00f6n. Jeder von uns tr\u00e4gt das Wissen \u00fcber perfektes Wohlbefinden in sich.\" \/>\n<meta name=\"robots\" content=\"index, follow, max-snippet:-1, max-image-preview:large, max-video-preview:-1\" \/>\n<link rel=\"canonical\" href=\"https:\/\/www.reconnectivetherapy.com\/fr\/rct\/formation\/programme-dun-an-formation-en\/schedule\/\" \/>\n<meta property=\"og:locale\" content=\"fr_FR\" \/>\n<meta property=\"og:type\" content=\"article\" \/>\n<meta property=\"og:title\" content=\"Programme RCT - Reconnective Therapy\" \/>\n<meta property=\"og:description\" content=\"Termine von RCT - Reconnective Therapy | Herwig und Kerstin Sch\u00f6n. Jeder von uns tr\u00e4gt das Wissen \u00fcber perfektes Wohlbefinden in sich.\" \/>\n<meta property=\"og:url\" content=\"https:\/\/www.reconnectivetherapy.com\/fr\/rct\/formation\/programme-dun-an-formation-en\/schedule\/\" \/>\n<meta property=\"og:site_name\" content=\"RCT - Reconnective Therapy | Kerstin Sch\u00f6n\" \/>\n<meta property=\"article:modified_time\" content=\"2023-10-12T08:01:48+00:00\" \/>\n<meta name=\"twitter:label1\" content=\"Dur\u00e9e de lecture estim\u00e9e\" \/>\n\t<meta name=\"twitter:data1\" content=\"3 minutes\" \/>\n<script type=\"application\/ld+json\" class=\"yoast-schema-graph\">{\"@context\":\"https:\\\/\\\/schema.org\",\"@graph\":[{\"@type\":\"WebPage\",\"@id\":\"https:\\\/\\\/www.reconnectivetherapy.com\\\/fr\\\/rct\\\/formation\\\/programme-dun-an-formation-en\\\/schedule\\\/\",\"url\":\"https:\\\/\\\/www.reconnectivetherapy.com\\\/fr\\\/rct\\\/formation\\\/programme-dun-an-formation-en\\\/schedule\\\/\",\"name\":\"Programme RCT - Reconnective Therapy\",\"isPartOf\":{\"@id\":\"https:\\\/\\\/www.reconnectivetherapy.com\\\/#website\"},\"datePublished\":\"2016-03-10T09:24:39+00:00\",\"dateModified\":\"2023-10-12T08:01:48+00:00\",\"description\":\"Termine von RCT - Reconnective Therapy | Herwig und Kerstin Sch\u00f6n. Jeder von uns tr\u00e4gt das Wissen \u00fcber perfektes Wohlbefinden in sich.\",\"breadcrumb\":{\"@id\":\"https:\\\/\\\/www.reconnectivetherapy.com\\\/fr\\\/rct\\\/formation\\\/programme-dun-an-formation-en\\\/schedule\\\/#breadcrumb\"},\"inLanguage\":\"fr-FR\",\"potentialAction\":[{\"@type\":\"ReadAction\",\"target\":[\"https:\\\/\\\/www.reconnectivetherapy.com\\\/fr\\\/rct\\\/formation\\\/programme-dun-an-formation-en\\\/schedule\\\/\"]}]},{\"@type\":\"BreadcrumbList\",\"@id\":\"https:\\\/\\\/www.reconnectivetherapy.com\\\/fr\\\/rct\\\/formation\\\/programme-dun-an-formation-en\\\/schedule\\\/#breadcrumb\",\"itemListElement\":[{\"@type\":\"ListItem\",\"position\":1,\"name\":\"Accueil\",\"item\":\"https:\\\/\\\/www.reconnectivetherapy.com\\\/fr\\\/\"},{\"@type\":\"ListItem\",\"position\":2,\"name\":\"Gu\u00e9rison et formation\",\"item\":\"https:\\\/\\\/www.reconnectivetherapy.com\\\/healing\\\/\"},{\"@type\":\"ListItem\",\"position\":3,\"name\":\"Formation\",\"item\":\"https:\\\/\\\/www.reconnectivetherapy.com\\\/healing\\\/ausbildung\\\/\"},{\"@type\":\"ListItem\",\"position\":4,\"name\":\"Programme d\u2019un an Formation en\",\"item\":\"https:\\\/\\\/www.reconnectivetherapy.com\\\/fr\\\/rct\\\/formation\\\/programme-dun-an-formation-en\\\/\"},{\"@type\":\"ListItem\",\"position\":5,\"name\":\"Programme\"}]},{\"@type\":\"WebSite\",\"@id\":\"https:\\\/\\\/www.reconnectivetherapy.com\\\/#website\",\"url\":\"https:\\\/\\\/www.reconnectivetherapy.com\\\/\",\"name\":\"RCT - Reconnective Therapy | Kerstin Sch\u00f6n\",\"description\":\"RCT - Reconnective Therapy | Kerstin Sch\u00f6n\",\"potentialAction\":[{\"@type\":\"SearchAction\",\"target\":{\"@type\":\"EntryPoint\",\"urlTemplate\":\"https:\\\/\\\/www.reconnectivetherapy.com\\\/?s={search_term_string}\"},\"query-input\":{\"@type\":\"PropertyValueSpecification\",\"valueRequired\":true,\"valueName\":\"search_term_string\"}}],\"inLanguage\":\"fr-FR\"}]}<\/script>\n<!-- \/ Yoast SEO plugin. -->","yoast_head_json":{"title":"Programme RCT - Reconnective Therapy","description":"Termine von RCT - Reconnective Therapy | Herwig und Kerstin Sch\u00f6n. Jeder von uns tr\u00e4gt das Wissen \u00fcber perfektes Wohlbefinden in sich.","robots":{"index":"index","follow":"follow","max-snippet":"max-snippet:-1","max-image-preview":"max-image-preview:large","max-video-preview":"max-video-preview:-1"},"canonical":"https:\/\/www.reconnectivetherapy.com\/fr\/rct\/formation\/programme-dun-an-formation-en\/schedule\/","og_locale":"fr_FR","og_type":"article","og_title":"Programme RCT - Reconnective Therapy","og_description":"Termine von RCT - Reconnective Therapy | Herwig und Kerstin Sch\u00f6n. Jeder von uns tr\u00e4gt das Wissen \u00fcber perfektes Wohlbefinden in sich.","og_url":"https:\/\/www.reconnectivetherapy.com\/fr\/rct\/formation\/programme-dun-an-formation-en\/schedule\/","og_site_name":"RCT - Reconnective Therapy | Kerstin Sch\u00f6n","article_modified_time":"2023-10-12T08:01:48+00:00","twitter_misc":{"Dur\u00e9e de lecture estim\u00e9e":"3 minutes"},"schema":{"@context":"https:\/\/schema.org","@graph":[{"@type":"WebPage","@id":"https:\/\/www.reconnectivetherapy.com\/fr\/rct\/formation\/programme-dun-an-formation-en\/schedule\/","url":"https:\/\/www.reconnectivetherapy.com\/fr\/rct\/formation\/programme-dun-an-formation-en\/schedule\/","name":"Programme RCT - Reconnective Therapy","isPartOf":{"@id":"https:\/\/www.reconnectivetherapy.com\/#website"},"datePublished":"2016-03-10T09:24:39+00:00","dateModified":"2023-10-12T08:01:48+00:00","description":"Termine von RCT - Reconnective Therapy | Herwig und Kerstin Sch\u00f6n. Jeder von uns tr\u00e4gt das Wissen \u00fcber perfektes Wohlbefinden in sich.","breadcrumb":{"@id":"https:\/\/www.reconnectivetherapy.com\/fr\/rct\/formation\/programme-dun-an-formation-en\/schedule\/#breadcrumb"},"inLanguage":"fr-FR","potentialAction":[{"@type":"ReadAction","target":["https:\/\/www.reconnectivetherapy.com\/fr\/rct\/formation\/programme-dun-an-formation-en\/schedule\/"]}]},{"@type":"BreadcrumbList","@id":"https:\/\/www.reconnectivetherapy.com\/fr\/rct\/formation\/programme-dun-an-formation-en\/schedule\/#breadcrumb","itemListElement":[{"@type":"ListItem","position":1,"name":"Accueil","item":"https:\/\/www.reconnectivetherapy.com\/fr\/"},{"@type":"ListItem","position":2,"name":"Gu\u00e9rison et formation","item":"https:\/\/www.reconnectivetherapy.com\/healing\/"},{"@type":"ListItem","position":3,"name":"Formation","item":"https:\/\/www.reconnectivetherapy.com\/healing\/ausbildung\/"},{"@type":"ListItem","position":4,"name":"Programme d\u2019un an Formation en","item":"https:\/\/www.reconnectivetherapy.com\/fr\/rct\/formation\/programme-dun-an-formation-en\/"},{"@type":"ListItem","position":5,"name":"Programme"}]},{"@type":"WebSite","@id":"https:\/\/www.reconnectivetherapy.com\/#website","url":"https:\/\/www.reconnectivetherapy.com\/","name":"RCT - Reconnective Therapy | Kerstin Sch\u00f6n","description":"RCT - Reconnective Therapy | Kerstin Sch\u00f6n","potentialAction":[{"@type":"SearchAction","target":{"@type":"EntryPoint","urlTemplate":"https:\/\/www.reconnectivetherapy.com\/?s={search_term_string}"},"query-input":{"@type":"PropertyValueSpecification","valueRequired":true,"valueName":"search_term_string"}}],"inLanguage":"fr-FR"}]}},"_links":{"self":[{"href":"https:\/\/www.reconnectivetherapy.com\/fr\/wp-json\/wp\/v2\/pages\/6673","targetHints":{"allow":["GET"]}}],"collection":[{"href":"https:\/\/www.reconnectivetherapy.com\/fr\/wp-json\/wp\/v2\/pages"}],"about":[{"href":"https:\/\/www.reconnectivetherapy.com\/fr\/wp-json\/wp\/v2\/types\/page"}],"author":[{"embeddable":true,"href":"https:\/\/www.reconnectivetherapy.com\/fr\/wp-json\/wp\/v2\/users\/10"}],"replies":[{"embeddable":true,"href":"https:\/\/www.reconnectivetherapy.com\/fr\/wp-json\/wp\/v2\/comments?post=6673"}],"version-history":[{"count":0,"href":"https:\/\/www.reconnectivetherapy.com\/fr\/wp-json\/wp\/v2\/pages\/6673\/revisions"}],"up":[{"embeddable":true,"href":"https:\/\/www.reconnectivetherapy.com\/fr\/wp-json\/wp\/v2\/pages\/13553"}],"wp:attachment":[{"href":"https:\/\/www.reconnectivetherapy.com\/fr\/wp-json\/wp\/v2\/media?parent=6673"}],"curies":[{"name":"wp","href":"https:\/\/api.w.org\/{rel}","templated":true}]}}