{"id":6670,"date":"2016-04-05T09:09:00","date_gmt":"2016-04-05T07:09:00","guid":{"rendered":"http:\/\/www.reconnectivetherapy.com\/fr\/rct\/hosting-rct-events"},"modified":"2016-05-13T22:35:17","modified_gmt":"2016-05-13T20:35:17","slug":"hosting-rct-events","status":"publish","type":"page","link":"https:\/\/www.reconnectivetherapy.com\/fr\/alte-versionen\/hosting-rct-events\/","title":{"rendered":"ORGANISER UN \u00c9V\u00c9NEMENT RCT"},"content":{"rendered":"<div class=\"wpb-content-wrapper\"><p>[vc_row][vc_column css=\u00a0\u00bb.vc_custom_1453450499130{margin-top: 30px !important;}\u00a0\u00bb][vc_column_text undefined=\u00a0\u00bb\u00a0\u00bb]<\/p>\n<h3 style=\"text-align: left;\">ORGANISER UN \u00c9V\u00c9NEMENT RCT<\/h3>\n<p>[\/vc_column_text][\/vc_column][\/vc_row][vc_row][vc_column][vc_column_text undefined=\u00a0\u00bb\u00a0\u00bb]<\/p>\n<p style=\"text-align: left;\" align=\"center\">Si vous souhaitez organiser un \u00e9v\u00e9nement RCT, nous sommes pr\u00eats \u00e0 venir \u00e0 vous, o\u00f9 que vous soyez.<\/p>\n<p style=\"text-align: left;\" align=\"center\">Si vous souhaitez partager une exp\u00e9rience personnelle de ReConnective Therapy avec des personnes de votre entourage, si vous pensez que ce travail pourrait \u00eatre b\u00e9n\u00e9fique \u00e0 votre client\u00e8le ou si vous sentez le besoin d\u2019organiser un traitement de groupe, un journ\u00e9e de gu\u00e9rison ou quelque programme qu\u2019Herwig et Kerstin Schoen proposent, n\u2019h\u00e9sitez pas \u00e0 appeler notre contact en France au num\u00e9ro suivant\u00a0: +33 (0)6 47 28 00 42 ou envoyer un e-mail \u00e0 l\u2019adresse suivante\u00a0:<a href=\"mailto:%20info.fr@reconnectivetherapy.com\"> info.fr@reconnectivetherapy.com<\/a> pour ouvrir une discussion \u00e0 ce sujet.<\/p>\n<p>[\/vc_column_text][\/vc_column][\/vc_row][vc_row][vc_column][vc_separator height_2=\u00a0\u00bb40&Prime; height=\u00a0\u00bb0&Prime; show_border=\u00a0\u00bbyes_border\u00a0\u00bb][\/vc_column][\/vc_row]<\/p>\n<\/div>","protected":false},"excerpt":{"rendered":"<p>[vc_row][vc_column css=\u00a0\u00bb.vc_custom_1453450499130{margin-top: 30px !important;}\u00a0\u00bb][vc_column_text undefined=\u00a0\u00bb\u00a0\u00bb] ORGANISER UN \u00c9V\u00c9NEMENT RCT [\/vc_column_text][\/vc_column][\/vc_row][vc_row][vc_column][vc_column_text undefined=\u00a0\u00bb\u00a0\u00bb] Si vous souhaitez organiser un \u00e9v\u00e9nement RCT, nous sommes pr\u00eats \u00e0 venir \u00e0 vous, o\u00f9<span class=\"excerpt-hellip\"> [\u2026]<\/span><\/p>\n","protected":false},"author":10,"featured_media":0,"parent":13535,"menu_order":7,"comment_status":"closed","ping_status":"closed","template":"template-slider-full-fr.php","meta":{"footnotes":""},"class_list":["post-6670","page","type-page","status-publish","hentry"],"yoast_head":"<!-- This site is optimized with the Yoast SEO plugin v27.5 - https:\/\/yoast.com\/product\/yoast-seo-wordpress\/ -->\n<title>ORGANISER UN \u00c9V\u00c9NEMENT RCT - Reconnective Therapy<\/title>\n<meta name=\"description\" content=\"Was ist RCT - Reconnective Therapy | Herwig und Kerstin Sch\u00f6n. Jeder von uns tr\u00e4gt das Wissen \u00fcber perfektes Wohlbefinden in sich.\" \/>\n<meta name=\"robots\" content=\"index, follow, max-snippet:-1, max-image-preview:large, max-video-preview:-1\" \/>\n<link rel=\"canonical\" href=\"https:\/\/www.reconnectivetherapy.com\/fr\/alte-versionen\/hosting-rct-events\/\" \/>\n<meta property=\"og:locale\" content=\"fr_FR\" \/>\n<meta property=\"og:type\" content=\"article\" \/>\n<meta property=\"og:title\" content=\"ORGANISER UN \u00c9V\u00c9NEMENT RCT - Reconnective Therapy\" \/>\n<meta property=\"og:description\" content=\"Was ist RCT - Reconnective Therapy | Herwig und Kerstin Sch\u00f6n. Jeder von uns tr\u00e4gt das Wissen \u00fcber perfektes Wohlbefinden in sich.\" \/>\n<meta property=\"og:url\" content=\"https:\/\/www.reconnectivetherapy.com\/fr\/alte-versionen\/hosting-rct-events\/\" \/>\n<meta property=\"og:site_name\" content=\"RCT - Reconnective Therapy | Kerstin Sch\u00f6n\" \/>\n<meta property=\"article:modified_time\" content=\"2016-05-13T20:35:17+00:00\" \/>\n<meta name=\"twitter:label1\" content=\"Dur\u00e9e de lecture estim\u00e9e\" \/>\n\t<meta name=\"twitter:data1\" content=\"1 minute\" \/>\n<script type=\"application\/ld+json\" class=\"yoast-schema-graph\">{\"@context\":\"https:\\\/\\\/schema.org\",\"@graph\":[{\"@type\":\"WebPage\",\"@id\":\"https:\\\/\\\/www.reconnectivetherapy.com\\\/fr\\\/alte-versionen\\\/hosting-rct-events\\\/\",\"url\":\"https:\\\/\\\/www.reconnectivetherapy.com\\\/fr\\\/alte-versionen\\\/hosting-rct-events\\\/\",\"name\":\"ORGANISER UN \u00c9V\u00c9NEMENT RCT - Reconnective Therapy\",\"isPartOf\":{\"@id\":\"https:\\\/\\\/www.reconnectivetherapy.com\\\/#website\"},\"datePublished\":\"2016-04-05T07:09:00+00:00\",\"dateModified\":\"2016-05-13T20:35:17+00:00\",\"description\":\"Was ist RCT - Reconnective Therapy | Herwig und Kerstin Sch\u00f6n. Jeder von uns tr\u00e4gt das Wissen \u00fcber perfektes Wohlbefinden in sich.\",\"breadcrumb\":{\"@id\":\"https:\\\/\\\/www.reconnectivetherapy.com\\\/fr\\\/alte-versionen\\\/hosting-rct-events\\\/#breadcrumb\"},\"inLanguage\":\"fr-FR\",\"potentialAction\":[{\"@type\":\"ReadAction\",\"target\":[\"https:\\\/\\\/www.reconnectivetherapy.com\\\/fr\\\/alte-versionen\\\/hosting-rct-events\\\/\"]}]},{\"@type\":\"BreadcrumbList\",\"@id\":\"https:\\\/\\\/www.reconnectivetherapy.com\\\/fr\\\/alte-versionen\\\/hosting-rct-events\\\/#breadcrumb\",\"itemListElement\":[{\"@type\":\"ListItem\",\"position\":1,\"name\":\"Accueil\",\"item\":\"https:\\\/\\\/www.reconnectivetherapy.com\\\/fr\\\/\"},{\"@type\":\"ListItem\",\"position\":2,\"name\":\"alte Versionen\",\"item\":\"https:\\\/\\\/www.reconnectivetherapy.com\\\/fr\\\/alte-versionen\\\/\"},{\"@type\":\"ListItem\",\"position\":3,\"name\":\"ORGANISER UN \u00c9V\u00c9NEMENT RCT\"}]},{\"@type\":\"WebSite\",\"@id\":\"https:\\\/\\\/www.reconnectivetherapy.com\\\/#website\",\"url\":\"https:\\\/\\\/www.reconnectivetherapy.com\\\/\",\"name\":\"RCT - Reconnective Therapy | Kerstin Sch\u00f6n\",\"description\":\"RCT - Reconnective Therapy | Kerstin Sch\u00f6n\",\"potentialAction\":[{\"@type\":\"SearchAction\",\"target\":{\"@type\":\"EntryPoint\",\"urlTemplate\":\"https:\\\/\\\/www.reconnectivetherapy.com\\\/?s={search_term_string}\"},\"query-input\":{\"@type\":\"PropertyValueSpecification\",\"valueRequired\":true,\"valueName\":\"search_term_string\"}}],\"inLanguage\":\"fr-FR\"}]}<\/script>\n<!-- \/ Yoast SEO plugin. -->","yoast_head_json":{"title":"ORGANISER UN \u00c9V\u00c9NEMENT RCT - Reconnective Therapy","description":"Was ist RCT - Reconnective Therapy | Herwig und Kerstin Sch\u00f6n. Jeder von uns tr\u00e4gt das Wissen \u00fcber perfektes Wohlbefinden in sich.","robots":{"index":"index","follow":"follow","max-snippet":"max-snippet:-1","max-image-preview":"max-image-preview:large","max-video-preview":"max-video-preview:-1"},"canonical":"https:\/\/www.reconnectivetherapy.com\/fr\/alte-versionen\/hosting-rct-events\/","og_locale":"fr_FR","og_type":"article","og_title":"ORGANISER UN \u00c9V\u00c9NEMENT RCT - Reconnective Therapy","og_description":"Was ist RCT - Reconnective Therapy | Herwig und Kerstin Sch\u00f6n. Jeder von uns tr\u00e4gt das Wissen \u00fcber perfektes Wohlbefinden in sich.","og_url":"https:\/\/www.reconnectivetherapy.com\/fr\/alte-versionen\/hosting-rct-events\/","og_site_name":"RCT - Reconnective Therapy | Kerstin Sch\u00f6n","article_modified_time":"2016-05-13T20:35:17+00:00","twitter_misc":{"Dur\u00e9e de lecture estim\u00e9e":"1 minute"},"schema":{"@context":"https:\/\/schema.org","@graph":[{"@type":"WebPage","@id":"https:\/\/www.reconnectivetherapy.com\/fr\/alte-versionen\/hosting-rct-events\/","url":"https:\/\/www.reconnectivetherapy.com\/fr\/alte-versionen\/hosting-rct-events\/","name":"ORGANISER UN \u00c9V\u00c9NEMENT RCT - Reconnective Therapy","isPartOf":{"@id":"https:\/\/www.reconnectivetherapy.com\/#website"},"datePublished":"2016-04-05T07:09:00+00:00","dateModified":"2016-05-13T20:35:17+00:00","description":"Was ist RCT - Reconnective Therapy | Herwig und Kerstin Sch\u00f6n. Jeder von uns tr\u00e4gt das Wissen \u00fcber perfektes Wohlbefinden in sich.","breadcrumb":{"@id":"https:\/\/www.reconnectivetherapy.com\/fr\/alte-versionen\/hosting-rct-events\/#breadcrumb"},"inLanguage":"fr-FR","potentialAction":[{"@type":"ReadAction","target":["https:\/\/www.reconnectivetherapy.com\/fr\/alte-versionen\/hosting-rct-events\/"]}]},{"@type":"BreadcrumbList","@id":"https:\/\/www.reconnectivetherapy.com\/fr\/alte-versionen\/hosting-rct-events\/#breadcrumb","itemListElement":[{"@type":"ListItem","position":1,"name":"Accueil","item":"https:\/\/www.reconnectivetherapy.com\/fr\/"},{"@type":"ListItem","position":2,"name":"alte Versionen","item":"https:\/\/www.reconnectivetherapy.com\/fr\/alte-versionen\/"},{"@type":"ListItem","position":3,"name":"ORGANISER UN \u00c9V\u00c9NEMENT RCT"}]},{"@type":"WebSite","@id":"https:\/\/www.reconnectivetherapy.com\/#website","url":"https:\/\/www.reconnectivetherapy.com\/","name":"RCT - Reconnective Therapy | Kerstin Sch\u00f6n","description":"RCT - Reconnective Therapy | Kerstin Sch\u00f6n","potentialAction":[{"@type":"SearchAction","target":{"@type":"EntryPoint","urlTemplate":"https:\/\/www.reconnectivetherapy.com\/?s={search_term_string}"},"query-input":{"@type":"PropertyValueSpecification","valueRequired":true,"valueName":"search_term_string"}}],"inLanguage":"fr-FR"}]}},"_links":{"self":[{"href":"https:\/\/www.reconnectivetherapy.com\/fr\/wp-json\/wp\/v2\/pages\/6670","targetHints":{"allow":["GET"]}}],"collection":[{"href":"https:\/\/www.reconnectivetherapy.com\/fr\/wp-json\/wp\/v2\/pages"}],"about":[{"href":"https:\/\/www.reconnectivetherapy.com\/fr\/wp-json\/wp\/v2\/types\/page"}],"author":[{"embeddable":true,"href":"https:\/\/www.reconnectivetherapy.com\/fr\/wp-json\/wp\/v2\/users\/10"}],"replies":[{"embeddable":true,"href":"https:\/\/www.reconnectivetherapy.com\/fr\/wp-json\/wp\/v2\/comments?post=6670"}],"version-history":[{"count":0,"href":"https:\/\/www.reconnectivetherapy.com\/fr\/wp-json\/wp\/v2\/pages\/6670\/revisions"}],"up":[{"embeddable":true,"href":"https:\/\/www.reconnectivetherapy.com\/fr\/wp-json\/wp\/v2\/pages\/13535"}],"wp:attachment":[{"href":"https:\/\/www.reconnectivetherapy.com\/fr\/wp-json\/wp\/v2\/media?parent=6670"}],"curies":[{"name":"wp","href":"https:\/\/api.w.org\/{rel}","templated":true}]}}