{"id":6666,"date":"2016-02-28T15:27:29","date_gmt":"2016-02-28T14:27:29","guid":{"rendered":"http:\/\/www.reconnectivetherapy.com\/fr\/rct\/contact-us"},"modified":"2020-05-20T18:13:23","modified_gmt":"2020-05-20T16:13:23","slug":"contact-us","status":"publish","type":"page","link":"https:\/\/www.reconnectivetherapy.com\/fr\/rct\/contact-us\/","title":{"rendered":"CONTACTEZ-NOUS"},"content":{"rendered":"<div class=\"wpb-content-wrapper\"><p>[vc_row][vc_column width=\u00a0\u00bb1\/3&Prime; css=\u00a0\u00bb.vc_custom_1457535097622{margin-top: 12px !important;}\u00a0\u00bb][vc_column_text undefined=\u00a0\u00bb\u00a0\u00bb]<\/p>\n<p style=\"text-align: left;\" align=\"center\"><strong>ReConnective Therapy<br \/>\n<\/strong>Silke Maier<br \/>\n15, Rue du R\u00e9veillon<br \/>\n91800 Brunoy<br \/>\nFRANCE<\/p>\n<p>Tel.\u00a0: +33 (0)9 70 40 76 47<\/p>\n<p style=\"text-align: left;\" align=\"center\">E-Mail: <a href=\"mailto:info.fr@reconnectivetherapy.com\">info.fr@reconnectivetherapy.com<\/a><\/p>\n<p style=\"text-align: left;\" align=\"center\"><a href=\"http:\/\/www.reconnectivetherapy.com\" target=\"_blank\"> www.reconnectivetherapy.com<\/a><\/p>\n<p>[\/vc_column_text][\/vc_column][vc_column width=\u00a0\u00bb2\/3&Prime; css=\u00a0\u00bb.vc_custom_1457535153045{margin-top: -48px !important;}\u00a0\u00bb][vc_column_text][\/vc_column_text][\/vc_column][\/vc_row][vc_row][vc_column][vc_separator height_2=\u00a0\u00bb40&Prime; height=\u00a0\u00bb0&Prime; show_border=\u00a0\u00bbyes_border\u00a0\u00bb][\/vc_column][\/vc_row]<\/p>\n<\/div>","protected":false},"excerpt":{"rendered":"<p>[vc_row][vc_column width=\u00a0\u00bb1\/3&Prime; css=\u00a0\u00bb.vc_custom_1457535097622{margin-top: 12px !important;}\u00a0\u00bb][vc_column_text undefined=\u00a0\u00bb\u00a0\u00bb] ReConnective Therapy Silke Maier 15, Rue du R\u00e9veillon 91800 Brunoy FRANCE Tel.\u00a0: +33 (0)9 70 40 76 47 E-Mail: info.fr@reconnectivetherapy.com<span class=\"excerpt-hellip\"> [\u2026]<\/span><\/p>\n","protected":false},"author":10,"featured_media":0,"parent":6595,"menu_order":4,"comment_status":"closed","ping_status":"closed","template":"template-slider-full-fr.php","meta":{"footnotes":""},"class_list":["post-6666","page","type-page","status-publish","hentry"],"yoast_head":"<!-- This site is optimized with the Yoast SEO plugin v27.4 - https:\/\/yoast.com\/product\/yoast-seo-wordpress\/ -->\n<title>CONTACTEZ-NOUS RCT France<\/title>\n<meta name=\"description\" content=\"Bauer in 82544 Ergertshausen Dienstleistungen wie Ackern &amp; S\u00e4en, Baggerarbeiten, G\u00fclle ausbringung, Raps\u00f6ltransport, Silowalzen, Transport, Winterdienst\" \/>\n<meta name=\"robots\" content=\"index, follow, max-snippet:-1, max-image-preview:large, max-video-preview:-1\" \/>\n<link rel=\"canonical\" href=\"https:\/\/www.reconnectivetherapy.com\/contact-us\/\" \/>\n<meta property=\"og:locale\" content=\"fr_FR\" \/>\n<meta property=\"og:type\" content=\"article\" \/>\n<meta property=\"og:title\" content=\"CONTACTEZ-NOUS RCT France\" \/>\n<meta property=\"og:description\" content=\"Bauer in 82544 Ergertshausen Dienstleistungen wie Ackern &amp; S\u00e4en, Baggerarbeiten, G\u00fclle ausbringung, Raps\u00f6ltransport, Silowalzen, Transport, Winterdienst\" \/>\n<meta property=\"og:url\" content=\"https:\/\/www.reconnectivetherapy.com\/contact-us\/\" \/>\n<meta property=\"og:site_name\" content=\"RCT - Reconnective Therapy | Kerstin Sch\u00f6n\" \/>\n<meta property=\"article:modified_time\" content=\"2020-05-20T16:13:23+00:00\" \/>\n<script type=\"application\/ld+json\" class=\"yoast-schema-graph\">{\"@context\":\"https:\\\/\\\/schema.org\",\"@graph\":[{\"@type\":\"WebPage\",\"@id\":\"https:\\\/\\\/www.reconnectivetherapy.com\\\/contact-us\\\/\",\"url\":\"https:\\\/\\\/www.reconnectivetherapy.com\\\/contact-us\\\/\",\"name\":\"CONTACTEZ-NOUS RCT France\",\"isPartOf\":{\"@id\":\"https:\\\/\\\/www.reconnectivetherapy.com\\\/#website\"},\"datePublished\":\"2016-02-28T14:27:29+00:00\",\"dateModified\":\"2020-05-20T16:13:23+00:00\",\"description\":\"Bauer in 82544 Ergertshausen Dienstleistungen wie Ackern & S\u00e4en, Baggerarbeiten, G\u00fclle ausbringung, Raps\u00f6ltransport, Silowalzen, Transport, Winterdienst\",\"breadcrumb\":{\"@id\":\"https:\\\/\\\/www.reconnectivetherapy.com\\\/contact-us\\\/#breadcrumb\"},\"inLanguage\":\"fr-FR\",\"potentialAction\":[{\"@type\":\"ReadAction\",\"target\":[\"https:\\\/\\\/www.reconnectivetherapy.com\\\/contact-us\\\/\"]}]},{\"@type\":\"BreadcrumbList\",\"@id\":\"https:\\\/\\\/www.reconnectivetherapy.com\\\/contact-us\\\/#breadcrumb\",\"itemListElement\":[{\"@type\":\"ListItem\",\"position\":1,\"name\":\"Accueil\",\"item\":\"https:\\\/\\\/www.reconnectivetherapy.com\\\/fr\\\/\"},{\"@type\":\"ListItem\",\"position\":2,\"name\":\"Gu\u00e9rison et formation\",\"item\":\"https:\\\/\\\/www.reconnectivetherapy.com\\\/healing\\\/\"},{\"@type\":\"ListItem\",\"position\":3,\"name\":\"CONTACTEZ-NOUS\"}]},{\"@type\":\"WebSite\",\"@id\":\"https:\\\/\\\/www.reconnectivetherapy.com\\\/#website\",\"url\":\"https:\\\/\\\/www.reconnectivetherapy.com\\\/\",\"name\":\"RCT - Reconnective Therapy | Kerstin Sch\u00f6n\",\"description\":\"RCT - Reconnective Therapy | Kerstin Sch\u00f6n\",\"potentialAction\":[{\"@type\":\"SearchAction\",\"target\":{\"@type\":\"EntryPoint\",\"urlTemplate\":\"https:\\\/\\\/www.reconnectivetherapy.com\\\/?s={search_term_string}\"},\"query-input\":{\"@type\":\"PropertyValueSpecification\",\"valueRequired\":true,\"valueName\":\"search_term_string\"}}],\"inLanguage\":\"fr-FR\"}]}<\/script>\n<!-- \/ Yoast SEO plugin. -->","yoast_head_json":{"title":"CONTACTEZ-NOUS RCT France","description":"Bauer in 82544 Ergertshausen Dienstleistungen wie Ackern & S\u00e4en, Baggerarbeiten, G\u00fclle ausbringung, Raps\u00f6ltransport, Silowalzen, Transport, Winterdienst","robots":{"index":"index","follow":"follow","max-snippet":"max-snippet:-1","max-image-preview":"max-image-preview:large","max-video-preview":"max-video-preview:-1"},"canonical":"https:\/\/www.reconnectivetherapy.com\/contact-us\/","og_locale":"fr_FR","og_type":"article","og_title":"CONTACTEZ-NOUS RCT France","og_description":"Bauer in 82544 Ergertshausen Dienstleistungen wie Ackern & S\u00e4en, Baggerarbeiten, G\u00fclle ausbringung, Raps\u00f6ltransport, Silowalzen, Transport, Winterdienst","og_url":"https:\/\/www.reconnectivetherapy.com\/contact-us\/","og_site_name":"RCT - Reconnective Therapy | Kerstin Sch\u00f6n","article_modified_time":"2020-05-20T16:13:23+00:00","schema":{"@context":"https:\/\/schema.org","@graph":[{"@type":"WebPage","@id":"https:\/\/www.reconnectivetherapy.com\/contact-us\/","url":"https:\/\/www.reconnectivetherapy.com\/contact-us\/","name":"CONTACTEZ-NOUS RCT France","isPartOf":{"@id":"https:\/\/www.reconnectivetherapy.com\/#website"},"datePublished":"2016-02-28T14:27:29+00:00","dateModified":"2020-05-20T16:13:23+00:00","description":"Bauer in 82544 Ergertshausen Dienstleistungen wie Ackern & S\u00e4en, Baggerarbeiten, G\u00fclle ausbringung, Raps\u00f6ltransport, Silowalzen, Transport, Winterdienst","breadcrumb":{"@id":"https:\/\/www.reconnectivetherapy.com\/contact-us\/#breadcrumb"},"inLanguage":"fr-FR","potentialAction":[{"@type":"ReadAction","target":["https:\/\/www.reconnectivetherapy.com\/contact-us\/"]}]},{"@type":"BreadcrumbList","@id":"https:\/\/www.reconnectivetherapy.com\/contact-us\/#breadcrumb","itemListElement":[{"@type":"ListItem","position":1,"name":"Accueil","item":"https:\/\/www.reconnectivetherapy.com\/fr\/"},{"@type":"ListItem","position":2,"name":"Gu\u00e9rison et formation","item":"https:\/\/www.reconnectivetherapy.com\/healing\/"},{"@type":"ListItem","position":3,"name":"CONTACTEZ-NOUS"}]},{"@type":"WebSite","@id":"https:\/\/www.reconnectivetherapy.com\/#website","url":"https:\/\/www.reconnectivetherapy.com\/","name":"RCT - Reconnective Therapy | Kerstin Sch\u00f6n","description":"RCT - Reconnective Therapy | Kerstin Sch\u00f6n","potentialAction":[{"@type":"SearchAction","target":{"@type":"EntryPoint","urlTemplate":"https:\/\/www.reconnectivetherapy.com\/?s={search_term_string}"},"query-input":{"@type":"PropertyValueSpecification","valueRequired":true,"valueName":"search_term_string"}}],"inLanguage":"fr-FR"}]}},"_links":{"self":[{"href":"https:\/\/www.reconnectivetherapy.com\/fr\/wp-json\/wp\/v2\/pages\/6666","targetHints":{"allow":["GET"]}}],"collection":[{"href":"https:\/\/www.reconnectivetherapy.com\/fr\/wp-json\/wp\/v2\/pages"}],"about":[{"href":"https:\/\/www.reconnectivetherapy.com\/fr\/wp-json\/wp\/v2\/types\/page"}],"author":[{"embeddable":true,"href":"https:\/\/www.reconnectivetherapy.com\/fr\/wp-json\/wp\/v2\/users\/10"}],"replies":[{"embeddable":true,"href":"https:\/\/www.reconnectivetherapy.com\/fr\/wp-json\/wp\/v2\/comments?post=6666"}],"version-history":[{"count":0,"href":"https:\/\/www.reconnectivetherapy.com\/fr\/wp-json\/wp\/v2\/pages\/6666\/revisions"}],"up":[{"embeddable":true,"href":"https:\/\/www.reconnectivetherapy.com\/fr\/wp-json\/wp\/v2\/pages\/6595"}],"wp:attachment":[{"href":"https:\/\/www.reconnectivetherapy.com\/fr\/wp-json\/wp\/v2\/media?parent=6666"}],"curies":[{"name":"wp","href":"https:\/\/api.w.org\/{rel}","templated":true}]}}