{"id":6656,"date":"2016-03-23T13:21:01","date_gmt":"2016-03-23T12:21:01","guid":{"rendered":"http:\/\/www.reconnectivetherapy.com\/fr\/rct\/certified-practitioners"},"modified":"2024-01-11T09:29:28","modified_gmt":"2024-01-11T08:29:28","slug":"certified-practitioners","status":"publish","type":"page","link":"https:\/\/www.reconnectivetherapy.com\/fr\/rct\/certified-practitioners\/","title":{"rendered":"Praticiens certifi\u00e9s"},"content":{"rendered":"<div class=\"wpb-content-wrapper\"><p>[vc_row][vc_column css=\u00a0\u00bb.vc_custom_1453450499130{margin-top: 30px !important;}\u00a0\u00bb][vc_column_text undefined=\u00a0\u00bb\u00a0\u00bb]<\/p>\n<h3>PRATICIENS CERTIFI\u00c9S<\/h3>\n<p>[\/vc_column_text][\/vc_column][\/vc_row][vc_row][vc_column][vc_column_text undefined=\u00a0\u00bb\u00a0\u00bb]<\/p>\n<p align=\"justify\"><strong>Qu\u2019est-ce qui d\u00e9termine la qualit\u00e9 d\u2019un traitement RCT\u00a0?\u00a0<\/strong><\/p>\n<p>Il existe dans notre corps \u00e9nerg\u00e9tique une conscience d\u00e9tenant les informations de perfection. Cette conscience d\u00e9termine les connexions qui se feront lors d\u2019un traitement RCT. Le th\u00e9rapeute joue le r\u00f4le de catalyseur, en d\u2019autres termes il offre la possibilit\u00e9 de cr\u00e9er des connexions. Le choix des connexions d\u00e9pendra donc de ce dont le corps a besoin ainsi que des capacit\u00e9s du praticien. Le corps ne peut accepter qu&rsquo;un certain nombre de connexions, au-del\u00e0 de cette limite il n\u2019accepte plus d\u2019informations afin de pouvoir correctement int\u00e9grer celles qu\u2019il vient de recevoir. Une fois cette int\u00e9gration accomplie, il sera de nouveau ouvert \u00e0 de nouvelles connexions.<\/p>\n<p>Les capacit\u00e9s du th\u00e9rapeute d\u00e9pendent du degr\u00e9 de disponibilit\u00e9 de son corps \u00e9nerg\u00e9tique pour le travail. Plus celui-ci est \u00e9lev\u00e9 plus la gu\u00e9rison peut se faire. Je donne des certifications \u00e0 des th\u00e9rapeutes RCT lorsque je constate que la qualit\u00e9 de leurs traitements se situe de mani\u00e8re stable au dessus d\u2019un certain seuil.<\/p>\n<p align=\"justify\"><strong>Obtenir un certificat<\/strong><\/p>\n<p>Pour pouvoir obtenir une certification, il faut en faire la demande.<\/p>\n<p>Lorsque je constate qu\u2019un th\u00e9rapeute RCT fournit de mani\u00e8re constante des traitements d\u2019une qualit\u00e9 certaine, je lui accorde la certification.<\/p>\n<p>Une fois que vous \u00eates certifi\u00e9, nous inscrivons votre nom et vos coordonn\u00e9es sur notre site internet si tel est votre souhait. La condition pour conserver la validit\u00e9 de son certificat est de suivre r\u00e9guli\u00e8rement des sessions supervis\u00e9es. Cela permet de garantir la qualit\u00e9 des traitements que vous prodiguez. Ces sessions ne doivent pas \u00eatre espac\u00e9es de plus de 6 mois. S\u2019il s\u2019av\u00e9rait que la\u00a0 vos traitements diminuent en terme de qualit\u00e9 ou qu\u2019ils ne soient pas sous contr\u00f4le, je serais dans l\u2019obligation de vous retirer le certificat.<\/p>\n<p>&nbsp;<\/p>\n<p>&nbsp;<\/p>\n<h3>Practiciens certifi\u00e9s en Allemagne (par ordre alphab\u00e9tique):<\/h3>\n<p><strong>Brigitte P\u00f6tzl<\/strong><br \/>\nStarnberger Str. 29 b<br \/>\n82343 P\u00f6cking<br \/>\nAllemagne<br \/>\n(tel) +49 &#8211; 8157 &#8211; 7664<br \/>\n(mobil) +49 &#8211; 170 &#8211; 8168390<br \/>\n(email) <a href=\"mailto:brigitte.biomarkt@gmail.com\">brigitte.biomarkt@gmail.com<\/a><\/p>\n<p>&nbsp;<\/p>\n<p><strong>Claudia Jakobs-Neumeier<\/strong><br \/>\nAllemagne<br \/>\n(tel) +49 &#8211; 221 &#8211; 277 13 00<br \/>\n(email)\u00a0<a href=\"mailto:info@koerper-resonanz-therapie.de\">info@koerper-resonanz-therapie.de<\/a><br \/>\n(website)\u00a0<a href=\"http:\/\/koerper-resonanz-therapie.de\/\">www.koerper-resonanz-therapie.de<\/a><\/p>\n<p>&nbsp;<\/p>\n<p><strong>Edelgard Mayr<\/strong><br \/>\nAhornweg 10<br \/>\n82383 Hohenpei\u00dfenberg<br \/>\nAllemagne<br \/>\n(tel) +49 &#8211; 8805 &#8211; 408<br \/>\n(email)\u00a0<a href=\"mailto:Edelgard.Mayr@web.de\">Edelgard.Mayr@web.de<\/a><\/p>\n<p>&nbsp;<\/p>\n<p><strong>Gabriele Brzezinski<\/strong><br \/>\nWielandstr. 17a<br \/>\n14471 Potsdam<br \/>\nAllemagne<br \/>\n(tel) +49 &#8211; 331 &#8211; 86 25 22<br \/>\n(email) <a href=\"mailto:g.brzezinski@gmx.de\">g.brzezinski@gmx.de<\/a><\/p>\n<p>&nbsp;<\/p>\n<p><strong>Janny Dohmen<\/strong><br \/>\nTizianstr. 21<br \/>\n83026 Rosenheim<br \/>\nAllemagne<br \/>\n(tel) +49 &#8211; 8031 &#8211; 21 95 95<br \/>\n(email)<a href=\"mailto:manaloa.dohmen@t-online.de\">\u00a0manaloa.dohmen@t-online.de<\/a><br \/>\n(website)\u00a0<a href=\"http:\/\/www.huna-energiemedizin.de\/\">www.huna-energiemedizin.de<\/a><\/p>\n<p>&nbsp;<\/p>\n<p><strong>Karin Dirkorte (HP)<\/strong><br \/>\nObermarkt 6<br \/>\n82418 Murnau<br \/>\nAllemagne<br \/>\n(tel) +49 &#8211; 8841 &#8211; 90103<br \/>\n(email)<a href=\"mailto:karin.dirkorte@web.de\">\u00a0karin.dirkorte@web.de<\/a><br \/>\n(website)\u00a0<a href=\"http:\/\/www.psychotherapie-murnau.com\/\">www.psychotherapie-murnau.com<\/a><\/p>\n<p>&nbsp;<\/p>\n<p><strong>Kurt Dirkorte (HP)<\/strong><br \/>\nObermarkt 6<br \/>\n82418 Murnau<br \/>\nAllemagne<br \/>\n(tel) +49 &#8211; 8841 &#8211; 2464<br \/>\n(email)<a href=\"mailto:kurt.dirkorte@t-online.de\">\u00a0kurt.dirkorte@t-online.de<\/a><br \/>\n(website)\u00a0<a href=\"http:\/\/www.heilpraktiker-murnau.de\/\">www.heilpraktiker-murnau.de<\/a><\/p>\n<p>&nbsp;<\/p>\n<p><strong>Martina Steigenberger<br \/>\n<\/strong>Untermarkt 42<br \/>\n82418 Murnau a. Staffelsee<br \/>\nAllemagne<br \/>\n(tel) +49 &#8211; 8841 &#8211; 99 523<br \/>\n(email)\u00a0<a href=\"mailto:martina.steigenberger@googlemail.com\">martina.steigenberger@googlemail.com<\/a><\/p>\n<p>&nbsp;<\/p>\n<p><strong>Roland Brzezinski<\/strong><br \/>\nWielandstrasse 17 A<br \/>\n14471 Potsdam<br \/>\nGermany<br \/>\n(tel) +49 &#8211; 331 &#8211; 86 25 22<br \/>\n(email)\u00a0\u00a0<a href=\"mailto:rolandbrzezinski@gmx.de\" target=\"_blank\" rel=\"noopener\">rolandbrzezinski@gmx.<wbr \/>de<\/a><\/p>\n<p>&nbsp;<\/p>\n<p><strong>Verena Deimel<\/strong><br \/>\nEichenstr. 1<br \/>\n82396 P\u00e4hl-Fischen<br \/>\nAllemagne<br \/>\n(tel) +49 1525 364 0 332<br \/>\n(email)<a href=\"mailto:karin.dirkorte@web.de\">\u00a0verena_deimel@web.de\u00a0<\/a><br \/>\n(website)\u00a0<a class=\"\" href=\"http:\/\/www.gesundheitspraxis-deimel.de\/\">www.gesundheitspraxis-deimel.de<\/a><\/p>\n<p>&nbsp;<\/p>\n<p>&nbsp;<\/p>\n<h3>Practiciens certifi\u00e9s en France:<\/h3>\n<p><strong>Sandra Tennant-Paternotte<br \/>\n<\/strong>63, les Mas de St Pierre,<br \/>\n83120 Le Plan de la Tour<br \/>\nFrance<br \/>\n(tel) + 33 \u2013 689 \u2013 59 07 41<br \/>\n(email) <a href=\"mailto:sandra.paternotte@wanadoo.fr\">sandra.paternotte@wanadoo.fr<\/a><\/p>\n<p>&nbsp;<\/p>\n<p><strong>Silke Maier<\/strong><br \/>\n15 Rue du R\u00e9veillon<br \/>\n91800 Brunoy<br \/>\nund<br \/>\nRoute du Lac<br \/>\n63790 Chambon-Sur -Lac<br \/>\nFrance<br \/>\n(tel) + 33 &#8211; 670 &#8211; 10 53 13<br \/>\n(email)\u00a0<a href=\"mailto:silke.maier@hotmail.fr\">silke.maier@hotmail.fr<\/a><\/p>\n<p>&nbsp;<\/p>\n<p>&nbsp;<\/p>\n<h3>Practiciens certifi\u00e9s en Suiss:<\/h3>\n<p><strong>Cilli M\u00fcller<\/strong><br \/>\nStockwisli 7<br \/>\n8493 Saland<br \/>\nSuisse<br \/>\n(tel) +41 &#8211; 52 &#8211; 386 10 81<br \/>\n(email)\u00a0<a href=\"mailto:mueller.c@sunrise.ch\">mueller.c@sunrise.ch<\/a><\/p>\n<p>&nbsp;<\/p>\n<p>&nbsp;<\/p>\n<h3>Practiciens certifi\u00e9s aux Etats-Unis (par ordre alphab\u00e9tique):<\/h3>\n<p><strong>Alice Griffin<\/strong><br \/>\n4 Bonito Road<br \/>\nSanta Fe, NM 87508<br \/>\nUSA<br \/>\n(tel) 505-466-4864<br \/>\n(cell) 505-795-6424<br \/>\n(email) <a href=\"mailto:griffinae100@gmail.com\">griffinae100@gmail.com<\/a><\/p>\n<p>&nbsp;<\/p>\n<p><strong>Beth Timmer<\/strong><br \/>\n8851 163rd St. W.<br \/>\nLakeville, MN 55044<br \/>\nUSA<br \/>\n(tel) 612-790-4122<br \/>\n(email) <a href=\"mailto:mntimmer@yahoo.com\">mntimmer@yahoo.com<\/a><\/p>\n<p>&nbsp;<\/p>\n<p><strong>David Hatfield<\/strong><br \/>\n400 E. South Water St #705<br \/>\nChicago, IL 60601<br \/>\nUSA<br \/>\n(tel) 312-912-7126<br \/>\n(email) <a href=\"mailto:davidhatfield@yahoo.com\">davidhatfield@yahoo.com<\/a><\/p>\n<p>&nbsp;<\/p>\n<p><strong>Deb Montoya<\/strong><br \/>\nP.O. Box 1481<br \/>\nSanta Fe, NM 87504-1481<br \/>\nUSA<br \/>\n(tel) 505-850-4302<br \/>\n(email) <a href=\"mailto:fairweathergypsy@gmail.com\">fairweathergypsy@gmail.com<\/a><\/p>\n<p>&nbsp;<\/p>\n<p><strong>Julie Johnson<\/strong><br \/>\n964 Pioneer Court<br \/>\nJordan, MN 55352<br \/>\nUSA<br \/>\n(tel) 952-492-6493<br \/>\n(email) <a href=\"mailto:jj.grace@comcast.net\">jj.grace@comcast.net<\/a><\/p>\n<p>&nbsp;<\/p>\n<p><strong>Kim Kostepen<\/strong><br \/>\n150 Azzuro Court<br \/>\nMorgan Hill, CA 95037<br \/>\nUSA<br \/>\n(tel) 770-364-6549<br \/>\n(email) <a href=\"mailto:kimkostepen@gmail.com\" target=\"_blank\" rel=\"noopener\">kimkostepen@gmail.com<\/a><\/p>\n<p>&nbsp;<\/p>\n<p><strong>Margaret Rauenhorst<\/strong><br \/>\n37 Start Road<br \/>\nCamden, Maine 04843<br \/>\nUSA<br \/>\n(tel) 207-691-9409<br \/>\n(email) <a href=\"mailto:margaret@thestartcenter.org\">margaret@thestartcenter.org<\/a><\/p>\n<p>&nbsp;<\/p>\n<p><strong>Mary Dymond<\/strong><br \/>\n4148 43rd Ave S<br \/>\nMinneapolis, MN 55406<br \/>\nUSA<br \/>\n(tel) 651-387-0333<br \/>\n(email)<a href=\"mailto:dymond.mary@gmail.com\"> dymond.mary@gmail.com<\/a><\/p>\n<p>&nbsp;<\/p>\n<p><strong>Melissa Epple<\/strong><br \/>\n20 Village Lane<br \/>\nSanta Fe, NM 87505<br \/>\nUSA<br \/>\n(tel) 505-984-2347<br \/>\n(email) <a href=\"mailto:santafemom@earthlink.net\">santafemom@earthlink.net<\/a><\/p>\n<p>&nbsp;<\/p>\n<p><strong>Suzanne Brossard<\/strong><br \/>\nP.O. Box 17685<br \/>\nBoulder, CO 80308<br \/>\nUSA<br \/>\n(tel) 303-956-9242<br \/>\n(email) <a href=\"mailto:suzanne@matrixofhealing.com\">suzanne@matrixofhealing.com<\/a><br \/>\n(website) <a href=\"http:\/\/www.matrixofhealing.com\" target=\"_blank\" rel=\"noopener\">www.matrixofhealing.com<\/a><\/p>\n<p>&nbsp;<\/p>\n<p><strong>Theresa Gonzalez<\/strong><br \/>\nTucson, AZ<br \/>\nUSA<br \/>\n(tel) 520-792-6554<br \/>\n(email) <a href=\"mailto:tlgonzo@hotmail.com\">tlgonzo@hotmail.com<\/a><\/p>\n<p>&nbsp;<\/p>\n<p><strong>Trish Grand<\/strong><br \/>\nAlbuquerque, NM<br \/>\n(tel) 505-238-5443<br \/>\n(email) <a href=\"mailto:trishay117@hotmail.com\">trishay117@hotmail.com<\/a>[\/vc_column_text][\/vc_column][\/vc_row][vc_row][vc_column][vc_separator height_2=\u00a0\u00bb40&Prime; height=\u00a0\u00bb0&Prime; show_border=\u00a0\u00bbyes_border\u00a0\u00bb][\/vc_column][\/vc_row][vc_row][vc_column][vc_column_text][\/vc_column_text][\/vc_column][\/vc_row]<\/p>\n<\/div>","protected":false},"excerpt":{"rendered":"<p>[vc_row][vc_column css=\u00a0\u00bb.vc_custom_1453450499130{margin-top: 30px !important;}\u00a0\u00bb][vc_column_text undefined=\u00a0\u00bb\u00a0\u00bb] PRATICIENS CERTIFI\u00c9S [\/vc_column_text][\/vc_column][\/vc_row][vc_row][vc_column][vc_column_text undefined=\u00a0\u00bb\u00a0\u00bb] Qu\u2019est-ce qui d\u00e9termine la qualit\u00e9 d\u2019un traitement RCT\u00a0?\u00a0 Il existe dans notre corps \u00e9nerg\u00e9tique une conscience d\u00e9tenant<span class=\"excerpt-hellip\"> [\u2026]<\/span><\/p>\n","protected":false},"author":10,"featured_media":0,"parent":6595,"menu_order":2,"comment_status":"closed","ping_status":"closed","template":"","meta":{"footnotes":""},"class_list":["post-6656","page","type-page","status-publish","hentry"],"yoast_head":"<!-- This site is optimized with the Yoast SEO plugin v27.4 - https:\/\/yoast.com\/product\/yoast-seo-wordpress\/ -->\n<title>PRATICIENS CERTIFI\u00c9S - Reconnective Therapy<\/title>\n<meta name=\"description\" content=\"RCT Intensiv f\u00fcr Heilung - Reconnective Therapy | Herwig und Kerstin Sch\u00f6n. Jeder von uns tr\u00e4gt das Wissen \u00fcber perfektes Wohlbefinden in sich.\" \/>\n<meta name=\"robots\" content=\"index, follow, max-snippet:-1, max-image-preview:large, max-video-preview:-1\" \/>\n<link rel=\"canonical\" href=\"https:\/\/www.reconnectivetherapy.com\/fr\/rct\/certified-practitioners\/\" \/>\n<meta property=\"og:locale\" content=\"fr_FR\" \/>\n<meta property=\"og:type\" content=\"article\" \/>\n<meta property=\"og:title\" content=\"PRATICIENS CERTIFI\u00c9S - Reconnective Therapy\" \/>\n<meta property=\"og:description\" content=\"RCT Intensiv f\u00fcr Heilung - Reconnective Therapy | Herwig und Kerstin Sch\u00f6n. Jeder von uns tr\u00e4gt das Wissen \u00fcber perfektes Wohlbefinden in sich.\" \/>\n<meta property=\"og:url\" content=\"https:\/\/www.reconnectivetherapy.com\/fr\/rct\/certified-practitioners\/\" \/>\n<meta property=\"og:site_name\" content=\"RCT - Reconnective Therapy | Kerstin Sch\u00f6n\" \/>\n<meta property=\"article:modified_time\" content=\"2024-01-11T08:29:28+00:00\" \/>\n<meta name=\"twitter:label1\" content=\"Dur\u00e9e de lecture estim\u00e9e\" \/>\n\t<meta name=\"twitter:data1\" content=\"4 minutes\" \/>\n<script type=\"application\/ld+json\" class=\"yoast-schema-graph\">{\"@context\":\"https:\\\/\\\/schema.org\",\"@graph\":[{\"@type\":\"WebPage\",\"@id\":\"https:\\\/\\\/www.reconnectivetherapy.com\\\/fr\\\/rct\\\/certified-practitioners\\\/\",\"url\":\"https:\\\/\\\/www.reconnectivetherapy.com\\\/fr\\\/rct\\\/certified-practitioners\\\/\",\"name\":\"PRATICIENS CERTIFI\u00c9S - Reconnective Therapy\",\"isPartOf\":{\"@id\":\"https:\\\/\\\/www.reconnectivetherapy.com\\\/#website\"},\"datePublished\":\"2016-03-23T12:21:01+00:00\",\"dateModified\":\"2024-01-11T08:29:28+00:00\",\"description\":\"RCT Intensiv f\u00fcr Heilung - Reconnective Therapy | Herwig und Kerstin Sch\u00f6n. Jeder von uns tr\u00e4gt das Wissen \u00fcber perfektes Wohlbefinden in sich.\",\"breadcrumb\":{\"@id\":\"https:\\\/\\\/www.reconnectivetherapy.com\\\/fr\\\/rct\\\/certified-practitioners\\\/#breadcrumb\"},\"inLanguage\":\"fr-FR\",\"potentialAction\":[{\"@type\":\"ReadAction\",\"target\":[\"https:\\\/\\\/www.reconnectivetherapy.com\\\/fr\\\/rct\\\/certified-practitioners\\\/\"]}]},{\"@type\":\"BreadcrumbList\",\"@id\":\"https:\\\/\\\/www.reconnectivetherapy.com\\\/fr\\\/rct\\\/certified-practitioners\\\/#breadcrumb\",\"itemListElement\":[{\"@type\":\"ListItem\",\"position\":1,\"name\":\"Accueil\",\"item\":\"https:\\\/\\\/www.reconnectivetherapy.com\\\/fr\\\/\"},{\"@type\":\"ListItem\",\"position\":2,\"name\":\"Gu\u00e9rison et formation\",\"item\":\"https:\\\/\\\/www.reconnectivetherapy.com\\\/healing\\\/\"},{\"@type\":\"ListItem\",\"position\":3,\"name\":\"Praticiens certifi\u00e9s\"}]},{\"@type\":\"WebSite\",\"@id\":\"https:\\\/\\\/www.reconnectivetherapy.com\\\/#website\",\"url\":\"https:\\\/\\\/www.reconnectivetherapy.com\\\/\",\"name\":\"RCT - Reconnective Therapy | Kerstin Sch\u00f6n\",\"description\":\"RCT - Reconnective Therapy | Kerstin Sch\u00f6n\",\"potentialAction\":[{\"@type\":\"SearchAction\",\"target\":{\"@type\":\"EntryPoint\",\"urlTemplate\":\"https:\\\/\\\/www.reconnectivetherapy.com\\\/?s={search_term_string}\"},\"query-input\":{\"@type\":\"PropertyValueSpecification\",\"valueRequired\":true,\"valueName\":\"search_term_string\"}}],\"inLanguage\":\"fr-FR\"}]}<\/script>\n<!-- \/ Yoast SEO plugin. -->","yoast_head_json":{"title":"PRATICIENS CERTIFI\u00c9S - Reconnective Therapy","description":"RCT Intensiv f\u00fcr Heilung - Reconnective Therapy | Herwig und Kerstin Sch\u00f6n. Jeder von uns tr\u00e4gt das Wissen \u00fcber perfektes Wohlbefinden in sich.","robots":{"index":"index","follow":"follow","max-snippet":"max-snippet:-1","max-image-preview":"max-image-preview:large","max-video-preview":"max-video-preview:-1"},"canonical":"https:\/\/www.reconnectivetherapy.com\/fr\/rct\/certified-practitioners\/","og_locale":"fr_FR","og_type":"article","og_title":"PRATICIENS CERTIFI\u00c9S - Reconnective Therapy","og_description":"RCT Intensiv f\u00fcr Heilung - Reconnective Therapy | Herwig und Kerstin Sch\u00f6n. Jeder von uns tr\u00e4gt das Wissen \u00fcber perfektes Wohlbefinden in sich.","og_url":"https:\/\/www.reconnectivetherapy.com\/fr\/rct\/certified-practitioners\/","og_site_name":"RCT - Reconnective Therapy | Kerstin Sch\u00f6n","article_modified_time":"2024-01-11T08:29:28+00:00","twitter_misc":{"Dur\u00e9e de lecture estim\u00e9e":"4 minutes"},"schema":{"@context":"https:\/\/schema.org","@graph":[{"@type":"WebPage","@id":"https:\/\/www.reconnectivetherapy.com\/fr\/rct\/certified-practitioners\/","url":"https:\/\/www.reconnectivetherapy.com\/fr\/rct\/certified-practitioners\/","name":"PRATICIENS CERTIFI\u00c9S - Reconnective Therapy","isPartOf":{"@id":"https:\/\/www.reconnectivetherapy.com\/#website"},"datePublished":"2016-03-23T12:21:01+00:00","dateModified":"2024-01-11T08:29:28+00:00","description":"RCT Intensiv f\u00fcr Heilung - Reconnective Therapy | Herwig und Kerstin Sch\u00f6n. Jeder von uns tr\u00e4gt das Wissen \u00fcber perfektes Wohlbefinden in sich.","breadcrumb":{"@id":"https:\/\/www.reconnectivetherapy.com\/fr\/rct\/certified-practitioners\/#breadcrumb"},"inLanguage":"fr-FR","potentialAction":[{"@type":"ReadAction","target":["https:\/\/www.reconnectivetherapy.com\/fr\/rct\/certified-practitioners\/"]}]},{"@type":"BreadcrumbList","@id":"https:\/\/www.reconnectivetherapy.com\/fr\/rct\/certified-practitioners\/#breadcrumb","itemListElement":[{"@type":"ListItem","position":1,"name":"Accueil","item":"https:\/\/www.reconnectivetherapy.com\/fr\/"},{"@type":"ListItem","position":2,"name":"Gu\u00e9rison et formation","item":"https:\/\/www.reconnectivetherapy.com\/healing\/"},{"@type":"ListItem","position":3,"name":"Praticiens certifi\u00e9s"}]},{"@type":"WebSite","@id":"https:\/\/www.reconnectivetherapy.com\/#website","url":"https:\/\/www.reconnectivetherapy.com\/","name":"RCT - Reconnective Therapy | Kerstin Sch\u00f6n","description":"RCT - Reconnective Therapy | Kerstin Sch\u00f6n","potentialAction":[{"@type":"SearchAction","target":{"@type":"EntryPoint","urlTemplate":"https:\/\/www.reconnectivetherapy.com\/?s={search_term_string}"},"query-input":{"@type":"PropertyValueSpecification","valueRequired":true,"valueName":"search_term_string"}}],"inLanguage":"fr-FR"}]}},"_links":{"self":[{"href":"https:\/\/www.reconnectivetherapy.com\/fr\/wp-json\/wp\/v2\/pages\/6656","targetHints":{"allow":["GET"]}}],"collection":[{"href":"https:\/\/www.reconnectivetherapy.com\/fr\/wp-json\/wp\/v2\/pages"}],"about":[{"href":"https:\/\/www.reconnectivetherapy.com\/fr\/wp-json\/wp\/v2\/types\/page"}],"author":[{"embeddable":true,"href":"https:\/\/www.reconnectivetherapy.com\/fr\/wp-json\/wp\/v2\/users\/10"}],"replies":[{"embeddable":true,"href":"https:\/\/www.reconnectivetherapy.com\/fr\/wp-json\/wp\/v2\/comments?post=6656"}],"version-history":[{"count":0,"href":"https:\/\/www.reconnectivetherapy.com\/fr\/wp-json\/wp\/v2\/pages\/6656\/revisions"}],"up":[{"embeddable":true,"href":"https:\/\/www.reconnectivetherapy.com\/fr\/wp-json\/wp\/v2\/pages\/6595"}],"wp:attachment":[{"href":"https:\/\/www.reconnectivetherapy.com\/fr\/wp-json\/wp\/v2\/media?parent=6656"}],"curies":[{"name":"wp","href":"https:\/\/api.w.org\/{rel}","templated":true}]}}