{"id":6645,"date":"2016-04-06T10:46:31","date_gmt":"2016-04-06T08:46:31","guid":{"rendered":"http:\/\/www.reconnectivetherapy.com\/fr\/heilung\/rct-animals"},"modified":"2016-05-13T22:36:37","modified_gmt":"2016-05-13T20:36:37","slug":"rct-animals","status":"publish","type":"page","link":"https:\/\/www.reconnectivetherapy.com\/fr\/rct\/heilung\/rct-animals\/","title":{"rendered":"RCT pour les animaux"},"content":{"rendered":"<div class=\"wpb-content-wrapper\"><p>[vc_row][vc_column css=\u00a0\u00bb.vc_custom_1453450499130{margin-top: 30px !important;}\u00a0\u00bb][vc_column_text undefined=\u00a0\u00bb\u00a0\u00bb]<\/p>\n<h3>RCT pour les animaux<\/h3>\n<p>[\/vc_column_text][\/vc_column][\/vc_row][vc_row][vc_column][vc_column_text undefined=\u00a0\u00bb\u00a0\u00bb]Le corps \u00e9nerg\u00e9tique des animaux est tr\u00e8s semblable \u00e0 celui des \u00eatres humains. Par cons\u00e9quent, ils peuvent recevoir des traitements RCT et en tirer les m\u00eames b\u00e9n\u00e9fices.<\/p>\n<p>Les animaux peuvent contracter des maladies, aussi bien au niveau corporel, qu\u2019\u00e9motionnel ou mental. Tr\u00e8s souvent, les animaux prennent sur eux des \u00e9nergies appartenant \u00e0 leurs propri\u00e9taires pour aider ces derniers et en tombent malade. Dans ce cas l\u00e0, il vaut mieux soigner le propri\u00e9taire, \u00e7a a plus de sens.<\/p>\n<p>D\u2019apr\u00e8s notre exp\u00e9rience , la RCT peut constituer un grand soutien pour garder un animal \u00e9panoui et en bonne sant\u00e9.<\/p>\n<p align=\"justify\"><a href=\"treatments\">Plus d&rsquo;informations &gt;&gt;<\/a><\/p>\n<p>[\/vc_column_text][\/vc_column][\/vc_row][vc_row][vc_column][vc_separator height_2=\u00a0\u00bb40&Prime; height=\u00a0\u00bb0&Prime; show_border=\u00a0\u00bbyes_border\u00a0\u00bb][\/vc_column][\/vc_row]<\/p>\n<\/div>","protected":false},"excerpt":{"rendered":"<p>[vc_row][vc_column css=\u00a0\u00bb.vc_custom_1453450499130{margin-top: 30px !important;}\u00a0\u00bb][vc_column_text undefined=\u00a0\u00bb\u00a0\u00bb] RCT pour les animaux [\/vc_column_text][\/vc_column][\/vc_row][vc_row][vc_column][vc_column_text undefined=\u00a0\u00bb\u00a0\u00bb]Le corps \u00e9nerg\u00e9tique des animaux est tr\u00e8s semblable \u00e0 celui des \u00eatres humains. Par cons\u00e9quent, ils<span class=\"excerpt-hellip\"> [\u2026]<\/span><\/p>\n","protected":false},"author":10,"featured_media":0,"parent":6606,"menu_order":2,"comment_status":"closed","ping_status":"closed","template":"template-slider-full-fr.php","meta":{"footnotes":""},"class_list":["post-6645","page","type-page","status-publish","hentry"],"yoast_head":"<!-- This site is optimized with the Yoast SEO plugin v27.5 - https:\/\/yoast.com\/product\/yoast-seo-wordpress\/ -->\n<title>RCT pour les animaux - Reconnective Therapy<\/title>\n<meta name=\"description\" content=\"RCT Intensiv f\u00fcr Heilung - Reconnective Therapy | Herwig und Kerstin Sch\u00f6n. Jeder von uns tr\u00e4gt das Wissen \u00fcber perfektes Wohlbefinden in sich.\" \/>\n<meta name=\"robots\" content=\"index, follow, max-snippet:-1, max-image-preview:large, max-video-preview:-1\" \/>\n<link rel=\"canonical\" href=\"https:\/\/www.reconnectivetherapy.com\/healing\/rct-healing-work\/rct-animals\/\" \/>\n<meta property=\"og:locale\" content=\"fr_FR\" \/>\n<meta property=\"og:type\" content=\"article\" \/>\n<meta property=\"og:title\" content=\"RCT pour les animaux - Reconnective Therapy\" \/>\n<meta property=\"og:description\" content=\"RCT Intensiv f\u00fcr Heilung - Reconnective Therapy | Herwig und Kerstin Sch\u00f6n. Jeder von uns tr\u00e4gt das Wissen \u00fcber perfektes Wohlbefinden in sich.\" \/>\n<meta property=\"og:url\" content=\"https:\/\/www.reconnectivetherapy.com\/healing\/rct-healing-work\/rct-animals\/\" \/>\n<meta property=\"og:site_name\" content=\"RCT - Reconnective Therapy | Kerstin Sch\u00f6n\" \/>\n<meta property=\"article:modified_time\" content=\"2016-05-13T20:36:37+00:00\" \/>\n<meta name=\"twitter:label1\" content=\"Dur\u00e9e de lecture estim\u00e9e\" \/>\n\t<meta name=\"twitter:data1\" content=\"1 minute\" \/>\n<script type=\"application\/ld+json\" class=\"yoast-schema-graph\">{\"@context\":\"https:\\\/\\\/schema.org\",\"@graph\":[{\"@type\":\"WebPage\",\"@id\":\"https:\\\/\\\/www.reconnectivetherapy.com\\\/healing\\\/rct-healing-work\\\/rct-animals\\\/\",\"url\":\"https:\\\/\\\/www.reconnectivetherapy.com\\\/healing\\\/rct-healing-work\\\/rct-animals\\\/\",\"name\":\"RCT pour les animaux - Reconnective Therapy\",\"isPartOf\":{\"@id\":\"https:\\\/\\\/www.reconnectivetherapy.com\\\/#website\"},\"datePublished\":\"2016-04-06T08:46:31+00:00\",\"dateModified\":\"2016-05-13T20:36:37+00:00\",\"description\":\"RCT Intensiv f\u00fcr Heilung - Reconnective Therapy | Herwig und Kerstin Sch\u00f6n. Jeder von uns tr\u00e4gt das Wissen \u00fcber perfektes Wohlbefinden in sich.\",\"breadcrumb\":{\"@id\":\"https:\\\/\\\/www.reconnectivetherapy.com\\\/healing\\\/rct-healing-work\\\/rct-animals\\\/#breadcrumb\"},\"inLanguage\":\"fr-FR\",\"potentialAction\":[{\"@type\":\"ReadAction\",\"target\":[\"https:\\\/\\\/www.reconnectivetherapy.com\\\/healing\\\/rct-healing-work\\\/rct-animals\\\/\"]}]},{\"@type\":\"BreadcrumbList\",\"@id\":\"https:\\\/\\\/www.reconnectivetherapy.com\\\/healing\\\/rct-healing-work\\\/rct-animals\\\/#breadcrumb\",\"itemListElement\":[{\"@type\":\"ListItem\",\"position\":1,\"name\":\"Accueil\",\"item\":\"https:\\\/\\\/www.reconnectivetherapy.com\\\/fr\\\/\"},{\"@type\":\"ListItem\",\"position\":2,\"name\":\"Gu\u00e9rison et formation\",\"item\":\"https:\\\/\\\/www.reconnectivetherapy.com\\\/healing\\\/\"},{\"@type\":\"ListItem\",\"position\":3,\"name\":\"Gu\u00e9rison\",\"item\":\"https:\\\/\\\/www.reconnectivetherapy.com\\\/healing\\\/rct-healing-work\\\/\"},{\"@type\":\"ListItem\",\"position\":4,\"name\":\"RCT pour les animaux\"}]},{\"@type\":\"WebSite\",\"@id\":\"https:\\\/\\\/www.reconnectivetherapy.com\\\/#website\",\"url\":\"https:\\\/\\\/www.reconnectivetherapy.com\\\/\",\"name\":\"RCT - Reconnective Therapy | Kerstin Sch\u00f6n\",\"description\":\"RCT - Reconnective Therapy | Kerstin Sch\u00f6n\",\"potentialAction\":[{\"@type\":\"SearchAction\",\"target\":{\"@type\":\"EntryPoint\",\"urlTemplate\":\"https:\\\/\\\/www.reconnectivetherapy.com\\\/?s={search_term_string}\"},\"query-input\":{\"@type\":\"PropertyValueSpecification\",\"valueRequired\":true,\"valueName\":\"search_term_string\"}}],\"inLanguage\":\"fr-FR\"}]}<\/script>\n<!-- \/ Yoast SEO plugin. -->","yoast_head_json":{"title":"RCT pour les animaux - Reconnective Therapy","description":"RCT Intensiv f\u00fcr Heilung - Reconnective Therapy | Herwig und Kerstin Sch\u00f6n. Jeder von uns tr\u00e4gt das Wissen \u00fcber perfektes Wohlbefinden in sich.","robots":{"index":"index","follow":"follow","max-snippet":"max-snippet:-1","max-image-preview":"max-image-preview:large","max-video-preview":"max-video-preview:-1"},"canonical":"https:\/\/www.reconnectivetherapy.com\/healing\/rct-healing-work\/rct-animals\/","og_locale":"fr_FR","og_type":"article","og_title":"RCT pour les animaux - Reconnective Therapy","og_description":"RCT Intensiv f\u00fcr Heilung - Reconnective Therapy | Herwig und Kerstin Sch\u00f6n. Jeder von uns tr\u00e4gt das Wissen \u00fcber perfektes Wohlbefinden in sich.","og_url":"https:\/\/www.reconnectivetherapy.com\/healing\/rct-healing-work\/rct-animals\/","og_site_name":"RCT - Reconnective Therapy | Kerstin Sch\u00f6n","article_modified_time":"2016-05-13T20:36:37+00:00","twitter_misc":{"Dur\u00e9e de lecture estim\u00e9e":"1 minute"},"schema":{"@context":"https:\/\/schema.org","@graph":[{"@type":"WebPage","@id":"https:\/\/www.reconnectivetherapy.com\/healing\/rct-healing-work\/rct-animals\/","url":"https:\/\/www.reconnectivetherapy.com\/healing\/rct-healing-work\/rct-animals\/","name":"RCT pour les animaux - Reconnective Therapy","isPartOf":{"@id":"https:\/\/www.reconnectivetherapy.com\/#website"},"datePublished":"2016-04-06T08:46:31+00:00","dateModified":"2016-05-13T20:36:37+00:00","description":"RCT Intensiv f\u00fcr Heilung - Reconnective Therapy | Herwig und Kerstin Sch\u00f6n. Jeder von uns tr\u00e4gt das Wissen \u00fcber perfektes Wohlbefinden in sich.","breadcrumb":{"@id":"https:\/\/www.reconnectivetherapy.com\/healing\/rct-healing-work\/rct-animals\/#breadcrumb"},"inLanguage":"fr-FR","potentialAction":[{"@type":"ReadAction","target":["https:\/\/www.reconnectivetherapy.com\/healing\/rct-healing-work\/rct-animals\/"]}]},{"@type":"BreadcrumbList","@id":"https:\/\/www.reconnectivetherapy.com\/healing\/rct-healing-work\/rct-animals\/#breadcrumb","itemListElement":[{"@type":"ListItem","position":1,"name":"Accueil","item":"https:\/\/www.reconnectivetherapy.com\/fr\/"},{"@type":"ListItem","position":2,"name":"Gu\u00e9rison et formation","item":"https:\/\/www.reconnectivetherapy.com\/healing\/"},{"@type":"ListItem","position":3,"name":"Gu\u00e9rison","item":"https:\/\/www.reconnectivetherapy.com\/healing\/rct-healing-work\/"},{"@type":"ListItem","position":4,"name":"RCT pour les animaux"}]},{"@type":"WebSite","@id":"https:\/\/www.reconnectivetherapy.com\/#website","url":"https:\/\/www.reconnectivetherapy.com\/","name":"RCT - Reconnective Therapy | Kerstin Sch\u00f6n","description":"RCT - Reconnective Therapy | Kerstin Sch\u00f6n","potentialAction":[{"@type":"SearchAction","target":{"@type":"EntryPoint","urlTemplate":"https:\/\/www.reconnectivetherapy.com\/?s={search_term_string}"},"query-input":{"@type":"PropertyValueSpecification","valueRequired":true,"valueName":"search_term_string"}}],"inLanguage":"fr-FR"}]}},"_links":{"self":[{"href":"https:\/\/www.reconnectivetherapy.com\/fr\/wp-json\/wp\/v2\/pages\/6645","targetHints":{"allow":["GET"]}}],"collection":[{"href":"https:\/\/www.reconnectivetherapy.com\/fr\/wp-json\/wp\/v2\/pages"}],"about":[{"href":"https:\/\/www.reconnectivetherapy.com\/fr\/wp-json\/wp\/v2\/types\/page"}],"author":[{"embeddable":true,"href":"https:\/\/www.reconnectivetherapy.com\/fr\/wp-json\/wp\/v2\/users\/10"}],"replies":[{"embeddable":true,"href":"https:\/\/www.reconnectivetherapy.com\/fr\/wp-json\/wp\/v2\/comments?post=6645"}],"version-history":[{"count":0,"href":"https:\/\/www.reconnectivetherapy.com\/fr\/wp-json\/wp\/v2\/pages\/6645\/revisions"}],"up":[{"embeddable":true,"href":"https:\/\/www.reconnectivetherapy.com\/fr\/wp-json\/wp\/v2\/pages\/6606"}],"wp:attachment":[{"href":"https:\/\/www.reconnectivetherapy.com\/fr\/wp-json\/wp\/v2\/media?parent=6645"}],"curies":[{"name":"wp","href":"https:\/\/api.w.org\/{rel}","templated":true}]}}