{"id":6635,"date":"2016-03-10T12:08:12","date_gmt":"2016-03-10T11:08:12","guid":{"rendered":"http:\/\/www.reconnectivetherapy.com\/fr\/heilung\/rct-healing-intensive"},"modified":"2018-04-24T22:13:06","modified_gmt":"2018-04-24T20:13:06","slug":"rct-healing-intensive","status":"publish","type":"page","link":"https:\/\/www.reconnectivetherapy.com\/fr\/rct\/heilung\/rct-healing-intensive\/","title":{"rendered":"Gu\u00e9rison intensive"},"content":{"rendered":"<div class=\"wpb-content-wrapper\"><p>[vc_row][vc_column css=\u00a0\u00bb.vc_custom_1453450499130{margin-top: 30px !important;}\u00a0\u00bb][vc_column_text undefined=\u00a0\u00bb\u00a0\u00bb]<\/p>\n<h3>RCT Gu\u00e9rison intensive<\/h3>\n<p>[\/vc_column_text][\/vc_column][\/vc_row][vc_row][vc_column][vc_column_text undefined=\u00a0\u00bb\u00a0\u00bb]<\/p>\n<p align=\"justify\">Depuis que je pratique les arts de la gu\u00e9rison, je m\u2019efforce de trouver des moyens de rendre la gu\u00e9rison plus facilement r\u00e9alisable, et ce \u00e0 des niveaux de plus en plus profonds. Ce programme est un accomplissement qui me tient \u00e0 c\u0153ur\u00a0: il s\u2019agit de rendre la gu\u00e9rison possible \u00e0 un niveau qui \u00e9tait jusque-l\u00e0 inaccessible la plupart du temps. Je l\u2019appelle \u00ab\u00a0RCT Gu\u00e9rison intensive\u00a0\u00bb. C\u2019est un programme de 3 jours, limit\u00e9 \u00e0 20 participants et ouvert \u00e0 ceux qui se sentent pr\u00eats \u00e0 y participer. Ce n\u2019est pas une formation en RCT, il s\u2019agit plut\u00f4t d\u2019intensifier le processus de gu\u00e9rison.<\/p>\n<p align=\"justify\">D\u2019apr\u00e8s notre exp\u00e9rience, chacun porte en lui des sch\u00e9mas qui n\u2019\u00e9taient jusque-l\u00e0 pas accessibles \u00e0 la gu\u00e9rison. Ils le deviennent lorsque l\u2019\u00e9nergie est suffisamment \u00e9lev\u00e9e. Le seul moyen d\u2019\u00e9lever l\u2019\u00e9nergie \u00e0 ce point, est de passer du temps ensemble au cours du travail de RCT. J\u2019ai remarqu\u00e9 que plus nous passons de temps ensemble, plus l\u2019\u00e9nergie est haute. Gr\u00e2ce \u00e0 ce programme, l\u2019\u00e9nergie est parfois si \u00e9lev\u00e9e, qu\u2019elle rend certaines choses verrouill\u00e9es depuis longtemps accessibles \u00e0 la gu\u00e9rison. Ces processus de transformation sont souvent ressentis comme une renaissance.<\/p>\n<p align=\"justify\">Dans le travail de la RCT nous nous sommes aper\u00e7us que certaines gu\u00e9risons pouvaient se produire inconsciemment, sans la participation consciente du patient. Nous avons aussi remarqu\u00e9 qu\u2019au-del\u00e0 d\u2019un certain seuil dans le processus de d\u00e9veloppement interne, la conscience peut exercer un tout autre r\u00f4le, plus important qu\u2019auparavant. Il est tr\u00e8s important de d\u00e9velopper cette prise de conscience au sein de notre travail en RCT Gu\u00e9rison intensive. Suivre sa conscience est aussi un aspect tr\u00e8s important, dans le sens o\u00f9 il faut prendre la responsabilit\u00e9 de sa propre existence, et de ses cr\u00e9ations. Au cours de ce programme je vous donnerai des outils et des moyens pour continuer le travail vous-m\u00eame, par la suite.<\/p>\n<p align=\"justify\">Je commencerai \u00e0 travailler avec vous sur le plan \u00e9nerg\u00e9tique bien avant le d\u00e9but du stage de gu\u00e9rison intensive, afin de vous pr\u00e9parer et je travaillerai encore avec vous bien apr\u00e8s le stage, pour \u00eatre s\u00fbr que tout se place et s\u2019int\u00e8gre correctement. Je proposerai r\u00e9guli\u00e8rement des appels en conf\u00e9rence aux participants des stages de gu\u00e9rison intensive dans le but de perp\u00e9tuer et approfondir le travail.<\/p>\n<p align=\"justify\"><strong>Auxiliaires:<\/strong> Herwig and Kerstin Schoen<br \/>\n<strong>Co\u00fbt:<\/strong>\u00a0 1430,-\u20ac<\/p>\n<p>[\/vc_column_text][vc_row_inner css=\u00a0\u00bb.vc_custom_1524600770587{margin-top: 24px !important;}\u00a0\u00bb][vc_column_inner width=\u00a0\u00bb1\/4&Prime;][vc_promo_box]<\/p>\n<p style=\"text-align: center;\"><strong><a href=\"\/fr\/schedule\">Programme<\/a><\/strong><\/p>\n<p>[\/vc_promo_box][\/vc_column_inner][vc_column_inner width=\u00a0\u00bb1\/4&Prime;][\/vc_column_inner][vc_column_inner width=\u00a0\u00bb1\/4&Prime;][\/vc_column_inner][vc_column_inner width=\u00a0\u00bb1\/4&Prime;][\/vc_column_inner][\/vc_row_inner][\/vc_column][\/vc_row][vc_row][vc_column][vc_separator height_2=\u00a0\u00bb40&Prime; height=\u00a0\u00bb0&Prime; show_border=\u00a0\u00bbyes_border\u00a0\u00bb][\/vc_column][\/vc_row]<\/p>\n<\/div>","protected":false},"excerpt":{"rendered":"<p>[vc_row][vc_column css=\u00a0\u00bb.vc_custom_1453450499130{margin-top: 30px !important;}\u00a0\u00bb][vc_column_text undefined=\u00a0\u00bb\u00a0\u00bb] RCT Gu\u00e9rison intensive [\/vc_column_text][\/vc_column][\/vc_row][vc_row][vc_column][vc_column_text undefined=\u00a0\u00bb\u00a0\u00bb] Depuis que je pratique les arts de la gu\u00e9rison, je m\u2019efforce de trouver des moyens de<span class=\"excerpt-hellip\"> [\u2026]<\/span><\/p>\n","protected":false},"author":10,"featured_media":0,"parent":6606,"menu_order":5,"comment_status":"closed","ping_status":"closed","template":"template-slider-full-fr.php","meta":{"footnotes":""},"class_list":["post-6635","page","type-page","status-publish","hentry"],"yoast_head":"<!-- This site is optimized with the Yoast SEO plugin v27.4 - https:\/\/yoast.com\/product\/yoast-seo-wordpress\/ -->\n<title>RCT Gu\u00e9rison intensive - Reconnective Therapy<\/title>\n<meta name=\"description\" content=\"RCT Intensiv f\u00fcr Heilung - Reconnective Therapy | Herwig und Kerstin Sch\u00f6n. Jeder von uns tr\u00e4gt das Wissen \u00fcber perfektes Wohlbefinden in sich.\" \/>\n<meta name=\"robots\" content=\"index, follow, max-snippet:-1, max-image-preview:large, max-video-preview:-1\" \/>\n<link rel=\"canonical\" href=\"https:\/\/www.reconnectivetherapy.com\/healing\/rct-healing-work\/rct-healing-intensive\/\" \/>\n<meta property=\"og:locale\" content=\"fr_FR\" \/>\n<meta property=\"og:type\" content=\"article\" \/>\n<meta property=\"og:title\" content=\"RCT Gu\u00e9rison intensive - Reconnective Therapy\" \/>\n<meta property=\"og:description\" content=\"RCT Intensiv f\u00fcr Heilung - Reconnective Therapy | Herwig und Kerstin Sch\u00f6n. Jeder von uns tr\u00e4gt das Wissen \u00fcber perfektes Wohlbefinden in sich.\" \/>\n<meta property=\"og:url\" content=\"https:\/\/www.reconnectivetherapy.com\/healing\/rct-healing-work\/rct-healing-intensive\/\" \/>\n<meta property=\"og:site_name\" content=\"RCT - Reconnective Therapy | Kerstin Sch\u00f6n\" \/>\n<meta property=\"article:modified_time\" content=\"2018-04-24T20:13:06+00:00\" \/>\n<meta name=\"twitter:label1\" content=\"Dur\u00e9e de lecture estim\u00e9e\" \/>\n\t<meta name=\"twitter:data1\" content=\"3 minutes\" \/>\n<script type=\"application\/ld+json\" class=\"yoast-schema-graph\">{\"@context\":\"https:\\\/\\\/schema.org\",\"@graph\":[{\"@type\":\"WebPage\",\"@id\":\"https:\\\/\\\/www.reconnectivetherapy.com\\\/healing\\\/rct-healing-work\\\/rct-healing-intensive\\\/\",\"url\":\"https:\\\/\\\/www.reconnectivetherapy.com\\\/healing\\\/rct-healing-work\\\/rct-healing-intensive\\\/\",\"name\":\"RCT Gu\u00e9rison intensive - Reconnective Therapy\",\"isPartOf\":{\"@id\":\"https:\\\/\\\/www.reconnectivetherapy.com\\\/#website\"},\"datePublished\":\"2016-03-10T11:08:12+00:00\",\"dateModified\":\"2018-04-24T20:13:06+00:00\",\"description\":\"RCT Intensiv f\u00fcr Heilung - Reconnective Therapy | Herwig und Kerstin Sch\u00f6n. Jeder von uns tr\u00e4gt das Wissen \u00fcber perfektes Wohlbefinden in sich.\",\"breadcrumb\":{\"@id\":\"https:\\\/\\\/www.reconnectivetherapy.com\\\/healing\\\/rct-healing-work\\\/rct-healing-intensive\\\/#breadcrumb\"},\"inLanguage\":\"fr-FR\",\"potentialAction\":[{\"@type\":\"ReadAction\",\"target\":[\"https:\\\/\\\/www.reconnectivetherapy.com\\\/healing\\\/rct-healing-work\\\/rct-healing-intensive\\\/\"]}]},{\"@type\":\"BreadcrumbList\",\"@id\":\"https:\\\/\\\/www.reconnectivetherapy.com\\\/healing\\\/rct-healing-work\\\/rct-healing-intensive\\\/#breadcrumb\",\"itemListElement\":[{\"@type\":\"ListItem\",\"position\":1,\"name\":\"Accueil\",\"item\":\"https:\\\/\\\/www.reconnectivetherapy.com\\\/fr\\\/\"},{\"@type\":\"ListItem\",\"position\":2,\"name\":\"Gu\u00e9rison et formation\",\"item\":\"https:\\\/\\\/www.reconnectivetherapy.com\\\/healing\\\/\"},{\"@type\":\"ListItem\",\"position\":3,\"name\":\"Gu\u00e9rison\",\"item\":\"https:\\\/\\\/www.reconnectivetherapy.com\\\/healing\\\/rct-healing-work\\\/\"},{\"@type\":\"ListItem\",\"position\":4,\"name\":\"Gu\u00e9rison intensive\"}]},{\"@type\":\"WebSite\",\"@id\":\"https:\\\/\\\/www.reconnectivetherapy.com\\\/#website\",\"url\":\"https:\\\/\\\/www.reconnectivetherapy.com\\\/\",\"name\":\"RCT - Reconnective Therapy | Kerstin Sch\u00f6n\",\"description\":\"RCT - Reconnective Therapy | Kerstin Sch\u00f6n\",\"potentialAction\":[{\"@type\":\"SearchAction\",\"target\":{\"@type\":\"EntryPoint\",\"urlTemplate\":\"https:\\\/\\\/www.reconnectivetherapy.com\\\/?s={search_term_string}\"},\"query-input\":{\"@type\":\"PropertyValueSpecification\",\"valueRequired\":true,\"valueName\":\"search_term_string\"}}],\"inLanguage\":\"fr-FR\"}]}<\/script>\n<!-- \/ Yoast SEO plugin. -->","yoast_head_json":{"title":"RCT Gu\u00e9rison intensive - Reconnective Therapy","description":"RCT Intensiv f\u00fcr Heilung - Reconnective Therapy | Herwig und Kerstin Sch\u00f6n. Jeder von uns tr\u00e4gt das Wissen \u00fcber perfektes Wohlbefinden in sich.","robots":{"index":"index","follow":"follow","max-snippet":"max-snippet:-1","max-image-preview":"max-image-preview:large","max-video-preview":"max-video-preview:-1"},"canonical":"https:\/\/www.reconnectivetherapy.com\/healing\/rct-healing-work\/rct-healing-intensive\/","og_locale":"fr_FR","og_type":"article","og_title":"RCT Gu\u00e9rison intensive - Reconnective Therapy","og_description":"RCT Intensiv f\u00fcr Heilung - Reconnective Therapy | Herwig und Kerstin Sch\u00f6n. Jeder von uns tr\u00e4gt das Wissen \u00fcber perfektes Wohlbefinden in sich.","og_url":"https:\/\/www.reconnectivetherapy.com\/healing\/rct-healing-work\/rct-healing-intensive\/","og_site_name":"RCT - Reconnective Therapy | Kerstin Sch\u00f6n","article_modified_time":"2018-04-24T20:13:06+00:00","twitter_misc":{"Dur\u00e9e de lecture estim\u00e9e":"3 minutes"},"schema":{"@context":"https:\/\/schema.org","@graph":[{"@type":"WebPage","@id":"https:\/\/www.reconnectivetherapy.com\/healing\/rct-healing-work\/rct-healing-intensive\/","url":"https:\/\/www.reconnectivetherapy.com\/healing\/rct-healing-work\/rct-healing-intensive\/","name":"RCT Gu\u00e9rison intensive - Reconnective Therapy","isPartOf":{"@id":"https:\/\/www.reconnectivetherapy.com\/#website"},"datePublished":"2016-03-10T11:08:12+00:00","dateModified":"2018-04-24T20:13:06+00:00","description":"RCT Intensiv f\u00fcr Heilung - Reconnective Therapy | Herwig und Kerstin Sch\u00f6n. Jeder von uns tr\u00e4gt das Wissen \u00fcber perfektes Wohlbefinden in sich.","breadcrumb":{"@id":"https:\/\/www.reconnectivetherapy.com\/healing\/rct-healing-work\/rct-healing-intensive\/#breadcrumb"},"inLanguage":"fr-FR","potentialAction":[{"@type":"ReadAction","target":["https:\/\/www.reconnectivetherapy.com\/healing\/rct-healing-work\/rct-healing-intensive\/"]}]},{"@type":"BreadcrumbList","@id":"https:\/\/www.reconnectivetherapy.com\/healing\/rct-healing-work\/rct-healing-intensive\/#breadcrumb","itemListElement":[{"@type":"ListItem","position":1,"name":"Accueil","item":"https:\/\/www.reconnectivetherapy.com\/fr\/"},{"@type":"ListItem","position":2,"name":"Gu\u00e9rison et formation","item":"https:\/\/www.reconnectivetherapy.com\/healing\/"},{"@type":"ListItem","position":3,"name":"Gu\u00e9rison","item":"https:\/\/www.reconnectivetherapy.com\/healing\/rct-healing-work\/"},{"@type":"ListItem","position":4,"name":"Gu\u00e9rison intensive"}]},{"@type":"WebSite","@id":"https:\/\/www.reconnectivetherapy.com\/#website","url":"https:\/\/www.reconnectivetherapy.com\/","name":"RCT - Reconnective Therapy | Kerstin Sch\u00f6n","description":"RCT - Reconnective Therapy | Kerstin Sch\u00f6n","potentialAction":[{"@type":"SearchAction","target":{"@type":"EntryPoint","urlTemplate":"https:\/\/www.reconnectivetherapy.com\/?s={search_term_string}"},"query-input":{"@type":"PropertyValueSpecification","valueRequired":true,"valueName":"search_term_string"}}],"inLanguage":"fr-FR"}]}},"_links":{"self":[{"href":"https:\/\/www.reconnectivetherapy.com\/fr\/wp-json\/wp\/v2\/pages\/6635","targetHints":{"allow":["GET"]}}],"collection":[{"href":"https:\/\/www.reconnectivetherapy.com\/fr\/wp-json\/wp\/v2\/pages"}],"about":[{"href":"https:\/\/www.reconnectivetherapy.com\/fr\/wp-json\/wp\/v2\/types\/page"}],"author":[{"embeddable":true,"href":"https:\/\/www.reconnectivetherapy.com\/fr\/wp-json\/wp\/v2\/users\/10"}],"replies":[{"embeddable":true,"href":"https:\/\/www.reconnectivetherapy.com\/fr\/wp-json\/wp\/v2\/comments?post=6635"}],"version-history":[{"count":0,"href":"https:\/\/www.reconnectivetherapy.com\/fr\/wp-json\/wp\/v2\/pages\/6635\/revisions"}],"up":[{"embeddable":true,"href":"https:\/\/www.reconnectivetherapy.com\/fr\/wp-json\/wp\/v2\/pages\/6606"}],"wp:attachment":[{"href":"https:\/\/www.reconnectivetherapy.com\/fr\/wp-json\/wp\/v2\/media?parent=6635"}],"curies":[{"name":"wp","href":"https:\/\/api.w.org\/{rel}","templated":true}]}}