{"id":6623,"date":"2016-03-10T12:02:59","date_gmt":"2016-03-10T11:02:59","guid":{"rendered":"http:\/\/www.reconnectivetherapy.com\/fr\/heilung\/healing-days"},"modified":"2018-04-24T22:09:56","modified_gmt":"2018-04-24T20:09:56","slug":"healing-days","status":"publish","type":"page","link":"https:\/\/www.reconnectivetherapy.com\/fr\/alte-versionen\/healing-days\/","title":{"rendered":"Journ\u00e9e de gu\u00e9rison"},"content":{"rendered":"<div class=\"wpb-content-wrapper\"><p>[vc_row][vc_column css=\u00a0\u00bb.vc_custom_1453450499130{margin-top: 30px !important;}\u00a0\u00bb][vc_column_text undefined=\u00a0\u00bb\u00a0\u00bb]<\/p>\n<h3>Journ\u00e9e de gu\u00e9rison<\/h3>\n<p>[\/vc_column_text][\/vc_column][\/vc_row][vc_row][vc_column][vc_column_text undefined=\u00a0\u00bb\u00a0\u00bb]<\/p>\n<p align=\"justify\">L\u2019exp\u00e9rience a montr\u00e9 que les effets de la gu\u00e9rison \u00e9taient immanquablement \u00e9lev\u00e9s lors des traitements en groupe, par rapport aux traitements individuels\u00a0: cela est d\u00fb aux r\u00e9sonnances qui d\u00e9clenchent les effets gu\u00e9risseurs, et qui sont d\u00e9cupl\u00e9es au sein d\u2019un groupe. Nous avons observ\u00e9 que, lors d\u2019un traitement en groupe, non seulement l\u2019on d\u00e9clenche l\u2019effet de r\u00e9sonnance au sein de chaque individu pr\u00e9sent, mais il se cr\u00e9e en plus une stimulation mutuelle entre les participants. En d\u2019autres mots, chaque processus de gu\u00e9rison d\u00e9clench\u00e9 en vous en peut stimuler un processus de gu\u00e9rison chez une autre personne pr\u00e9sente \u00e0 l\u2019\u00e9v\u00e8nement. Ce ph\u00e9nom\u00e8ne augmente exponentiellement le pouvoir de gu\u00e9rison, au prorata du nombre de personnes pr\u00e9sentes. Par-dessus tout, nous passons environ 6 heures ensemble, et plus nous restons longtemps ensemble, plus la fr\u00e9quence des \u00e9nergies est \u00e9lev\u00e9e, et plus la gu\u00e9rison se produit.<\/p>\n<p align=\"justify\">Au d\u00e9but d\u2019une journ\u00e9e de gu\u00e9rison, nous introduisons notre travail en en expliquant la principale structure \u00e0 travers une animation.<\/p>\n<p align=\"justify\">Puis nous traitons tous les participants \u00e0 la fois. Cela prend environ 2 \u00e0 5 minutes.<\/p>\n<p align=\"justify\">Apr\u00e8s cela vient un temps pour les questions. Pendant ces questions et r\u00e9ponses, le travail continue aussi bien au sein du groupe qu\u2019individuellement. Il y a aussi un temps pour travailler avec vous individuellement selon ce que vous amenez, les questions que vous avez \u00e0 nous poser au sujet de la gu\u00e9rison et de la conscience et, selon le contenu de vos questions, nous enseignerons ce que nous appelons la \u00ab\u00a0spiritualit\u00e9 pratique\u00a0\u00bb.<\/p>\n<p align=\"justify\">Le travail individuel n\u00e9cessite un certain temps, c\u2019est pour cela que nous limitons \u00e0 50 le nombre de participants \u00e0 une journ\u00e9e de gu\u00e9rison. Ainsi, nous avons le temps de travailler avec chaque personne en lui permettant d\u2019exprimer son besoin.<\/p>\n<p align=\"justify\"><strong>Auxiliaires:<\/strong> Herwig et Kerstin Schoen<br \/>\n<strong>Co\u00fbt:<\/strong>\u00a0150,-\u20ac<\/p>\n<p>[\/vc_column_text][vc_row_inner css=\u00a0\u00bb.vc_custom_1524600576284{margin-top: 24px !important;}\u00a0\u00bb][vc_column_inner width=\u00a0\u00bb1\/4&Prime;][vc_promo_box]<\/p>\n<p style=\"text-align: center;\"><strong><a href=\"\/fr\/schedule\">Programme<\/a><\/strong><\/p>\n<p>[\/vc_promo_box][\/vc_column_inner][vc_column_inner width=\u00a0\u00bb1\/4&Prime;][\/vc_column_inner][vc_column_inner width=\u00a0\u00bb1\/4&Prime;][\/vc_column_inner][vc_column_inner width=\u00a0\u00bb1\/4&Prime;][\/vc_column_inner][\/vc_row_inner][\/vc_column][\/vc_row][vc_row][vc_column][vc_separator height_2=\u00a0\u00bb40&Prime; height=\u00a0\u00bb0&Prime; show_border=\u00a0\u00bbyes_border\u00a0\u00bb][\/vc_column][\/vc_row]<\/p>\n<\/div>","protected":false},"excerpt":{"rendered":"<p>[vc_row][vc_column css=\u00a0\u00bb.vc_custom_1453450499130{margin-top: 30px !important;}\u00a0\u00bb][vc_column_text undefined=\u00a0\u00bb\u00a0\u00bb] Journ\u00e9e de gu\u00e9rison [\/vc_column_text][\/vc_column][\/vc_row][vc_row][vc_column][vc_column_text undefined=\u00a0\u00bb\u00a0\u00bb] L\u2019exp\u00e9rience a montr\u00e9 que les effets de la gu\u00e9rison \u00e9taient immanquablement \u00e9lev\u00e9s lors des traitements en<span class=\"excerpt-hellip\"> [\u2026]<\/span><\/p>\n","protected":false},"author":10,"featured_media":0,"parent":13535,"menu_order":0,"comment_status":"closed","ping_status":"closed","template":"template-slider-full-fr.php","meta":{"footnotes":""},"class_list":["post-6623","page","type-page","status-publish","hentry"],"yoast_head":"<!-- This site is optimized with the Yoast SEO plugin v27.6 - https:\/\/yoast.com\/product\/yoast-seo-wordpress\/ -->\n<title>Journ\u00e9e de gu\u00e9rison RCT - Reconnective Therapy<\/title>\n<meta name=\"description\" content=\"Heilungstage RCT - Reconnective Therapy | Herwig und Kerstin Sch\u00f6n. Jeder von uns tr\u00e4gt das Wissen \u00fcber perfektes Wohlbefinden in sich.\" \/>\n<meta name=\"robots\" content=\"index, follow, max-snippet:-1, max-image-preview:large, max-video-preview:-1\" \/>\n<link rel=\"canonical\" href=\"https:\/\/www.reconnectivetherapy.com\/healing\/rct-healing-work\/healing-day-weekend\/healing-days\/\" \/>\n<meta property=\"og:locale\" content=\"fr_FR\" \/>\n<meta property=\"og:type\" content=\"article\" \/>\n<meta property=\"og:title\" content=\"Journ\u00e9e de gu\u00e9rison RCT - Reconnective Therapy\" \/>\n<meta property=\"og:description\" content=\"Heilungstage RCT - Reconnective Therapy | Herwig und Kerstin Sch\u00f6n. Jeder von uns tr\u00e4gt das Wissen \u00fcber perfektes Wohlbefinden in sich.\" \/>\n<meta property=\"og:url\" content=\"https:\/\/www.reconnectivetherapy.com\/healing\/rct-healing-work\/healing-day-weekend\/healing-days\/\" \/>\n<meta property=\"og:site_name\" content=\"RCT - Reconnective Therapy | Kerstin Sch\u00f6n\" \/>\n<meta property=\"article:modified_time\" content=\"2018-04-24T20:09:56+00:00\" \/>\n<meta name=\"twitter:label1\" content=\"Dur\u00e9e de lecture estim\u00e9e\" \/>\n\t<meta name=\"twitter:data1\" content=\"2 minutes\" \/>\n<script type=\"application\/ld+json\" class=\"yoast-schema-graph\">{\"@context\":\"https:\\\/\\\/schema.org\",\"@graph\":[{\"@type\":\"WebPage\",\"@id\":\"https:\\\/\\\/www.reconnectivetherapy.com\\\/healing\\\/rct-healing-work\\\/healing-day-weekend\\\/healing-days\\\/\",\"url\":\"https:\\\/\\\/www.reconnectivetherapy.com\\\/healing\\\/rct-healing-work\\\/healing-day-weekend\\\/healing-days\\\/\",\"name\":\"Journ\u00e9e de gu\u00e9rison RCT - Reconnective Therapy\",\"isPartOf\":{\"@id\":\"https:\\\/\\\/www.reconnectivetherapy.com\\\/#website\"},\"datePublished\":\"2016-03-10T11:02:59+00:00\",\"dateModified\":\"2018-04-24T20:09:56+00:00\",\"description\":\"Heilungstage RCT - Reconnective Therapy | Herwig und Kerstin Sch\u00f6n. Jeder von uns tr\u00e4gt das Wissen \u00fcber perfektes Wohlbefinden in sich.\",\"breadcrumb\":{\"@id\":\"https:\\\/\\\/www.reconnectivetherapy.com\\\/healing\\\/rct-healing-work\\\/healing-day-weekend\\\/healing-days\\\/#breadcrumb\"},\"inLanguage\":\"fr-FR\",\"potentialAction\":[{\"@type\":\"ReadAction\",\"target\":[\"https:\\\/\\\/www.reconnectivetherapy.com\\\/healing\\\/rct-healing-work\\\/healing-day-weekend\\\/healing-days\\\/\"]}]},{\"@type\":\"BreadcrumbList\",\"@id\":\"https:\\\/\\\/www.reconnectivetherapy.com\\\/healing\\\/rct-healing-work\\\/healing-day-weekend\\\/healing-days\\\/#breadcrumb\",\"itemListElement\":[{\"@type\":\"ListItem\",\"position\":1,\"name\":\"Accueil\",\"item\":\"https:\\\/\\\/www.reconnectivetherapy.com\\\/fr\\\/\"},{\"@type\":\"ListItem\",\"position\":2,\"name\":\"alte Versionen\",\"item\":\"https:\\\/\\\/www.reconnectivetherapy.com\\\/fr\\\/alte-versionen\\\/\"},{\"@type\":\"ListItem\",\"position\":3,\"name\":\"Journ\u00e9e de gu\u00e9rison\"}]},{\"@type\":\"WebSite\",\"@id\":\"https:\\\/\\\/www.reconnectivetherapy.com\\\/#website\",\"url\":\"https:\\\/\\\/www.reconnectivetherapy.com\\\/\",\"name\":\"RCT - Reconnective Therapy | Kerstin Sch\u00f6n\",\"description\":\"RCT - Reconnective Therapy | Kerstin Sch\u00f6n\",\"potentialAction\":[{\"@type\":\"SearchAction\",\"target\":{\"@type\":\"EntryPoint\",\"urlTemplate\":\"https:\\\/\\\/www.reconnectivetherapy.com\\\/?s={search_term_string}\"},\"query-input\":{\"@type\":\"PropertyValueSpecification\",\"valueRequired\":true,\"valueName\":\"search_term_string\"}}],\"inLanguage\":\"fr-FR\"}]}<\/script>\n<!-- \/ Yoast SEO plugin. -->","yoast_head_json":{"title":"Journ\u00e9e de gu\u00e9rison RCT - Reconnective Therapy","description":"Heilungstage RCT - Reconnective Therapy | Herwig und Kerstin Sch\u00f6n. Jeder von uns tr\u00e4gt das Wissen \u00fcber perfektes Wohlbefinden in sich.","robots":{"index":"index","follow":"follow","max-snippet":"max-snippet:-1","max-image-preview":"max-image-preview:large","max-video-preview":"max-video-preview:-1"},"canonical":"https:\/\/www.reconnectivetherapy.com\/healing\/rct-healing-work\/healing-day-weekend\/healing-days\/","og_locale":"fr_FR","og_type":"article","og_title":"Journ\u00e9e de gu\u00e9rison RCT - Reconnective Therapy","og_description":"Heilungstage RCT - Reconnective Therapy | Herwig und Kerstin Sch\u00f6n. Jeder von uns tr\u00e4gt das Wissen \u00fcber perfektes Wohlbefinden in sich.","og_url":"https:\/\/www.reconnectivetherapy.com\/healing\/rct-healing-work\/healing-day-weekend\/healing-days\/","og_site_name":"RCT - Reconnective Therapy | Kerstin Sch\u00f6n","article_modified_time":"2018-04-24T20:09:56+00:00","twitter_misc":{"Dur\u00e9e de lecture estim\u00e9e":"2 minutes"},"schema":{"@context":"https:\/\/schema.org","@graph":[{"@type":"WebPage","@id":"https:\/\/www.reconnectivetherapy.com\/healing\/rct-healing-work\/healing-day-weekend\/healing-days\/","url":"https:\/\/www.reconnectivetherapy.com\/healing\/rct-healing-work\/healing-day-weekend\/healing-days\/","name":"Journ\u00e9e de gu\u00e9rison RCT - Reconnective Therapy","isPartOf":{"@id":"https:\/\/www.reconnectivetherapy.com\/#website"},"datePublished":"2016-03-10T11:02:59+00:00","dateModified":"2018-04-24T20:09:56+00:00","description":"Heilungstage RCT - Reconnective Therapy | Herwig und Kerstin Sch\u00f6n. Jeder von uns tr\u00e4gt das Wissen \u00fcber perfektes Wohlbefinden in sich.","breadcrumb":{"@id":"https:\/\/www.reconnectivetherapy.com\/healing\/rct-healing-work\/healing-day-weekend\/healing-days\/#breadcrumb"},"inLanguage":"fr-FR","potentialAction":[{"@type":"ReadAction","target":["https:\/\/www.reconnectivetherapy.com\/healing\/rct-healing-work\/healing-day-weekend\/healing-days\/"]}]},{"@type":"BreadcrumbList","@id":"https:\/\/www.reconnectivetherapy.com\/healing\/rct-healing-work\/healing-day-weekend\/healing-days\/#breadcrumb","itemListElement":[{"@type":"ListItem","position":1,"name":"Accueil","item":"https:\/\/www.reconnectivetherapy.com\/fr\/"},{"@type":"ListItem","position":2,"name":"alte Versionen","item":"https:\/\/www.reconnectivetherapy.com\/fr\/alte-versionen\/"},{"@type":"ListItem","position":3,"name":"Journ\u00e9e de gu\u00e9rison"}]},{"@type":"WebSite","@id":"https:\/\/www.reconnectivetherapy.com\/#website","url":"https:\/\/www.reconnectivetherapy.com\/","name":"RCT - Reconnective Therapy | Kerstin Sch\u00f6n","description":"RCT - Reconnective Therapy | Kerstin Sch\u00f6n","potentialAction":[{"@type":"SearchAction","target":{"@type":"EntryPoint","urlTemplate":"https:\/\/www.reconnectivetherapy.com\/?s={search_term_string}"},"query-input":{"@type":"PropertyValueSpecification","valueRequired":true,"valueName":"search_term_string"}}],"inLanguage":"fr-FR"}]}},"_links":{"self":[{"href":"https:\/\/www.reconnectivetherapy.com\/fr\/wp-json\/wp\/v2\/pages\/6623","targetHints":{"allow":["GET"]}}],"collection":[{"href":"https:\/\/www.reconnectivetherapy.com\/fr\/wp-json\/wp\/v2\/pages"}],"about":[{"href":"https:\/\/www.reconnectivetherapy.com\/fr\/wp-json\/wp\/v2\/types\/page"}],"author":[{"embeddable":true,"href":"https:\/\/www.reconnectivetherapy.com\/fr\/wp-json\/wp\/v2\/users\/10"}],"replies":[{"embeddable":true,"href":"https:\/\/www.reconnectivetherapy.com\/fr\/wp-json\/wp\/v2\/comments?post=6623"}],"version-history":[{"count":0,"href":"https:\/\/www.reconnectivetherapy.com\/fr\/wp-json\/wp\/v2\/pages\/6623\/revisions"}],"up":[{"embeddable":true,"href":"https:\/\/www.reconnectivetherapy.com\/fr\/wp-json\/wp\/v2\/pages\/13535"}],"wp:attachment":[{"href":"https:\/\/www.reconnectivetherapy.com\/fr\/wp-json\/wp\/v2\/media?parent=6623"}],"curies":[{"name":"wp","href":"https:\/\/api.w.org\/{rel}","templated":true}]}}