{"id":6608,"date":"2016-03-10T11:53:01","date_gmt":"2016-03-10T10:53:01","guid":{"rendered":"http:\/\/www.reconnectivetherapy.com\/fr\/heilung\/treatments"},"modified":"2018-06-28T08:32:56","modified_gmt":"2018-06-28T06:32:56","slug":"treatments","status":"publish","type":"page","link":"https:\/\/www.reconnectivetherapy.com\/fr\/rct\/heilung\/treatments\/","title":{"rendered":"Traitement individuel \u00e0 distance"},"content":{"rendered":"<div class=\"wpb-content-wrapper\"><p>[vc_row][vc_column css=\u00a0\u00bb.vc_custom_1453450499130{margin-top: 30px !important;}\u00a0\u00bb][vc_column_text undefined=\u00a0\u00bb\u00a0\u00bb]<\/p>\n<h3>Le d\u00e9roulement d\u2019un traitement<\/h3>\n<h4 align=\"left\">Traitement RCT \u00e0 distance<\/h4>\n<p>[\/vc_column_text][\/vc_column][\/vc_row][vc_row][vc_column css=\u00a0\u00bb.vc_custom_1460014719764{margin-top: 24px !important;}\u00a0\u00bb][vc_column_text undefined=\u00a0\u00bb\u00a0\u00bb]<\/p>\n<ul>\n<li>Les traitements individuels sont g\u00e9n\u00e9ralement r\u00e9alis\u00e9s \u00e0 distance, par t\u00e9l\u00e9phone.<\/li>\n<\/ul>\n<ul>\n<li><strong>Prendre Rendez-Vous:<\/strong><br \/>\n1) Pour prendre rendez-vous, veuillez appeler le bureau fran\u00e7ais au +33 (0)6 70 10 53 13.<br \/>\n2) Silke Maier sera \u00e0 votre \u00e9coute, vous guidera pour les proc\u00e9dures et r\u00e9pondra \u00e0 toutes vos questions.<br \/>\n3) Vous pourrez alors prendre rendez-vous avec elle, Kerstin ou Herwig, le choix du th\u00e9rapeute d\u00e9pendant en partie du travail qui conviendrait le mieux \u00e0 votre cas. Pour les s\u00e9ances avec Herwig, il serait de votre ressort de trouver un traducteur, si n\u00e9cessaire. Si vous souhaitez faire appel \u00e0 un traducteur de notre \u00e9quipe, c\u2019est \u00e9galement possible. Ce service vous sera factur\u00e9 20,- \u20ac.<\/li>\n<\/ul>\n<ul>\n<li><strong>La structure d&rsquo;un traitement \u00e0 distance RCT:<\/strong><br \/>\n1) Au moment du rendez-vous, nous vous appellerons.<br \/>\n2) Le traitement en soi, c\u2019est-\u00e0-dire la connexion entre les informations de perfection et votre corps, ne prend que quelques secondes. Votre corps re\u00e7oit alors toutes les informations qu\u2019il peut accueillir dans ce moment.<br \/>\n3) Une autre partie du travail peut \u00eatre \u00ab parl\u00e9e \u00bb : nous nous servons ensuite de ce que vous voudriez partager pour approfondir le processus de gu\u00e9rison et la prise de conscience.<br \/>\n4) Une fois le travail accompli, en fin de s\u00e9ance, nous lirons votre corps \u00e9nerg\u00e9tique afin de d\u00e9terminer de combien de temps votre corps aura besoin pour int\u00e9grer le traitement, puis nous nous mettrons d\u2019accord ensemble pour le rendez-vous suivant, si vous souhaitez continuer le travail.<\/li>\n<\/ul>\n<ul>\n<li>Nous pouvons \u00e9galement travailler avec vous sans communication t\u00e9l\u00e9phonique, les effets de gu\u00e9rison resteront les m\u00eames. L\u00e0 est le grand avantage, dans le cas o\u00f9 l\u2019un de nous n\u2019est pas disponible pour un rendez-vous t\u00e9l\u00e9phonique.<\/li>\n<\/ul>\n<ul>\n<li>Dans le cas d\u2019une urgence, vous pouvez toujours nous contacter par le biais de notre contact en France (Silke Maier), n\u2019h\u00e9sitez surtout pas \u00e0 laisser un message, nous relevons les e-mails et nous \u00e9coutons la messagerie fr\u00e9quemment au cours de la journ\u00e9e.<\/li>\n<\/ul>\n<p>&nbsp;<\/p>\n<p><strong>Co\u00fbt:<br \/>\n<\/strong>50,-\u20ac traitement RCT sans appel<br \/>\n65,-\u20ac traitement RCT avec appel[\/vc_column_text][vc_row_inner css=\u00a0\u00bb.vc_custom_1524600441679{margin-top: 24px !important;}\u00a0\u00bb][vc_column_inner width=\u00a0\u00bb1\/4&Prime;][vc_promo_box]<\/p>\n<p style=\"text-align: center;\"><strong><a href=\"\/fr\/schedule\">Programme<\/a><\/strong><\/p>\n<p>[\/vc_promo_box][\/vc_column_inner][vc_column_inner width=\u00a0\u00bb1\/4&Prime;][\/vc_column_inner][vc_column_inner width=\u00a0\u00bb1\/4&Prime;][\/vc_column_inner][vc_column_inner width=\u00a0\u00bb1\/4&Prime;][\/vc_column_inner][\/vc_row_inner][\/vc_column][\/vc_row][vc_row][vc_column][vc_separator height_2=\u00a0\u00bb40&Prime; height=\u00a0\u00bb0&Prime; show_border=\u00a0\u00bbyes_border\u00a0\u00bb][\/vc_column][\/vc_row]<\/p>\n<\/div>","protected":false},"excerpt":{"rendered":"<p>[vc_row][vc_column css=\u00a0\u00bb.vc_custom_1453450499130{margin-top: 30px !important;}\u00a0\u00bb][vc_column_text undefined=\u00a0\u00bb\u00a0\u00bb] Le d\u00e9roulement d\u2019un traitement Traitement RCT \u00e0 distance [\/vc_column_text][\/vc_column][\/vc_row][vc_row][vc_column css=\u00a0\u00bb.vc_custom_1460014719764{margin-top: 24px !important;}\u00a0\u00bb][vc_column_text undefined=\u00a0\u00bb\u00a0\u00bb] Les traitements individuels sont g\u00e9n\u00e9ralement r\u00e9alis\u00e9s \u00e0 distance,<span class=\"excerpt-hellip\"> [\u2026]<\/span><\/p>\n","protected":false},"author":10,"featured_media":0,"parent":6606,"menu_order":0,"comment_status":"closed","ping_status":"closed","template":"template-slider-full-fr.php","meta":{"footnotes":""},"class_list":["post-6608","page","type-page","status-publish","hentry"],"yoast_head":"<!-- This site is optimized with the Yoast SEO plugin v27.5 - https:\/\/yoast.com\/product\/yoast-seo-wordpress\/ -->\n<title>Traitement individuel \u00e0 distance - Reconnective Therapy<\/title>\n<meta name=\"description\" content=\"Les traitements individuels sont g\u00e9n\u00e9ralement r\u00e9alis\u00e9s \u00e0 distance, par t\u00e9l\u00e9phone.- Reconnective Therapy | Herwig und Kerstin Sch\u00f6n.\" \/>\n<meta name=\"robots\" content=\"index, follow, max-snippet:-1, max-image-preview:large, max-video-preview:-1\" \/>\n<link rel=\"canonical\" href=\"https:\/\/www.reconnectivetherapy.com\/fr\/rct\/heilung\/treatments\/\" \/>\n<meta property=\"og:locale\" content=\"fr_FR\" \/>\n<meta property=\"og:type\" content=\"article\" \/>\n<meta property=\"og:title\" content=\"Traitement individuel \u00e0 distance - Reconnective Therapy\" \/>\n<meta property=\"og:description\" content=\"Les traitements individuels sont g\u00e9n\u00e9ralement r\u00e9alis\u00e9s \u00e0 distance, par t\u00e9l\u00e9phone.- Reconnective Therapy | Herwig und Kerstin Sch\u00f6n.\" \/>\n<meta property=\"og:url\" content=\"https:\/\/www.reconnectivetherapy.com\/fr\/rct\/heilung\/treatments\/\" \/>\n<meta property=\"og:site_name\" content=\"RCT - Reconnective Therapy | Kerstin Sch\u00f6n\" \/>\n<meta property=\"article:modified_time\" content=\"2018-06-28T06:32:56+00:00\" \/>\n<meta name=\"twitter:label1\" content=\"Dur\u00e9e de lecture estim\u00e9e\" \/>\n\t<meta name=\"twitter:data1\" content=\"2 minutes\" \/>\n<script type=\"application\/ld+json\" class=\"yoast-schema-graph\">{\"@context\":\"https:\\\/\\\/schema.org\",\"@graph\":[{\"@type\":\"WebPage\",\"@id\":\"https:\\\/\\\/www.reconnectivetherapy.com\\\/fr\\\/rct\\\/heilung\\\/treatments\\\/\",\"url\":\"https:\\\/\\\/www.reconnectivetherapy.com\\\/fr\\\/rct\\\/heilung\\\/treatments\\\/\",\"name\":\"Traitement individuel \u00e0 distance - Reconnective Therapy\",\"isPartOf\":{\"@id\":\"https:\\\/\\\/www.reconnectivetherapy.com\\\/#website\"},\"datePublished\":\"2016-03-10T10:53:01+00:00\",\"dateModified\":\"2018-06-28T06:32:56+00:00\",\"description\":\"Les traitements individuels sont g\u00e9n\u00e9ralement r\u00e9alis\u00e9s \u00e0 distance, par t\u00e9l\u00e9phone.- Reconnective Therapy | Herwig und Kerstin Sch\u00f6n.\",\"breadcrumb\":{\"@id\":\"https:\\\/\\\/www.reconnectivetherapy.com\\\/fr\\\/rct\\\/heilung\\\/treatments\\\/#breadcrumb\"},\"inLanguage\":\"fr-FR\",\"potentialAction\":[{\"@type\":\"ReadAction\",\"target\":[\"https:\\\/\\\/www.reconnectivetherapy.com\\\/fr\\\/rct\\\/heilung\\\/treatments\\\/\"]}]},{\"@type\":\"BreadcrumbList\",\"@id\":\"https:\\\/\\\/www.reconnectivetherapy.com\\\/fr\\\/rct\\\/heilung\\\/treatments\\\/#breadcrumb\",\"itemListElement\":[{\"@type\":\"ListItem\",\"position\":1,\"name\":\"Accueil\",\"item\":\"https:\\\/\\\/www.reconnectivetherapy.com\\\/fr\\\/\"},{\"@type\":\"ListItem\",\"position\":2,\"name\":\"Gu\u00e9rison et formation\",\"item\":\"https:\\\/\\\/www.reconnectivetherapy.com\\\/healing\\\/\"},{\"@type\":\"ListItem\",\"position\":3,\"name\":\"Gu\u00e9rison\",\"item\":\"https:\\\/\\\/www.reconnectivetherapy.com\\\/healing\\\/rct-healing-work\\\/\"},{\"@type\":\"ListItem\",\"position\":4,\"name\":\"Traitement individuel \u00e0 distance\"}]},{\"@type\":\"WebSite\",\"@id\":\"https:\\\/\\\/www.reconnectivetherapy.com\\\/#website\",\"url\":\"https:\\\/\\\/www.reconnectivetherapy.com\\\/\",\"name\":\"RCT - Reconnective Therapy | Kerstin Sch\u00f6n\",\"description\":\"RCT - Reconnective Therapy | Kerstin Sch\u00f6n\",\"potentialAction\":[{\"@type\":\"SearchAction\",\"target\":{\"@type\":\"EntryPoint\",\"urlTemplate\":\"https:\\\/\\\/www.reconnectivetherapy.com\\\/?s={search_term_string}\"},\"query-input\":{\"@type\":\"PropertyValueSpecification\",\"valueRequired\":true,\"valueName\":\"search_term_string\"}}],\"inLanguage\":\"fr-FR\"}]}<\/script>\n<!-- \/ Yoast SEO plugin. -->","yoast_head_json":{"title":"Traitement individuel \u00e0 distance - Reconnective Therapy","description":"Les traitements individuels sont g\u00e9n\u00e9ralement r\u00e9alis\u00e9s \u00e0 distance, par t\u00e9l\u00e9phone.- Reconnective Therapy | Herwig und Kerstin Sch\u00f6n.","robots":{"index":"index","follow":"follow","max-snippet":"max-snippet:-1","max-image-preview":"max-image-preview:large","max-video-preview":"max-video-preview:-1"},"canonical":"https:\/\/www.reconnectivetherapy.com\/fr\/rct\/heilung\/treatments\/","og_locale":"fr_FR","og_type":"article","og_title":"Traitement individuel \u00e0 distance - Reconnective Therapy","og_description":"Les traitements individuels sont g\u00e9n\u00e9ralement r\u00e9alis\u00e9s \u00e0 distance, par t\u00e9l\u00e9phone.- Reconnective Therapy | Herwig und Kerstin Sch\u00f6n.","og_url":"https:\/\/www.reconnectivetherapy.com\/fr\/rct\/heilung\/treatments\/","og_site_name":"RCT - Reconnective Therapy | Kerstin Sch\u00f6n","article_modified_time":"2018-06-28T06:32:56+00:00","twitter_misc":{"Dur\u00e9e de lecture estim\u00e9e":"2 minutes"},"schema":{"@context":"https:\/\/schema.org","@graph":[{"@type":"WebPage","@id":"https:\/\/www.reconnectivetherapy.com\/fr\/rct\/heilung\/treatments\/","url":"https:\/\/www.reconnectivetherapy.com\/fr\/rct\/heilung\/treatments\/","name":"Traitement individuel \u00e0 distance - Reconnective Therapy","isPartOf":{"@id":"https:\/\/www.reconnectivetherapy.com\/#website"},"datePublished":"2016-03-10T10:53:01+00:00","dateModified":"2018-06-28T06:32:56+00:00","description":"Les traitements individuels sont g\u00e9n\u00e9ralement r\u00e9alis\u00e9s \u00e0 distance, par t\u00e9l\u00e9phone.- Reconnective Therapy | Herwig und Kerstin Sch\u00f6n.","breadcrumb":{"@id":"https:\/\/www.reconnectivetherapy.com\/fr\/rct\/heilung\/treatments\/#breadcrumb"},"inLanguage":"fr-FR","potentialAction":[{"@type":"ReadAction","target":["https:\/\/www.reconnectivetherapy.com\/fr\/rct\/heilung\/treatments\/"]}]},{"@type":"BreadcrumbList","@id":"https:\/\/www.reconnectivetherapy.com\/fr\/rct\/heilung\/treatments\/#breadcrumb","itemListElement":[{"@type":"ListItem","position":1,"name":"Accueil","item":"https:\/\/www.reconnectivetherapy.com\/fr\/"},{"@type":"ListItem","position":2,"name":"Gu\u00e9rison et formation","item":"https:\/\/www.reconnectivetherapy.com\/healing\/"},{"@type":"ListItem","position":3,"name":"Gu\u00e9rison","item":"https:\/\/www.reconnectivetherapy.com\/healing\/rct-healing-work\/"},{"@type":"ListItem","position":4,"name":"Traitement individuel \u00e0 distance"}]},{"@type":"WebSite","@id":"https:\/\/www.reconnectivetherapy.com\/#website","url":"https:\/\/www.reconnectivetherapy.com\/","name":"RCT - Reconnective Therapy | Kerstin Sch\u00f6n","description":"RCT - Reconnective Therapy | Kerstin Sch\u00f6n","potentialAction":[{"@type":"SearchAction","target":{"@type":"EntryPoint","urlTemplate":"https:\/\/www.reconnectivetherapy.com\/?s={search_term_string}"},"query-input":{"@type":"PropertyValueSpecification","valueRequired":true,"valueName":"search_term_string"}}],"inLanguage":"fr-FR"}]}},"_links":{"self":[{"href":"https:\/\/www.reconnectivetherapy.com\/fr\/wp-json\/wp\/v2\/pages\/6608","targetHints":{"allow":["GET"]}}],"collection":[{"href":"https:\/\/www.reconnectivetherapy.com\/fr\/wp-json\/wp\/v2\/pages"}],"about":[{"href":"https:\/\/www.reconnectivetherapy.com\/fr\/wp-json\/wp\/v2\/types\/page"}],"author":[{"embeddable":true,"href":"https:\/\/www.reconnectivetherapy.com\/fr\/wp-json\/wp\/v2\/users\/10"}],"replies":[{"embeddable":true,"href":"https:\/\/www.reconnectivetherapy.com\/fr\/wp-json\/wp\/v2\/comments?post=6608"}],"version-history":[{"count":0,"href":"https:\/\/www.reconnectivetherapy.com\/fr\/wp-json\/wp\/v2\/pages\/6608\/revisions"}],"up":[{"embeddable":true,"href":"https:\/\/www.reconnectivetherapy.com\/fr\/wp-json\/wp\/v2\/pages\/6606"}],"wp:attachment":[{"href":"https:\/\/www.reconnectivetherapy.com\/fr\/wp-json\/wp\/v2\/media?parent=6608"}],"curies":[{"name":"wp","href":"https:\/\/api.w.org\/{rel}","templated":true}]}}