{"id":6596,"date":"2016-03-10T09:25:52","date_gmt":"2016-03-10T08:25:52","guid":{"rendered":"http:\/\/www.reconnectivetherapy.com\/fr\/rct\/what-is-rct"},"modified":"2016-05-13T22:34:56","modified_gmt":"2016-05-13T20:34:56","slug":"what-is-rct","status":"publish","type":"page","link":"https:\/\/www.reconnectivetherapy.com\/fr\/rct\/what-is-rct\/","title":{"rendered":"Qu\u2019est-ce que la RCT"},"content":{"rendered":"<div class=\"wpb-content-wrapper\"><p>[vc_row][vc_column css=\u00a0\u00bb.vc_custom_1453450499130{margin-top: 30px !important;}\u00a0\u00bb][vc_column_text undefined=\u00a0\u00bb\u00a0\u00bb]<\/p>\n<h3>QU\u2019EST-CE QUE LA RECONNECTIVE THERAPY ?<\/h3>\n<p>[\/vc_column_text][\/vc_column][\/vc_row][vc_row][vc_column][vc_column_text undefined=\u00a0\u00bb\u00a0\u00bb]<\/p>\n<p style=\"text-align: justify;\">Nous portons tous en nous la base de connaissances n\u00e9cessaire au bien-\u00eatre parfait. Ces connaissances se situent dans notre corps \u00e9nerg\u00e9tique.<\/p>\n<p>Le corps \u00e9nerg\u00e9tique n\u2019est autre que la force qui b\u00e2tit notre corps physique et contient le mod\u00e8le parfait de la structure et de la fonction du corps et de l\u2019esprit. Il contient \u00e9galement toutes nos \u00e9motions, pens\u00e9es, souvenirs et possibles avenirs. Nous perdons notre bien-\u00eatre lorsque les connexions entre notre corps \u00e9nerg\u00e9tique et notre corps physique se rompent. La ReConnective Therapy (RCT) est un art de gu\u00e9rison facilitant les connexions entre les corps physique et \u00e9nerg\u00e9tique.[\/vc_column_text][\/vc_column][\/vc_row][vc_row][vc_column width=\u00a0\u00bb1\/6&Prime;][vc_promo_box]<a href=\"video-rct\">RCT \u203a\u203a Video<\/a>[\/vc_promo_box][\/vc_column][vc_column width=\u00a0\u00bb1\/6&Prime;][\/vc_column][vc_column width=\u00a0\u00bb1\/6&Prime;][\/vc_column][vc_column width=\u00a0\u00bb1\/6&Prime;][\/vc_column][vc_column width=\u00a0\u00bb1\/6&Prime;][\/vc_column][vc_column width=\u00a0\u00bb1\/6&Prime;][\/vc_column][\/vc_row][vc_row][vc_column][vc_separator height_2=\u00a0\u00bb40&Prime; height=\u00a0\u00bb0&Prime; show_border=\u00a0\u00bbyes_border\u00a0\u00bb][\/vc_column][\/vc_row][vc_row][vc_column css=\u00a0\u00bb.vc_custom_1453450499130{margin-top: 30px !important;}\u00a0\u00bb][vc_column_text undefined=\u00a0\u00bb\u00a0\u00bb]<\/p>\n<h3>LE CORPS \u00c9NERG\u00c9TIQUE<\/h3>\n<p>[\/vc_column_text][\/vc_column][\/vc_row][vc_row][vc_column][vc_column_text undefined=\u00a0\u00bb\u00a0\u00bb]Pour comprendre le fonctionnement de la ReConnective Therapy, il est important de comprendre la relation entre la force et la mati\u00e8re.<\/p>\n<p>Notre corps physique consiste en la mati\u00e8re. La premi\u00e8re loi de Newton d\u00e9crit l\u2019une des principales caract\u00e9ristiques de la mati\u00e8re de cette fa\u00e7on : \u00ab F = m x a \u00bb ou la force est \u00e9gale \u00e0 la masse par l\u2019acc\u00e9l\u00e9ration. Cela signifie qu\u2019aucune mati\u00e8re ne peut bouger sans une force qui la d\u00e9place. Par exemple, une cellule humaine est constitu\u00e9e de plusieurs substances diff\u00e9rentes, parmi elles : le carbone, l\u2019azote, l\u2019oxyg\u00e8ne, l\u2019hydrog\u00e8ne et de nombreux oligo-\u00e9l\u00e9ments. Si toutes ces substances sont combin\u00e9es entre elles au bon ratio, il se cr\u00e9era alors une combinaison de ces substances, mais il n\u2019y aura pas de cr\u00e9ation d\u2019une nouvelle cellule.<\/p>\n<p>La cr\u00e9ation d\u2019une cellule requiert une force qui meut les substances d\u2019une mani\u00e8re particuli\u00e8re. Une cellule n\u2019est pas une accumulation de mati\u00e8re, mais plut\u00f4t cette force organisant et mouvant la mati\u00e8re, qui rend la cellule visible. Si cette force quitte la cellule, chacune des substances individuelles suit alors \u00e0 nouveau son propre chemin, nous dirions dans ce cas que la cellule est morte.<\/p>\n<p>Ce qui est valable pour une cellule l\u2019est aussi pour un ensemble de cellules, comme celui que repr\u00e9sente le corps humain par exemple. Il y a dans chaque corps humain une force qui organise et meut la mati\u00e8re pour faire en sorte que ce corps existe. Cette force p\u00e9n\u00e8tre totalement le corps et cr\u00e9e tous les mouvements des substances dans le corps. Elle est appel\u00e9e \u00ab corps \u00e9nerg\u00e9tique \u00bb. Le corps \u00e9nerg\u00e9tique existe ind\u00e9pendamment de son expression dans le domaine physique. Le moment pendant lequel le corps \u00e9nerg\u00e9tique se connecte au monde physique n\u2019est autre que le moment que nous appelons la \u00ab conception \u00bb, et sa d\u00e9connection du domaine physique est ce que nous appelons la \u00ab mort \u00bb. Tout comme le corps physique, le corps \u00e9nerg\u00e9tique a une structure et une anatomie tr\u00e8s distinctes.<\/p>\n<p>Le corps \u00e9nerg\u00e9tique contient deux niveaux diff\u00e9rents d\u2019informations sur la structure et la fonction du corps physique. Sur l\u2019un des deux niveaux, les informations concernent le statut actuel du corps, sur l\u2019autre, les informations concernent les perfections du statut actuel. Prenons par exemple un individu atteint de pneumonie ; dans ce cas, l\u2019information au sujet de la pneumonie se trouvera dans le niveau concernant l\u2019actuelle structure du corps. Il doit en \u00eatre ainsi puisque le corps \u00e9nerg\u00e9tique \u00ab dirige \u00bb le corps physique. En cons\u00e9quence, la pneumonie se montre en premier lieu dans le corps \u00e9nerg\u00e9tique, avant de se manifester physiquement dans le corps de l\u2019individu. Au niveau des informations de perfection du statut actuel, il n\u2019y aura pas de pneumonie, il n\u2019y aura que l\u2019information d\u2019un poumon parfaitement sain.[\/vc_column_text][\/vc_column][\/vc_row][vc_row][vc_column][vc_separator height_2=\u00a0\u00bb40&Prime; height=\u00a0\u00bb0&Prime; show_border=\u00a0\u00bbyes_border\u00a0\u00bb][\/vc_column][\/vc_row][vc_row][vc_column css=\u00a0\u00bb.vc_custom_1453450499130{margin-top: 30px !important;}\u00a0\u00bb][vc_column_text undefined=\u00a0\u00bb\u00a0\u00bb]<\/p>\n<h3>QUE FAIT LA RCT?<\/h3>\n<p>[\/vc_column_text][\/vc_column][\/vc_row][vc_row][vc_column][vc_column_text undefined=\u00a0\u00bb\u00a0\u00bb]En RCT, nous connectons l\u2019information du niveau de perfection au corps physique, et l\u2019y ancrons. Dans le cas de la pneumonie, le fait d\u2019avoir connect\u00e9 l\u2019information de structure et fonction saines du poumon, permettra \u00e0 celui-ci de se r\u00e9tablir dans le corps physique et l\u2019inflammation dispara\u00eetra.<\/p>\n<p>L\u2019ancrage de l\u2019information assure que la connexion demeure. Cela garantira un flux constant de l\u2019information entre les deux niveaux. Je n\u2019ai jusqu\u2019ici jamais vu une connexion ancr\u00e9e dispara\u00eetre.<\/p>\n<p>Cela se d\u00e9roule de la m\u00eame mani\u00e8re lorsqu\u2019il s\u2019agit de gu\u00e9rir l\u2019esprit. Comme il l\u2019a \u00e9t\u00e9 mentionn\u00e9 plus haut, le corps \u00e9nerg\u00e9tique contient \u00e9galement nos pens\u00e9es et nos \u00e9motions. Ces derni\u00e8res existent aussi sur deux niveaux. Fondamentalement, la gu\u00e9rison de l\u2019esprit fonctionnent de la m\u00eame fa\u00e7on que la gu\u00e9rison du corps : \u00e0 travers la connexion de l\u2018information entre le niveau de perfection et le corps physique. Il est tr\u00e8s complexe de d\u00e9crire et d\u2019expliquer ici, en quelques lignes, comment cela fonctionne ; si vous \u00eates int\u00e9ress\u00e9s et souhaitez en savoir d\u2019avantage, vous pouvez lire le livre que j\u2019ai \u00e9crit \u00e0 ce sujet : ReConnective Therapy, a new Healing Paradigm (ReConnective Therapy, un nouveau paradigme de la gu\u00e9rison). Le livre existe en anglais et en allemand.[\/vc_column_text][\/vc_column][\/vc_row][vc_row][vc_column][vc_separator height_2=\u00a0\u00bb40&Prime; height=\u00a0\u00bb0&Prime; show_border=\u00a0\u00bbyes_border\u00a0\u00bb][\/vc_column][\/vc_row][vc_row][vc_column css=\u00a0\u00bb.vc_custom_1453450499130{margin-top: 30px !important;}\u00a0\u00bb][vc_column_text undefined=\u00a0\u00bb\u00a0\u00bb]<\/p>\n<h3>COMMENT LES CONNEXIONS SONT \u00c9TABLIES?<\/h3>\n<p>[\/vc_column_text][\/vc_column][\/vc_row][vc_row][vc_column][vc_column_text undefined=\u00a0\u00bb\u00a0\u00bb]D\u2019apr\u00e8s mon observation, les niveaux de perfection (physiquement, \u00e9motionnellement et mentalement), vibrent \u00e0 la m\u00eame fr\u00e9quence dans chaque \u00eatre humain. Au cours du traitement, le th\u00e9rapeute active le calibrage de perfection, \u00e9levant la vibration \u00e0 une fr\u00e9quence d\u2019amplitude plus \u00e9lev\u00e9e. Vous pouvez imaginer ce processus comme une lumi\u00e8re devenant plus vive. Cela m\u00e8ne \u00e0 un effet de r\u00e9sonance et \u00e0 l\u2019activation, chez le patient, du mod\u00e8le de perfection. Une fois que la vibration est assez puissante, les connexions au corps humain sont \u00e9tablies et ancr\u00e9es. Cela prend environ une minute jusqu\u2019\u00e0 ce que le corps ait re\u00e7u toutes les informations qu\u2019il pouvait recevoir en une fois, apr\u00e8s quoi il aura besoin de temps pour accomplir le processus de restructuration \u00e0 tous les niveaux, avant de pouvoir recevoir un autre traitement.[\/vc_column_text][\/vc_column][\/vc_row][vc_row][vc_column][vc_separator height_2=\u00a0\u00bb40&Prime; height=\u00a0\u00bb0&Prime; show_border=\u00a0\u00bbyes_border\u00a0\u00bb][\/vc_column][\/vc_row][vc_row][vc_column css=\u00a0\u00bb.vc_custom_1453450499130{margin-top: 30px !important;}\u00a0\u00bb][vc_column_text undefined=\u00a0\u00bb\u00a0\u00bb]<\/p>\n<h3>COMMENT LE TRAVAIL EST ADMINISTR\u00c9?<\/h3>\n<p>[\/vc_column_text][\/vc_column][\/vc_row][vc_row][vc_column][vc_column_text undefined=\u00a0\u00bb\u00a0\u00bb]Ce travail peut \u00eatre aussi bien r\u00e9alis\u00e9 en personne ou \u00e0 distance. Nous avons remarqu\u00e9 que le pouvoir de gu\u00e9rison est bien plus amplifi\u00e9 lors des traitements r\u00e9alis\u00e9s en groupe. Cela est d\u00fb aux effets de r\u00e9sonance qui se cr\u00e9ent au sein des participants\u00a0: les traitements se stimulant les uns les autres. Ce travail peut \u00eatre d\u2019autant plus efficace si les patients participant travaillent avec un regard conscient sur leurs aspects ayant besoin d\u2019une gu\u00e9rison, comme au cours des stages de RCT- Gu\u00e9rison Intensive. Les gu\u00e9risons qui en r\u00e9sultent sont parfois si puissantes qu\u2019elles sont ressenties comme une renaissance de l\u2019\u00eatre humain.[\/vc_column_text][\/vc_column][\/vc_row][vc_row][vc_column][vc_separator height_2=\u00a0\u00bb40&Prime; height=\u00a0\u00bb0&Prime; show_border=\u00a0\u00bbyes_border\u00a0\u00bb][\/vc_column][\/vc_row]<\/p>\n<\/div>","protected":false},"excerpt":{"rendered":"<p>[vc_row][vc_column css=\u00a0\u00bb.vc_custom_1453450499130{margin-top: 30px !important;}\u00a0\u00bb][vc_column_text undefined=\u00a0\u00bb\u00a0\u00bb] QU\u2019EST-CE QUE LA RECONNECTIVE THERAPY ? [\/vc_column_text][\/vc_column][\/vc_row][vc_row][vc_column][vc_column_text undefined=\u00a0\u00bb\u00a0\u00bb] Nous portons tous en nous la base de connaissances n\u00e9cessaire au bien-\u00eatre parfait.<span class=\"excerpt-hellip\"> [\u2026]<\/span><\/p>\n","protected":false},"author":10,"featured_media":0,"parent":6595,"menu_order":0,"comment_status":"closed","ping_status":"closed","template":"template-slider-full-fr.php","meta":{"footnotes":""},"class_list":["post-6596","page","type-page","status-publish","hentry"],"yoast_head":"<!-- This site is optimized with the Yoast SEO plugin v27.5 - https:\/\/yoast.com\/product\/yoast-seo-wordpress\/ -->\n<title>Was ist RCT - Reconnective Therapy<\/title>\n<meta name=\"description\" content=\"Was ist RCT - Reconnective Therapy | Herwig und Kerstin Sch\u00f6n. Jeder von uns tr\u00e4gt das Wissen \u00fcber perfektes Wohlbefinden in sich.\" \/>\n<meta name=\"robots\" content=\"index, follow, max-snippet:-1, max-image-preview:large, max-video-preview:-1\" \/>\n<link rel=\"canonical\" href=\"https:\/\/www.reconnectivetherapy.com\/healing\/what-is-rct\/\" \/>\n<meta property=\"og:locale\" content=\"fr_FR\" \/>\n<meta property=\"og:type\" content=\"article\" \/>\n<meta property=\"og:title\" content=\"Was ist RCT - Reconnective Therapy\" \/>\n<meta property=\"og:description\" content=\"Was ist RCT - Reconnective Therapy | Herwig und Kerstin Sch\u00f6n. Jeder von uns tr\u00e4gt das Wissen \u00fcber perfektes Wohlbefinden in sich.\" \/>\n<meta property=\"og:url\" content=\"https:\/\/www.reconnectivetherapy.com\/healing\/what-is-rct\/\" \/>\n<meta property=\"og:site_name\" content=\"RCT - Reconnective Therapy | Kerstin Sch\u00f6n\" \/>\n<meta property=\"article:modified_time\" content=\"2016-05-13T20:34:56+00:00\" \/>\n<meta name=\"twitter:label1\" content=\"Dur\u00e9e de lecture estim\u00e9e\" \/>\n\t<meta name=\"twitter:data1\" content=\"7 minutes\" \/>\n<script type=\"application\/ld+json\" class=\"yoast-schema-graph\">{\"@context\":\"https:\\\/\\\/schema.org\",\"@graph\":[{\"@type\":\"WebPage\",\"@id\":\"https:\\\/\\\/www.reconnectivetherapy.com\\\/healing\\\/what-is-rct\\\/\",\"url\":\"https:\\\/\\\/www.reconnectivetherapy.com\\\/healing\\\/what-is-rct\\\/\",\"name\":\"Was ist RCT - Reconnective Therapy\",\"isPartOf\":{\"@id\":\"https:\\\/\\\/www.reconnectivetherapy.com\\\/#website\"},\"datePublished\":\"2016-03-10T08:25:52+00:00\",\"dateModified\":\"2016-05-13T20:34:56+00:00\",\"description\":\"Was ist RCT - Reconnective Therapy | Herwig und Kerstin Sch\u00f6n. Jeder von uns tr\u00e4gt das Wissen \u00fcber perfektes Wohlbefinden in sich.\",\"breadcrumb\":{\"@id\":\"https:\\\/\\\/www.reconnectivetherapy.com\\\/healing\\\/what-is-rct\\\/#breadcrumb\"},\"inLanguage\":\"fr-FR\",\"potentialAction\":[{\"@type\":\"ReadAction\",\"target\":[\"https:\\\/\\\/www.reconnectivetherapy.com\\\/healing\\\/what-is-rct\\\/\"]}]},{\"@type\":\"BreadcrumbList\",\"@id\":\"https:\\\/\\\/www.reconnectivetherapy.com\\\/healing\\\/what-is-rct\\\/#breadcrumb\",\"itemListElement\":[{\"@type\":\"ListItem\",\"position\":1,\"name\":\"Accueil\",\"item\":\"https:\\\/\\\/www.reconnectivetherapy.com\\\/fr\\\/\"},{\"@type\":\"ListItem\",\"position\":2,\"name\":\"Gu\u00e9rison et formation\",\"item\":\"https:\\\/\\\/www.reconnectivetherapy.com\\\/healing\\\/\"},{\"@type\":\"ListItem\",\"position\":3,\"name\":\"Qu\u2019est-ce que la RCT\"}]},{\"@type\":\"WebSite\",\"@id\":\"https:\\\/\\\/www.reconnectivetherapy.com\\\/#website\",\"url\":\"https:\\\/\\\/www.reconnectivetherapy.com\\\/\",\"name\":\"RCT - Reconnective Therapy | Kerstin Sch\u00f6n\",\"description\":\"RCT - Reconnective Therapy | Kerstin Sch\u00f6n\",\"potentialAction\":[{\"@type\":\"SearchAction\",\"target\":{\"@type\":\"EntryPoint\",\"urlTemplate\":\"https:\\\/\\\/www.reconnectivetherapy.com\\\/?s={search_term_string}\"},\"query-input\":{\"@type\":\"PropertyValueSpecification\",\"valueRequired\":true,\"valueName\":\"search_term_string\"}}],\"inLanguage\":\"fr-FR\"}]}<\/script>\n<!-- \/ Yoast SEO plugin. -->","yoast_head_json":{"title":"Was ist RCT - Reconnective Therapy","description":"Was ist RCT - Reconnective Therapy | Herwig und Kerstin Sch\u00f6n. Jeder von uns tr\u00e4gt das Wissen \u00fcber perfektes Wohlbefinden in sich.","robots":{"index":"index","follow":"follow","max-snippet":"max-snippet:-1","max-image-preview":"max-image-preview:large","max-video-preview":"max-video-preview:-1"},"canonical":"https:\/\/www.reconnectivetherapy.com\/healing\/what-is-rct\/","og_locale":"fr_FR","og_type":"article","og_title":"Was ist RCT - Reconnective Therapy","og_description":"Was ist RCT - Reconnective Therapy | Herwig und Kerstin Sch\u00f6n. Jeder von uns tr\u00e4gt das Wissen \u00fcber perfektes Wohlbefinden in sich.","og_url":"https:\/\/www.reconnectivetherapy.com\/healing\/what-is-rct\/","og_site_name":"RCT - Reconnective Therapy | Kerstin Sch\u00f6n","article_modified_time":"2016-05-13T20:34:56+00:00","twitter_misc":{"Dur\u00e9e de lecture estim\u00e9e":"7 minutes"},"schema":{"@context":"https:\/\/schema.org","@graph":[{"@type":"WebPage","@id":"https:\/\/www.reconnectivetherapy.com\/healing\/what-is-rct\/","url":"https:\/\/www.reconnectivetherapy.com\/healing\/what-is-rct\/","name":"Was ist RCT - Reconnective Therapy","isPartOf":{"@id":"https:\/\/www.reconnectivetherapy.com\/#website"},"datePublished":"2016-03-10T08:25:52+00:00","dateModified":"2016-05-13T20:34:56+00:00","description":"Was ist RCT - Reconnective Therapy | Herwig und Kerstin Sch\u00f6n. Jeder von uns tr\u00e4gt das Wissen \u00fcber perfektes Wohlbefinden in sich.","breadcrumb":{"@id":"https:\/\/www.reconnectivetherapy.com\/healing\/what-is-rct\/#breadcrumb"},"inLanguage":"fr-FR","potentialAction":[{"@type":"ReadAction","target":["https:\/\/www.reconnectivetherapy.com\/healing\/what-is-rct\/"]}]},{"@type":"BreadcrumbList","@id":"https:\/\/www.reconnectivetherapy.com\/healing\/what-is-rct\/#breadcrumb","itemListElement":[{"@type":"ListItem","position":1,"name":"Accueil","item":"https:\/\/www.reconnectivetherapy.com\/fr\/"},{"@type":"ListItem","position":2,"name":"Gu\u00e9rison et formation","item":"https:\/\/www.reconnectivetherapy.com\/healing\/"},{"@type":"ListItem","position":3,"name":"Qu\u2019est-ce que la RCT"}]},{"@type":"WebSite","@id":"https:\/\/www.reconnectivetherapy.com\/#website","url":"https:\/\/www.reconnectivetherapy.com\/","name":"RCT - Reconnective Therapy | Kerstin Sch\u00f6n","description":"RCT - Reconnective Therapy | Kerstin Sch\u00f6n","potentialAction":[{"@type":"SearchAction","target":{"@type":"EntryPoint","urlTemplate":"https:\/\/www.reconnectivetherapy.com\/?s={search_term_string}"},"query-input":{"@type":"PropertyValueSpecification","valueRequired":true,"valueName":"search_term_string"}}],"inLanguage":"fr-FR"}]}},"_links":{"self":[{"href":"https:\/\/www.reconnectivetherapy.com\/fr\/wp-json\/wp\/v2\/pages\/6596","targetHints":{"allow":["GET"]}}],"collection":[{"href":"https:\/\/www.reconnectivetherapy.com\/fr\/wp-json\/wp\/v2\/pages"}],"about":[{"href":"https:\/\/www.reconnectivetherapy.com\/fr\/wp-json\/wp\/v2\/types\/page"}],"author":[{"embeddable":true,"href":"https:\/\/www.reconnectivetherapy.com\/fr\/wp-json\/wp\/v2\/users\/10"}],"replies":[{"embeddable":true,"href":"https:\/\/www.reconnectivetherapy.com\/fr\/wp-json\/wp\/v2\/comments?post=6596"}],"version-history":[{"count":0,"href":"https:\/\/www.reconnectivetherapy.com\/fr\/wp-json\/wp\/v2\/pages\/6596\/revisions"}],"up":[{"embeddable":true,"href":"https:\/\/www.reconnectivetherapy.com\/fr\/wp-json\/wp\/v2\/pages\/6595"}],"wp:attachment":[{"href":"https:\/\/www.reconnectivetherapy.com\/fr\/wp-json\/wp\/v2\/media?parent=6596"}],"curies":[{"name":"wp","href":"https:\/\/api.w.org\/{rel}","templated":true}]}}