{"id":6595,"date":"2016-03-22T16:32:07","date_gmt":"2016-03-22T15:32:34","guid":{"rendered":"http:\/\/www.reconnectivetherapy.com\/fr\/rct"},"modified":"2023-10-12T10:02:47","modified_gmt":"2023-10-12T08:02:47","slug":"rct","status":"publish","type":"page","link":"https:\/\/www.reconnectivetherapy.com\/fr\/rct\/","title":{"rendered":"Gu\u00e9rison et formation"},"content":{"rendered":"<div class=\"wpb-content-wrapper\"><p>[vc_row][vc_column css=\u00a0\u00bb.vc_custom_1453450499130{margin-top: 30px !important;}\u00a0\u00bb][vc_column_text undefined=\u00a0\u00bb\u00a0\u00bb]<\/p>\n<h3>ReConnective Therapy<\/h3>\n<p>[\/vc_column_text][\/vc_column][\/vc_row][vc_row][vc_column][vc_column_text]Wenn verloren gegangene Verbindungen wiederhergestellt werden, erhalten die entsprechenden Bereiche des K\u00f6rpers mehr Information \u00fcber ihre perfekte Struktur und Funktion sowie auch mehr Energie. Dadurch werden sie in die Lage versetzt sich zu restrukturieren. Diese Restrukturierung geschieht nicht nur in der Stofflichkeit des K\u00f6rpers sondern auch innerhalb der dazugeh\u00f6rigen emotionalen und mentalen Muster. Damit kann jegliches Muster der Psyche, das zu einer Fehlfunktion geh\u00f6rt, mit dieser heilen. Mit dieser Art Behandlung ist es in aller Regel nicht notwendig alte emotionale Traumata zu erinnern und sich durch sie hindurch zu arbeiten, mit der Wiederherstellung der Verbindungen zwischen dem Energiek\u00f6rper und dem stofflichen K\u00f6rper heilen sie ganz einfach.[\/vc_column_text][vc_column_text]<strong>Das RCT-Prinzip<\/strong><\/p>\n<p>Jeder von uns tr\u00e4gt das Wissen \u00fcber perfektes Wohlbefinden in sich. Dieses Wissen befindet sich in unserem Energiek\u00f6rper. Der Energiek\u00f6rper ist die Kraft, die den stofflichen K\u00f6rper aufbaut und erh\u00e4lt. Er enth\u00e4lt alle Informationen \u00fcber perfekte Struktur und Funktion sowohl des K\u00f6rpers wie auch der Psyche. Er enth\u00e4lt all unsere Gedanken und Gef\u00fchle, unsere Erinnerungen wie auch die M\u00f6glichkeiten der Zukunft. Wir k\u00f6nnen unser Wohlbefinden verlieren, wenn Verbindungen zwischen dem Energiek\u00f6rper und dem stofflichen K\u00f6rper verloren gehen. ReConnective Therapy ist eine Heilweise, die die Wiederherstellung dieser Verbindungen erm\u00f6glicht.[\/vc_column_text][\/vc_column][\/vc_row][vc_row][vc_column][vc_column_text]<iframe loading=\"lazy\" src=\"https:\/\/www.youtube.com\/embed\/NDLWDE0lA_U\" width=\"100%\" height=\"380\" allowfullscreen=\"allowfullscreen\"><\/iframe>[\/vc_column_text][\/vc_column][\/vc_row][vc_row][vc_column][vc_separator height_2=\u00a0\u00bb40&Prime; show_border=\u00a0\u00bbyes_border\u00a0\u00bb][\/vc_column][\/vc_row][vc_row][vc_column][vc_column_text undefined=\u00a0\u00bb\u00a0\u00bb]<\/p>\n<h4>ReConnective Therapy &#8211; Kontakt\u00a0Europa<\/h4>\n<p>[\/vc_column_text][\/vc_column][\/vc_row][vc_row][vc_column][vc_column_text]<strong>Kurt &amp; Karin Dirkorte<\/strong><br \/>\nLeinfeld 1<br \/>\nD &#8211; 82418 Seehausen<br \/>\nGermany<\/p>\n<p>Phone: +49 &#8211; 8841 &#8211; 489 6135<br \/>\nFax: +49 &#8211; 8841 &#8211; 625 096<\/p>\n<p>E-Mail: <a href=\"mailto:info.de@reconnectivetherapy.com\">info.de@reconnectivetherapy.com<\/a><\/p>\n<p><strong>nehmen Sie mit uns Kontakt auf:<\/strong><br \/>\n\u2013\u00a0zur Vereinbarung von Terminen f\u00fcr RCT-Behandlungen oder pers\u00f6nlichen Konsultationen bei Kerstin Sch\u00f6n<br \/>\n\u2013\u00a0f\u00fcr mehr Informationen, auch \u00fcber Ausbildung in RCT, f\u00fcr geplante Veranstaltungen und verschiedenen Unterrichtsangeboten[\/vc_column_text][\/vc_column][\/vc_row][vc_row][vc_column][vc_separator height_2=\u00a0\u00bb40&Prime; height=\u00a0\u00bb0&Prime; show_border=\u00a0\u00bbyes_border\u00a0\u00bb][\/vc_column][\/vc_row]<\/p>\n<\/div>","protected":false},"excerpt":{"rendered":"<p>[vc_row][vc_column css=\u00a0\u00bb.vc_custom_1453450499130{margin-top: 30px !important;}\u00a0\u00bb][vc_column_text undefined=\u00a0\u00bb\u00a0\u00bb] ReConnective Therapy [\/vc_column_text][\/vc_column][\/vc_row][vc_row][vc_column][vc_column_text]Wenn verloren gegangene Verbindungen wiederhergestellt werden, erhalten die entsprechenden Bereiche des K\u00f6rpers mehr Information \u00fcber ihre perfekte Struktur und<span class=\"excerpt-hellip\"> [\u2026]<\/span><\/p>\n","protected":false},"author":10,"featured_media":0,"parent":0,"menu_order":1,"comment_status":"closed","ping_status":"closed","template":"","meta":{"footnotes":""},"class_list":["post-6595","page","type-page","status-publish","hentry"],"yoast_head":"<!-- This site is optimized with the Yoast SEO plugin v27.5 - https:\/\/yoast.com\/product\/yoast-seo-wordpress\/ -->\n<title>RCT - Reconnective Therapy | Kerstin Sch\u00f6n<\/title>\n<meta name=\"robots\" content=\"index, follow, max-snippet:-1, max-image-preview:large, max-video-preview:-1\" \/>\n<link rel=\"canonical\" href=\"https:\/\/www.reconnectivetherapy.com\/healing\/\" \/>\n<meta property=\"og:locale\" content=\"fr_FR\" \/>\n<meta property=\"og:type\" content=\"article\" \/>\n<meta property=\"og:title\" content=\"RCT - Reconnective Therapy | Kerstin Sch\u00f6n\" \/>\n<meta property=\"og:description\" content=\"[vc_row][vc_column css=\u00a0\u00bb.vc_custom_1453450499130{margin-top: 30px !important;}\u00a0\u00bb][vc_column_text undefined=\u00a0\u00bb\u00a0\u00bb] ReConnective Therapy [\/vc_column_text][\/vc_column][\/vc_row][vc_row][vc_column][vc_column_text]Wenn verloren gegangene Verbindungen wiederhergestellt werden, erhalten die entsprechenden Bereiche des K\u00f6rpers mehr Information \u00fcber ihre perfekte Struktur und [\u2026]\" \/>\n<meta property=\"og:url\" content=\"https:\/\/www.reconnectivetherapy.com\/healing\/\" \/>\n<meta property=\"og:site_name\" content=\"RCT - Reconnective Therapy | Kerstin Sch\u00f6n\" \/>\n<meta property=\"article:modified_time\" content=\"2023-10-12T08:02:47+00:00\" \/>\n<meta name=\"twitter:label1\" content=\"Dur\u00e9e de lecture estim\u00e9e\" \/>\n\t<meta name=\"twitter:data1\" content=\"2 minutes\" \/>\n<script type=\"application\/ld+json\" class=\"yoast-schema-graph\">{\"@context\":\"https:\\\/\\\/schema.org\",\"@graph\":[{\"@type\":\"WebPage\",\"@id\":\"https:\\\/\\\/www.reconnectivetherapy.com\\\/healing\\\/\",\"url\":\"https:\\\/\\\/www.reconnectivetherapy.com\\\/healing\\\/\",\"name\":\"RCT - Reconnective Therapy | Kerstin Sch\u00f6n\",\"isPartOf\":{\"@id\":\"https:\\\/\\\/www.reconnectivetherapy.com\\\/#website\"},\"datePublished\":\"2016-03-22T15:32:34+00:00\",\"dateModified\":\"2023-10-12T08:02:47+00:00\",\"breadcrumb\":{\"@id\":\"https:\\\/\\\/www.reconnectivetherapy.com\\\/healing\\\/#breadcrumb\"},\"inLanguage\":\"fr-FR\",\"potentialAction\":[{\"@type\":\"ReadAction\",\"target\":[\"https:\\\/\\\/www.reconnectivetherapy.com\\\/healing\\\/\"]}]},{\"@type\":\"BreadcrumbList\",\"@id\":\"https:\\\/\\\/www.reconnectivetherapy.com\\\/healing\\\/#breadcrumb\",\"itemListElement\":[{\"@type\":\"ListItem\",\"position\":1,\"name\":\"Accueil\",\"item\":\"https:\\\/\\\/www.reconnectivetherapy.com\\\/fr\\\/\"},{\"@type\":\"ListItem\",\"position\":2,\"name\":\"Gu\u00e9rison et formation\"}]},{\"@type\":\"WebSite\",\"@id\":\"https:\\\/\\\/www.reconnectivetherapy.com\\\/#website\",\"url\":\"https:\\\/\\\/www.reconnectivetherapy.com\\\/\",\"name\":\"RCT - Reconnective Therapy | Kerstin Sch\u00f6n\",\"description\":\"RCT - Reconnective Therapy | Kerstin Sch\u00f6n\",\"potentialAction\":[{\"@type\":\"SearchAction\",\"target\":{\"@type\":\"EntryPoint\",\"urlTemplate\":\"https:\\\/\\\/www.reconnectivetherapy.com\\\/?s={search_term_string}\"},\"query-input\":{\"@type\":\"PropertyValueSpecification\",\"valueRequired\":true,\"valueName\":\"search_term_string\"}}],\"inLanguage\":\"fr-FR\"}]}<\/script>\n<!-- \/ Yoast SEO plugin. -->","yoast_head_json":{"title":"RCT - Reconnective Therapy | Kerstin Sch\u00f6n","robots":{"index":"index","follow":"follow","max-snippet":"max-snippet:-1","max-image-preview":"max-image-preview:large","max-video-preview":"max-video-preview:-1"},"canonical":"https:\/\/www.reconnectivetherapy.com\/healing\/","og_locale":"fr_FR","og_type":"article","og_title":"RCT - Reconnective Therapy | Kerstin Sch\u00f6n","og_description":"[vc_row][vc_column css=\u00a0\u00bb.vc_custom_1453450499130{margin-top: 30px !important;}\u00a0\u00bb][vc_column_text undefined=\u00a0\u00bb\u00a0\u00bb] ReConnective Therapy [\/vc_column_text][\/vc_column][\/vc_row][vc_row][vc_column][vc_column_text]Wenn verloren gegangene Verbindungen wiederhergestellt werden, erhalten die entsprechenden Bereiche des K\u00f6rpers mehr Information \u00fcber ihre perfekte Struktur und [\u2026]","og_url":"https:\/\/www.reconnectivetherapy.com\/healing\/","og_site_name":"RCT - Reconnective Therapy | Kerstin Sch\u00f6n","article_modified_time":"2023-10-12T08:02:47+00:00","twitter_misc":{"Dur\u00e9e de lecture estim\u00e9e":"2 minutes"},"schema":{"@context":"https:\/\/schema.org","@graph":[{"@type":"WebPage","@id":"https:\/\/www.reconnectivetherapy.com\/healing\/","url":"https:\/\/www.reconnectivetherapy.com\/healing\/","name":"RCT - Reconnective Therapy | Kerstin Sch\u00f6n","isPartOf":{"@id":"https:\/\/www.reconnectivetherapy.com\/#website"},"datePublished":"2016-03-22T15:32:34+00:00","dateModified":"2023-10-12T08:02:47+00:00","breadcrumb":{"@id":"https:\/\/www.reconnectivetherapy.com\/healing\/#breadcrumb"},"inLanguage":"fr-FR","potentialAction":[{"@type":"ReadAction","target":["https:\/\/www.reconnectivetherapy.com\/healing\/"]}]},{"@type":"BreadcrumbList","@id":"https:\/\/www.reconnectivetherapy.com\/healing\/#breadcrumb","itemListElement":[{"@type":"ListItem","position":1,"name":"Accueil","item":"https:\/\/www.reconnectivetherapy.com\/fr\/"},{"@type":"ListItem","position":2,"name":"Gu\u00e9rison et formation"}]},{"@type":"WebSite","@id":"https:\/\/www.reconnectivetherapy.com\/#website","url":"https:\/\/www.reconnectivetherapy.com\/","name":"RCT - Reconnective Therapy | Kerstin Sch\u00f6n","description":"RCT - Reconnective Therapy | Kerstin Sch\u00f6n","potentialAction":[{"@type":"SearchAction","target":{"@type":"EntryPoint","urlTemplate":"https:\/\/www.reconnectivetherapy.com\/?s={search_term_string}"},"query-input":{"@type":"PropertyValueSpecification","valueRequired":true,"valueName":"search_term_string"}}],"inLanguage":"fr-FR"}]}},"_links":{"self":[{"href":"https:\/\/www.reconnectivetherapy.com\/fr\/wp-json\/wp\/v2\/pages\/6595","targetHints":{"allow":["GET"]}}],"collection":[{"href":"https:\/\/www.reconnectivetherapy.com\/fr\/wp-json\/wp\/v2\/pages"}],"about":[{"href":"https:\/\/www.reconnectivetherapy.com\/fr\/wp-json\/wp\/v2\/types\/page"}],"author":[{"embeddable":true,"href":"https:\/\/www.reconnectivetherapy.com\/fr\/wp-json\/wp\/v2\/users\/10"}],"replies":[{"embeddable":true,"href":"https:\/\/www.reconnectivetherapy.com\/fr\/wp-json\/wp\/v2\/comments?post=6595"}],"version-history":[{"count":0,"href":"https:\/\/www.reconnectivetherapy.com\/fr\/wp-json\/wp\/v2\/pages\/6595\/revisions"}],"wp:attachment":[{"href":"https:\/\/www.reconnectivetherapy.com\/fr\/wp-json\/wp\/v2\/media?parent=6595"}],"curies":[{"name":"wp","href":"https:\/\/api.w.org\/{rel}","templated":true}]}}