{"id":8136,"date":"2017-01-04T10:09:55","date_gmt":"2017-01-04T09:09:55","guid":{"rendered":"http:\/\/www.reconnectivetherapy.com\/?page_id=8136"},"modified":"2023-12-07T11:09:44","modified_gmt":"2023-12-07T10:09:44","slug":"inneres-ueben","status":"publish","type":"page","link":"https:\/\/www.reconnectivetherapy.com\/de\/heilung\/was-ist\/publications\/inneres-ueben\/","title":{"rendered":"Inneres \u00dcben"},"content":{"rendered":"<div class=\"wpb-content-wrapper\"><p>[vc_row][vc_column css=&#8220;.vc_custom_1453450499130{margin-top: 30px !important;}&#8220;][\/vc_column][\/vc_row][vc_row][vc_column width=&#8220;1\/4&#8243;][vc_column_text]<img loading=\"lazy\" decoding=\"async\" class=\"alignnone size-full wp-image-13004\" src=\"http:\/\/www.reconnectivetherapy.com\/wp-content\/uploads\/2023\/05\/inneres-uben-buch.jpeg\" alt=\"\" width=\"209\" height=\"320\" srcset=\"https:\/\/www.reconnectivetherapy.com\/wp-content\/uploads\/2023\/05\/inneres-uben-buch.jpeg 209w, https:\/\/www.reconnectivetherapy.com\/wp-content\/uploads\/2023\/05\/inneres-uben-buch-98x150.jpeg 98w, https:\/\/www.reconnectivetherapy.com\/wp-content\/uploads\/2023\/05\/inneres-uben-buch-95x146.jpeg 95w, https:\/\/www.reconnectivetherapy.com\/wp-content\/uploads\/2023\/05\/inneres-uben-buch-33x50.jpeg 33w, https:\/\/www.reconnectivetherapy.com\/wp-content\/uploads\/2023\/05\/inneres-uben-buch-49x75.jpeg 49w\" sizes=\"auto, (max-width:767px) 209px, 209px\" \/>[\/vc_column_text][\/vc_column][vc_column width=&#8220;1\/4&#8243;][vc_column_text]<strong>Hardcover<br \/>\nSeitenanzahl:<\/strong>\u00a096<br \/>\n<strong>Sprache:<\/strong> Deutsch<br \/>\n<strong>ISBN:<\/strong> 978-3-7482-2235-4<br \/>\n<strong>Gr\u00f6\u00dfe:<\/strong> 14,8 cm x 21,0 cm<br \/>\n<strong>Erscheinungsdatum:<\/strong> 14.01.2019<br \/>\n<strong>Preis:<\/strong> EUR 18,99[\/vc_column_text][vc_btn title=&#8220;HARDCOVER KAUFEN&#8220; color=&#8220;primary&#8220; link=&#8220;url:mailto%3Ainfo.de%40reconnectivetherapy.com%3Fsubject%3DKauf%20des%20Buches%20%E2%80%9EInneres%20%C3%9Cben%E2%80%9C%20(Hardcover)%26body%3DHallo%2C%250a%250aich%20interessiere%20mich%20f%C3%BCr%20den%20Kauf%20des%20Buches%20%E2%80%9EInneres%20%C3%9Cben%E2%80%9C%20(Hardcover).%250a%250aDie%20Kosten%20in%20H%C3%B6he%20von%20%E2%82%AC18%2C99%20habe%20ich%20auf%20folgendes%20Konto%20%C3%BCberwiesen%3A%20ReConnective%20Therapy%20-%20Kerstin%20Sch%C3%B6n%20IBAN%3A%20DE58%207019%200000%200207%206641%2076.%250a%250aIch%20freue%20mich%20%C3%BCber%20eine%20Best%C3%A4tigung%20und%20Zusendung%20an%20folgende%20Adresse%3A%250a%250a%250a%250aBeste%20Gr%C3%BC%C3%9Fe&#8220;][\/vc_column][vc_column width=&#8220;1\/4&#8243;][vc_column_text]<strong>E-Book<br \/>\nSeitenanzahl:<\/strong>\u00a096<br \/>\n<strong>Sprache:<\/strong> Deutsch<br \/>\n<strong>ISBN:<\/strong> 978-3-7482-2236-1<br \/>\n<strong>Gr\u00f6\u00dfe: <\/strong>e-Book<br \/>\n<strong>Erscheinungsdatum:<\/strong> 14.01.2019<br \/>\n<strong>Preis:<\/strong> EUR 4,99[\/vc_column_text][vc_btn title=&#8220;E-BOOK KAUFEN&#8220; color=&#8220;primary&#8220; link=&#8220;url:mailto%3Ainfo.de%40reconnectivetherapy.com%3Fsubject%3DKauf%20des%20Buches%20%E2%80%9EInneres%20%C3%9Cben%E2%80%9C%20(E-Book)%26body%3DHallo%2C%250a%250aich%20interessiere%20mich%20f%C3%BCr%20den%20Kauf%20des%20Buches%20%E2%80%9EInneres%20%C3%9Cben%E2%80%9C%20(E-Book).%250a%250aDie%20Kosten%20in%20H%C3%B6he%20von%20%E2%82%AC4%2C99%20habe%20ich%20auf%20folgendes%20Konto%20%C3%BCberwiesen%3A%20ReConnective%20Therapy%20-%20Kerstin%20Sch%C3%B6n%20IBAN%3A%20DE58%207019%200000%200207%206641%2076.%250a%250aIch%20freue%20mich%20%C3%BCber%20eine%20Best%C3%A4tigung%20und%20Zusendung%20an%20folgende%20E-Mail-Adresse%3A%250a%250a%250a%250aBeste%20Gr%C3%BC%C3%9Fe&#8220;][\/vc_column][vc_column width=&#8220;1\/4&#8243;][vc_column_text]<strong>Paperback<br \/>\nSeitenanzahl:<\/strong>\u00a096<br \/>\n<strong>Sprache:<\/strong> Deutsch<br \/>\n<strong>ISBN:<\/strong> 978-3-7482-2234-7<br \/>\n<strong>Gr\u00f6\u00dfe:<\/strong> 14,8 cm x 21,0 cm<br \/>\n<strong>Erscheinungsdatum:<\/strong> 14.01.2019<br \/>\n<strong>Preis:<\/strong> EUR 11,99[\/vc_column_text][vc_btn title=&#8220;PAPERBACK KAUFEN&#8220; color=&#8220;primary&#8220; link=&#8220;url:mailto%3Ainfo.de%40reconnectivetherapy.com%3Fsubject%3DKauf%20des%20Buches%20%E2%80%9EInneres%20%C3%9Cben%E2%80%9C%20(Paperback)%26body%3DHallo%2C%250a%250aich%20interessiere%20mich%20f%C3%BCr%20den%20Kauf%20des%20Buches%20%E2%80%9EInneres%20%C3%9Cben%E2%80%9C%20(Paperback).%250a%250aDie%20Kosten%20in%20H%C3%B6he%20von%20%E2%82%AC11%2C99-%20habe%20ich%20auf%20folgendes%20Konto%20%C3%BCberwiesen%3A%20ReConnective%20Therapy%20-%20Kerstin%20Sch%C3%B6n%20IBAN%3A%20DE58%207019%200000%200207%206641%2076.%250a%250aIch%20freue%20mich%20%C3%BCber%20eine%20Best%C3%A4tigung%20und%20Zusendung%20an%20folgende%20Adresse%3A%250a%250a%250a%250aBeste%20Gr%C3%BC%C3%9Fe&#8220;][\/vc_column][\/vc_row][vc_row][vc_column css=&#8220;.vc_custom_1464683919681{margin-top: 24px !important;}&#8220;][vc_column_text]<\/p>\n<div class=\"clearfix row-fluid krown-column-row clearfix-fluid\">\n<div class=\"span12 krown-column-container clearfix column_container vc_custom_1464683919681\">\n<div class=\"clearfix \">\n<div class=\"wpb_wrapper\">\n<p><strong>Kurzbeschreibung<\/strong><br \/>\nStell Dir vor, dass Du hier auf der Erde bist, mit einer Bestimmung, die jenseits des Hamsterrades des Haben-Wollens der westlichen Kultur angesiedelt ist. Stell Dir vor, dass nur die Erf\u00fcllung dieser Bestimmung Dir Einklang mit Dir selbst geben wird und dass das dadurch m\u00f6glich wird, dass Du lernst, welche Kr\u00e4fte Dir als menschlichem Wesen zur Verf\u00fcgung stehen und wie Du diese Schritt f\u00fcr Schritt meistern kannst. Dieses Buch wird Dich in die gr\u00f6\u00dfte Kraft einf\u00fchren, die Du hast, die Kraft zu erschaffen durch den Gebrauch von Energie. Wir kreieren durch unsere Gedanken und unsere Gef\u00fchle sowohl aus unserem Bewusstsein heraus als auch aus dem Unterbewussten.<\/p>\n<p>Daraus folgt, dass die Meisterung der Gedanken und Emotionen der erste Schritt in Richtung der F\u00e4higkeit ist, diese Kraft bewusst zu verwenden. Du wirst lernen, wie Du Freiheit innerhalb dessen, was Du denkst und f\u00fchlst, finden kannst und damit Schritt f\u00fcr Schritt in die Lage kommst, die Welt Deiner Gedanken und Gef\u00fchle bewusst zu gestalten. Dar\u00fcber hinaus wirst Du lernen, wie Du Inhalte aus dem Unterbewussten ins Bewusstsein bringen kannst. Das wiederum wird Dich in die Lage versetzen, Verantwortung f\u00fcr Dein Leben zu \u00fcbernehmen und es dort bewusst zu gestalten, wo Du bis dato \u00fcberzeugt warst, dass diese Dinge Dir zuf\u00e4llig widerfahren sind und Du somit f\u00fcr diese nicht verantwortlich bist. Du wirst in \u00dcbungen eingef\u00fchrt werden, die daf\u00fcr gedacht sind, die Lehren dieses Buches in Dein t\u00e4gliches Leben zu bringen.<\/p>\n<\/div>\n<\/div>\n<\/div>\n<\/div>\n<p>[\/vc_column_text][\/vc_column][\/vc_row][vc_row][vc_column][vc_separator height_2=&#8220;40&#8243; height=&#8220;0&#8243; show_border=&#8220;yes_border&#8220;][\/vc_column][\/vc_row]<\/p>\n<\/div>","protected":false},"excerpt":{"rendered":"<p>[vc_row][vc_column css=&#8220;.vc_custom_1453450499130{margin-top: 30px !important;}&#8220;][\/vc_column][\/vc_row][vc_row][vc_column width=&#8220;1\/4&#8243;][vc_column_text][\/vc_column_text][\/vc_column][vc_column width=&#8220;1\/4&#8243;][vc_column_text]Hardcover Seitenanzahl:\u00a096 Sprache: Deutsch ISBN: 978-3-7482-2235-4 Gr\u00f6\u00dfe: 14,8 cm x 21,0 cm Erscheinungsdatum: 14.01.2019 Preis: EUR 18,99[\/vc_column_text][vc_btn title=&#8220;HARDCOVER KAUFEN&#8220; color=&#8220;primary&#8220; link=&#8220;url:mailto%3Ainfo.de%40reconnectivetherapy.com%3Fsubject%3DKauf%20des%20Buches%20%E2%80%9EInneres%20%C3%9Cben%E2%80%9C%20(Hardcover)%26body%3DHallo%2C%250a%250aich%20interessiere%20mich%20f%C3%BCr%20den%20Kauf%20des%20Buches%20%E2%80%9EInneres%20%C3%9Cben%E2%80%9C%20(Hardcover).%250a%250aDie%20Kosten%20in%20H%C3%B6he%20von%20%E2%82%AC18%2C99%20habe%20ich%20auf%20folgendes%20Konto%20%C3%BCberwiesen%3A%20ReConnective%20Therapy%20-%20Kerstin%20Sch%C3%B6n%20IBAN%3A%20DE58%207019%200000%200207%206641%2076.%250a%250aIch%20freue%20mich%20%C3%BCber%20eine%20Best%C3%A4tigung%20und%20Zusendung%20an%20folgende%20Adresse%3A%250a%250a%250a%250aBeste%20Gr%C3%BC%C3%9Fe&#8220;][\/vc_column][vc_column<span class=\"excerpt-hellip\"> [\u2026]<\/span><\/p>\n","protected":false},"author":13,"featured_media":0,"parent":7357,"menu_order":1,"comment_status":"closed","ping_status":"closed","template":"","meta":{"footnotes":""},"class_list":["post-8136","page","type-page","status-publish","hentry"],"yoast_head":"<!-- This site is optimized with the Yoast SEO plugin v27.4 - https:\/\/yoast.com\/product\/yoast-seo-wordpress\/ -->\n<title>Was ist RCT - Reconnective Therapy<\/title>\n<meta name=\"description\" content=\"Was ist RCT - Reconnective Therapy | Herwig und Kerstin Sch\u00f6n. Jeder von uns tr\u00e4gt das Wissen \u00fcber perfektes Wohlbefinden in sich.\" \/>\n<meta name=\"robots\" content=\"index, follow, max-snippet:-1, max-image-preview:large, max-video-preview:-1\" \/>\n<link rel=\"canonical\" href=\"https:\/\/www.reconnectivetherapy.com\/de\/heilung\/was-ist\/publications\/inneres-ueben\/\" \/>\n<meta property=\"og:locale\" content=\"de_DE\" \/>\n<meta property=\"og:type\" content=\"article\" \/>\n<meta property=\"og:title\" content=\"Was ist RCT - Reconnective Therapy\" \/>\n<meta property=\"og:description\" content=\"Was ist RCT - Reconnective Therapy | Herwig und Kerstin Sch\u00f6n. Jeder von uns tr\u00e4gt das Wissen \u00fcber perfektes Wohlbefinden in sich.\" \/>\n<meta property=\"og:url\" content=\"https:\/\/www.reconnectivetherapy.com\/de\/heilung\/was-ist\/publications\/inneres-ueben\/\" \/>\n<meta property=\"og:site_name\" content=\"RCT - Reconnective Therapy | Kerstin Sch\u00f6n\" \/>\n<meta property=\"article:modified_time\" content=\"2023-12-07T10:09:44+00:00\" \/>\n<meta property=\"og:image\" content=\"http:\/\/www.reconnectivetherapy.com\/wp-content\/uploads\/2023\/05\/inneres-uben-buch.jpeg\" \/>\n<meta name=\"twitter:label1\" content=\"Gesch\u00e4tzte Lesezeit\" \/>\n\t<meta name=\"twitter:data1\" content=\"2\u00a0Minuten\" \/>\n<script type=\"application\/ld+json\" class=\"yoast-schema-graph\">{\"@context\":\"https:\\\/\\\/schema.org\",\"@graph\":[{\"@type\":\"WebPage\",\"@id\":\"https:\\\/\\\/www.reconnectivetherapy.com\\\/de\\\/heilung\\\/was-ist\\\/publications\\\/inneres-ueben\\\/\",\"url\":\"https:\\\/\\\/www.reconnectivetherapy.com\\\/de\\\/heilung\\\/was-ist\\\/publications\\\/inneres-ueben\\\/\",\"name\":\"Was ist RCT - Reconnective Therapy\",\"isPartOf\":{\"@id\":\"https:\\\/\\\/www.reconnectivetherapy.com\\\/#website\"},\"primaryImageOfPage\":{\"@id\":\"https:\\\/\\\/www.reconnectivetherapy.com\\\/de\\\/heilung\\\/was-ist\\\/publications\\\/inneres-ueben\\\/#primaryimage\"},\"image\":{\"@id\":\"https:\\\/\\\/www.reconnectivetherapy.com\\\/de\\\/heilung\\\/was-ist\\\/publications\\\/inneres-ueben\\\/#primaryimage\"},\"thumbnailUrl\":\"http:\\\/\\\/www.reconnectivetherapy.com\\\/wp-content\\\/uploads\\\/2023\\\/05\\\/inneres-uben-buch.jpeg\",\"datePublished\":\"2017-01-04T09:09:55+00:00\",\"dateModified\":\"2023-12-07T10:09:44+00:00\",\"description\":\"Was ist RCT - Reconnective Therapy | Herwig und Kerstin Sch\u00f6n. Jeder von uns tr\u00e4gt das Wissen \u00fcber perfektes Wohlbefinden in sich.\",\"breadcrumb\":{\"@id\":\"https:\\\/\\\/www.reconnectivetherapy.com\\\/de\\\/heilung\\\/was-ist\\\/publications\\\/inneres-ueben\\\/#breadcrumb\"},\"inLanguage\":\"de\",\"potentialAction\":[{\"@type\":\"ReadAction\",\"target\":[\"https:\\\/\\\/www.reconnectivetherapy.com\\\/de\\\/heilung\\\/was-ist\\\/publications\\\/inneres-ueben\\\/\"]}]},{\"@type\":\"ImageObject\",\"inLanguage\":\"de\",\"@id\":\"https:\\\/\\\/www.reconnectivetherapy.com\\\/de\\\/heilung\\\/was-ist\\\/publications\\\/inneres-ueben\\\/#primaryimage\",\"url\":\"http:\\\/\\\/www.reconnectivetherapy.com\\\/wp-content\\\/uploads\\\/2023\\\/05\\\/inneres-uben-buch.jpeg\",\"contentUrl\":\"http:\\\/\\\/www.reconnectivetherapy.com\\\/wp-content\\\/uploads\\\/2023\\\/05\\\/inneres-uben-buch.jpeg\"},{\"@type\":\"BreadcrumbList\",\"@id\":\"https:\\\/\\\/www.reconnectivetherapy.com\\\/de\\\/heilung\\\/was-ist\\\/publications\\\/inneres-ueben\\\/#breadcrumb\",\"itemListElement\":[{\"@type\":\"ListItem\",\"position\":1,\"name\":\"Start\",\"item\":\"https:\\\/\\\/www.reconnectivetherapy.com\\\/\"},{\"@type\":\"ListItem\",\"position\":2,\"name\":\"Heilung\",\"item\":\"https:\\\/\\\/www.reconnectivetherapy.com\\\/healing\\\/\"},{\"@type\":\"ListItem\",\"position\":3,\"name\":\"Was ist RCT\",\"item\":\"https:\\\/\\\/www.reconnectivetherapy.com\\\/de\\\/heilung\\\/was-ist\\\/\"},{\"@type\":\"ListItem\",\"position\":4,\"name\":\"Ver\u00f6ffentlichungen\",\"item\":\"https:\\\/\\\/www.reconnectivetherapy.com\\\/healing\\\/publications\\\/\"},{\"@type\":\"ListItem\",\"position\":5,\"name\":\"Inneres \u00dcben\"}]},{\"@type\":\"WebSite\",\"@id\":\"https:\\\/\\\/www.reconnectivetherapy.com\\\/#website\",\"url\":\"https:\\\/\\\/www.reconnectivetherapy.com\\\/\",\"name\":\"RCT - Reconnective Therapy | Kerstin Sch\u00f6n\",\"description\":\"RCT - Reconnective Therapy | Kerstin Sch\u00f6n\",\"potentialAction\":[{\"@type\":\"SearchAction\",\"target\":{\"@type\":\"EntryPoint\",\"urlTemplate\":\"https:\\\/\\\/www.reconnectivetherapy.com\\\/?s={search_term_string}\"},\"query-input\":{\"@type\":\"PropertyValueSpecification\",\"valueRequired\":true,\"valueName\":\"search_term_string\"}}],\"inLanguage\":\"de\"}]}<\/script>\n<!-- \/ Yoast SEO plugin. -->","yoast_head_json":{"title":"Was ist RCT - Reconnective Therapy","description":"Was ist RCT - Reconnective Therapy | Herwig und Kerstin Sch\u00f6n. Jeder von uns tr\u00e4gt das Wissen \u00fcber perfektes Wohlbefinden in sich.","robots":{"index":"index","follow":"follow","max-snippet":"max-snippet:-1","max-image-preview":"max-image-preview:large","max-video-preview":"max-video-preview:-1"},"canonical":"https:\/\/www.reconnectivetherapy.com\/de\/heilung\/was-ist\/publications\/inneres-ueben\/","og_locale":"de_DE","og_type":"article","og_title":"Was ist RCT - Reconnective Therapy","og_description":"Was ist RCT - Reconnective Therapy | Herwig und Kerstin Sch\u00f6n. Jeder von uns tr\u00e4gt das Wissen \u00fcber perfektes Wohlbefinden in sich.","og_url":"https:\/\/www.reconnectivetherapy.com\/de\/heilung\/was-ist\/publications\/inneres-ueben\/","og_site_name":"RCT - Reconnective Therapy | Kerstin Sch\u00f6n","article_modified_time":"2023-12-07T10:09:44+00:00","og_image":[{"url":"http:\/\/www.reconnectivetherapy.com\/wp-content\/uploads\/2023\/05\/inneres-uben-buch.jpeg","type":"","width":"","height":""}],"twitter_misc":{"Gesch\u00e4tzte Lesezeit":"2\u00a0Minuten"},"schema":{"@context":"https:\/\/schema.org","@graph":[{"@type":"WebPage","@id":"https:\/\/www.reconnectivetherapy.com\/de\/heilung\/was-ist\/publications\/inneres-ueben\/","url":"https:\/\/www.reconnectivetherapy.com\/de\/heilung\/was-ist\/publications\/inneres-ueben\/","name":"Was ist RCT - Reconnective Therapy","isPartOf":{"@id":"https:\/\/www.reconnectivetherapy.com\/#website"},"primaryImageOfPage":{"@id":"https:\/\/www.reconnectivetherapy.com\/de\/heilung\/was-ist\/publications\/inneres-ueben\/#primaryimage"},"image":{"@id":"https:\/\/www.reconnectivetherapy.com\/de\/heilung\/was-ist\/publications\/inneres-ueben\/#primaryimage"},"thumbnailUrl":"http:\/\/www.reconnectivetherapy.com\/wp-content\/uploads\/2023\/05\/inneres-uben-buch.jpeg","datePublished":"2017-01-04T09:09:55+00:00","dateModified":"2023-12-07T10:09:44+00:00","description":"Was ist RCT - Reconnective Therapy | Herwig und Kerstin Sch\u00f6n. Jeder von uns tr\u00e4gt das Wissen \u00fcber perfektes Wohlbefinden in sich.","breadcrumb":{"@id":"https:\/\/www.reconnectivetherapy.com\/de\/heilung\/was-ist\/publications\/inneres-ueben\/#breadcrumb"},"inLanguage":"de","potentialAction":[{"@type":"ReadAction","target":["https:\/\/www.reconnectivetherapy.com\/de\/heilung\/was-ist\/publications\/inneres-ueben\/"]}]},{"@type":"ImageObject","inLanguage":"de","@id":"https:\/\/www.reconnectivetherapy.com\/de\/heilung\/was-ist\/publications\/inneres-ueben\/#primaryimage","url":"http:\/\/www.reconnectivetherapy.com\/wp-content\/uploads\/2023\/05\/inneres-uben-buch.jpeg","contentUrl":"http:\/\/www.reconnectivetherapy.com\/wp-content\/uploads\/2023\/05\/inneres-uben-buch.jpeg"},{"@type":"BreadcrumbList","@id":"https:\/\/www.reconnectivetherapy.com\/de\/heilung\/was-ist\/publications\/inneres-ueben\/#breadcrumb","itemListElement":[{"@type":"ListItem","position":1,"name":"Start","item":"https:\/\/www.reconnectivetherapy.com\/"},{"@type":"ListItem","position":2,"name":"Heilung","item":"https:\/\/www.reconnectivetherapy.com\/healing\/"},{"@type":"ListItem","position":3,"name":"Was ist RCT","item":"https:\/\/www.reconnectivetherapy.com\/de\/heilung\/was-ist\/"},{"@type":"ListItem","position":4,"name":"Ver\u00f6ffentlichungen","item":"https:\/\/www.reconnectivetherapy.com\/healing\/publications\/"},{"@type":"ListItem","position":5,"name":"Inneres \u00dcben"}]},{"@type":"WebSite","@id":"https:\/\/www.reconnectivetherapy.com\/#website","url":"https:\/\/www.reconnectivetherapy.com\/","name":"RCT - Reconnective Therapy | Kerstin Sch\u00f6n","description":"RCT - Reconnective Therapy | Kerstin Sch\u00f6n","potentialAction":[{"@type":"SearchAction","target":{"@type":"EntryPoint","urlTemplate":"https:\/\/www.reconnectivetherapy.com\/?s={search_term_string}"},"query-input":{"@type":"PropertyValueSpecification","valueRequired":true,"valueName":"search_term_string"}}],"inLanguage":"de"}]}},"_links":{"self":[{"href":"https:\/\/www.reconnectivetherapy.com\/de\/wp-json\/wp\/v2\/pages\/8136","targetHints":{"allow":["GET"]}}],"collection":[{"href":"https:\/\/www.reconnectivetherapy.com\/de\/wp-json\/wp\/v2\/pages"}],"about":[{"href":"https:\/\/www.reconnectivetherapy.com\/de\/wp-json\/wp\/v2\/types\/page"}],"author":[{"embeddable":true,"href":"https:\/\/www.reconnectivetherapy.com\/de\/wp-json\/wp\/v2\/users\/13"}],"replies":[{"embeddable":true,"href":"https:\/\/www.reconnectivetherapy.com\/de\/wp-json\/wp\/v2\/comments?post=8136"}],"version-history":[{"count":0,"href":"https:\/\/www.reconnectivetherapy.com\/de\/wp-json\/wp\/v2\/pages\/8136\/revisions"}],"up":[{"embeddable":true,"href":"https:\/\/www.reconnectivetherapy.com\/de\/wp-json\/wp\/v2\/pages\/7357"}],"wp:attachment":[{"href":"https:\/\/www.reconnectivetherapy.com\/de\/wp-json\/wp\/v2\/media?parent=8136"}],"curies":[{"name":"wp","href":"https:\/\/api.w.org\/{rel}","templated":true}]}}