{"id":7909,"date":"2016-11-17T08:23:30","date_gmt":"2016-11-17T07:23:30","guid":{"rendered":"http:\/\/www.reconnectivetherapy.com\/?page_id=7909"},"modified":"2019-03-17T04:00:30","modified_gmt":"2019-03-17T03:00:30","slug":"kreis-der-kreation","status":"publish","type":"page","link":"https:\/\/www.reconnectivetherapy.com\/de\/kreis-der-kreation\/","title":{"rendered":"Kreis der Kreation"},"content":{"rendered":"<div class=\"wpb-content-wrapper\"><p>[vc_row][vc_column css=&#8220;.vc_custom_1453450499130{margin-top: 30px !important;}&#8220;][vc_column_text undefined=&#8220;&#8220;]<\/p>\n<h3>RCT Schule des Lebens<\/h3>\n<p>[\/vc_column_text][\/vc_column][\/vc_row][vc_row][vc_column][vc_column_text undefined=&#8220;&#8220;]<\/p>\n<h4><b>Kreis der\u00a0Kreation<\/b><\/h4>\n<p><span style=\"font-weight: 400;\">Gestalte Dein Leben bewusst<\/span><\/p>\n<p><img loading=\"lazy\" decoding=\"async\" class=\"size-full wp-image-7938 alignleft\" src=\"http:\/\/www.reconnectivetherapy.com\/wp-content\/uploads\/2016\/11\/kreis-kreation-1.png\" alt=\"kreis-kreation\" width=\"606\" height=\"531\" \/>[\/vc_column_text][vc_column_text]<em><strong><span style=\"color: #ffffff;\">&#8211;<\/span><br \/>\nDie Module der RCT Schule des Lebens, Kreis der Kreation, m\u00fcssen in numerischer Reihenfolge absolviert werden.<\/strong><\/em>[\/vc_column_text][vc_row_inner][vc_column_inner][vc_column_text]<span style=\"color: #ffffff;\"><img loading=\"lazy\" decoding=\"async\" class=\"size-full wp-image-7915 alignleft\" style=\"margin-top: 6px;\" src=\"http:\/\/www.reconnectivetherapy.com\/wp-content\/uploads\/2016\/11\/modul-1.png\" alt=\"modul-1\" width=\"81\" height=\"75\" \/><\/span><strong>Modul 1 &#8211; Annehmen<\/strong><br \/>\nTeilnahmevoraussetzung:<br \/>\n1 Element der Schule des Lebens &#8211; Kreis der Grundlagen.[\/vc_column_text][vc_column_text]<strong><br \/>\nStruktur des Moduls 1:<\/strong><\/p>\n<ul>\n<li>Dauer: 10 Wochen<\/li>\n<li>Alle zwei Wochen gibt es eine Videokonferenzschaltung<\/li>\n<li>Insgesamt 6 Videokonferenzschaltungen<\/li>\n<li>Jede Videokonferenzschaltung dauert 1 Stunde<\/li>\n<li>Struktur dieser Videokonferenzschaltungen:<br \/>\n&#8211; Unterricht und \u00dcbungen zum Thema der Transformation der Gewohnheit des<br \/>\n<span style=\"color: #ffffff;\">&#8211;<\/span> Egos sich zu widersetzen und zu k\u00e4mpfen in die Gewohnheit des Annehmens.<br \/>\n&#8211; Es wird Zeit geben f\u00fcr Fragen.<br \/>\n&#8211; Du wirst Hausaufgaben f\u00fcr die Zeit bis zur n\u00e4chsten Konferenzschaltung bekommen.<\/li>\n<li>Rechenschaftsanrufe:<br \/>\n&#8211; Alle Teilnehmer werden in Paare aufgeteilt.<br \/>\n&#8211; Zu Beginn dieses Kurses wirst du die Richtlinien f\u00fcr diese Rechenschaftsanrufe bekommen.<br \/>\n&#8211; 1 Rechenschaftsanruf alle 2 Wochen mit deinem Partner f\u00fcr die Dauer dieses Kurses.<\/li>\n<\/ul>\n<p>Kosten: 350 \u20ac[\/vc_column_text][vc_column_text]<strong>Modul 1 &#8211; Annehmen<\/strong><br \/>\nIn meiner Arbeit mit Klienten und dem Unterricht \u00fcber Energiearbeit und pers\u00f6nliche Transformation habe ich oft gesehen, dass es f\u00fcr Menschen, die in der Kultur des Westens aufgewachsen sind, sehr schwer sein kann einfach nur das anzunehmen, was ist. Wir sind in einer Umgebung aufgewachsen in der wir gelernt haben gegen all das zu k\u00e4mpfen oder es ver\u00e4ndern zu wollen, dass wir entweder nicht m\u00f6gen oder von dem wir \u00fcberzeugt sind, dass es anders sein sollte. Da gibt es den Kampf gegen die Armut gegen Krankheit und vieles mehr. Ich m\u00f6chte dich hier einladen dir die Resultate dieser K\u00e4mpfe einmal genau anzuschauen. Das gleiche findet statt im pers\u00f6nlichen Leben der meisten Menschen. Sie k\u00e4mpfen gegen all das, was sie nicht in ihrem Leben haben wollen.<\/p>\n<p>Ich habe irgendwann verstanden, dass, wann immer wir gegen etwas k\u00e4mpfen, wir dem Energie geben. Alles was wir erleben, haben wir kreiert. Eine Kreation, der wir Energie geben, die machen wir st\u00e4rker. Das Gegenteil davon ist genauso wahr, wenn wir unsere Energie von einer bestimmten Kreation abziehen dann wird diese aufh\u00f6ren zu existieren. Alles, dass wir 100 % annehmen, empf\u00e4ngt keine Energie mehr von uns und damit werden wir frei diese Kreation entweder zu behalten oder sie in etwas Anderes, was auch immer wir in unserem Leben sehen wollen, zu transformieren.[\/vc_column_text][\/vc_column_inner][\/vc_row_inner][vc_separator height=&#8220;24&#8243; show_border=&#8220;yes_border&#8220;][vc_row_inner][vc_column_inner][vc_column_text]<strong><br \/>\n<img loading=\"lazy\" decoding=\"async\" class=\"size-full wp-image-7926 alignleft\" style=\"margin-top: 6px;\" src=\"http:\/\/www.reconnectivetherapy.com\/wp-content\/uploads\/2016\/11\/modul-2.png\" alt=\"modul-2\" width=\"70\" height=\"73\" \/>Modul 2 &#8211; Kreation<\/strong><br \/>\nTeilnahmevoraussetzung:<br \/>\n1 Element der Schule des Lebens &#8211; Kreis der Grundlagen<br \/>\nModul 1 &#8211; Annehmen[\/vc_column_text][vc_column_text]<strong><br \/>\nStruktur des Moduls 2:<\/strong><\/p>\n<ul>\n<li>Dauer: 12 Wochen<\/li>\n<li>Alle zwei Wochen gibt es eine Videokonferenzschaltung<\/li>\n<li>Insgesamt 7 Videokonferenzschaltungen<\/li>\n<li>Jede Videokonferenzschaltung dauert 1 Stunde<\/li>\n<li>Struktur dieser Videokonferenzschaltungen:<br \/>\n&#8211; Unterricht und \u00dcbungen:<br \/>\n<span style=\"color: #ffffff;\">\u2022\u2022<\/span>\u2022 Du wirst lernen zu unterscheiden von welchem Ort in dir du kreierst, vom Ego oder vom Selbst.<br \/>\n<span style=\"color: #ffffff;\">\u2022\u2022<\/span>\u2022 Dann werden wir uns in den Prozess des Kreierens begeben. Du wirst lernen den Inhalt deiner Kreation zu<br \/>\n<span style=\"color: #ffffff;\">\u2022\u2022\u2022<\/span> bestimmen und diesen mit Energie aufzuladen so dass er sich in der stofflichen Welt manifestieren kann.<br \/>\n<span style=\"color: #ffffff;\">\u2022\u2022<\/span>\u2022 Danach werden wir praktische Anwendungen \u00fcben.<br \/>\n&#8211; Es wird Zeit geben f\u00fcr Fragen.<br \/>\n&#8211; Du wirst Hausaufgaben f\u00fcr die Zeit bis zur n\u00e4chsten Konferenzschaltung bekommen.<\/li>\n<li>Rechenschaftsanrufe:<br \/>\n&#8211; Alle Teilnehmer werden in Paare aufgeteilt.<br \/>\n&#8211; Zu Beginn dieses Kurses wirst du die Richtlinien f\u00fcr diese Rechenschaftsanrufe bekommen.<br \/>\n&#8211; 1 Rechenschaftsanruf alle 2 Wochen mit deinem Partner f\u00fcr die Dauer dieses Kurses.<\/li>\n<\/ul>\n<p>Kosten: 350 \u20ac[\/vc_column_text][vc_column_text]<strong>Modul 2:<\/strong><br \/>\nAlles, was wir in unserem Leben haben, haben wir kreiert durch unsere Gedanken und Gef\u00fchle. In dem Moment, in dem wir das als Tatsache akzeptieren, kommen wir in die Lage die volle Verantwortung f\u00fcr unser Leben zu \u00fcbernehmen und von dort k\u00f6nnen wir unser Leben bewusst kreieren anstatt davon \u00fcberzeugt zu sein, dass es von \u00e4u\u00dferen Umst\u00e4nden regiert wird.<\/p>\n<p>Und wie es \u00fcberall so ist, \u00dcbung macht den Meister. In diesem Kurs wirst du lernen von welchem Ort in dir du kreierst, von dem Ort, den wir das Ego nennen, oder vom h\u00f6heren Selbst. Du wirst lernen das eine vom anderen zu unterscheiden und somit in die Lage kommen bewusst zu bestimmen von welchem Ort in dir du kreierst. Danach werden wir in den Prozess der Kreation einsteigen und du wirst lernen wie du die Kr\u00e4fte deines Denkens und F\u00fchlens benutzen kannst das zu kreieren, was du in deinem Leben sehen willst.[\/vc_column_text][\/vc_column_inner][\/vc_row_inner][vc_separator height=&#8220;24&#8243; show_border=&#8220;yes_border&#8220;][vc_row_inner][vc_column_inner][vc_column_text]<\/p>\n<div style=\"height: 124px; width: 126px; float: left;\"><img loading=\"lazy\" decoding=\"async\" class=\"size-full wp-image-7932 alignleft\" src=\"http:\/\/www.reconnectivetherapy.com\/wp-content\/uploads\/2016\/11\/modul-3.png\" alt=\"modul-3\" width=\"126\" height=\"66\" \/><\/div>\n<p><strong>Modul 3 &#8211; Bringe mehr und mehr Aspekte Deines Lebens in Einklang mit Deiner Kreation<\/strong><br \/>\nTeilnahmevoraussetzung:<br \/>\n1 Element der Schule des Lebens &#8211; Kreis der Grundlagen<br \/>\nModul 1 &#8211; Annehmen<br \/>\nModul 2 &#8211; Kreation[\/vc_column_text][vc_column_text]<strong><br \/>\nStruktur des Moduls 3:<\/strong><\/p>\n<ul>\n<li>Dauer: 6 Monate<\/li>\n<li>Einmal im Monat\u00a0gibt es eine Videokonferenzschaltung<\/li>\n<li>Insgesamt 7 Videokonferenzschaltungen<\/li>\n<li>Jede Videokonferenzschaltung dauert\u00a090 Minuten<\/li>\n<li>Struktur dieser Videokonferenzschaltungen:<br \/>\n&#8211; Unterricht und \u00dcbungen:<\/p>\n<ul>\n<li>Dieser Kurs wird sehr interaktiv gestaltet.<\/li>\n<li>Komm vorbereitet zum Kurs und bringe Themen oder Bereiche wo du mehr Gewahrsein gewinnen willst, in Verbindung mit deiner Vision und deinem Leben. Wir werden\u00a0mit diesen Themen in der Gruppe arbeiten.<\/li>\n<li>Du wirst lernen Dein Leben von dem Standpunkt deiner Vision aus zu betrachten.<\/li>\n<li>Du wirst lernen, wie du mehr und mehr Aspekte deines Lebens mit deiner Vision in Einklang bringen kannst.<\/li>\n<li>Du wirst ein tieferes Verst\u00e4ndnis daf\u00fcr erwerben welchen Einfluss deine Gedanken und Gef\u00fchle auf dein\u00a0Leben haben und wie du diese dauerhaft ver\u00e4ndern kannst.<br \/>\n&#8211; Es wird Zeit geben f\u00fcr Fragen.<br \/>\n&#8211; Du wirst Hausaufgaben f\u00fcr die Zeit bis zur n\u00e4chsten Konferenzschaltung bekommen.<\/li>\n<\/ul>\n<\/li>\n<li>Kleingruppen Satsangs:<br \/>\n&#8211; Alle Teilnehmer werden in\u00a0kleine Gruppen aufgeteilt.<br \/>\n&#8211; Zu Beginn dieses Kurses wirst du die Anleitung\u00a0f\u00fcr diese Kleingruppen Satsangs\u00a0bekommen.<br \/>\n&#8211; 1 Kleingruppen Satsang\u00a0einmal im Monat mit deiner Kleingruppe\u00a0f\u00fcr die Dauer dieses Kurses.<\/li>\n<\/ul>\n<p>Kosten: 600 \u20ac[\/vc_column_text][vc_column_text]<strong>Modul 3:<\/strong><br \/>\nDas Modul 3 ist im wesentlichen eine Fortsetzung des Moduls 2. Am Ende des Moduls 2 wirst du zumindest eine ungef\u00e4hre Vorstellung davon haben, was du auf jeden Fall in deinem Leben haben willst, sei es materiell, eine Erfahrung oder auch eine bestimmte Qualit\u00e4t. Das wird dann das, was wir deine \u201eVision\u201c nennen.<\/p>\n<p>Im Modul 3 wirst du lernen mit Schwierigkeiten in dem Prozess deiner Kreation umzugehen. Du wirst lernen wie du mehr und mehr Aspekte deines Lebens mit einer Vision in Einklang bringen kannst.<br \/>\n[\/vc_column_text][\/vc_column_inner][\/vc_row_inner][vc_row_inner css=&#8220;.vc_custom_1524298335410{margin-top: 24px !important;}&#8220;][vc_column_inner width=&#8220;1\/4&#8243;][vc_promo_box]<\/p>\n<p style=\"text-align: center;\"><strong><a href=\"\/schedule\">Termine<\/a><\/strong><\/p>\n<p>[\/vc_promo_box][\/vc_column_inner][vc_column_inner width=&#8220;1\/4&#8243;][\/vc_column_inner][vc_column_inner width=&#8220;1\/4&#8243;][\/vc_column_inner][vc_column_inner width=&#8220;1\/4&#8243;][\/vc_column_inner][\/vc_row_inner][\/vc_column][\/vc_row][vc_row][vc_column][vc_separator height_2=&#8220;40&#8243; height=&#8220;0&#8243; show_border=&#8220;yes_border&#8220;][\/vc_column][\/vc_row]<\/p>\n<\/div>","protected":false},"excerpt":{"rendered":"<p>[vc_row][vc_column css=&#8220;.vc_custom_1453450499130{margin-top: 30px !important;}&#8220;][vc_column_text undefined=&#8220;&#8220;] RCT Schule des Lebens [\/vc_column_text][\/vc_column][\/vc_row][vc_row][vc_column][vc_column_text undefined=&#8220;&#8220;] Kreis der\u00a0Kreation Gestalte Dein Leben bewusst [\/vc_column_text][vc_column_text]&#8211; Die Module der RCT Schule des Lebens, Kreis<span class=\"excerpt-hellip\"> [\u2026]<\/span><\/p>\n","protected":false},"author":10,"featured_media":0,"parent":12609,"menu_order":3,"comment_status":"closed","ping_status":"closed","template":"template-slider-full.php","meta":{"footnotes":""},"class_list":["post-7909","page","type-page","status-publish","hentry"],"yoast_head":"<!-- This site is optimized with the Yoast SEO plugin v27.5 - https:\/\/yoast.com\/product\/yoast-seo-wordpress\/ -->\n<title>RCT Intensiv f\u00fcr Heilung - Reconnective Therapy<\/title>\n<meta name=\"description\" content=\"RCT Intensiv f\u00fcr Heilung - Reconnective Therapy | Herwig und Kerstin Sch\u00f6n. Jeder von uns tr\u00e4gt das Wissen \u00fcber perfektes Wohlbefinden in sich.\" \/>\n<meta name=\"robots\" content=\"index, follow, max-snippet:-1, max-image-preview:large, max-video-preview:-1\" \/>\n<link rel=\"canonical\" href=\"https:\/\/www.reconnectivetherapy.com\/circle-of-creation\/\" \/>\n<meta property=\"og:locale\" content=\"de_DE\" \/>\n<meta property=\"og:type\" content=\"article\" \/>\n<meta property=\"og:title\" content=\"RCT Intensiv f\u00fcr Heilung - Reconnective Therapy\" \/>\n<meta property=\"og:description\" content=\"RCT Intensiv f\u00fcr Heilung - Reconnective Therapy | Herwig und Kerstin Sch\u00f6n. Jeder von uns tr\u00e4gt das Wissen \u00fcber perfektes Wohlbefinden in sich.\" \/>\n<meta property=\"og:url\" content=\"https:\/\/www.reconnectivetherapy.com\/circle-of-creation\/\" \/>\n<meta property=\"og:site_name\" content=\"RCT - Reconnective Therapy | Kerstin Sch\u00f6n\" \/>\n<meta property=\"article:modified_time\" content=\"2019-03-17T03:00:30+00:00\" \/>\n<meta property=\"og:image\" content=\"http:\/\/www.reconnectivetherapy.com\/wp-content\/uploads\/2016\/11\/kreis-kreation-1.png\" \/>\n<meta name=\"twitter:label1\" content=\"Gesch\u00e4tzte Lesezeit\" \/>\n\t<meta name=\"twitter:data1\" content=\"6\u00a0Minuten\" \/>\n<script type=\"application\/ld+json\" class=\"yoast-schema-graph\">{\"@context\":\"https:\\\/\\\/schema.org\",\"@graph\":[{\"@type\":\"WebPage\",\"@id\":\"https:\\\/\\\/www.reconnectivetherapy.com\\\/circle-of-creation\\\/\",\"url\":\"https:\\\/\\\/www.reconnectivetherapy.com\\\/circle-of-creation\\\/\",\"name\":\"RCT Intensiv f\u00fcr Heilung - Reconnective Therapy\",\"isPartOf\":{\"@id\":\"https:\\\/\\\/www.reconnectivetherapy.com\\\/#website\"},\"primaryImageOfPage\":{\"@id\":\"https:\\\/\\\/www.reconnectivetherapy.com\\\/circle-of-creation\\\/#primaryimage\"},\"image\":{\"@id\":\"https:\\\/\\\/www.reconnectivetherapy.com\\\/circle-of-creation\\\/#primaryimage\"},\"thumbnailUrl\":\"http:\\\/\\\/www.reconnectivetherapy.com\\\/wp-content\\\/uploads\\\/2016\\\/11\\\/kreis-kreation-1.png\",\"datePublished\":\"2016-11-17T07:23:30+00:00\",\"dateModified\":\"2019-03-17T03:00:30+00:00\",\"description\":\"RCT Intensiv f\u00fcr Heilung - Reconnective Therapy | Herwig und Kerstin Sch\u00f6n. Jeder von uns tr\u00e4gt das Wissen \u00fcber perfektes Wohlbefinden in sich.\",\"breadcrumb\":{\"@id\":\"https:\\\/\\\/www.reconnectivetherapy.com\\\/circle-of-creation\\\/#breadcrumb\"},\"inLanguage\":\"de\",\"potentialAction\":[{\"@type\":\"ReadAction\",\"target\":[\"https:\\\/\\\/www.reconnectivetherapy.com\\\/circle-of-creation\\\/\"]}]},{\"@type\":\"ImageObject\",\"inLanguage\":\"de\",\"@id\":\"https:\\\/\\\/www.reconnectivetherapy.com\\\/circle-of-creation\\\/#primaryimage\",\"url\":\"http:\\\/\\\/www.reconnectivetherapy.com\\\/wp-content\\\/uploads\\\/2016\\\/11\\\/kreis-kreation-1.png\",\"contentUrl\":\"http:\\\/\\\/www.reconnectivetherapy.com\\\/wp-content\\\/uploads\\\/2016\\\/11\\\/kreis-kreation-1.png\"},{\"@type\":\"BreadcrumbList\",\"@id\":\"https:\\\/\\\/www.reconnectivetherapy.com\\\/circle-of-creation\\\/#breadcrumb\",\"itemListElement\":[{\"@type\":\"ListItem\",\"position\":1,\"name\":\"Start\",\"item\":\"https:\\\/\\\/www.reconnectivetherapy.com\\\/\"},{\"@type\":\"ListItem\",\"position\":2,\"name\":\"alte Seiten\",\"item\":\"https:\\\/\\\/www.reconnectivetherapy.com\\\/de\\\/?page_id=12609\"},{\"@type\":\"ListItem\",\"position\":3,\"name\":\"Kreis der Kreation\"}]},{\"@type\":\"WebSite\",\"@id\":\"https:\\\/\\\/www.reconnectivetherapy.com\\\/#website\",\"url\":\"https:\\\/\\\/www.reconnectivetherapy.com\\\/\",\"name\":\"RCT - Reconnective Therapy | Kerstin Sch\u00f6n\",\"description\":\"RCT - Reconnective Therapy | Kerstin Sch\u00f6n\",\"potentialAction\":[{\"@type\":\"SearchAction\",\"target\":{\"@type\":\"EntryPoint\",\"urlTemplate\":\"https:\\\/\\\/www.reconnectivetherapy.com\\\/?s={search_term_string}\"},\"query-input\":{\"@type\":\"PropertyValueSpecification\",\"valueRequired\":true,\"valueName\":\"search_term_string\"}}],\"inLanguage\":\"de\"}]}<\/script>\n<!-- \/ Yoast SEO plugin. -->","yoast_head_json":{"title":"RCT Intensiv f\u00fcr Heilung - Reconnective Therapy","description":"RCT Intensiv f\u00fcr Heilung - Reconnective Therapy | Herwig und Kerstin Sch\u00f6n. Jeder von uns tr\u00e4gt das Wissen \u00fcber perfektes Wohlbefinden in sich.","robots":{"index":"index","follow":"follow","max-snippet":"max-snippet:-1","max-image-preview":"max-image-preview:large","max-video-preview":"max-video-preview:-1"},"canonical":"https:\/\/www.reconnectivetherapy.com\/circle-of-creation\/","og_locale":"de_DE","og_type":"article","og_title":"RCT Intensiv f\u00fcr Heilung - Reconnective Therapy","og_description":"RCT Intensiv f\u00fcr Heilung - Reconnective Therapy | Herwig und Kerstin Sch\u00f6n. Jeder von uns tr\u00e4gt das Wissen \u00fcber perfektes Wohlbefinden in sich.","og_url":"https:\/\/www.reconnectivetherapy.com\/circle-of-creation\/","og_site_name":"RCT - Reconnective Therapy | Kerstin Sch\u00f6n","article_modified_time":"2019-03-17T03:00:30+00:00","og_image":[{"url":"http:\/\/www.reconnectivetherapy.com\/wp-content\/uploads\/2016\/11\/kreis-kreation-1.png","type":"","width":"","height":""}],"twitter_misc":{"Gesch\u00e4tzte Lesezeit":"6\u00a0Minuten"},"schema":{"@context":"https:\/\/schema.org","@graph":[{"@type":"WebPage","@id":"https:\/\/www.reconnectivetherapy.com\/circle-of-creation\/","url":"https:\/\/www.reconnectivetherapy.com\/circle-of-creation\/","name":"RCT Intensiv f\u00fcr Heilung - Reconnective Therapy","isPartOf":{"@id":"https:\/\/www.reconnectivetherapy.com\/#website"},"primaryImageOfPage":{"@id":"https:\/\/www.reconnectivetherapy.com\/circle-of-creation\/#primaryimage"},"image":{"@id":"https:\/\/www.reconnectivetherapy.com\/circle-of-creation\/#primaryimage"},"thumbnailUrl":"http:\/\/www.reconnectivetherapy.com\/wp-content\/uploads\/2016\/11\/kreis-kreation-1.png","datePublished":"2016-11-17T07:23:30+00:00","dateModified":"2019-03-17T03:00:30+00:00","description":"RCT Intensiv f\u00fcr Heilung - Reconnective Therapy | Herwig und Kerstin Sch\u00f6n. Jeder von uns tr\u00e4gt das Wissen \u00fcber perfektes Wohlbefinden in sich.","breadcrumb":{"@id":"https:\/\/www.reconnectivetherapy.com\/circle-of-creation\/#breadcrumb"},"inLanguage":"de","potentialAction":[{"@type":"ReadAction","target":["https:\/\/www.reconnectivetherapy.com\/circle-of-creation\/"]}]},{"@type":"ImageObject","inLanguage":"de","@id":"https:\/\/www.reconnectivetherapy.com\/circle-of-creation\/#primaryimage","url":"http:\/\/www.reconnectivetherapy.com\/wp-content\/uploads\/2016\/11\/kreis-kreation-1.png","contentUrl":"http:\/\/www.reconnectivetherapy.com\/wp-content\/uploads\/2016\/11\/kreis-kreation-1.png"},{"@type":"BreadcrumbList","@id":"https:\/\/www.reconnectivetherapy.com\/circle-of-creation\/#breadcrumb","itemListElement":[{"@type":"ListItem","position":1,"name":"Start","item":"https:\/\/www.reconnectivetherapy.com\/"},{"@type":"ListItem","position":2,"name":"alte Seiten","item":"https:\/\/www.reconnectivetherapy.com\/de\/?page_id=12609"},{"@type":"ListItem","position":3,"name":"Kreis der Kreation"}]},{"@type":"WebSite","@id":"https:\/\/www.reconnectivetherapy.com\/#website","url":"https:\/\/www.reconnectivetherapy.com\/","name":"RCT - Reconnective Therapy | Kerstin Sch\u00f6n","description":"RCT - Reconnective Therapy | Kerstin Sch\u00f6n","potentialAction":[{"@type":"SearchAction","target":{"@type":"EntryPoint","urlTemplate":"https:\/\/www.reconnectivetherapy.com\/?s={search_term_string}"},"query-input":{"@type":"PropertyValueSpecification","valueRequired":true,"valueName":"search_term_string"}}],"inLanguage":"de"}]}},"_links":{"self":[{"href":"https:\/\/www.reconnectivetherapy.com\/de\/wp-json\/wp\/v2\/pages\/7909","targetHints":{"allow":["GET"]}}],"collection":[{"href":"https:\/\/www.reconnectivetherapy.com\/de\/wp-json\/wp\/v2\/pages"}],"about":[{"href":"https:\/\/www.reconnectivetherapy.com\/de\/wp-json\/wp\/v2\/types\/page"}],"author":[{"embeddable":true,"href":"https:\/\/www.reconnectivetherapy.com\/de\/wp-json\/wp\/v2\/users\/10"}],"replies":[{"embeddable":true,"href":"https:\/\/www.reconnectivetherapy.com\/de\/wp-json\/wp\/v2\/comments?post=7909"}],"version-history":[{"count":0,"href":"https:\/\/www.reconnectivetherapy.com\/de\/wp-json\/wp\/v2\/pages\/7909\/revisions"}],"up":[{"embeddable":true,"href":"https:\/\/www.reconnectivetherapy.com\/de\/wp-json\/wp\/v2\/pages\/12609"}],"wp:attachment":[{"href":"https:\/\/www.reconnectivetherapy.com\/de\/wp-json\/wp\/v2\/media?parent=7909"}],"curies":[{"name":"wp","href":"https:\/\/api.w.org\/{rel}","templated":true}]}}