{"id":7903,"date":"2016-11-17T08:16:24","date_gmt":"2016-11-17T07:16:24","guid":{"rendered":"http:\/\/www.reconnectivetherapy.com\/?page_id=7903"},"modified":"2024-01-23T10:33:34","modified_gmt":"2024-01-23T09:33:34","slug":"videokonferenz-kurrikulum","status":"publish","type":"page","link":"https:\/\/www.reconnectivetherapy.com\/de\/inneres-ueben\/videokonferenz-kurrikulum\/","title":{"rendered":"RCT Schule des Lebens"},"content":{"rendered":"<div class=\"wpb-content-wrapper\"><p>[vc_row][vc_column][vc_row_inner][vc_column_inner][\/vc_column_inner][\/vc_row_inner][vc_column_text undefined=&#8220;&#8220;]<\/p>\n<p>Wir alle haben das, was in unserem Leben ist, selber kreiert durch unsere Gedanken und Gef\u00fchle. Wenn wir akzeptieren, dass das so ist, dann kommen wir in die Lage die volle Verantwortung f\u00fcr unser Leben zu \u00fcbernehmen und somit nicht nur Projektion und Schuldzuweisung zu beenden, sondern auch die Erfahrung unseres Lebens bewusst zu gestalten.<\/p>\n<p>Die RCT Schule des Lebens beginnt mit dem Kreis der Grundlagen. In diesem wirst Du die Gedanken und Gef\u00fchle untersuchen, die ma\u00dfgebend an der Kreation der wichtigsten Bereiche Deines Lebens beteiligt sind und Du wirst lernen wie Du diese dauerhaft ver\u00e4ndern kannst.<\/p>\n<p>Wenn Du ein gewisses Level and Meisterschaft in diesem Bereich erreicht hast, dann kannst Du in den Kreis der Kreation einsteigen. In diesem wirst Du Schritt f\u00fcr Schritt lernen wie Du Dein Leben bewusst kreieren kannst und wie Du mehr und mehr Aspekte Deines Lebens mit dieser Kreation in Einklang bringen kannst.[\/vc_column_text][vc_separator height_2=&#8220;26&#8243; height=&#8220;26&#8243; show_border=&#8220;yes_border&#8220;][vc_column_text]<\/p>\n<h4><b>Kreis der Grundlagen<\/b><\/h4>\n<p><span style=\"font-weight: 400;\">Begib Dich von der Zuschauerbank bewusst in das Spiel Deines Lebens hinein<\/span><\/p>\n<p>&nbsp;<\/p>\n<p><em><img loading=\"lazy\" decoding=\"async\" class=\"size-full wp-image-7892 alignleft\" src=\"http:\/\/www.reconnectivetherapy.com\/wp-content\/uploads\/2016\/11\/kreis-grundlagen-01.png\" alt=\"kreis-grundlagen-01\" width=\"577\" height=\"457\" \/><\/em>[\/vc_column_text][vc_row_inner css=&#8220;.vc_custom_1479801550118{margin-top: 44px !important;}&#8220;][vc_column_inner width=&#8220;1\/3&#8243;][vc_column_text]<strong><img loading=\"lazy\" decoding=\"async\" class=\"size-full wp-image-7876 alignleft\" src=\"http:\/\/www.reconnectivetherapy.com\/wp-content\/uploads\/2016\/11\/beziehungen_icon.png\" alt=\"beziehungen_icon\" width=\"85\" height=\"71\" \/><\/strong><\/p>\n<p><span style=\"color: #ffffff;\">&#8211;<\/span><br \/>\nBeziehungen:<br \/>\n<span style=\"color: #ffffff;\">&#8211;<\/span><\/p>\n<ul>\n<li style=\"list-style-type: none;\">\n<ul>\n<li style=\"font-weight: 400;\"><span style=\"font-weight: 400;\">Intime Beziehungen<\/span><\/li>\n<li style=\"font-weight: 400;\"><span style=\"font-weight: 400;\">Familie<\/span><\/li>\n<li style=\"font-weight: 400;\"><span style=\"font-weight: 400;\">Arbeit<\/span><\/li>\n<li style=\"font-weight: 400;\"><span style=\"font-weight: 400;\">Freunde<\/span><\/li>\n<li style=\"font-weight: 400;\"><span style=\"font-weight: 400;\">Fl\u00fcchtige Beziehungen<\/span><\/li>\n<li style=\"font-weight: 400;\"><strong><span style=\"font-weight: 400;\">Beziehung mit dir selbst<\/span><\/strong><\/li>\n<\/ul>\n<\/li>\n<\/ul>\n<p><strong>\u00a0<\/strong>[\/vc_column_text][\/vc_column_inner][vc_column_inner width=&#8220;1\/3&#8243;][vc_column_text]<img loading=\"lazy\" decoding=\"async\" class=\"size-full wp-image-7884 alignleft\" src=\"http:\/\/www.reconnectivetherapy.com\/wp-content\/uploads\/2016\/11\/karriere_icon.png\" alt=\"karriere_icon\" width=\"75\" height=\"73\" \/><br \/>\nK\u00f6rper und Gesundheit[\/vc_column_text][\/vc_column_inner][vc_column_inner width=&#8220;1\/3&#8243;][vc_column_text]<img loading=\"lazy\" decoding=\"async\" class=\"size-full wp-image-7883 alignleft\" src=\"http:\/\/www.reconnectivetherapy.com\/wp-content\/uploads\/2016\/11\/kundgesund_icon.png\" alt=\"kundgesund_icon\" width=\"66\" height=\"70\" \/><br \/>\nKarriere, Geld und Unternehmen[\/vc_column_text][\/vc_column_inner][\/vc_row_inner][vc_separator height_2=&#8220;26&#8243; height=&#8220;26&#8243; show_border=&#8220;yes_border&#8220;][vc_column_text]<\/p>\n<h4><b>Kreis der\u00a0Kreation<\/b><\/h4>\n<p><span style=\"font-weight: 400;\">Gestalte Dein Leben bewusst<\/span><\/p>\n<p><img loading=\"lazy\" decoding=\"async\" class=\"size-full wp-image-7938 alignleft\" src=\"http:\/\/www.reconnectivetherapy.com\/wp-content\/uploads\/2016\/11\/kreis-kreation-1.png\" alt=\"kreis-kreation\" width=\"606\" height=\"531\" \/>[\/vc_column_text][vc_column_text]<\/p>\n<div style=\"float: left; margin-right: 12px;\"><span style=\"color: #ffffff;\"><img loading=\"lazy\" decoding=\"async\" class=\"size-full wp-image-7915 alignleft\" style=\"margin-top: 6px; margin-left: 24px;\" src=\"http:\/\/www.reconnectivetherapy.com\/wp-content\/uploads\/2016\/11\/modul-1.png\" alt=\"modul-1\" width=\"81\" height=\"75\" \/><\/span><\/div>\n<div style=\"float: left; margin-bottom: 26px;\"><strong>Modul 1 &#8211; Annehmen<\/strong><br \/>\nTeilnahmevoraussetzung:<br \/>\n1 Element der Schule des Lebens &#8211; Kreis der Grundlagen.<\/div>\n<p>[\/vc_column_text][vc_column_text]<\/p>\n<div style=\"float: left; margin-right: 16px;\"><img loading=\"lazy\" decoding=\"async\" class=\"size-full wp-image-7926 alignleft\" style=\"margin-top: 6px; margin-left: 30px;\" src=\"http:\/\/www.reconnectivetherapy.com\/wp-content\/uploads\/2016\/11\/modul-2.png\" alt=\"modul-2\" width=\"70\" height=\"73\" \/><\/div>\n<div style=\"float: left; margin-bottom: 16px;\"><strong>Modul 2 &#8211; Kreation<\/strong><br \/>\nTeilnahmevoraussetzung:<br \/>\n1 Element der Schule des Lebens &#8211; Kreis der Grundlagen<br \/>\nModul 1 &#8211; Annehmen<\/div>\n<p>[\/vc_column_text][vc_column_text]<\/p>\n<div style=\"height: 124px; width: 126px; float: left;\"><img loading=\"lazy\" decoding=\"async\" class=\"size-full wp-image-7932 alignleft\" src=\"http:\/\/www.reconnectivetherapy.com\/wp-content\/uploads\/2016\/11\/modul-3.png\" alt=\"modul-3\" width=\"126\" height=\"66\" \/><\/div>\n<p><strong>Modul 3 &#8211; Bringe mehr und mehr Aspekte Deines Lebens in Einklang mit Deiner Kreation<\/strong><br \/>\nTeilnahmevoraussetzung:<br \/>\n1 Element der Schule des Lebens &#8211; Kreis der Grundlagen<br \/>\nModul 1 &#8211; Annehmen<br \/>\nModul 2 &#8211; Kreation[\/vc_column_text][\/vc_column][\/vc_row][vc_row][vc_column][vc_separator height_2=&#8220;40&#8243; height=&#8220;0&#8243; show_border=&#8220;yes_border&#8220;][\/vc_column][\/vc_row]<\/p>\n<\/div>","protected":false},"excerpt":{"rendered":"<p>[vc_row][vc_column][vc_row_inner][vc_column_inner][\/vc_column_inner][\/vc_row_inner][vc_column_text undefined=&#8220;&#8220;] Wir alle haben das, was in unserem Leben ist, selber kreiert durch unsere Gedanken und Gef\u00fchle. Wenn wir akzeptieren, dass das so ist, dann<span class=\"excerpt-hellip\"> [\u2026]<\/span><\/p>\n","protected":false},"author":13,"featured_media":0,"parent":6336,"menu_order":0,"comment_status":"closed","ping_status":"closed","template":"","meta":{"footnotes":""},"class_list":["post-7903","page","type-page","status-publish","hentry"],"yoast_head":"<!-- This site is optimized with the Yoast SEO plugin v27.5 - https:\/\/yoast.com\/product\/yoast-seo-wordpress\/ -->\n<title>RCT Intensiv f\u00fcr Heilung - Reconnective Therapy<\/title>\n<meta name=\"description\" content=\"RCT Intensiv f\u00fcr Heilung - Reconnective Therapy | Herwig und Kerstin Sch\u00f6n. Jeder von uns tr\u00e4gt das Wissen \u00fcber perfektes Wohlbefinden in sich.\" \/>\n<meta name=\"robots\" content=\"index, follow, max-snippet:-1, max-image-preview:large, max-video-preview:-1\" \/>\n<link rel=\"canonical\" href=\"https:\/\/www.reconnectivetherapy.com\/de\/inneres-ueben\/videokonferenz-kurrikulum\/\" \/>\n<meta property=\"og:locale\" content=\"de_DE\" \/>\n<meta property=\"og:type\" content=\"article\" \/>\n<meta property=\"og:title\" content=\"RCT Intensiv f\u00fcr Heilung - Reconnective Therapy\" \/>\n<meta property=\"og:description\" content=\"RCT Intensiv f\u00fcr Heilung - Reconnective Therapy | Herwig und Kerstin Sch\u00f6n. Jeder von uns tr\u00e4gt das Wissen \u00fcber perfektes Wohlbefinden in sich.\" \/>\n<meta property=\"og:url\" content=\"https:\/\/www.reconnectivetherapy.com\/de\/inneres-ueben\/videokonferenz-kurrikulum\/\" \/>\n<meta property=\"og:site_name\" content=\"RCT - Reconnective Therapy | Kerstin Sch\u00f6n\" \/>\n<meta property=\"article:modified_time\" content=\"2024-01-23T09:33:34+00:00\" \/>\n<meta property=\"og:image\" content=\"http:\/\/www.reconnectivetherapy.com\/wp-content\/uploads\/2016\/11\/kreis-grundlagen-01.png\" \/>\n<meta name=\"twitter:label1\" content=\"Gesch\u00e4tzte Lesezeit\" \/>\n\t<meta name=\"twitter:data1\" content=\"3\u00a0Minuten\" \/>\n<script type=\"application\/ld+json\" class=\"yoast-schema-graph\">{\"@context\":\"https:\\\/\\\/schema.org\",\"@graph\":[{\"@type\":\"WebPage\",\"@id\":\"https:\\\/\\\/www.reconnectivetherapy.com\\\/de\\\/inneres-ueben\\\/videokonferenz-kurrikulum\\\/\",\"url\":\"https:\\\/\\\/www.reconnectivetherapy.com\\\/de\\\/inneres-ueben\\\/videokonferenz-kurrikulum\\\/\",\"name\":\"RCT Intensiv f\u00fcr Heilung - Reconnective Therapy\",\"isPartOf\":{\"@id\":\"https:\\\/\\\/www.reconnectivetherapy.com\\\/#website\"},\"primaryImageOfPage\":{\"@id\":\"https:\\\/\\\/www.reconnectivetherapy.com\\\/de\\\/inneres-ueben\\\/videokonferenz-kurrikulum\\\/#primaryimage\"},\"image\":{\"@id\":\"https:\\\/\\\/www.reconnectivetherapy.com\\\/de\\\/inneres-ueben\\\/videokonferenz-kurrikulum\\\/#primaryimage\"},\"thumbnailUrl\":\"http:\\\/\\\/www.reconnectivetherapy.com\\\/wp-content\\\/uploads\\\/2016\\\/11\\\/kreis-grundlagen-01.png\",\"datePublished\":\"2016-11-17T07:16:24+00:00\",\"dateModified\":\"2024-01-23T09:33:34+00:00\",\"description\":\"RCT Intensiv f\u00fcr Heilung - Reconnective Therapy | Herwig und Kerstin Sch\u00f6n. Jeder von uns tr\u00e4gt das Wissen \u00fcber perfektes Wohlbefinden in sich.\",\"breadcrumb\":{\"@id\":\"https:\\\/\\\/www.reconnectivetherapy.com\\\/de\\\/inneres-ueben\\\/videokonferenz-kurrikulum\\\/#breadcrumb\"},\"inLanguage\":\"de\",\"potentialAction\":[{\"@type\":\"ReadAction\",\"target\":[\"https:\\\/\\\/www.reconnectivetherapy.com\\\/de\\\/inneres-ueben\\\/videokonferenz-kurrikulum\\\/\"]}]},{\"@type\":\"ImageObject\",\"inLanguage\":\"de\",\"@id\":\"https:\\\/\\\/www.reconnectivetherapy.com\\\/de\\\/inneres-ueben\\\/videokonferenz-kurrikulum\\\/#primaryimage\",\"url\":\"http:\\\/\\\/www.reconnectivetherapy.com\\\/wp-content\\\/uploads\\\/2016\\\/11\\\/kreis-grundlagen-01.png\",\"contentUrl\":\"http:\\\/\\\/www.reconnectivetherapy.com\\\/wp-content\\\/uploads\\\/2016\\\/11\\\/kreis-grundlagen-01.png\"},{\"@type\":\"BreadcrumbList\",\"@id\":\"https:\\\/\\\/www.reconnectivetherapy.com\\\/de\\\/inneres-ueben\\\/videokonferenz-kurrikulum\\\/#breadcrumb\",\"itemListElement\":[{\"@type\":\"ListItem\",\"position\":1,\"name\":\"Start\",\"item\":\"https:\\\/\\\/www.reconnectivetherapy.com\\\/\"},{\"@type\":\"ListItem\",\"position\":2,\"name\":\"Inneres \u00dcben\",\"item\":\"https:\\\/\\\/www.reconnectivetherapy.com\\\/de\\\/inneres-ueben\\\/\"},{\"@type\":\"ListItem\",\"position\":3,\"name\":\"RCT Schule des Lebens\"}]},{\"@type\":\"WebSite\",\"@id\":\"https:\\\/\\\/www.reconnectivetherapy.com\\\/#website\",\"url\":\"https:\\\/\\\/www.reconnectivetherapy.com\\\/\",\"name\":\"RCT - Reconnective Therapy | Kerstin Sch\u00f6n\",\"description\":\"RCT - Reconnective Therapy | Kerstin Sch\u00f6n\",\"potentialAction\":[{\"@type\":\"SearchAction\",\"target\":{\"@type\":\"EntryPoint\",\"urlTemplate\":\"https:\\\/\\\/www.reconnectivetherapy.com\\\/?s={search_term_string}\"},\"query-input\":{\"@type\":\"PropertyValueSpecification\",\"valueRequired\":true,\"valueName\":\"search_term_string\"}}],\"inLanguage\":\"de\"}]}<\/script>\n<!-- \/ Yoast SEO plugin. -->","yoast_head_json":{"title":"RCT Intensiv f\u00fcr Heilung - Reconnective Therapy","description":"RCT Intensiv f\u00fcr Heilung - Reconnective Therapy | Herwig und Kerstin Sch\u00f6n. Jeder von uns tr\u00e4gt das Wissen \u00fcber perfektes Wohlbefinden in sich.","robots":{"index":"index","follow":"follow","max-snippet":"max-snippet:-1","max-image-preview":"max-image-preview:large","max-video-preview":"max-video-preview:-1"},"canonical":"https:\/\/www.reconnectivetherapy.com\/de\/inneres-ueben\/videokonferenz-kurrikulum\/","og_locale":"de_DE","og_type":"article","og_title":"RCT Intensiv f\u00fcr Heilung - Reconnective Therapy","og_description":"RCT Intensiv f\u00fcr Heilung - Reconnective Therapy | Herwig und Kerstin Sch\u00f6n. Jeder von uns tr\u00e4gt das Wissen \u00fcber perfektes Wohlbefinden in sich.","og_url":"https:\/\/www.reconnectivetherapy.com\/de\/inneres-ueben\/videokonferenz-kurrikulum\/","og_site_name":"RCT - Reconnective Therapy | Kerstin Sch\u00f6n","article_modified_time":"2024-01-23T09:33:34+00:00","og_image":[{"url":"http:\/\/www.reconnectivetherapy.com\/wp-content\/uploads\/2016\/11\/kreis-grundlagen-01.png","type":"","width":"","height":""}],"twitter_misc":{"Gesch\u00e4tzte Lesezeit":"3\u00a0Minuten"},"schema":{"@context":"https:\/\/schema.org","@graph":[{"@type":"WebPage","@id":"https:\/\/www.reconnectivetherapy.com\/de\/inneres-ueben\/videokonferenz-kurrikulum\/","url":"https:\/\/www.reconnectivetherapy.com\/de\/inneres-ueben\/videokonferenz-kurrikulum\/","name":"RCT Intensiv f\u00fcr Heilung - Reconnective Therapy","isPartOf":{"@id":"https:\/\/www.reconnectivetherapy.com\/#website"},"primaryImageOfPage":{"@id":"https:\/\/www.reconnectivetherapy.com\/de\/inneres-ueben\/videokonferenz-kurrikulum\/#primaryimage"},"image":{"@id":"https:\/\/www.reconnectivetherapy.com\/de\/inneres-ueben\/videokonferenz-kurrikulum\/#primaryimage"},"thumbnailUrl":"http:\/\/www.reconnectivetherapy.com\/wp-content\/uploads\/2016\/11\/kreis-grundlagen-01.png","datePublished":"2016-11-17T07:16:24+00:00","dateModified":"2024-01-23T09:33:34+00:00","description":"RCT Intensiv f\u00fcr Heilung - Reconnective Therapy | Herwig und Kerstin Sch\u00f6n. Jeder von uns tr\u00e4gt das Wissen \u00fcber perfektes Wohlbefinden in sich.","breadcrumb":{"@id":"https:\/\/www.reconnectivetherapy.com\/de\/inneres-ueben\/videokonferenz-kurrikulum\/#breadcrumb"},"inLanguage":"de","potentialAction":[{"@type":"ReadAction","target":["https:\/\/www.reconnectivetherapy.com\/de\/inneres-ueben\/videokonferenz-kurrikulum\/"]}]},{"@type":"ImageObject","inLanguage":"de","@id":"https:\/\/www.reconnectivetherapy.com\/de\/inneres-ueben\/videokonferenz-kurrikulum\/#primaryimage","url":"http:\/\/www.reconnectivetherapy.com\/wp-content\/uploads\/2016\/11\/kreis-grundlagen-01.png","contentUrl":"http:\/\/www.reconnectivetherapy.com\/wp-content\/uploads\/2016\/11\/kreis-grundlagen-01.png"},{"@type":"BreadcrumbList","@id":"https:\/\/www.reconnectivetherapy.com\/de\/inneres-ueben\/videokonferenz-kurrikulum\/#breadcrumb","itemListElement":[{"@type":"ListItem","position":1,"name":"Start","item":"https:\/\/www.reconnectivetherapy.com\/"},{"@type":"ListItem","position":2,"name":"Inneres \u00dcben","item":"https:\/\/www.reconnectivetherapy.com\/de\/inneres-ueben\/"},{"@type":"ListItem","position":3,"name":"RCT Schule des Lebens"}]},{"@type":"WebSite","@id":"https:\/\/www.reconnectivetherapy.com\/#website","url":"https:\/\/www.reconnectivetherapy.com\/","name":"RCT - Reconnective Therapy | Kerstin Sch\u00f6n","description":"RCT - Reconnective Therapy | Kerstin Sch\u00f6n","potentialAction":[{"@type":"SearchAction","target":{"@type":"EntryPoint","urlTemplate":"https:\/\/www.reconnectivetherapy.com\/?s={search_term_string}"},"query-input":{"@type":"PropertyValueSpecification","valueRequired":true,"valueName":"search_term_string"}}],"inLanguage":"de"}]}},"_links":{"self":[{"href":"https:\/\/www.reconnectivetherapy.com\/de\/wp-json\/wp\/v2\/pages\/7903","targetHints":{"allow":["GET"]}}],"collection":[{"href":"https:\/\/www.reconnectivetherapy.com\/de\/wp-json\/wp\/v2\/pages"}],"about":[{"href":"https:\/\/www.reconnectivetherapy.com\/de\/wp-json\/wp\/v2\/types\/page"}],"author":[{"embeddable":true,"href":"https:\/\/www.reconnectivetherapy.com\/de\/wp-json\/wp\/v2\/users\/13"}],"replies":[{"embeddable":true,"href":"https:\/\/www.reconnectivetherapy.com\/de\/wp-json\/wp\/v2\/comments?post=7903"}],"version-history":[{"count":0,"href":"https:\/\/www.reconnectivetherapy.com\/de\/wp-json\/wp\/v2\/pages\/7903\/revisions"}],"up":[{"embeddable":true,"href":"https:\/\/www.reconnectivetherapy.com\/de\/wp-json\/wp\/v2\/pages\/6336"}],"wp:attachment":[{"href":"https:\/\/www.reconnectivetherapy.com\/de\/wp-json\/wp\/v2\/media?parent=7903"}],"curies":[{"name":"wp","href":"https:\/\/api.w.org\/{rel}","templated":true}]}}