{"id":7866,"date":"2016-11-16T15:44:40","date_gmt":"2016-11-16T14:44:40","guid":{"rendered":"http:\/\/www.reconnectivetherapy.com\/?page_id=7866"},"modified":"2021-06-09T16:36:16","modified_gmt":"2021-06-09T14:36:16","slug":"kreis-der-grundlagen","status":"publish","type":"page","link":"https:\/\/www.reconnectivetherapy.com\/de\/kreis-der-grundlagen\/","title":{"rendered":"Kreis der Grundlagen"},"content":{"rendered":"<div class=\"wpb-content-wrapper\"><p>[vc_row][vc_column css=&#8220;.vc_custom_1453450499130{margin-top: 30px !important;}&#8220;][vc_column_text undefined=&#8220;&#8220;]<\/p>\n<h3>RCT Schule des Lebens<\/h3>\n<p>[\/vc_column_text][\/vc_column][\/vc_row][vc_row][vc_column][vc_column_text undefined=&#8220;&#8220;]<\/p>\n<h4><b>Kreis der Grundlagen<\/b><\/h4>\n<p><span style=\"font-weight: 400;\">Begib Dich von der Zuschauerbank bewusst in das Spiel Deines Lebens hinein<\/span><\/p>\n<p>&nbsp;<\/p>\n<p><em><img loading=\"lazy\" decoding=\"async\" class=\"size-full wp-image-7892 alignleft\" src=\"http:\/\/www.reconnectivetherapy.com\/wp-content\/uploads\/2016\/11\/kreis-grundlagen-01.png\" alt=\"kreis-grundlagen-01\" width=\"577\" height=\"457\" \/><\/em><\/p>\n<p>[\/vc_column_text][vc_column_text]<\/p>\n<p>&nbsp;<\/p>\n<p><em><strong>Die 3 Elemente der Schule des Lebens &#8211; Kreis der Grundlagen sind:<\/strong><\/em>[\/vc_column_text][vc_row_inner][vc_column_inner width=&#8220;1\/3&#8243;][vc_column_text]<strong><img loading=\"lazy\" decoding=\"async\" class=\"size-full wp-image-7876 alignleft\" src=\"http:\/\/www.reconnectivetherapy.com\/wp-content\/uploads\/2016\/11\/beziehungen_icon.png\" alt=\"beziehungen_icon\" width=\"85\" height=\"71\" \/><\/strong><\/p>\n<p><span style=\"color: #ffffff;\">&#8211;<\/span><br \/>\nBeziehungen:<br \/>\n<span style=\"color: #ffffff;\">&#8211;<\/span><\/p>\n<ul>\n<li style=\"list-style-type: none;\">\n<ul>\n<li style=\"font-weight: 400;\"><span style=\"font-weight: 400;\">Intime Beziehungen<\/span><\/li>\n<li style=\"font-weight: 400;\"><span style=\"font-weight: 400;\">Familie<\/span><\/li>\n<li style=\"font-weight: 400;\"><span style=\"font-weight: 400;\">Arbeit<\/span><\/li>\n<li style=\"font-weight: 400;\"><span style=\"font-weight: 400;\">Freunde<\/span><\/li>\n<li style=\"font-weight: 400;\"><span style=\"font-weight: 400;\">Fl\u00fcchtige Beziehungen<\/span><\/li>\n<li style=\"font-weight: 400;\"><strong><span style=\"font-weight: 400;\">Beziehung mit dir selbst<\/span><\/strong><\/li>\n<\/ul>\n<\/li>\n<\/ul>\n<p><strong>\u00a0<\/strong>[\/vc_column_text][\/vc_column_inner][vc_column_inner width=&#8220;1\/3&#8243;][vc_column_text]<img loading=\"lazy\" decoding=\"async\" class=\"size-full wp-image-7884 alignleft\" src=\"http:\/\/www.reconnectivetherapy.com\/wp-content\/uploads\/2016\/11\/karriere_icon.png\" alt=\"karriere_icon\" width=\"75\" height=\"73\" \/><br \/>\nK\u00f6rper und Gesundheit[\/vc_column_text][\/vc_column_inner][vc_column_inner width=&#8220;1\/3&#8243;][vc_column_text]<img loading=\"lazy\" decoding=\"async\" class=\"size-full wp-image-7883 alignleft\" src=\"http:\/\/www.reconnectivetherapy.com\/wp-content\/uploads\/2016\/11\/kundgesund_icon.png\" alt=\"kundgesund_icon\" width=\"66\" height=\"70\" \/><br \/>\nKarriere, Geld und Unternehmen[\/vc_column_text][\/vc_column_inner][\/vc_row_inner][vc_separator height=&#8220;24&#8243; show_border=&#8220;yes_border&#8220;][vc_column_text]<strong><img loading=\"lazy\" decoding=\"async\" class=\"size-full wp-image-7876 alignleft\" src=\"http:\/\/www.reconnectivetherapy.com\/wp-content\/uploads\/2016\/11\/beziehungen_icon.png\" alt=\"beziehungen_icon\" width=\"85\" height=\"71\" \/><span style=\"color: #ffffff;\">&#8211;<\/span><br \/>\n<span style=\"color: #ffffff;\">&#8211;<\/span>Beziehungen:<br \/>\n<\/strong><span style=\"color: #ffffff;\">&#8211;<\/span><br \/>\nWir haben die Erfahrung gemacht, dass f\u00fcr die allermeisten Menschen das Thema Beziehung das allerwichtigste in ihrem Leben ist. Hier gibt es ein Verlangen nach N\u00e4he Authentizit\u00e4t und F\u00fclle das jedoch meistens nicht erf\u00fcllt ist. Stattdessen sehen wir immer wieder Wiederholungen derselben Erfahrungen in allen Arten von Beziehungen sei es intimen Beziehungen, Familie oder Freunden usw. Du wirst lernen dir bewusst zu werden wie du im wesentlichen aus deinem Unterbewusstsein bestimmte Arten von Beziehungen anziehst durch die Kraft deiner Gedanken und Gef\u00fchle. Du wirst lernen wie du diese permanent ver\u00e4ndern kannst und somit in die Lage kommst Beziehungen anzuziehen und zu erhalten, die du wahrhaftig in deinem Leben haben willst.<\/p>\n<p>Dar\u00fcber hinaus wird es sehr viele Lehren geben \u00fcber das Wesen von Beziehungen, so das du dir mehr bewusst werden kannst wie du diese kreierst, pflegst und wie du die Beziehungen, die zur Zeit in deinem Leben sind, ver\u00e4ndern kannst.[\/vc_column_text][vc_separator height=&#8220;24&#8243; show_border=&#8220;yes_border&#8220;][vc_column_text]<strong><img loading=\"lazy\" decoding=\"async\" class=\"size-full wp-image-7884 alignleft\" src=\"http:\/\/www.reconnectivetherapy.com\/wp-content\/uploads\/2016\/11\/karriere_icon.png\" alt=\"karriere_icon\" width=\"75\" height=\"73\" \/><span style=\"color: #ffffff;\">&#8211;<\/span><br \/>\nK\u00f6rper und Gesundheit:<br \/>\n<\/strong><span style=\"color: #ffffff;\">&#8211;<\/span><br \/>\nDie meisten von uns sehen St\u00f6rungen auf der k\u00f6rperlichen Ebene als etwas an, das zuf\u00e4llig passiert und sie wollen das es aufh\u00f6rt und sie ganz normal mit ihrem Leben weitermachen k\u00f6nnen. F\u00fcr diesen Zweck greifen wir zur\u00fcck auf verschiedene Methoden wie zum Beispiel der Schulmedizin oder andere Arten von Therapien von Akupunktur \u00fcber Kr\u00e4uter bis hin zu Energiearbeit. In diesem Kurs werden wir dich Schritt f\u00fcr Schritt darin einf\u00fchren wie du alles, was in deinem K\u00f6rper geschieht, von Wohlbefinden bis hin zu lebensbedrohlichen Zust\u00e4nden, selber kreierst durch Gedanken und Gef\u00fchle. Du wirst lernen, wie du insbesondere mit diesen Gedanken und Gef\u00fchlen umgehen kannst so dass diese sich \u00e4ndern k\u00f6nnen und du eine andere Erfahrung des Lebens in einem stofflichen K\u00f6rper auf der Erde machen kannst.<\/p>\n<p>Wir werden unterrichten wie die Wechselwirkung der Gedanken und Gef\u00fchle mit dem K\u00f6rper funktioniert so das du lernen kannst wie diese Kr\u00e4fte nicht l\u00e4nger zum Unwohlsein des K\u00f6rpers beitragen sondern dass sie f\u00fcr dich arbeiten und einen gesunden und kr\u00e4ftigen K\u00f6rper erschaffen.<\/p>\n<p>Bitte sei dir bewusst dass es sich hier nicht um eine medizinische Behandlung handelt und dass die Inhalte dieses Unterrichts nicht wissenschaftlich erforscht sind. In all dem, was wir sagen ist kein Versprechen beinhaltet, dass du ein bestimmtes Resultat haben wirst dadurch, dass du an dieser Veranstaltung teilnimmt.[\/vc_column_text][vc_separator height=&#8220;24&#8243; show_border=&#8220;yes_border&#8220;][vc_column_text]<strong><img loading=\"lazy\" decoding=\"async\" class=\"size-full wp-image-7883 alignleft\" src=\"http:\/\/www.reconnectivetherapy.com\/wp-content\/uploads\/2016\/11\/kundgesund_icon.png\" alt=\"kundgesund_icon\" width=\"66\" height=\"70\" \/><span style=\"color: #ffffff;\">&#8211;<\/span><br \/>\nKarriere, Geld und Unternehmen:<\/strong><br \/>\n<span style=\"color: #ffffff;\">&#8211;<\/span><br \/>\nWir haben auf beobachtet, dass diese drei Themen sehr viel Stress und Unwohlsein im Leben verursachen k\u00f6nnen. Das scheint v\u00f6llig unabh\u00e4ngig davon zu sein wie viel Wohlstand oder auch Mangel pr\u00e4sent ist und wie viel Erfolg oder Misserfolg jemand gehabt hat. In diesem Bereich regieren ganz andere Kr\u00e4fte die oftmals aus dem Unterbewusstsein her aktiv sind und die Frieden und Erf\u00fcllung in diesem Bereich des Lebens verhindern k\u00f6nnen. Wie schon vorher gesagt handelt es sich auch hier wiederum um Gedanken und Gef\u00fchle die unsere Erfahrung in diesem Aspekt unseres Lebens bestimmen. In diesem Kurs wirst du deine Gedanken und Gef\u00fchle im Zusammenhang mit dem Thema Karriere, Gesch\u00e4ft und Geld untersuchen. Dadurch wirst du dir der Kr\u00e4fte bewusst werden, die das kreiert haben was im Moment in diesem Aspekt in deinem Leben gegenw\u00e4rtig ist und du wirst lernen diese zu ver\u00e4ndern, so dass du die Erfahrung in diesem Bezug kreieren kannst, nach der es dich verlangt.<\/p>\n<p>Wir werden unterrichten \u00fcber das Wesen des Geldes als Energie, den Einfluss den deine Gedanken und Gef\u00fchle auf diese Art Energie haben sowohl als auch auf deine Karriere und oder ein Gesch\u00e4ft.[\/vc_column_text][vc_separator height=&#8220;24&#8243; show_border=&#8220;yes_border&#8220;][vc_column_text]<strong>Die Struktur jedes einzelnen Elementes:<\/strong><\/p>\n<ul>\n<li>Dauer: 12 Wochen<\/li>\n<li>Alle zwei Wochen gibt es eine Videokonferenzschaltung<\/li>\n<li>Insgesamt 7 Videokonferenzschaltungen<\/li>\n<li>Jede Videokonferenzschaltung dauert 1 Stunde<\/li>\n<li>Struktur dieser Videokonferenzschaltungen:<br \/>\n&#8211; \u00dcbungen die wir gemeinsam durchf\u00fchren werden.<br \/>\n&#8211; Es wird Zeit geben f\u00fcr Fragen.<br \/>\n&#8211; Unterricht<br \/>\n&#8211; Du wirst Hausaufgaben f\u00fcr die Zeit bis zur n\u00e4chsten Konferenzschaltung bekommen.<\/li>\n<li>Rechenschaftsanrufe:<br \/>\n&#8211; Alle Teilnehmer werden in Paare aufgeteilt.<br \/>\n&#8211; Zu Beginn dieses Kurses wirst du die Richtlinien f\u00fcr diese Rechenschaftsanrufe bekommen.<br \/>\n&#8211; 1 Rechenschaftsanruf alle 2 Wochen mit deinem Partner f\u00fcr die Dauer dieses Kurses.<\/li>\n<\/ul>\n<p>Kosten: 350 \u20ac[\/vc_column_text][vc_row_inner css=&#8220;.vc_custom_1523858958297{margin-top: 24px !important;}&#8220;][vc_column_inner width=&#8220;1\/4&#8243;][vc_promo_box]<\/p>\n<p style=\"text-align: center;\"><strong><a href=\"\/schedule\">Termine<\/a><\/strong><\/p>\n<p>[\/vc_promo_box][\/vc_column_inner][vc_column_inner width=&#8220;1\/4&#8243;][\/vc_column_inner][vc_column_inner width=&#8220;1\/4&#8243;][\/vc_column_inner][vc_column_inner width=&#8220;1\/4&#8243;][\/vc_column_inner][\/vc_row_inner][\/vc_column][\/vc_row][vc_row][vc_column][vc_separator height_2=&#8220;40&#8243; height=&#8220;0&#8243; show_border=&#8220;yes_border&#8220;][\/vc_column][\/vc_row]<\/p>\n<\/div>","protected":false},"excerpt":{"rendered":"<p>[vc_row][vc_column css=&#8220;.vc_custom_1453450499130{margin-top: 30px !important;}&#8220;][vc_column_text undefined=&#8220;&#8220;] RCT Schule des Lebens [\/vc_column_text][\/vc_column][\/vc_row][vc_row][vc_column][vc_column_text undefined=&#8220;&#8220;] Kreis der Grundlagen Begib Dich von der Zuschauerbank bewusst in das Spiel Deines Lebens hinein<span class=\"excerpt-hellip\"> [\u2026]<\/span><\/p>\n","protected":false},"author":10,"featured_media":0,"parent":12609,"menu_order":2,"comment_status":"closed","ping_status":"closed","template":"","meta":{"footnotes":""},"class_list":["post-7866","page","type-page","status-publish","hentry"],"yoast_head":"<!-- This site is optimized with the Yoast SEO plugin v27.5 - https:\/\/yoast.com\/product\/yoast-seo-wordpress\/ -->\n<title>RCT Intensiv f\u00fcr Heilung - Reconnective Therapy<\/title>\n<meta name=\"description\" content=\"RCT Intensiv f\u00fcr Heilung - Reconnective Therapy | Herwig und Kerstin Sch\u00f6n. Jeder von uns tr\u00e4gt das Wissen \u00fcber perfektes Wohlbefinden in sich.\" \/>\n<meta name=\"robots\" content=\"index, follow, max-snippet:-1, max-image-preview:large, max-video-preview:-1\" \/>\n<link rel=\"canonical\" href=\"https:\/\/www.reconnectivetherapy.com\/circle-of-foundations\/\" \/>\n<meta property=\"og:locale\" content=\"de_DE\" \/>\n<meta property=\"og:type\" content=\"article\" \/>\n<meta property=\"og:title\" content=\"RCT Intensiv f\u00fcr Heilung - Reconnective Therapy\" \/>\n<meta property=\"og:description\" content=\"RCT Intensiv f\u00fcr Heilung - Reconnective Therapy | Herwig und Kerstin Sch\u00f6n. Jeder von uns tr\u00e4gt das Wissen \u00fcber perfektes Wohlbefinden in sich.\" \/>\n<meta property=\"og:url\" content=\"https:\/\/www.reconnectivetherapy.com\/circle-of-foundations\/\" \/>\n<meta property=\"og:site_name\" content=\"RCT - Reconnective Therapy | Kerstin Sch\u00f6n\" \/>\n<meta property=\"article:modified_time\" content=\"2021-06-09T14:36:16+00:00\" \/>\n<meta property=\"og:image\" content=\"http:\/\/www.reconnectivetherapy.com\/wp-content\/uploads\/2016\/11\/kreis-grundlagen-01.png\" \/>\n<meta name=\"twitter:label1\" content=\"Gesch\u00e4tzte Lesezeit\" \/>\n\t<meta name=\"twitter:data1\" content=\"5\u00a0Minuten\" \/>\n<script type=\"application\/ld+json\" class=\"yoast-schema-graph\">{\"@context\":\"https:\\\/\\\/schema.org\",\"@graph\":[{\"@type\":\"WebPage\",\"@id\":\"https:\\\/\\\/www.reconnectivetherapy.com\\\/circle-of-foundations\\\/\",\"url\":\"https:\\\/\\\/www.reconnectivetherapy.com\\\/circle-of-foundations\\\/\",\"name\":\"RCT Intensiv f\u00fcr Heilung - Reconnective Therapy\",\"isPartOf\":{\"@id\":\"https:\\\/\\\/www.reconnectivetherapy.com\\\/#website\"},\"primaryImageOfPage\":{\"@id\":\"https:\\\/\\\/www.reconnectivetherapy.com\\\/circle-of-foundations\\\/#primaryimage\"},\"image\":{\"@id\":\"https:\\\/\\\/www.reconnectivetherapy.com\\\/circle-of-foundations\\\/#primaryimage\"},\"thumbnailUrl\":\"http:\\\/\\\/www.reconnectivetherapy.com\\\/wp-content\\\/uploads\\\/2016\\\/11\\\/kreis-grundlagen-01.png\",\"datePublished\":\"2016-11-16T14:44:40+00:00\",\"dateModified\":\"2021-06-09T14:36:16+00:00\",\"description\":\"RCT Intensiv f\u00fcr Heilung - Reconnective Therapy | Herwig und Kerstin Sch\u00f6n. Jeder von uns tr\u00e4gt das Wissen \u00fcber perfektes Wohlbefinden in sich.\",\"breadcrumb\":{\"@id\":\"https:\\\/\\\/www.reconnectivetherapy.com\\\/circle-of-foundations\\\/#breadcrumb\"},\"inLanguage\":\"de\",\"potentialAction\":[{\"@type\":\"ReadAction\",\"target\":[\"https:\\\/\\\/www.reconnectivetherapy.com\\\/circle-of-foundations\\\/\"]}]},{\"@type\":\"ImageObject\",\"inLanguage\":\"de\",\"@id\":\"https:\\\/\\\/www.reconnectivetherapy.com\\\/circle-of-foundations\\\/#primaryimage\",\"url\":\"http:\\\/\\\/www.reconnectivetherapy.com\\\/wp-content\\\/uploads\\\/2016\\\/11\\\/kreis-grundlagen-01.png\",\"contentUrl\":\"http:\\\/\\\/www.reconnectivetherapy.com\\\/wp-content\\\/uploads\\\/2016\\\/11\\\/kreis-grundlagen-01.png\"},{\"@type\":\"BreadcrumbList\",\"@id\":\"https:\\\/\\\/www.reconnectivetherapy.com\\\/circle-of-foundations\\\/#breadcrumb\",\"itemListElement\":[{\"@type\":\"ListItem\",\"position\":1,\"name\":\"Start\",\"item\":\"https:\\\/\\\/www.reconnectivetherapy.com\\\/\"},{\"@type\":\"ListItem\",\"position\":2,\"name\":\"alte Seiten\",\"item\":\"https:\\\/\\\/www.reconnectivetherapy.com\\\/de\\\/?page_id=12609\"},{\"@type\":\"ListItem\",\"position\":3,\"name\":\"Kreis der Grundlagen\"}]},{\"@type\":\"WebSite\",\"@id\":\"https:\\\/\\\/www.reconnectivetherapy.com\\\/#website\",\"url\":\"https:\\\/\\\/www.reconnectivetherapy.com\\\/\",\"name\":\"RCT - Reconnective Therapy | Kerstin Sch\u00f6n\",\"description\":\"RCT - Reconnective Therapy | Kerstin Sch\u00f6n\",\"potentialAction\":[{\"@type\":\"SearchAction\",\"target\":{\"@type\":\"EntryPoint\",\"urlTemplate\":\"https:\\\/\\\/www.reconnectivetherapy.com\\\/?s={search_term_string}\"},\"query-input\":{\"@type\":\"PropertyValueSpecification\",\"valueRequired\":true,\"valueName\":\"search_term_string\"}}],\"inLanguage\":\"de\"}]}<\/script>\n<!-- \/ Yoast SEO plugin. -->","yoast_head_json":{"title":"RCT Intensiv f\u00fcr Heilung - Reconnective Therapy","description":"RCT Intensiv f\u00fcr Heilung - Reconnective Therapy | Herwig und Kerstin Sch\u00f6n. Jeder von uns tr\u00e4gt das Wissen \u00fcber perfektes Wohlbefinden in sich.","robots":{"index":"index","follow":"follow","max-snippet":"max-snippet:-1","max-image-preview":"max-image-preview:large","max-video-preview":"max-video-preview:-1"},"canonical":"https:\/\/www.reconnectivetherapy.com\/circle-of-foundations\/","og_locale":"de_DE","og_type":"article","og_title":"RCT Intensiv f\u00fcr Heilung - Reconnective Therapy","og_description":"RCT Intensiv f\u00fcr Heilung - Reconnective Therapy | Herwig und Kerstin Sch\u00f6n. Jeder von uns tr\u00e4gt das Wissen \u00fcber perfektes Wohlbefinden in sich.","og_url":"https:\/\/www.reconnectivetherapy.com\/circle-of-foundations\/","og_site_name":"RCT - Reconnective Therapy | Kerstin Sch\u00f6n","article_modified_time":"2021-06-09T14:36:16+00:00","og_image":[{"url":"http:\/\/www.reconnectivetherapy.com\/wp-content\/uploads\/2016\/11\/kreis-grundlagen-01.png","type":"","width":"","height":""}],"twitter_misc":{"Gesch\u00e4tzte Lesezeit":"5\u00a0Minuten"},"schema":{"@context":"https:\/\/schema.org","@graph":[{"@type":"WebPage","@id":"https:\/\/www.reconnectivetherapy.com\/circle-of-foundations\/","url":"https:\/\/www.reconnectivetherapy.com\/circle-of-foundations\/","name":"RCT Intensiv f\u00fcr Heilung - Reconnective Therapy","isPartOf":{"@id":"https:\/\/www.reconnectivetherapy.com\/#website"},"primaryImageOfPage":{"@id":"https:\/\/www.reconnectivetherapy.com\/circle-of-foundations\/#primaryimage"},"image":{"@id":"https:\/\/www.reconnectivetherapy.com\/circle-of-foundations\/#primaryimage"},"thumbnailUrl":"http:\/\/www.reconnectivetherapy.com\/wp-content\/uploads\/2016\/11\/kreis-grundlagen-01.png","datePublished":"2016-11-16T14:44:40+00:00","dateModified":"2021-06-09T14:36:16+00:00","description":"RCT Intensiv f\u00fcr Heilung - Reconnective Therapy | Herwig und Kerstin Sch\u00f6n. Jeder von uns tr\u00e4gt das Wissen \u00fcber perfektes Wohlbefinden in sich.","breadcrumb":{"@id":"https:\/\/www.reconnectivetherapy.com\/circle-of-foundations\/#breadcrumb"},"inLanguage":"de","potentialAction":[{"@type":"ReadAction","target":["https:\/\/www.reconnectivetherapy.com\/circle-of-foundations\/"]}]},{"@type":"ImageObject","inLanguage":"de","@id":"https:\/\/www.reconnectivetherapy.com\/circle-of-foundations\/#primaryimage","url":"http:\/\/www.reconnectivetherapy.com\/wp-content\/uploads\/2016\/11\/kreis-grundlagen-01.png","contentUrl":"http:\/\/www.reconnectivetherapy.com\/wp-content\/uploads\/2016\/11\/kreis-grundlagen-01.png"},{"@type":"BreadcrumbList","@id":"https:\/\/www.reconnectivetherapy.com\/circle-of-foundations\/#breadcrumb","itemListElement":[{"@type":"ListItem","position":1,"name":"Start","item":"https:\/\/www.reconnectivetherapy.com\/"},{"@type":"ListItem","position":2,"name":"alte Seiten","item":"https:\/\/www.reconnectivetherapy.com\/de\/?page_id=12609"},{"@type":"ListItem","position":3,"name":"Kreis der Grundlagen"}]},{"@type":"WebSite","@id":"https:\/\/www.reconnectivetherapy.com\/#website","url":"https:\/\/www.reconnectivetherapy.com\/","name":"RCT - Reconnective Therapy | Kerstin Sch\u00f6n","description":"RCT - Reconnective Therapy | Kerstin Sch\u00f6n","potentialAction":[{"@type":"SearchAction","target":{"@type":"EntryPoint","urlTemplate":"https:\/\/www.reconnectivetherapy.com\/?s={search_term_string}"},"query-input":{"@type":"PropertyValueSpecification","valueRequired":true,"valueName":"search_term_string"}}],"inLanguage":"de"}]}},"_links":{"self":[{"href":"https:\/\/www.reconnectivetherapy.com\/de\/wp-json\/wp\/v2\/pages\/7866","targetHints":{"allow":["GET"]}}],"collection":[{"href":"https:\/\/www.reconnectivetherapy.com\/de\/wp-json\/wp\/v2\/pages"}],"about":[{"href":"https:\/\/www.reconnectivetherapy.com\/de\/wp-json\/wp\/v2\/types\/page"}],"author":[{"embeddable":true,"href":"https:\/\/www.reconnectivetherapy.com\/de\/wp-json\/wp\/v2\/users\/10"}],"replies":[{"embeddable":true,"href":"https:\/\/www.reconnectivetherapy.com\/de\/wp-json\/wp\/v2\/comments?post=7866"}],"version-history":[{"count":0,"href":"https:\/\/www.reconnectivetherapy.com\/de\/wp-json\/wp\/v2\/pages\/7866\/revisions"}],"up":[{"embeddable":true,"href":"https:\/\/www.reconnectivetherapy.com\/de\/wp-json\/wp\/v2\/pages\/12609"}],"wp:attachment":[{"href":"https:\/\/www.reconnectivetherapy.com\/de\/wp-json\/wp\/v2\/media?parent=7866"}],"curies":[{"name":"wp","href":"https:\/\/api.w.org\/{rel}","templated":true}]}}