{"id":7508,"date":"2016-06-07T08:48:13","date_gmt":"2016-06-07T06:48:13","guid":{"rendered":"http:\/\/www.reconnectivetherapy.com\/?page_id=7508"},"modified":"2026-03-11T08:37:18","modified_gmt":"2026-03-11T07:37:18","slug":"heilung-emotionen","status":"publish","type":"page","link":"https:\/\/www.reconnectivetherapy.com\/de\/heilung\/heilung\/heilung-emotionen\/","title":{"rendered":"Heilung von Emotionen"},"content":{"rendered":"<div class=\"wpb-content-wrapper\"><p>[vc_row][vc_column css=&#8220;.vc_custom_1453450499130{margin-top: 30px !important;}&#8220;][vc_column_text undefined=&#8220;&#8220;]<\/p>\n<h3>Heilung von Emotionen<\/h3>\n<p>[\/vc_column_text][\/vc_column][\/vc_row][vc_row][vc_column][vc_column_text undefined=&#8220;&#8220;]Oftmals, wenn du eine E-Mail bekommst mit dem Inhalt einer Behandlung, die ich gemacht habe, steht darin: \u201e Heilung von Emotionen\u201c. Dies ist ein Begriff, den ich verwende um einen eher vielschichtigen Prozess zu beschreiben. Im folgenden m\u00f6chte ich genauer darauf eingehen, was das bedeutet. Bitte verstehe, dass dieses Thema so komplex ist, dass ich dazu leicht ein ganzes Buch schreiben k\u00f6nnte. Aus diesem Grunde kann ich bestimmte Unterthemen nur kurz erw\u00e4hnen mich ihnen aber nicht ausf\u00fchrlicher widmen.<\/p>\n<p>Zu aller erst ist es wichtig zu verstehen, dass ein jeder Mensch Zugang zu einer ganz enormen Kraft hat und dies ist die Kraft zu kreieren durch den Gebrauch von Energie. Dieser Vorgang beginnt immer mit einem Verlangen welches zu einem inneren Bild f\u00fchrt, dass immer gleich bleibt. Nehmen wir einfach mal an es ist das Verlangen einen roten Ferrari zu besitzen. Dieser innere Inhalt wird durch die Freude dieses Fahrzeug irgendwann zu besitzen, mit Energie aufgeladen. Es ist die Vorstellung das Auto zu haben, es zu fahren und wie es ist es zu besitzen. Wenn diese Energie eine bestimmte Gr\u00f6\u00dfe \u00fcberschreitet dann wird sich dieses Fahrzeug nicht nur in deinen Gedanken, sondern in der stofflichen Welt f\u00fcr dich manifestieren. Es kann sein, dass du bestimmte Dinge tun musst damit das passiert, jedoch ich habe schon Manifestationen gesehen, wo die begehrte Sache buchst\u00e4blich pl\u00f6tzlich vor der T\u00fcr von jemandem aufgetaucht ist. Diese Kraft ist so stark und so allgegenw\u00e4rtig, dass alles, was wir erleben, wir selber kreieren.<\/p>\n<p>Das war jetzt ein einfaches Beispiel f\u00fcr eine Kreation aus dem Bewusstsein. Es gibt jedoch auch Kreationen aus dem Unterbewusstsein. Alle Dinge, die uns Probleme bereiten, wie zum Beispiel Erkrankungen, sind Kreationen aus unserem Unterbewusstsein. Die Frage ist, wie ist dieser Inhalt dort hinein gekommen, wie kommt ein unver\u00e4nderlicher Inhalt in unser Unterbewusstsein und wie wird es mit Energie aufgeladen?<\/p>\n<p>Stellen wir uns einmal folgendes Szenario vor. Jemand, dem du vertraust, betr\u00fcgt dich. So etwas kann sehr schmerzhaft sein, schmerzhafter als das Gem\u00fct verarbeiten kann. Wenn das der Fall ist, wird ein Selbstschutzmechanismus aktiv, den fast jeder Mensch hat. Eines der Dinge, die dieser tut, ist, diesem Ereignis eine Interpretation zu geben, die dazu dient, eine Wiederholung zu verhindern. Das kann man sich ungef\u00e4hr so vorstellen: \u201eMenschen sind einfach so, man kann ihnen nicht vertrauen und alles was sie wollen ist einen zu betr\u00fcgen\u201c. Aufgrund der Intensit\u00e4t dieser Erfahrung und der Tatsache, dass sie nicht integriert werden kann, wird alles in dir von der Wahrheit dieser Aussage \u00fcberzeugt sein. Sehr schnell wird dieser ganze Komplex in das Unterbewusstsein verschwinden. Dadurch, dass du ganz stark von der Richtigkeit dieser Aussage \u00fcberzeugt bist, wird sich diese mit Energie aufgeladen und dann wenn diese Energie eine bestimmte Stufe \u00fcberschreitet wird sich dieser Inhalt in deinem Leben manifestieren. Das hei\u00dft, du wirst wiederum Betrug erfahren was wiederum diese \u00dcberzeugung verst\u00e4rken wird.<\/p>\n<p>Behandlungen mit ReConnective Therapy verbinden diese \u00dcberzeugung mit einem vorspringenden Anteil deines Mentalk\u00f6rpers. An dieser Stelle m\u00f6chte ich ein kleines Beispiel einf\u00fcgen wie so etwas aussehen kann. Stell dir vor du hast einen wirklich schlechten Tag auf der Arbeit gehabt und zuhause sieht es auch nicht viel besser aus. Du bist auf dem Weg nachhause und der Verkehr ist stockend und jemand nimmt dir die Vorfahrt. Es ist nicht schwer sich vorzustellen in so einer Situation vor \u00c4rger zu explodieren und dieser \u00c4rger kann f\u00fcr viele Stunden anhalten. Stell dir vor, dass du in dem Moment nachdem dir derjenige die Vorfahrt genommen hat, denkst: \u201eVielleicht geht es dem noch schlechter als mir\u201c. In diesem Fall wird es \u00fcberhaupt keinen \u00c4rger geben und du wirst den Vorfall sofort vergessen. Das ist ein einfaches Beispiel f\u00fcr die Transformation, die stattfinden kann wenn ein Gedanke einer niedrigen Frequenz mit einem h\u00f6her schwingen Anteil deines Selbst verbunden wird.<\/p>\n<p>Gehen wir zur\u00fcck zu unserem urspr\u00fcnglichen Szenario, dem Betrug. In einer RCT Behandlung wird die \u00dcberzeugung, dass jedermann dich betr\u00fcgen will, mit einem h\u00f6her schwingen Anteil deines Selbst verbunden. Dadurch wird diese \u00dcberzeugung in etwas harmonisches in dir verwandelt. Von diesem Moment an wirst du dein erleben nicht mehr aus der \u00dcberzeugung, dass alle dich betr\u00fcgen wollen, kreieren, sondern von einem h\u00f6heren Ort in dir und du wirst somit keinen Betrug mehr anziehen, stattdessen Menschen, die den Frieden und die Harmonie, die an diesem Ort in dir existieren, widerspiegeln. Das ist wahre Heilung direkt an dem Ort, wo der Ursprung aller Fehlfunktionen ist.[\/vc_column_text][\/vc_column][\/vc_row][vc_row][vc_column][vc_separator height_2=&#8220;40&#8243; height=&#8220;0&#8243; show_border=&#8220;yes_border&#8220;][\/vc_column][\/vc_row]<\/p>\n<\/div>","protected":false},"excerpt":{"rendered":"<p>[vc_row][vc_column css=&#8220;.vc_custom_1453450499130{margin-top: 30px !important;}&#8220;][vc_column_text undefined=&#8220;&#8220;] Heilung von Emotionen [\/vc_column_text][\/vc_column][\/vc_row][vc_row][vc_column][vc_column_text undefined=&#8220;&#8220;]Oftmals, wenn du eine E-Mail bekommst mit dem Inhalt einer Behandlung, die ich gemacht habe, steht darin:<span class=\"excerpt-hellip\"> [\u2026]<\/span><\/p>\n","protected":false},"author":10,"featured_media":0,"parent":6332,"menu_order":6,"comment_status":"closed","ping_status":"closed","template":"","meta":{"footnotes":""},"class_list":["post-7508","page","type-page","status-publish","hentry"],"yoast_head":"<!-- This site is optimized with the Yoast SEO plugin v27.3 - https:\/\/yoast.com\/product\/yoast-seo-wordpress\/ -->\n<title>RCT Intensiv f\u00fcr Heilung - Reconnective Therapy<\/title>\n<meta name=\"description\" content=\"RCT Intensiv f\u00fcr Heilung - Reconnective Therapy | Herwig und Kerstin Sch\u00f6n. Jeder von uns tr\u00e4gt das Wissen \u00fcber perfektes Wohlbefinden in sich.\" \/>\n<meta name=\"robots\" content=\"index, follow, max-snippet:-1, max-image-preview:large, max-video-preview:-1\" \/>\n<link rel=\"canonical\" href=\"https:\/\/www.reconnectivetherapy.com\/de\/heilung\/heilung\/heilung-emotionen\/\" \/>\n<meta property=\"og:locale\" content=\"de_DE\" \/>\n<meta property=\"og:type\" content=\"article\" \/>\n<meta property=\"og:title\" content=\"RCT Intensiv f\u00fcr Heilung - Reconnective Therapy\" \/>\n<meta property=\"og:description\" content=\"RCT Intensiv f\u00fcr Heilung - Reconnective Therapy | Herwig und Kerstin Sch\u00f6n. Jeder von uns tr\u00e4gt das Wissen \u00fcber perfektes Wohlbefinden in sich.\" \/>\n<meta property=\"og:url\" content=\"https:\/\/www.reconnectivetherapy.com\/de\/heilung\/heilung\/heilung-emotionen\/\" \/>\n<meta property=\"og:site_name\" content=\"RCT - Reconnective Therapy | Kerstin Sch\u00f6n\" \/>\n<meta property=\"article:modified_time\" content=\"2026-03-11T07:37:18+00:00\" \/>\n<meta name=\"twitter:label1\" content=\"Gesch\u00e4tzte Lesezeit\" \/>\n\t<meta name=\"twitter:data1\" content=\"4\u00a0Minuten\" \/>\n<script type=\"application\/ld+json\" class=\"yoast-schema-graph\">{\"@context\":\"https:\\\/\\\/schema.org\",\"@graph\":[{\"@type\":\"WebPage\",\"@id\":\"https:\\\/\\\/www.reconnectivetherapy.com\\\/de\\\/heilung\\\/heilung\\\/heilung-emotionen\\\/\",\"url\":\"https:\\\/\\\/www.reconnectivetherapy.com\\\/de\\\/heilung\\\/heilung\\\/heilung-emotionen\\\/\",\"name\":\"RCT Intensiv f\u00fcr Heilung - Reconnective Therapy\",\"isPartOf\":{\"@id\":\"https:\\\/\\\/www.reconnectivetherapy.com\\\/#website\"},\"datePublished\":\"2016-06-07T06:48:13+00:00\",\"dateModified\":\"2026-03-11T07:37:18+00:00\",\"description\":\"RCT Intensiv f\u00fcr Heilung - Reconnective Therapy | Herwig und Kerstin Sch\u00f6n. Jeder von uns tr\u00e4gt das Wissen \u00fcber perfektes Wohlbefinden in sich.\",\"breadcrumb\":{\"@id\":\"https:\\\/\\\/www.reconnectivetherapy.com\\\/de\\\/heilung\\\/heilung\\\/heilung-emotionen\\\/#breadcrumb\"},\"inLanguage\":\"de\",\"potentialAction\":[{\"@type\":\"ReadAction\",\"target\":[\"https:\\\/\\\/www.reconnectivetherapy.com\\\/de\\\/heilung\\\/heilung\\\/heilung-emotionen\\\/\"]}]},{\"@type\":\"BreadcrumbList\",\"@id\":\"https:\\\/\\\/www.reconnectivetherapy.com\\\/de\\\/heilung\\\/heilung\\\/heilung-emotionen\\\/#breadcrumb\",\"itemListElement\":[{\"@type\":\"ListItem\",\"position\":1,\"name\":\"Start\",\"item\":\"https:\\\/\\\/www.reconnectivetherapy.com\\\/\"},{\"@type\":\"ListItem\",\"position\":2,\"name\":\"Heilung\",\"item\":\"https:\\\/\\\/www.reconnectivetherapy.com\\\/healing\\\/\"},{\"@type\":\"ListItem\",\"position\":3,\"name\":\"Heilung\",\"item\":\"https:\\\/\\\/www.reconnectivetherapy.com\\\/healing\\\/rct-healing-work\\\/\"},{\"@type\":\"ListItem\",\"position\":4,\"name\":\"Heilung von Emotionen\"}]},{\"@type\":\"WebSite\",\"@id\":\"https:\\\/\\\/www.reconnectivetherapy.com\\\/#website\",\"url\":\"https:\\\/\\\/www.reconnectivetherapy.com\\\/\",\"name\":\"RCT - Reconnective Therapy | Kerstin Sch\u00f6n\",\"description\":\"RCT - Reconnective Therapy | Kerstin Sch\u00f6n\",\"potentialAction\":[{\"@type\":\"SearchAction\",\"target\":{\"@type\":\"EntryPoint\",\"urlTemplate\":\"https:\\\/\\\/www.reconnectivetherapy.com\\\/?s={search_term_string}\"},\"query-input\":{\"@type\":\"PropertyValueSpecification\",\"valueRequired\":true,\"valueName\":\"search_term_string\"}}],\"inLanguage\":\"de\"}]}<\/script>\n<!-- \/ Yoast SEO plugin. -->","yoast_head_json":{"title":"RCT Intensiv f\u00fcr Heilung - Reconnective Therapy","description":"RCT Intensiv f\u00fcr Heilung - Reconnective Therapy | Herwig und Kerstin Sch\u00f6n. Jeder von uns tr\u00e4gt das Wissen \u00fcber perfektes Wohlbefinden in sich.","robots":{"index":"index","follow":"follow","max-snippet":"max-snippet:-1","max-image-preview":"max-image-preview:large","max-video-preview":"max-video-preview:-1"},"canonical":"https:\/\/www.reconnectivetherapy.com\/de\/heilung\/heilung\/heilung-emotionen\/","og_locale":"de_DE","og_type":"article","og_title":"RCT Intensiv f\u00fcr Heilung - Reconnective Therapy","og_description":"RCT Intensiv f\u00fcr Heilung - Reconnective Therapy | Herwig und Kerstin Sch\u00f6n. Jeder von uns tr\u00e4gt das Wissen \u00fcber perfektes Wohlbefinden in sich.","og_url":"https:\/\/www.reconnectivetherapy.com\/de\/heilung\/heilung\/heilung-emotionen\/","og_site_name":"RCT - Reconnective Therapy | Kerstin Sch\u00f6n","article_modified_time":"2026-03-11T07:37:18+00:00","twitter_misc":{"Gesch\u00e4tzte Lesezeit":"4\u00a0Minuten"},"schema":{"@context":"https:\/\/schema.org","@graph":[{"@type":"WebPage","@id":"https:\/\/www.reconnectivetherapy.com\/de\/heilung\/heilung\/heilung-emotionen\/","url":"https:\/\/www.reconnectivetherapy.com\/de\/heilung\/heilung\/heilung-emotionen\/","name":"RCT Intensiv f\u00fcr Heilung - Reconnective Therapy","isPartOf":{"@id":"https:\/\/www.reconnectivetherapy.com\/#website"},"datePublished":"2016-06-07T06:48:13+00:00","dateModified":"2026-03-11T07:37:18+00:00","description":"RCT Intensiv f\u00fcr Heilung - Reconnective Therapy | Herwig und Kerstin Sch\u00f6n. Jeder von uns tr\u00e4gt das Wissen \u00fcber perfektes Wohlbefinden in sich.","breadcrumb":{"@id":"https:\/\/www.reconnectivetherapy.com\/de\/heilung\/heilung\/heilung-emotionen\/#breadcrumb"},"inLanguage":"de","potentialAction":[{"@type":"ReadAction","target":["https:\/\/www.reconnectivetherapy.com\/de\/heilung\/heilung\/heilung-emotionen\/"]}]},{"@type":"BreadcrumbList","@id":"https:\/\/www.reconnectivetherapy.com\/de\/heilung\/heilung\/heilung-emotionen\/#breadcrumb","itemListElement":[{"@type":"ListItem","position":1,"name":"Start","item":"https:\/\/www.reconnectivetherapy.com\/"},{"@type":"ListItem","position":2,"name":"Heilung","item":"https:\/\/www.reconnectivetherapy.com\/healing\/"},{"@type":"ListItem","position":3,"name":"Heilung","item":"https:\/\/www.reconnectivetherapy.com\/healing\/rct-healing-work\/"},{"@type":"ListItem","position":4,"name":"Heilung von Emotionen"}]},{"@type":"WebSite","@id":"https:\/\/www.reconnectivetherapy.com\/#website","url":"https:\/\/www.reconnectivetherapy.com\/","name":"RCT - Reconnective Therapy | Kerstin Sch\u00f6n","description":"RCT - Reconnective Therapy | Kerstin Sch\u00f6n","potentialAction":[{"@type":"SearchAction","target":{"@type":"EntryPoint","urlTemplate":"https:\/\/www.reconnectivetherapy.com\/?s={search_term_string}"},"query-input":{"@type":"PropertyValueSpecification","valueRequired":true,"valueName":"search_term_string"}}],"inLanguage":"de"}]}},"_links":{"self":[{"href":"https:\/\/www.reconnectivetherapy.com\/de\/wp-json\/wp\/v2\/pages\/7508","targetHints":{"allow":["GET"]}}],"collection":[{"href":"https:\/\/www.reconnectivetherapy.com\/de\/wp-json\/wp\/v2\/pages"}],"about":[{"href":"https:\/\/www.reconnectivetherapy.com\/de\/wp-json\/wp\/v2\/types\/page"}],"author":[{"embeddable":true,"href":"https:\/\/www.reconnectivetherapy.com\/de\/wp-json\/wp\/v2\/users\/10"}],"replies":[{"embeddable":true,"href":"https:\/\/www.reconnectivetherapy.com\/de\/wp-json\/wp\/v2\/comments?post=7508"}],"version-history":[{"count":1,"href":"https:\/\/www.reconnectivetherapy.com\/de\/wp-json\/wp\/v2\/pages\/7508\/revisions"}],"predecessor-version":[{"id":14916,"href":"https:\/\/www.reconnectivetherapy.com\/de\/wp-json\/wp\/v2\/pages\/7508\/revisions\/14916"}],"up":[{"embeddable":true,"href":"https:\/\/www.reconnectivetherapy.com\/de\/wp-json\/wp\/v2\/pages\/6332"}],"wp:attachment":[{"href":"https:\/\/www.reconnectivetherapy.com\/de\/wp-json\/wp\/v2\/media?parent=7508"}],"curies":[{"name":"wp","href":"https:\/\/api.w.org\/{rel}","templated":true}]}}