{"id":7481,"date":"2016-06-07T08:23:28","date_gmt":"2016-06-07T06:23:28","guid":{"rendered":"http:\/\/www.reconnectivetherapy.com\/?page_id=7481"},"modified":"2023-12-07T11:10:50","modified_gmt":"2023-12-07T10:10:50","slug":"veroeffentlichungen-buch","status":"publish","type":"page","link":"https:\/\/www.reconnectivetherapy.com\/de\/heilung\/was-ist\/publications\/veroeffentlichungen-buch\/","title":{"rendered":"Buch: &#8222;ReConnective Therapy&#8220;"},"content":{"rendered":"<div class=\"wpb-content-wrapper\"><p>[vc_row][vc_column css=&#8220;.vc_custom_1453450499130{margin-top: 30px !important;}&#8220;][\/vc_column][\/vc_row][vc_row][vc_column width=&#8220;1\/4&#8243;][vc_column_text]<img loading=\"lazy\" decoding=\"async\" class=\"alignnone size-full wp-image-10900\" src=\"https:\/\/www.reconnectivetherapy.com\/wp-content\/uploads\/2020\/05\/Bildschirmfoto-2020-05-21-um-07.01.43.png\" alt=\"Buchcover Reconnective Therapy\" width=\"598\" height=\"884\" srcset=\"https:\/\/www.reconnectivetherapy.com\/wp-content\/uploads\/2020\/05\/Bildschirmfoto-2020-05-21-um-07.01.43.png 598w, https:\/\/www.reconnectivetherapy.com\/wp-content\/uploads\/2020\/05\/Bildschirmfoto-2020-05-21-um-07.01.43-101x150.png 101w\" sizes=\"auto, (max-width:767px) 480px, 598px\" \/>[\/vc_column_text][\/vc_column][vc_column width=&#8220;1\/4&#8243;][vc_column_text]<strong>Hardcover<br \/>\n<span id=\"ctl00_ContentUnderTitle_productDetailRightRow_lblLength\">Seitenanzahl: <\/span><\/strong><span id=\"ctl00_ContentUnderTitle_productDetailRightRow_lblLength\">248<\/span><strong><span id=\"ctl00_ContentUnderTitle_productDetailRightRow_lblLength\"><br \/>\n<\/span><span id=\"ctl00_ContentUnderTitle_productDetailRightRow_lblISBN\">ISBN: <\/span><\/strong><span id=\"ctl00_ContentUnderTitle_productDetailRightRow_lblISBN\">978-3-7323-2383-8<\/span><strong><span id=\"ctl00_ContentUnderTitle_productDetailRightRow_lblISBN\"><br \/>\n<\/span><span id=\"ctl00_ContentUnderTitle_productDetailRightRow_lblFormat\">Gr\u00f6\u00dfe: <\/span><\/strong><span id=\"ctl00_ContentUnderTitle_productDetailRightRow_lblFormat\">14,8 cm x 21,0 cm<\/span><strong><span id=\"ctl00_ContentUnderTitle_productDetailRightRow_lblFormat\"><br \/>\n<\/span><span id=\"ctl00_ContentUnderTitle_productDetailRightRow_lblCreateDate\">Erscheinungsdatum: <\/span><\/strong><span id=\"ctl00_ContentUnderTitle_productDetailRightRow_lblCreateDate\">30.03.2015<br \/>\n<\/span><strong>Preis: <\/strong>24,85 \u20ac[\/vc_column_text][vc_btn title=&#8220;HARDCOVER KAUFEN&#8220; color=&#8220;primary&#8220; size=&#8220;lg&#8220; link=&#8220;url:mailto%3Ainfo.de%40reconnectivetherapy.com%3Fsubject%3DKauf%20des%20Buches%3A%20Reconnective%20Therapy.%20Hard%20Cover%26body%3DHallo%2C%250a%250aich%20interessiere%20mich%20f%C3%BCr%20den%20Kauf%20des%20Buches%20%E2%80%9EReconnective%20Therapy%E2%80%9C%20von%20Herwig%20Sch%C3%B6n%20(Hardcover).%250a%250aDie%20Kosten%20in%20H%C3%B6he%20von%20%E2%82%AC24%2C85%20habe%20ich%20auf%20folgendes%20Konto%20%C3%BCberwiesen%3A%20ReConnective%20Therapy%20-%20Kerstin%20Sch%C3%B6n%20IBAN%3A%20DE58%207019%200000%200207%206641%2076.%250a%250aIch%20freue%20mich%20%C3%BCber%20eine%20Best%C3%A4tigung%20und%20Zusendung%20an%20folgende%20Adresse%3A%250a%250a%250a%250aBeste%20Gr%C3%BC%C3%9Fe&#8220;][\/vc_column][vc_column width=&#8220;1\/4&#8243;][vc_column_text]<strong>E-Book<br \/>\n<span id=\"ctl00_ContentUnderTitle_productDetailRightRow_lblLength\">Seitenanzahl: <\/span><\/strong><span id=\"ctl00_ContentUnderTitle_productDetailRightRow_lblLength\">248<\/span><strong><span id=\"ctl00_ContentUnderTitle_productDetailRightRow_lblLength\"><br \/>\n<\/span><span id=\"ctl00_ContentUnderTitle_productDetailRightRow_lblISBN\">ISBN: <\/span><\/strong><span id=\"ctl00_ContentUnderTitle_productDetailRightRow_lblISBN\">978-3-7323-2384-5<br \/>\n<\/span><strong><span id=\"ctl00_ContentUnderTitle_productDetailRightRow_lblFormat\">Gr\u00f6\u00dfe: <\/span><\/strong><span id=\"ctl00_ContentUnderTitle_productDetailRightRow_lblFormat\">e-Book-Format<\/span><strong><span id=\"ctl00_ContentUnderTitle_productDetailRightRow_lblFormat\"><br \/>\n<\/span><span id=\"ctl00_ContentUnderTitle_productDetailRightRow_lblCreateDate\">Erscheinungsdatum: <\/span><\/strong><span id=\"ctl00_ContentUnderTitle_productDetailRightRow_lblCreateDate\">30.03.2015<br \/>\n<\/span><strong>Preis:\u00a0<\/strong>6,99 \u20ac[\/vc_column_text][vc_btn title=&#8220;E-BOOK KAUFEN&#8220; color=&#8220;primary&#8220; size=&#8220;lg&#8220; link=&#8220;url:mailto%3Ainfo.de%40reconnectivetherapy.com%3Fsubject%3DKauf%20des%20Buches%3A%20Reconnective%20Therapy%20(E-Book)%26body%3DHallo%2C%250a%250aich%20interessiere%20mich%20f%C3%BCr%20den%20Kauf%20des%20Buches%20%E2%80%9EReconnective%20Therapy%E2%80%9C%20von%20Herwig%20Sch%C3%B6n%20(E-Book).%250a%250aDie%20Kosten%20in%20H%C3%B6he%20von%20%E2%82%AC6%2C99%20habe%20ich%20auf%20folgendes%20Konto%20%C3%BCberwiesen%3A%20ReConnective%20Therapy%20-%20Kerstin%20Sch%C3%B6n%20IBAN%3A%20DE58%207019%200000%200207%206641%2076.%250a%250aIch%20freue%20mich%20%C3%BCber%20eine%20Best%C3%A4tigung%20und%20Zusendung%20an%20folgende%20E-Mail-Adresse%3A%250a%250a%250a%250aBeste%20Gr%C3%BC%C3%9Fe&#8220;][\/vc_column][vc_column width=&#8220;1\/4&#8243;][\/vc_column][\/vc_row][vc_row][vc_column css=&#8220;.vc_custom_1464683919681{margin-top: 24px !important;}&#8220;][vc_column_text]<strong>Kurzbeschreibung<\/strong><br \/>\nVerloren gegangene Verbindungen zwischen dem physischen K\u00f6rper und dem Energiek\u00f6rper werden wieder zusammengef\u00fcgt. Dadurch steht die vollst\u00e4ndige Information und Energie wieder zur Verf\u00fcgung. Allein mit der Wiederherstellung der energetischen Verbindungen erfolgt die Heilung von selbst. Die ReConnective Therapy ist eine Behandlungsmethode, die haupts\u00e4chlich mit dem Energiek\u00f6rper arbeitet. Das Ziel dieser Therapie ist es, unterbrochene Verbindungen zwischen dem Energiek\u00f6rper und dem stofflichen K\u00f6rper wiederherzustellen. Dabei werden erkrankte Teile des K\u00f6rpers mit der Information \u00fcber die perfekte Struktur und Funktion verbunden und restrukturieren sich. Dies betrifft nicht nur den physischen K\u00f6rper, sondern auch die damit verbundenen emotionalen und mentalen Strukturen. Normalerweise heilen mit dieser Art von Behandlung emotionale Traumen, ohne dass der Betroffene sie erinnern und sich durch sie hindurcharbeiten muss. Durch die Wiederherstellung der energetischen Verbindungen heilen sie von selbst.<\/p>\n<p>Der Energiek\u00f6rper ist von au\u00dferordentlich komplexer Struktur, er beinhaltet alles, was wir jemals getan, gef\u00fchlt und gedacht haben, und noch viel mehr. Er ist jene Kraft, die Materie in der Struktur und Funktion des stofflichen K\u00f6rpers anordnet. Der stoffliche K\u00f6rper ist Ausdruck dieses Energiek\u00f6rpers in der materiellen Welt. Was bedeutet, dass der Ursprung einer Erkrankung im Energiek\u00f6rper liegt. Somit kann eine Erkrankung durch die Behandlung des Energiek\u00f6rpers an ihrer Wurzel geheilt werden. Die F\u00e4higkeit, ReConnective Therapy auszu\u00fcben, kann jeder erlernen.<\/p>\n<p>Herwig Sch\u00f6n &#8211; Gr\u00fcnder und Autor[\/vc_column_text][\/vc_column][\/vc_row][vc_row][vc_column][\/vc_column][\/vc_row]<\/p>\n<\/div>","protected":false},"excerpt":{"rendered":"<p>[vc_row][vc_column css=&#8220;.vc_custom_1453450499130{margin-top: 30px !important;}&#8220;][\/vc_column][\/vc_row][vc_row][vc_column width=&#8220;1\/4&#8243;][vc_column_text][\/vc_column_text][\/vc_column][vc_column width=&#8220;1\/4&#8243;][vc_column_text]Hardcover Seitenanzahl: 248 ISBN: 978-3-7323-2383-8 Gr\u00f6\u00dfe: 14,8 cm x 21,0 cm Erscheinungsdatum: 30.03.2015 Preis: 24,85 \u20ac[\/vc_column_text][vc_btn title=&#8220;HARDCOVER KAUFEN&#8220; color=&#8220;primary&#8220; size=&#8220;lg&#8220; link=&#8220;url:mailto%3Ainfo.de%40reconnectivetherapy.com%3Fsubject%3DKauf%20des%20Buches%3A%20Reconnective%20Therapy.%20Hard%20Cover%26body%3DHallo%2C%250a%250aich%20interessiere%20mich%20f%C3%BCr%20den%20Kauf%20des%20Buches%20%E2%80%9EReconnective%20Therapy%E2%80%9C%20von%20Herwig%20Sch%C3%B6n%20(Hardcover).%250a%250aDie%20Kosten%20in%20H%C3%B6he%20von%20%E2%82%AC24%2C85%20habe%20ich%20auf%20folgendes%20Konto%20%C3%BCberwiesen%3A%20ReConnective%20Therapy%20-%20Kerstin%20Sch%C3%B6n%20IBAN%3A%20DE58%207019%200000%200207%206641%2076.%250a%250aIch%20freue%20mich%20%C3%BCber%20eine%20Best%C3%A4tigung%20und%20Zusendung%20an%20folgende%20Adresse%3A%250a%250a%250a%250aBeste%20Gr%C3%BC%C3%9Fe&#8220;][\/vc_column][vc_column<span class=\"excerpt-hellip\"> [\u2026]<\/span><\/p>\n","protected":false},"author":13,"featured_media":0,"parent":7357,"menu_order":3,"comment_status":"closed","ping_status":"closed","template":"","meta":{"footnotes":""},"class_list":["post-7481","page","type-page","status-publish","hentry"],"yoast_head":"<!-- This site is optimized with the Yoast SEO plugin v27.5 - https:\/\/yoast.com\/product\/yoast-seo-wordpress\/ -->\n<title>Was ist RCT - Reconnective Therapy<\/title>\n<meta name=\"description\" content=\"Was ist RCT - Reconnective Therapy | Herwig und Kerstin Sch\u00f6n. Jeder von uns tr\u00e4gt das Wissen \u00fcber perfektes Wohlbefinden in sich.\" \/>\n<meta name=\"robots\" content=\"index, follow, max-snippet:-1, max-image-preview:large, max-video-preview:-1\" \/>\n<link rel=\"canonical\" href=\"https:\/\/www.reconnectivetherapy.com\/de\/heilung\/was-ist\/publications\/veroeffentlichungen-buch\/\" \/>\n<meta property=\"og:locale\" content=\"de_DE\" \/>\n<meta property=\"og:type\" content=\"article\" \/>\n<meta property=\"og:title\" content=\"Was ist RCT - Reconnective Therapy\" \/>\n<meta property=\"og:description\" content=\"Was ist RCT - Reconnective Therapy | Herwig und Kerstin Sch\u00f6n. Jeder von uns tr\u00e4gt das Wissen \u00fcber perfektes Wohlbefinden in sich.\" \/>\n<meta property=\"og:url\" content=\"https:\/\/www.reconnectivetherapy.com\/de\/heilung\/was-ist\/publications\/veroeffentlichungen-buch\/\" \/>\n<meta property=\"og:site_name\" content=\"RCT - Reconnective Therapy | Kerstin Sch\u00f6n\" \/>\n<meta property=\"article:modified_time\" content=\"2023-12-07T10:10:50+00:00\" \/>\n<meta property=\"og:image\" content=\"https:\/\/www.reconnectivetherapy.com\/wp-content\/uploads\/2020\/05\/Bildschirmfoto-2020-05-21-um-07.01.43.png\" \/>\n<meta name=\"twitter:label1\" content=\"Gesch\u00e4tzte Lesezeit\" \/>\n\t<meta name=\"twitter:data1\" content=\"2\u00a0Minuten\" \/>\n<script type=\"application\/ld+json\" class=\"yoast-schema-graph\">{\"@context\":\"https:\\\/\\\/schema.org\",\"@graph\":[{\"@type\":\"WebPage\",\"@id\":\"https:\\\/\\\/www.reconnectivetherapy.com\\\/de\\\/heilung\\\/was-ist\\\/publications\\\/veroeffentlichungen-buch\\\/\",\"url\":\"https:\\\/\\\/www.reconnectivetherapy.com\\\/de\\\/heilung\\\/was-ist\\\/publications\\\/veroeffentlichungen-buch\\\/\",\"name\":\"Was ist RCT - Reconnective Therapy\",\"isPartOf\":{\"@id\":\"https:\\\/\\\/www.reconnectivetherapy.com\\\/#website\"},\"primaryImageOfPage\":{\"@id\":\"https:\\\/\\\/www.reconnectivetherapy.com\\\/de\\\/heilung\\\/was-ist\\\/publications\\\/veroeffentlichungen-buch\\\/#primaryimage\"},\"image\":{\"@id\":\"https:\\\/\\\/www.reconnectivetherapy.com\\\/de\\\/heilung\\\/was-ist\\\/publications\\\/veroeffentlichungen-buch\\\/#primaryimage\"},\"thumbnailUrl\":\"https:\\\/\\\/www.reconnectivetherapy.com\\\/wp-content\\\/uploads\\\/2020\\\/05\\\/Bildschirmfoto-2020-05-21-um-07.01.43.png\",\"datePublished\":\"2016-06-07T06:23:28+00:00\",\"dateModified\":\"2023-12-07T10:10:50+00:00\",\"description\":\"Was ist RCT - Reconnective Therapy | Herwig und Kerstin Sch\u00f6n. Jeder von uns tr\u00e4gt das Wissen \u00fcber perfektes Wohlbefinden in sich.\",\"breadcrumb\":{\"@id\":\"https:\\\/\\\/www.reconnectivetherapy.com\\\/de\\\/heilung\\\/was-ist\\\/publications\\\/veroeffentlichungen-buch\\\/#breadcrumb\"},\"inLanguage\":\"de\",\"potentialAction\":[{\"@type\":\"ReadAction\",\"target\":[\"https:\\\/\\\/www.reconnectivetherapy.com\\\/de\\\/heilung\\\/was-ist\\\/publications\\\/veroeffentlichungen-buch\\\/\"]}]},{\"@type\":\"ImageObject\",\"inLanguage\":\"de\",\"@id\":\"https:\\\/\\\/www.reconnectivetherapy.com\\\/de\\\/heilung\\\/was-ist\\\/publications\\\/veroeffentlichungen-buch\\\/#primaryimage\",\"url\":\"https:\\\/\\\/www.reconnectivetherapy.com\\\/wp-content\\\/uploads\\\/2020\\\/05\\\/Bildschirmfoto-2020-05-21-um-07.01.43.png\",\"contentUrl\":\"https:\\\/\\\/www.reconnectivetherapy.com\\\/wp-content\\\/uploads\\\/2020\\\/05\\\/Bildschirmfoto-2020-05-21-um-07.01.43.png\"},{\"@type\":\"BreadcrumbList\",\"@id\":\"https:\\\/\\\/www.reconnectivetherapy.com\\\/de\\\/heilung\\\/was-ist\\\/publications\\\/veroeffentlichungen-buch\\\/#breadcrumb\",\"itemListElement\":[{\"@type\":\"ListItem\",\"position\":1,\"name\":\"Start\",\"item\":\"https:\\\/\\\/www.reconnectivetherapy.com\\\/\"},{\"@type\":\"ListItem\",\"position\":2,\"name\":\"Heilung\",\"item\":\"https:\\\/\\\/www.reconnectivetherapy.com\\\/healing\\\/\"},{\"@type\":\"ListItem\",\"position\":3,\"name\":\"Was ist RCT\",\"item\":\"https:\\\/\\\/www.reconnectivetherapy.com\\\/de\\\/heilung\\\/was-ist\\\/\"},{\"@type\":\"ListItem\",\"position\":4,\"name\":\"Ver\u00f6ffentlichungen\",\"item\":\"https:\\\/\\\/www.reconnectivetherapy.com\\\/healing\\\/publications\\\/\"},{\"@type\":\"ListItem\",\"position\":5,\"name\":\"Buch: &#8220;ReConnective Therapy&#8221;\"}]},{\"@type\":\"WebSite\",\"@id\":\"https:\\\/\\\/www.reconnectivetherapy.com\\\/#website\",\"url\":\"https:\\\/\\\/www.reconnectivetherapy.com\\\/\",\"name\":\"RCT - Reconnective Therapy | Kerstin Sch\u00f6n\",\"description\":\"RCT - Reconnective Therapy | Kerstin Sch\u00f6n\",\"potentialAction\":[{\"@type\":\"SearchAction\",\"target\":{\"@type\":\"EntryPoint\",\"urlTemplate\":\"https:\\\/\\\/www.reconnectivetherapy.com\\\/?s={search_term_string}\"},\"query-input\":{\"@type\":\"PropertyValueSpecification\",\"valueRequired\":true,\"valueName\":\"search_term_string\"}}],\"inLanguage\":\"de\"}]}<\/script>\n<!-- \/ Yoast SEO plugin. -->","yoast_head_json":{"title":"Was ist RCT - Reconnective Therapy","description":"Was ist RCT - Reconnective Therapy | Herwig und Kerstin Sch\u00f6n. Jeder von uns tr\u00e4gt das Wissen \u00fcber perfektes Wohlbefinden in sich.","robots":{"index":"index","follow":"follow","max-snippet":"max-snippet:-1","max-image-preview":"max-image-preview:large","max-video-preview":"max-video-preview:-1"},"canonical":"https:\/\/www.reconnectivetherapy.com\/de\/heilung\/was-ist\/publications\/veroeffentlichungen-buch\/","og_locale":"de_DE","og_type":"article","og_title":"Was ist RCT - Reconnective Therapy","og_description":"Was ist RCT - Reconnective Therapy | Herwig und Kerstin Sch\u00f6n. Jeder von uns tr\u00e4gt das Wissen \u00fcber perfektes Wohlbefinden in sich.","og_url":"https:\/\/www.reconnectivetherapy.com\/de\/heilung\/was-ist\/publications\/veroeffentlichungen-buch\/","og_site_name":"RCT - Reconnective Therapy | Kerstin Sch\u00f6n","article_modified_time":"2023-12-07T10:10:50+00:00","og_image":[{"url":"https:\/\/www.reconnectivetherapy.com\/wp-content\/uploads\/2020\/05\/Bildschirmfoto-2020-05-21-um-07.01.43.png","type":"","width":"","height":""}],"twitter_misc":{"Gesch\u00e4tzte Lesezeit":"2\u00a0Minuten"},"schema":{"@context":"https:\/\/schema.org","@graph":[{"@type":"WebPage","@id":"https:\/\/www.reconnectivetherapy.com\/de\/heilung\/was-ist\/publications\/veroeffentlichungen-buch\/","url":"https:\/\/www.reconnectivetherapy.com\/de\/heilung\/was-ist\/publications\/veroeffentlichungen-buch\/","name":"Was ist RCT - Reconnective Therapy","isPartOf":{"@id":"https:\/\/www.reconnectivetherapy.com\/#website"},"primaryImageOfPage":{"@id":"https:\/\/www.reconnectivetherapy.com\/de\/heilung\/was-ist\/publications\/veroeffentlichungen-buch\/#primaryimage"},"image":{"@id":"https:\/\/www.reconnectivetherapy.com\/de\/heilung\/was-ist\/publications\/veroeffentlichungen-buch\/#primaryimage"},"thumbnailUrl":"https:\/\/www.reconnectivetherapy.com\/wp-content\/uploads\/2020\/05\/Bildschirmfoto-2020-05-21-um-07.01.43.png","datePublished":"2016-06-07T06:23:28+00:00","dateModified":"2023-12-07T10:10:50+00:00","description":"Was ist RCT - Reconnective Therapy | Herwig und Kerstin Sch\u00f6n. Jeder von uns tr\u00e4gt das Wissen \u00fcber perfektes Wohlbefinden in sich.","breadcrumb":{"@id":"https:\/\/www.reconnectivetherapy.com\/de\/heilung\/was-ist\/publications\/veroeffentlichungen-buch\/#breadcrumb"},"inLanguage":"de","potentialAction":[{"@type":"ReadAction","target":["https:\/\/www.reconnectivetherapy.com\/de\/heilung\/was-ist\/publications\/veroeffentlichungen-buch\/"]}]},{"@type":"ImageObject","inLanguage":"de","@id":"https:\/\/www.reconnectivetherapy.com\/de\/heilung\/was-ist\/publications\/veroeffentlichungen-buch\/#primaryimage","url":"https:\/\/www.reconnectivetherapy.com\/wp-content\/uploads\/2020\/05\/Bildschirmfoto-2020-05-21-um-07.01.43.png","contentUrl":"https:\/\/www.reconnectivetherapy.com\/wp-content\/uploads\/2020\/05\/Bildschirmfoto-2020-05-21-um-07.01.43.png"},{"@type":"BreadcrumbList","@id":"https:\/\/www.reconnectivetherapy.com\/de\/heilung\/was-ist\/publications\/veroeffentlichungen-buch\/#breadcrumb","itemListElement":[{"@type":"ListItem","position":1,"name":"Start","item":"https:\/\/www.reconnectivetherapy.com\/"},{"@type":"ListItem","position":2,"name":"Heilung","item":"https:\/\/www.reconnectivetherapy.com\/healing\/"},{"@type":"ListItem","position":3,"name":"Was ist RCT","item":"https:\/\/www.reconnectivetherapy.com\/de\/heilung\/was-ist\/"},{"@type":"ListItem","position":4,"name":"Ver\u00f6ffentlichungen","item":"https:\/\/www.reconnectivetherapy.com\/healing\/publications\/"},{"@type":"ListItem","position":5,"name":"Buch: &#8220;ReConnective Therapy&#8221;"}]},{"@type":"WebSite","@id":"https:\/\/www.reconnectivetherapy.com\/#website","url":"https:\/\/www.reconnectivetherapy.com\/","name":"RCT - Reconnective Therapy | Kerstin Sch\u00f6n","description":"RCT - Reconnective Therapy | Kerstin Sch\u00f6n","potentialAction":[{"@type":"SearchAction","target":{"@type":"EntryPoint","urlTemplate":"https:\/\/www.reconnectivetherapy.com\/?s={search_term_string}"},"query-input":{"@type":"PropertyValueSpecification","valueRequired":true,"valueName":"search_term_string"}}],"inLanguage":"de"}]}},"_links":{"self":[{"href":"https:\/\/www.reconnectivetherapy.com\/de\/wp-json\/wp\/v2\/pages\/7481","targetHints":{"allow":["GET"]}}],"collection":[{"href":"https:\/\/www.reconnectivetherapy.com\/de\/wp-json\/wp\/v2\/pages"}],"about":[{"href":"https:\/\/www.reconnectivetherapy.com\/de\/wp-json\/wp\/v2\/types\/page"}],"author":[{"embeddable":true,"href":"https:\/\/www.reconnectivetherapy.com\/de\/wp-json\/wp\/v2\/users\/13"}],"replies":[{"embeddable":true,"href":"https:\/\/www.reconnectivetherapy.com\/de\/wp-json\/wp\/v2\/comments?post=7481"}],"version-history":[{"count":0,"href":"https:\/\/www.reconnectivetherapy.com\/de\/wp-json\/wp\/v2\/pages\/7481\/revisions"}],"up":[{"embeddable":true,"href":"https:\/\/www.reconnectivetherapy.com\/de\/wp-json\/wp\/v2\/pages\/7357"}],"wp:attachment":[{"href":"https:\/\/www.reconnectivetherapy.com\/de\/wp-json\/wp\/v2\/media?parent=7481"}],"curies":[{"name":"wp","href":"https:\/\/api.w.org\/{rel}","templated":true}]}}