{"id":7387,"date":"2016-04-07T08:39:33","date_gmt":"2016-04-07T06:39:33","guid":{"rendered":"http:\/\/www.reconnectivetherapy.com\/payment-policies"},"modified":"2023-05-08T11:28:23","modified_gmt":"2023-05-08T09:28:23","slug":"payment-policies","status":"publish","type":"page","link":"https:\/\/www.reconnectivetherapy.com\/de\/payment-policies\/","title":{"rendered":"Zahlungsbedingungen > Payment Policy"},"content":{"rendered":"<div class=\"wpb-content-wrapper\"><p>[vc_row][vc_column css=&#8220;.vc_custom_1453450499130{margin-top: 30px !important;}&#8220;][vc_column_text undefined=&#8220;&#8220;]<\/p>\n<h3>ReConnective Therapy<\/h3>\n<p>[\/vc_column_text][\/vc_column][\/vc_row][vc_row][vc_column css=&#8220;.vc_custom_1460012548201{margin-top: 24px !important;}&#8220;][vc_column_text]<strong>Zahlungsbedingungen<\/strong><\/p>\n<p>Durch Leistung der Anzahlung bist du f\u00fcr die Veranstaltung angemeldet und dein Platz ist reserviert. Wenn du innerhalb von 60 Tagen vor Veranstaltungsbeginn stornierst, dann wird deine Anzahlung nicht zur\u00fcckerstattet. Wenn Du mehr als 60 Tage vor der Veranstaltung absagst, dann bekommst du deine Anzahlung zur\u00fcck, abz\u00fcglich einer Verwaltungsgeb\u00fchr von 100,- \u20ac. Wenn Du zwischen 30 und 60 Tagen vor Veranstaltungsbeginn absagst dann werden wir deine Anzahlung einbehalten. Solltest du weniger als 30 Tage vor Veranstaltungsbeginn absagen, dann ist der volle Betrag f\u00e4llig.<\/p>\n<p>Der volle Betrag f\u00fcr die Veranstaltung ist 2 Wochen vor Veranstaltungsbeginn f\u00e4llig, es sei denn du hast mit uns Ratenzahlungen vereinbart.<\/p>\n<p>Wir behalten und das Recht vor, jede Veranstaltung bis 30 Tage vor ihrem Beginn abzusagen. In diesem Fall werden alle Zahlungen f\u00fcr diese Veranstaltung, die bis dahin geleistet wurden, zur\u00fcckerstattet.<\/p>\n<p>Ausnahmen k\u00f6nnen nach individueller \u00dcberpr\u00fcfung der Umst\u00e4nde gew\u00e4hrt werden.[\/vc_column_text][\/vc_column][\/vc_row][vc_row][vc_column][vc_separator height_2=&#8220;40&#8243; height=&#8220;0&#8243; show_border=&#8220;yes_border&#8220;][\/vc_column][\/vc_row]<\/p>\n<\/div>","protected":false},"excerpt":{"rendered":"<p>[vc_row][vc_column css=&#8220;.vc_custom_1453450499130{margin-top: 30px !important;}&#8220;][vc_column_text undefined=&#8220;&#8220;] ReConnective Therapy [\/vc_column_text][\/vc_column][\/vc_row][vc_row][vc_column css=&#8220;.vc_custom_1460012548201{margin-top: 24px !important;}&#8220;][vc_column_text]Zahlungsbedingungen Durch Leistung der Anzahlung bist du f\u00fcr die Veranstaltung angemeldet und dein Platz ist reserviert.<span class=\"excerpt-hellip\"> [\u2026]<\/span><\/p>\n","protected":false},"author":13,"featured_media":0,"parent":0,"menu_order":10,"comment_status":"closed","ping_status":"closed","template":"","meta":{"footnotes":""},"class_list":["post-7387","page","type-page","status-publish","hentry"],"yoast_head":"<!-- This site is optimized with the Yoast SEO plugin v27.5 - https:\/\/yoast.com\/product\/yoast-seo-wordpress\/ -->\n<title>Payment Policies RCT - Reconnective Therapy<\/title>\n<meta name=\"description\" content=\"Payment Policies RCT - Reconnective Therapy | Herwig und Kerstin Sch\u00f6n. Jeder von uns tr\u00e4gt das Wissen \u00fcber perfektes Wohlbefinden in sich.\" \/>\n<meta name=\"robots\" content=\"index, follow, max-snippet:-1, max-image-preview:large, max-video-preview:-1\" \/>\n<link rel=\"canonical\" href=\"https:\/\/www.reconnectivetherapy.com\/payment-policies\/\" \/>\n<meta property=\"og:locale\" content=\"de_DE\" \/>\n<meta property=\"og:type\" content=\"article\" \/>\n<meta property=\"og:title\" content=\"Payment Policies RCT - Reconnective Therapy\" \/>\n<meta property=\"og:description\" content=\"Payment Policies RCT - Reconnective Therapy | Herwig und Kerstin Sch\u00f6n. Jeder von uns tr\u00e4gt das Wissen \u00fcber perfektes Wohlbefinden in sich.\" \/>\n<meta property=\"og:url\" content=\"https:\/\/www.reconnectivetherapy.com\/payment-policies\/\" \/>\n<meta property=\"og:site_name\" content=\"RCT - Reconnective Therapy | Kerstin Sch\u00f6n\" \/>\n<meta property=\"article:modified_time\" content=\"2023-05-08T09:28:23+00:00\" \/>\n<meta name=\"twitter:label1\" content=\"Gesch\u00e4tzte Lesezeit\" \/>\n\t<meta name=\"twitter:data1\" content=\"1\u00a0Minute\" \/>\n<script type=\"application\/ld+json\" class=\"yoast-schema-graph\">{\"@context\":\"https:\\\/\\\/schema.org\",\"@graph\":[{\"@type\":\"WebPage\",\"@id\":\"https:\\\/\\\/www.reconnectivetherapy.com\\\/payment-policies\\\/\",\"url\":\"https:\\\/\\\/www.reconnectivetherapy.com\\\/payment-policies\\\/\",\"name\":\"Payment Policies RCT - Reconnective Therapy\",\"isPartOf\":{\"@id\":\"https:\\\/\\\/www.reconnectivetherapy.com\\\/#website\"},\"datePublished\":\"2016-04-07T06:39:33+00:00\",\"dateModified\":\"2023-05-08T09:28:23+00:00\",\"description\":\"Payment Policies RCT - Reconnective Therapy | Herwig und Kerstin Sch\u00f6n. Jeder von uns tr\u00e4gt das Wissen \u00fcber perfektes Wohlbefinden in sich.\",\"breadcrumb\":{\"@id\":\"https:\\\/\\\/www.reconnectivetherapy.com\\\/payment-policies\\\/#breadcrumb\"},\"inLanguage\":\"de\",\"potentialAction\":[{\"@type\":\"ReadAction\",\"target\":[\"https:\\\/\\\/www.reconnectivetherapy.com\\\/payment-policies\\\/\"]}]},{\"@type\":\"BreadcrumbList\",\"@id\":\"https:\\\/\\\/www.reconnectivetherapy.com\\\/payment-policies\\\/#breadcrumb\",\"itemListElement\":[{\"@type\":\"ListItem\",\"position\":1,\"name\":\"Start\",\"item\":\"https:\\\/\\\/www.reconnectivetherapy.com\\\/\"},{\"@type\":\"ListItem\",\"position\":2,\"name\":\"Zahlungsbedingungen > Payment Policy\"}]},{\"@type\":\"WebSite\",\"@id\":\"https:\\\/\\\/www.reconnectivetherapy.com\\\/#website\",\"url\":\"https:\\\/\\\/www.reconnectivetherapy.com\\\/\",\"name\":\"RCT - Reconnective Therapy | Kerstin Sch\u00f6n\",\"description\":\"RCT - Reconnective Therapy | Kerstin Sch\u00f6n\",\"potentialAction\":[{\"@type\":\"SearchAction\",\"target\":{\"@type\":\"EntryPoint\",\"urlTemplate\":\"https:\\\/\\\/www.reconnectivetherapy.com\\\/?s={search_term_string}\"},\"query-input\":{\"@type\":\"PropertyValueSpecification\",\"valueRequired\":true,\"valueName\":\"search_term_string\"}}],\"inLanguage\":\"de\"}]}<\/script>\n<!-- \/ Yoast SEO plugin. -->","yoast_head_json":{"title":"Payment Policies RCT - Reconnective Therapy","description":"Payment Policies RCT - Reconnective Therapy | Herwig und Kerstin Sch\u00f6n. Jeder von uns tr\u00e4gt das Wissen \u00fcber perfektes Wohlbefinden in sich.","robots":{"index":"index","follow":"follow","max-snippet":"max-snippet:-1","max-image-preview":"max-image-preview:large","max-video-preview":"max-video-preview:-1"},"canonical":"https:\/\/www.reconnectivetherapy.com\/payment-policies\/","og_locale":"de_DE","og_type":"article","og_title":"Payment Policies RCT - Reconnective Therapy","og_description":"Payment Policies RCT - Reconnective Therapy | Herwig und Kerstin Sch\u00f6n. Jeder von uns tr\u00e4gt das Wissen \u00fcber perfektes Wohlbefinden in sich.","og_url":"https:\/\/www.reconnectivetherapy.com\/payment-policies\/","og_site_name":"RCT - Reconnective Therapy | Kerstin Sch\u00f6n","article_modified_time":"2023-05-08T09:28:23+00:00","twitter_misc":{"Gesch\u00e4tzte Lesezeit":"1\u00a0Minute"},"schema":{"@context":"https:\/\/schema.org","@graph":[{"@type":"WebPage","@id":"https:\/\/www.reconnectivetherapy.com\/payment-policies\/","url":"https:\/\/www.reconnectivetherapy.com\/payment-policies\/","name":"Payment Policies RCT - Reconnective Therapy","isPartOf":{"@id":"https:\/\/www.reconnectivetherapy.com\/#website"},"datePublished":"2016-04-07T06:39:33+00:00","dateModified":"2023-05-08T09:28:23+00:00","description":"Payment Policies RCT - Reconnective Therapy | Herwig und Kerstin Sch\u00f6n. Jeder von uns tr\u00e4gt das Wissen \u00fcber perfektes Wohlbefinden in sich.","breadcrumb":{"@id":"https:\/\/www.reconnectivetherapy.com\/payment-policies\/#breadcrumb"},"inLanguage":"de","potentialAction":[{"@type":"ReadAction","target":["https:\/\/www.reconnectivetherapy.com\/payment-policies\/"]}]},{"@type":"BreadcrumbList","@id":"https:\/\/www.reconnectivetherapy.com\/payment-policies\/#breadcrumb","itemListElement":[{"@type":"ListItem","position":1,"name":"Start","item":"https:\/\/www.reconnectivetherapy.com\/"},{"@type":"ListItem","position":2,"name":"Zahlungsbedingungen > Payment Policy"}]},{"@type":"WebSite","@id":"https:\/\/www.reconnectivetherapy.com\/#website","url":"https:\/\/www.reconnectivetherapy.com\/","name":"RCT - Reconnective Therapy | Kerstin Sch\u00f6n","description":"RCT - Reconnective Therapy | Kerstin Sch\u00f6n","potentialAction":[{"@type":"SearchAction","target":{"@type":"EntryPoint","urlTemplate":"https:\/\/www.reconnectivetherapy.com\/?s={search_term_string}"},"query-input":{"@type":"PropertyValueSpecification","valueRequired":true,"valueName":"search_term_string"}}],"inLanguage":"de"}]}},"_links":{"self":[{"href":"https:\/\/www.reconnectivetherapy.com\/de\/wp-json\/wp\/v2\/pages\/7387","targetHints":{"allow":["GET"]}}],"collection":[{"href":"https:\/\/www.reconnectivetherapy.com\/de\/wp-json\/wp\/v2\/pages"}],"about":[{"href":"https:\/\/www.reconnectivetherapy.com\/de\/wp-json\/wp\/v2\/types\/page"}],"author":[{"embeddable":true,"href":"https:\/\/www.reconnectivetherapy.com\/de\/wp-json\/wp\/v2\/users\/13"}],"replies":[{"embeddable":true,"href":"https:\/\/www.reconnectivetherapy.com\/de\/wp-json\/wp\/v2\/comments?post=7387"}],"version-history":[{"count":0,"href":"https:\/\/www.reconnectivetherapy.com\/de\/wp-json\/wp\/v2\/pages\/7387\/revisions"}],"wp:attachment":[{"href":"https:\/\/www.reconnectivetherapy.com\/de\/wp-json\/wp\/v2\/media?parent=7387"}],"curies":[{"name":"wp","href":"https:\/\/api.w.org\/{rel}","templated":true}]}}