{"id":6455,"date":"2016-04-05T09:27:24","date_gmt":"2016-04-05T07:27:24","guid":{"rendered":"http:\/\/www.reconnectivetherapy.com\/?page_id=6455"},"modified":"2025-09-03T22:38:30","modified_gmt":"2025-09-03T20:38:30","slug":"our-team","status":"publish","type":"page","link":"https:\/\/www.reconnectivetherapy.com\/de\/heilung\/was-ist\/our-team\/","title":{"rendered":"Unser Team"},"content":{"rendered":"<div class=\"wpb-content-wrapper\"><p>[vc_row][vc_column css=&#8220;.vc_custom_1453450499130{margin-top: 30px !important;}&#8220;][vc_column_text undefined=&#8220;&#8220;]<\/p>\n<h3>Unser Team<\/h3>\n<p>[\/vc_column_text][\/vc_column][\/vc_row][vc_row][vc_column][vc_separator height_2=&#8220;40&#8243; height=&#8220;24&#8243; show_border=&#8220;yes_border&#8220;][\/vc_column][\/vc_row][vc_row][vc_column width=&#8220;1\/4&#8243; css=&#8220;.vc_custom_1459842189193{margin-top: 18px !important;}&#8220;][vc_single_image image=&#8220;14017&#8243; img_size=&#8220;full&#8220;][\/vc_column][vc_column width=&#8220;3\/4&#8243;][vc_column_text]<strong>Kerstin Sch\u00f6n &#8211; CEO, zertifizierte RCT-Behandlerin und Ausbilderin<\/strong><\/p>\n<p>Kerstin Sch\u00f6n ist in K\u00e4rnten, \u00d6sterreich geboren und aufgewachsen. Seit 1997 lernte sie verschiedene Modalit\u00e4ten der Energiearbeit. Kerstin studierte an der Karl-Franzens-Universit\u00e4t Graz, an der Universit\u00e4t von New Mexico, USA, und erhielt 2008 ihren Master Titel in Counseling\/psychologische Beratung.<br \/>\nW\u00e4hrend ihres Studiums arbeitete sie als Child Life Specialist im Presbyterian Krankenhaus in Albuquerque, NM, wo sie Erfahrungen in psychologischer Beratung, Seelsorge, Sterbebegleitung und Kriseninterventionen sammeln konnte.<br \/>\nKerstin begann im Jahr 2004 mit der ReConnective Therapy-Ausbildung, ist seit 2008 RCT-Behandlerin und seit 2020 Gesch\u00e4ftsf\u00fchrerin in der ReConnectiveTherapy Inc.<br \/>\n2014 kreierte Kerstin ein umfangreiches, angewandtes Trainingsprogramm von ReConnective Therapy. Sie trainiert BehandlerInnen in verschiedenen L\u00e4ndern. Ferner unterrichtet sie &#8218;Inneres \u00dcben&#8216; mit Vortr\u00e4gen und in Gruppenarbeit. Sie lebt zur Zeit in Washington State, USA.[\/vc_column_text][\/vc_column][\/vc_row][vc_row][vc_column][vc_separator height_2=&#8220;40&#8243; height=&#8220;24&#8243; show_border=&#8220;yes_border&#8220;][\/vc_column][\/vc_row][vc_row][vc_column width=&#8220;1\/4&#8243; css=&#8220;.vc_custom_1459842189193{margin-top: 18px !important;}&#8220;][vc_single_image image=&#8220;11275&#8243; img_size=&#8220;full&#8220;][\/vc_column][vc_column width=&#8220;3\/4&#8243;][vc_column_text]<strong>Anne Priest \u2013<\/strong><strong>\u00a0zertifizierte RCT-Behandlerin <\/strong><\/p>\n<p>Anne Priest hat \u00fcber 20 Jahre Energiearbeit studiert. Sie hat an mehreren alternativen Heilungskursen teilgenommen und begann 2015 ihr Training und ihre Arbeit in ReConnective Therapy.<br \/>\nEs begl\u00fcckt sie\u00a0die unsichtbaren Kr\u00e4fte des Lebens zu erforschen, die menschliche Erfahrungen und Wahrnehmungen auf unterschiedlichen Ebenen, einschlie\u00dflich der k\u00f6rperlichen, beeinflussen. Es erf\u00fcllt sie mit Freude ihre Klienten durch ReConnective Therapy in dieser Erforschung zu begleiten.<br \/>\nSie arbeitet auch\u00a0als Allgemein\u00e4rztin. Dennoch ist ihre Arbeit in ReConnective Therapy streng nach den Regeln der Energiearbeit ihrer Ausbildung ausgerichtet.[\/vc_column_text][\/vc_column][\/vc_row][vc_row][vc_column][vc_separator height_2=&#8220;40&#8243; height=&#8220;24&#8243; show_border=&#8220;yes_border&#8220;][\/vc_column][\/vc_row][vc_row][vc_column width=&#8220;1\/4&#8243; css=&#8220;.vc_custom_1459842189193{margin-top: 18px !important;}&#8220;][vc_single_image image=&#8220;8375&#8243; img_size=&#8220;full&#8220;][\/vc_column][vc_column width=&#8220;3\/4&#8243;][vc_column_text]<strong>Kurt Dirkorte &#8211; zertifizierter RCT-Behandler \u00a0&#8211; \u00a0Kontakt Europa<\/strong><\/p>\n<p>Kurt Dirkorte, geboren und aufgewachsen in M\u00fcnchen, arbeitet seit 1989 als Heilpraktiker in eigener Praxis mit den Schwerpunkten traditionelle Naturheilweisen, Osteopathie und familiensystemischer Beratung.<br \/>\n2008 begann er mit der Ausbildung in der `ReConnective Therapy\u00b4 und ist seit \u00a02010 zertifizierter RCT-Behandler.<br \/>\nEr hat Erfahrungen in Mediation, Taiji, QiGong und verschiedenen psychotherapeutischen Verfahren.<br \/>\nKurt Dirkorte\u00a0lebt mit seiner Frau in Seehausen am Staffelsee.[\/vc_column_text][\/vc_column][\/vc_row][vc_row][vc_column][vc_separator height_2=&#8220;40&#8243; height=&#8220;24&#8243; show_border=&#8220;yes_border&#8220;][\/vc_column][\/vc_row][vc_row][vc_column width=&#8220;1\/4&#8243; css=&#8220;.vc_custom_1459842189193{margin-top: 18px !important;}&#8220;][vc_single_image image=&#8220;8377&#8243; img_size=&#8220;full&#8220;][\/vc_column][vc_column width=&#8220;3\/4&#8243;][vc_column_text]<strong>Karin Dirkorte &#8211; zertifizierte RCT-Behandlerin \u00a0&#8211; \u00a0Kontakt Europa<\/strong><\/p>\n<p>Karin Dirkorte, geboren in Heidelberg, arbeitet seit 1998 als Heilpraktikerin in eigener Praxis mit Schwerpunkt Psychotherapie und familiensystemischer Beratung. Sie ist ausgebildet in verschiedenen Methoden der humanistischen Psychotherapie (seit 1989) und als Einzel-, Paar- und Familientherapeutin (seit 1998).<br \/>\n2008 begann sie mit der Ausbildung in der ReConnectiven Therapie und ist seit 2010 zertifizierte RCT-Behandlerin. Sie hat langj\u00e4hrige Erfahrung in Meditation.\u00a0Ihr Interesse galt schon immer den Bewegungen des Geistes.<br \/>\nSie lebt\u00a0mit ihrem Mann in Seehausen am Staffelsee.[\/vc_column_text][\/vc_column][\/vc_row][vc_row][vc_column][vc_separator height_2=&#8220;40&#8243; height=&#8220;24&#8243; show_border=&#8220;yes_border&#8220;][\/vc_column][\/vc_row][vc_row][vc_column width=&#8220;1\/4&#8243; css=&#8220;.vc_custom_1459842189193{margin-top: 18px !important;}&#8220;][vc_single_image image=&#8220;11709&#8243; img_size=&#8220;full&#8220;][\/vc_column][vc_column width=&#8220;3\/4&#8243;][vc_column_text]<strong>Dorothea\u00a0Dirkorte &#8211; zertifizierte RCT-Behandlerin \u00a0&#8211; \u00a0Kontakt Europa<\/strong><\/p>\n<p>Dorothea Dirkorte ist in Murnau am Staffelsee geboren.<br \/>\nIm Jahr 2012 schlie\u00dft sie erfolgreich ihre Ausbildung zur staatlich anerkannten Erzieherin ab und begleitet seither Menschen mit Behinderung.<br \/>\nDorothea ist 2008 das erste Mal mit ReConnective Therapy in Ber\u00fchrung gekommen. Die Erfahrungen, welche sie mit dieser Methode, mit bewusster Arbeit und Meditation gemacht hat, bereichern seitdem ihr Leben. Im Jahr 2018 beginnt sie die Ausbildung in ReConnective Therapy und m\u00f6chte Menschen und Tiere in ihrem Heilungsprozess begleiten.<br \/>\nEs bereitet ihr gro\u00dfe Freude, den Weg der Transformation zu gehen.[\/vc_column_text][\/vc_column][\/vc_row][vc_row][vc_column][vc_separator height_2=&#8220;40&#8243; height=&#8220;24&#8243; show_border=&#8220;yes_border&#8220;][\/vc_column][\/vc_row][vc_row][vc_column width=&#8220;1\/4&#8243; css=&#8220;.vc_custom_1459842189193{margin-top: 18px !important;}&#8220;][vc_single_image image=&#8220;6480&#8243; img_size=&#8220;full&#8220;][\/vc_column][vc_column width=&#8220;3\/4&#8243;][vc_column_text]<strong>Silke Maier<\/strong><strong> &#8211; zertifizierte RCT-Behandlerin <\/strong> \u2013 Kontakt Frankreich<\/p>\n<p>Silke Maier kommt aus Deutschland, wo sie geboren und aufgewachsen ist.\u00a0Seit 1986 lebt sie in Frankreich, bei Paris.<br \/>\nSie arbeitete lange Jahre als T\u00e4nzerin im k\u00fcnstlerischen Bereich des zeitgen\u00f6ssischen Tanzes und Tanztheaters. Sp\u00e4ter hat sie sich in Richtung P\u00e4dagogik orientiert: Sie unterrichtete Tanz und K\u00f6rperarbeit und spezialisierte sich daraufhin in somatischer Erziehung als Feldenkraislehrerin (seit 1996 ,dann Masterclass, abgeschlossen 2004).<br \/>\nSeit 2005 bildet sie sich in ReConnectiveTherapy aus und arbeitet intensiv mit dieser Behandlungsweise.[\/vc_column_text][\/vc_column][\/vc_row][vc_row][vc_column][vc_separator height_2=&#8220;40&#8243; height=&#8220;24&#8243; show_border=&#8220;yes_border&#8220;][\/vc_column][\/vc_row][vc_row][vc_column width=&#8220;1\/4&#8243; css=&#8220;.vc_custom_1459842189193{margin-top: 18px !important;}&#8220;][vc_single_image image=&#8220;6482&#8243; img_size=&#8220;full&#8220;][\/vc_column][vc_column width=&#8220;3\/4&#8243;][vc_column_text]<strong>TraceyJoy Miller &#8211; ReConnective Therapy B\u00fcro USA<\/strong><\/p>\n<p>TraceyJoy Miller wurde im l\u00e4ndlichen Teil von Wisconsin, USA, geboren und ist dort aufgewachsen. Ihre Praxis fuer Heilungsarbeit basiert auf den Grundlagen einer Methode, die &#8222;Ethics based Spiritual Healing&#8220; genannt wird, cranio-sacral-Therapie, der Wallace Methode und Sat Nam Rasayan.<br \/>\nIm Jahr 2006 lernte TraceyJoy die ReConnective Therapy als Klientin kennen und 2009 begann sie mit der Ausbildung in ReConnective Therapy.<br \/>\nTraceyJoy ist ausserdem auch eine ausgebildete InterPlay Ausbilderin. Zur Zeit ist sie mit Ihrem Kater Simon im S\u00fcden von Whidbey Island wohnhaft, wo sie den l\u00e4ndlichen Lebensstil und die fortschrittliche Gemeinde sehr genie\u00dft.[\/vc_column_text][\/vc_column][\/vc_row][vc_row][vc_column][vc_separator height_2=&#8220;40&#8243; height=&#8220;24&#8243; show_border=&#8220;yes_border&#8220;][\/vc_column][\/vc_row][vc_row][vc_column width=&#8220;1\/4&#8243; css=&#8220;.vc_custom_1459842189193{margin-top: 18px !important;}&#8220;][vc_single_image image=&#8220;14668&#8243; img_size=&#8220;full&#8220; css=&#8220;&#8220;][\/vc_column][vc_column width=&#8220;3\/4&#8243;][vc_column_text css=&#8220;&#8220;]<strong>Sayaka Yokota &#8211; ReConnective Therapy B\u00fcro USA<\/strong><\/p>\n<p class=\"p1\">Sayaka wurde in Japan geboren und wanderte im Alter von f\u00fcnf Jahren in die Vereinigten Staaten aus. Sie wuchs auf Whidbey Island auf und verbrachte einen Gro\u00dfteil ihres jungen Erwachsenenalters auf Hawaii. Heute lebt sie in Ellensburg, WA, in der N\u00e4he ihrer Familie.<\/p>\n<p class=\"p1\">Neben ihrer administrativen T\u00e4tigkeit arbeitet sie als K\u00f6chin und genie\u00dft es, zu kochen, Zeit mit der Familie zu verbringen und digitale Illustrationen auf ihrem iPad zu erstellen.<\/p>\n<p>[\/vc_column_text][\/vc_column][\/vc_row]<\/p>\n<\/div>","protected":false},"excerpt":{"rendered":"<p>[vc_row][vc_column css=&#8220;.vc_custom_1453450499130{margin-top: 30px !important;}&#8220;][vc_column_text undefined=&#8220;&#8220;] Unser Team [\/vc_column_text][\/vc_column][\/vc_row][vc_row][vc_column][vc_separator height_2=&#8220;40&#8243; height=&#8220;24&#8243; show_border=&#8220;yes_border&#8220;][\/vc_column][\/vc_row][vc_row][vc_column width=&#8220;1\/4&#8243; css=&#8220;.vc_custom_1459842189193{margin-top: 18px !important;}&#8220;][vc_single_image image=&#8220;14017&#8243; img_size=&#8220;full&#8220;][\/vc_column][vc_column width=&#8220;3\/4&#8243;][vc_column_text]Kerstin Sch\u00f6n &#8211; CEO, zertifizierte RCT-Behandlerin und Ausbilderin Kerstin<span class=\"excerpt-hellip\"> [\u2026]<\/span><\/p>\n","protected":false},"author":13,"featured_media":0,"parent":12563,"menu_order":1,"comment_status":"closed","ping_status":"closed","template":"","meta":{"footnotes":""},"class_list":["post-6455","page","type-page","status-publish","hentry"],"yoast_head":"<!-- This site is optimized with the Yoast SEO plugin v27.5 - https:\/\/yoast.com\/product\/yoast-seo-wordpress\/ -->\n<title>Was ist RCT - Reconnective Therapy<\/title>\n<meta name=\"description\" content=\"Was ist RCT - Reconnective Therapy | Herwig und Kerstin Sch\u00f6n. Jeder von uns tr\u00e4gt das Wissen \u00fcber perfektes Wohlbefinden in sich.\" \/>\n<meta name=\"robots\" content=\"index, follow, max-snippet:-1, max-image-preview:large, max-video-preview:-1\" \/>\n<link rel=\"canonical\" href=\"https:\/\/www.reconnectivetherapy.com\/de\/heilung\/was-ist\/our-team\/\" \/>\n<meta property=\"og:locale\" content=\"de_DE\" \/>\n<meta property=\"og:type\" content=\"article\" \/>\n<meta property=\"og:title\" content=\"Was ist RCT - Reconnective Therapy\" \/>\n<meta property=\"og:description\" content=\"Was ist RCT - Reconnective Therapy | Herwig und Kerstin Sch\u00f6n. Jeder von uns tr\u00e4gt das Wissen \u00fcber perfektes Wohlbefinden in sich.\" \/>\n<meta property=\"og:url\" content=\"https:\/\/www.reconnectivetherapy.com\/de\/heilung\/was-ist\/our-team\/\" \/>\n<meta property=\"og:site_name\" content=\"RCT - Reconnective Therapy | Kerstin Sch\u00f6n\" \/>\n<meta property=\"article:modified_time\" content=\"2025-09-03T20:38:30+00:00\" \/>\n<meta name=\"twitter:label1\" content=\"Gesch\u00e4tzte Lesezeit\" \/>\n\t<meta name=\"twitter:data1\" content=\"6\u00a0Minuten\" \/>\n<script type=\"application\/ld+json\" class=\"yoast-schema-graph\">{\"@context\":\"https:\\\/\\\/schema.org\",\"@graph\":[{\"@type\":\"WebPage\",\"@id\":\"https:\\\/\\\/www.reconnectivetherapy.com\\\/de\\\/heilung\\\/was-ist\\\/our-team\\\/\",\"url\":\"https:\\\/\\\/www.reconnectivetherapy.com\\\/de\\\/heilung\\\/was-ist\\\/our-team\\\/\",\"name\":\"Was ist RCT - Reconnective Therapy\",\"isPartOf\":{\"@id\":\"https:\\\/\\\/www.reconnectivetherapy.com\\\/#website\"},\"datePublished\":\"2016-04-05T07:27:24+00:00\",\"dateModified\":\"2025-09-03T20:38:30+00:00\",\"description\":\"Was ist RCT - Reconnective Therapy | Herwig und Kerstin Sch\u00f6n. Jeder von uns tr\u00e4gt das Wissen \u00fcber perfektes Wohlbefinden in sich.\",\"breadcrumb\":{\"@id\":\"https:\\\/\\\/www.reconnectivetherapy.com\\\/de\\\/heilung\\\/was-ist\\\/our-team\\\/#breadcrumb\"},\"inLanguage\":\"de\",\"potentialAction\":[{\"@type\":\"ReadAction\",\"target\":[\"https:\\\/\\\/www.reconnectivetherapy.com\\\/de\\\/heilung\\\/was-ist\\\/our-team\\\/\"]}]},{\"@type\":\"BreadcrumbList\",\"@id\":\"https:\\\/\\\/www.reconnectivetherapy.com\\\/de\\\/heilung\\\/was-ist\\\/our-team\\\/#breadcrumb\",\"itemListElement\":[{\"@type\":\"ListItem\",\"position\":1,\"name\":\"Start\",\"item\":\"https:\\\/\\\/www.reconnectivetherapy.com\\\/\"},{\"@type\":\"ListItem\",\"position\":2,\"name\":\"Heilung\",\"item\":\"https:\\\/\\\/www.reconnectivetherapy.com\\\/healing\\\/\"},{\"@type\":\"ListItem\",\"position\":3,\"name\":\"Was ist RCT\",\"item\":\"https:\\\/\\\/www.reconnectivetherapy.com\\\/de\\\/heilung\\\/was-ist\\\/\"},{\"@type\":\"ListItem\",\"position\":4,\"name\":\"Unser Team\"}]},{\"@type\":\"WebSite\",\"@id\":\"https:\\\/\\\/www.reconnectivetherapy.com\\\/#website\",\"url\":\"https:\\\/\\\/www.reconnectivetherapy.com\\\/\",\"name\":\"RCT - Reconnective Therapy | Kerstin Sch\u00f6n\",\"description\":\"RCT - Reconnective Therapy | Kerstin Sch\u00f6n\",\"potentialAction\":[{\"@type\":\"SearchAction\",\"target\":{\"@type\":\"EntryPoint\",\"urlTemplate\":\"https:\\\/\\\/www.reconnectivetherapy.com\\\/?s={search_term_string}\"},\"query-input\":{\"@type\":\"PropertyValueSpecification\",\"valueRequired\":true,\"valueName\":\"search_term_string\"}}],\"inLanguage\":\"de\"}]}<\/script>\n<!-- \/ Yoast SEO plugin. -->","yoast_head_json":{"title":"Was ist RCT - Reconnective Therapy","description":"Was ist RCT - Reconnective Therapy | Herwig und Kerstin Sch\u00f6n. Jeder von uns tr\u00e4gt das Wissen \u00fcber perfektes Wohlbefinden in sich.","robots":{"index":"index","follow":"follow","max-snippet":"max-snippet:-1","max-image-preview":"max-image-preview:large","max-video-preview":"max-video-preview:-1"},"canonical":"https:\/\/www.reconnectivetherapy.com\/de\/heilung\/was-ist\/our-team\/","og_locale":"de_DE","og_type":"article","og_title":"Was ist RCT - Reconnective Therapy","og_description":"Was ist RCT - Reconnective Therapy | Herwig und Kerstin Sch\u00f6n. Jeder von uns tr\u00e4gt das Wissen \u00fcber perfektes Wohlbefinden in sich.","og_url":"https:\/\/www.reconnectivetherapy.com\/de\/heilung\/was-ist\/our-team\/","og_site_name":"RCT - Reconnective Therapy | Kerstin Sch\u00f6n","article_modified_time":"2025-09-03T20:38:30+00:00","twitter_misc":{"Gesch\u00e4tzte Lesezeit":"6\u00a0Minuten"},"schema":{"@context":"https:\/\/schema.org","@graph":[{"@type":"WebPage","@id":"https:\/\/www.reconnectivetherapy.com\/de\/heilung\/was-ist\/our-team\/","url":"https:\/\/www.reconnectivetherapy.com\/de\/heilung\/was-ist\/our-team\/","name":"Was ist RCT - Reconnective Therapy","isPartOf":{"@id":"https:\/\/www.reconnectivetherapy.com\/#website"},"datePublished":"2016-04-05T07:27:24+00:00","dateModified":"2025-09-03T20:38:30+00:00","description":"Was ist RCT - Reconnective Therapy | Herwig und Kerstin Sch\u00f6n. Jeder von uns tr\u00e4gt das Wissen \u00fcber perfektes Wohlbefinden in sich.","breadcrumb":{"@id":"https:\/\/www.reconnectivetherapy.com\/de\/heilung\/was-ist\/our-team\/#breadcrumb"},"inLanguage":"de","potentialAction":[{"@type":"ReadAction","target":["https:\/\/www.reconnectivetherapy.com\/de\/heilung\/was-ist\/our-team\/"]}]},{"@type":"BreadcrumbList","@id":"https:\/\/www.reconnectivetherapy.com\/de\/heilung\/was-ist\/our-team\/#breadcrumb","itemListElement":[{"@type":"ListItem","position":1,"name":"Start","item":"https:\/\/www.reconnectivetherapy.com\/"},{"@type":"ListItem","position":2,"name":"Heilung","item":"https:\/\/www.reconnectivetherapy.com\/healing\/"},{"@type":"ListItem","position":3,"name":"Was ist RCT","item":"https:\/\/www.reconnectivetherapy.com\/de\/heilung\/was-ist\/"},{"@type":"ListItem","position":4,"name":"Unser Team"}]},{"@type":"WebSite","@id":"https:\/\/www.reconnectivetherapy.com\/#website","url":"https:\/\/www.reconnectivetherapy.com\/","name":"RCT - Reconnective Therapy | Kerstin Sch\u00f6n","description":"RCT - Reconnective Therapy | Kerstin Sch\u00f6n","potentialAction":[{"@type":"SearchAction","target":{"@type":"EntryPoint","urlTemplate":"https:\/\/www.reconnectivetherapy.com\/?s={search_term_string}"},"query-input":{"@type":"PropertyValueSpecification","valueRequired":true,"valueName":"search_term_string"}}],"inLanguage":"de"}]}},"_links":{"self":[{"href":"https:\/\/www.reconnectivetherapy.com\/de\/wp-json\/wp\/v2\/pages\/6455","targetHints":{"allow":["GET"]}}],"collection":[{"href":"https:\/\/www.reconnectivetherapy.com\/de\/wp-json\/wp\/v2\/pages"}],"about":[{"href":"https:\/\/www.reconnectivetherapy.com\/de\/wp-json\/wp\/v2\/types\/page"}],"author":[{"embeddable":true,"href":"https:\/\/www.reconnectivetherapy.com\/de\/wp-json\/wp\/v2\/users\/13"}],"replies":[{"embeddable":true,"href":"https:\/\/www.reconnectivetherapy.com\/de\/wp-json\/wp\/v2\/comments?post=6455"}],"version-history":[{"count":0,"href":"https:\/\/www.reconnectivetherapy.com\/de\/wp-json\/wp\/v2\/pages\/6455\/revisions"}],"up":[{"embeddable":true,"href":"https:\/\/www.reconnectivetherapy.com\/de\/wp-json\/wp\/v2\/pages\/12563"}],"wp:attachment":[{"href":"https:\/\/www.reconnectivetherapy.com\/de\/wp-json\/wp\/v2\/media?parent=6455"}],"curies":[{"name":"wp","href":"https:\/\/api.w.org\/{rel}","templated":true}]}}