{"id":6435,"date":"2016-03-23T13:21:01","date_gmt":"2016-03-23T12:21:01","guid":{"rendered":"http:\/\/www.reconnectivetherapy.com\/?page_id=6435"},"modified":"2025-03-10T17:19:31","modified_gmt":"2025-03-10T16:19:31","slug":"certified-practitioners","status":"publish","type":"page","link":"https:\/\/www.reconnectivetherapy.com\/de\/heilung\/was-ist\/certified-practitioners\/","title":{"rendered":"Zertifizierte BehandlerInnen"},"content":{"rendered":"<div class=\"wpb-content-wrapper\"><p>[vc_row][vc_column css=&#8220;.vc_custom_1453450499130{margin-top: 30px !important;}&#8220;][vc_column_text undefined=&#8220;&#8220;]<\/p>\n<h3>Zertifizierte BehandlerInnen<\/h3>\n<p>[\/vc_column_text][\/vc_column][\/vc_row][vc_row][vc_column][vc_column_text css=&#8220;&#8220; undefined=&#8220;&#8220;]<strong>Was bestimmt die Qualit\u00e4t einer RCT-Behandlung?<\/strong><\/p>\n<p>In RCT-Behandlungen bestimmt das Bewusstsein, dass der Information \u00fcber Perfektion im Energiek\u00f6rper innewohnt, welche Verbindungen gemacht werden. Der Therapeut dient als Katalysator oder, mit anderen Worten, stellt die M\u00f6glichkeit, dass diese Verbindungen \u00fcberhaupt hergestellt werden k\u00f6nnen, zur Verf\u00fcgung. Welche Verbindungen hergestellt werden, ergibt sich aus dem, was zur Zeit notwendig ist sowie der Kapazit\u00e4t des Behandlers. Der K\u00f6rper kann nur Impulse f\u00fcr Transformation einer bestimmten Gr\u00f6\u00dfenordnung zu einer gegebenen Zeit annehmen und dann wird er sich weiteren Verbindungen verschlie\u00dfen, bis der Impuls integriert ist und dann ist er f\u00fcr weitere Verbindungen offen.<\/p>\n<p>Je mehr vom Energiek\u00f6rper des Therapeuten f\u00fcr diese Arbeit zur Verf\u00fcgung steht, desto mehr Heilung kann in einer Behandlung geschehen. Es werden Zertifikate an BehandlerInnen vergeben, wo Kerstin Sch\u00f6n sieht, dass deren Behandlungen durchg\u00e4ngig oberhalb einer bestimmten Qualit\u00e4t liegen.<\/p>\n<p>&nbsp;<\/p>\n<p><strong>Erwerbung eines Zertifikates<\/strong><\/p>\n<p>Zertifikate werden nur auf Anforderung vergeben. Wenn zu sehen ist, dass ein\/e BehandlerIn in seiner\/ihrer Praxis durchg\u00e4ngig vollst\u00e4ndige Behandlungen einer bestimmten Qualit\u00e4t durchf\u00fchrt, dann vergibt Kerstin Sch\u00f6n ein Zertifikat.<\/p>\n<p>Wenn du zertifiziert bist, dann kommt dein Name auf unsere Website so du das willst. Die Bedingung das Zertifikat zu behalten sind regelm\u00e4\u00dfige Anfragen f\u00fcr R\u00fcckmeldung \u00fcber Behandlungen, die nicht l\u00e4nger als 6 Monate auseinander liegen sollten. Wenn sichtbar wird, dass die Qualit\u00e4t der Arbeit nicht mehr ausreichend ist, oder keine M\u00f6glichkeit besteht diese einzusehen, wird das Zertifikat wieder entzogen.<\/p>\n<p>&nbsp;<\/p>\n<h4><strong>Zertifizierte BehandlerInnen in Deutschland<\/strong> (in alphabetischer Reihenfolge)<\/h4>\n<p>&nbsp;<\/p>\n<p><strong>Gabriele Brzezinski<br \/>\n<\/strong>Wielandstr. 17a<br \/>\n14471 Potsdam<br \/>\nDeutschland<br \/>\n(tel) +49 &#8211; 331 &#8211; 862 522<br \/>\n(email)\u00a0<a href=\"mailto:g.brzezinski@gmx.de\">g.brzezinski@gmx.de<\/a><\/p>\n<p>&nbsp;<\/p>\n<p><strong>Roland Brzezinski<\/strong><br \/>\nWielandstr. 17a<br \/>\n14471 Potsdam<br \/>\nDeutschland<br \/>\n(tel) +49 &#8211; 331 &#8211; 862 522<br \/>\n(email)\u00a0\u00a0<a href=\"mailto:rolandbrzezinski@gmx.de\" target=\"_blank\" rel=\"noopener\">rolandbrzezinski@gmx.<wbr \/>de<\/a><\/p>\n<p>&nbsp;<\/p>\n<p><strong>Verena Deimel<\/strong><br \/>\nEichenstr. 1<br \/>\n82396 P\u00e4hl-Fischen<br \/>\nDeutschland<br \/>\n(tel)\u00a0+49 &#8211; 152 &#8211; 5364 0332<br \/>\n(email)<a href=\"mailto:karin.dirkorte@web.de\">\u00a0verena_deimel@web.de\u00a0<\/a><br \/>\n(website)\u00a0<a href=\"http:\/\/www.gesundheitspraxis-deimel.de\/\">www.gesundheitspraxis-deimel.de<\/a><\/p>\n<p>&nbsp;<\/p>\n<p><strong>Karin Dirkorte (HP)<\/strong><br \/>\nObermarkt 6<br \/>\n82418 Murnau<br \/>\nDeutschland<br \/>\n(tel) +49 &#8211; 8841 &#8211; 90103<br \/>\n(email)<a href=\"mailto:karin.dirkorte@web.de\">\u00a0karin.dirkorte@web.de<\/a><br \/>\n(website)\u00a0<a href=\"http:\/\/www.psychotherapie-murnau.com\/\">www.psychotherapie-murnau.com<\/a><\/p>\n<p>&nbsp;<\/p>\n<p><strong>Kurt Dirkorte (HP)<\/strong><br \/>\nObermarkt 6<br \/>\n82418 Murnau<br \/>\nDeutschland<br \/>\n(tel) +49 &#8211; 8841 &#8211; 2464<br \/>\n(email)<a href=\"mailto:kurt.dirkorte@t-online.de\">\u00a0kurt.dirkorte@t-online.de<\/a><br \/>\n(website)\u00a0<a href=\"http:\/\/www.heilpraktiker-murnau.de\/\">www.heilpraktiker-murnau.de<\/a><\/p>\n<p>&nbsp;<\/p>\n<p><strong>Janny Dohmen<\/strong><br \/>\nTizianstr. 21<br \/>\n83026 Rosenheim<br \/>\nDeutschland<br \/>\n(tel) +49 &#8211; 8031 &#8211; 219 595<br \/>\n(email)<a href=\"mailto:manaloa.dohmen@t-online.de\">\u00a0manaloa.dohmen@t-online.de<\/a><br \/>\n(website)\u00a0<a href=\"http:\/\/www.huna-energiemedizin.de\/\">www.huna-energiemedizin.de<\/a><\/p>\n<p>&nbsp;<\/p>\n<p><strong>Claudia Jakobs-Neumeier<\/strong><br \/>\nDeutschland<br \/>\n(tel) +49 &#8211; 221 &#8211; 277 1300<br \/>\n(email)\u00a0<a href=\"mailto:info@koerper-resonanz-therapie.de\">info@koerper-resonanz-therapie.de<\/a><br \/>\n(website)\u00a0<a href=\"http:\/\/koerper-resonanz-therapie.de\/\">www.koerper-resonanz-therapie.de<\/a><\/p>\n<p>&nbsp;<\/p>\n<p><strong>Edelgard Mayr<\/strong><br \/>\nAhornweg 10<br \/>\n82383 Hohenpei\u00dfenberg<br \/>\nDeutschland<br \/>\n(tel) +49 &#8211; 8805 &#8211; 408<br \/>\n(email)\u00a0<a href=\"mailto:Edelgard.Mayr@web.de\">Edelgard.Mayr@web.de<\/a><\/p>\n<p>&nbsp;<\/p>\n<p><strong>Brigitte Meyer<br \/>\n<\/strong>Greutweg 3<br \/>\n72108 Rottenburg<br \/>\nDeutschland<br \/>\n(tel) +49 1520 3519722<br \/>\n(email) gittemeyer@t-online.de<\/p>\n<p>&nbsp;<\/p>\n<p><strong>Brigitte P\u00f6tzl<\/strong><br \/>\nStarnberger Str. 29 b<br \/>\n82343 P\u00f6cking<br \/>\nDeutschland<br \/>\n(tel) +49 &#8211; 8157 &#8211; 7664<br \/>\n(mobil) +49 &#8211; 170 &#8211; 8168390<br \/>\n(email) <a href=\"mailto:brigitte.biomarkt@gmail.com\">brigitte.biomarkt@gmail.com<\/a><\/p>\n<p>&nbsp;<\/p>\n<p><strong>Martina Steigenberger<\/strong><br \/>\nUntermarkt 42<br \/>\n82418 Murnau a. Staffelsee<br \/>\nDeutschland<br \/>\n(tel) +49 &#8211; 8841 &#8211; 99 523<br \/>\n(email)\u00a0<a href=\"mailto:martina.steigenberger@googlemail.com\">martina.steigenberger@googlemail.com<\/a><\/p>\n<p>&nbsp;<\/p>\n<p>&nbsp;<\/p>\n<h4><strong>Zertifizierte BehandlerInnen in Frankreich:<\/strong><\/h4>\n<p>&nbsp;<\/p>\n<p><strong>Silke Maier<\/strong><br \/>\n15 Rue du R\u00e9veillon<br \/>\n91800 Brunoy<br \/>\nund<br \/>\nRoute du Lac<br \/>\n63790 Chambon-Sur -Lac<br \/>\nFrankreich<br \/>\n(tel) + 33 &#8211; 670 &#8211; 10 53 13<br \/>\n(email)\u00a0<a href=\"mailto:silke.maier@hotmail.fr\">silke.maier@hotmail.fr<\/a><\/p>\n<p>&nbsp;<\/p>\n<p><strong>Sandra Tennant-Paternotte<br \/>\n<\/strong>63, les Mas de St Pierre,<br \/>\n83120 Le Plan de la Tour<br \/>\nFrankreich<br \/>\n(tel) + 33 \u2013 689 \u2013 59 07 41<br \/>\n(email) <a href=\"mailto:sandra.paternotte@wanadoo.fr\">sandra.paternotte@wanadoo.fr<\/a><\/p>\n<p>&nbsp;<\/p>\n<p>&nbsp;<\/p>\n<h4><strong>Zertifizierte BehandlerInnen in der Schweiz:<\/strong><\/h4>\n<p><strong><br \/>\nCilli M\u00fcller<\/strong><br \/>\nStockwisli 7<br \/>\n8493 Saland<br \/>\nSchweiz<br \/>\n(tel) +41 &#8211; 52 &#8211; 386 10 81<br \/>\n(email) <a href=\"mailto:mueller.c@sunrise.ch\">mueller.c@sunrise.ch<\/a><\/p>\n<p>&nbsp;<\/p>\n<p>&nbsp;<\/p>\n<h4><strong>Zertifizierte BehandlerInnen in den USA<\/strong> (in alphabetischer Reihenfolge)<strong>:<\/strong><\/h4>\n<p><strong><br \/>\n<\/strong><strong>Suzanne Brossard<\/strong><br \/>\nP.O. Box 17685<br \/>\nBoulder, CO 80308<br \/>\nUSA<br \/>\n(tel) 303-956-9242<br \/>\n(email)\u00a0<a href=\"mailto:suzanne@matrixofhealing.com\">suzanne@matrixofhealing.com<\/a><br \/>\n(website)<a href=\"http:\/\/www.matrixofhealing.com\/\">\u00a0www.matrixofhealing.com<\/a><\/p>\n<p>&nbsp;<\/p>\n<p><strong>Mary Dymond<\/strong><br \/>\n4148 43rd Ave S<br \/>\nMinneapolis, MN 55406<br \/>\nUSA<br \/>\n(tel) 651-387-0333<br \/>\n(email)<a href=\"mailto:dymond.mary@gmail.com\"> dymond.mary@gmail.com<\/a><\/p>\n<p>&nbsp;<\/p>\n<p><strong>Melissa Epple<\/strong><br \/>\n20 Village Lane<br \/>\nSanta Fe, NM 87505<br \/>\nUSA<br \/>\n(tel) 505-984-2347<br \/>\n(email)\u00a0<a href=\"mailto:santafemom@earthlink.net\">santafemom@earthlink.net<\/a><\/p>\n<p>&nbsp;<\/p>\n<p><strong>Theresa Gonzalez<\/strong><br \/>\nTucson, AZ<br \/>\nUSA<br \/>\n(tel) 520-792-6554<br \/>\n(email)\u00a0<a href=\"mailto:tlgonzo@hotmail.com\">tlgonzo@hotmail.com<\/a><\/p>\n<p>&nbsp;<\/p>\n<p><strong>Trish Grand<\/strong><br \/>\nAlbuquerque, NM<br \/>\n(tel) 505-238-5443<br \/>\n(email) <a href=\"mailto:trishay117@hotmail.com\">trishay117@hotmail.com<\/a><\/p>\n<p>&nbsp;<\/p>\n<p><strong>Alice Griffin<\/strong><br \/>\n4 Bonito Road<br \/>\nSanta Fe, NM 87508<br \/>\nUSA<br \/>\n(tel) 505-466-4864<br \/>\n(cell) 505-795-6424<br \/>\n(email)\u00a0<a href=\"mailto:griffinae100@gmail.com\">griffinae100@gmail.com<\/a><\/p>\n<p>&nbsp;<\/p>\n<p><strong>David Hatfield<\/strong><br \/>\n400 E. South Water St #705<br \/>\nChicago, IL 60601<br \/>\nUSA<br \/>\n(tel) 312-912-7126<br \/>\n(email)\u00a0<a href=\"mailto:davidhatfield@yahoo.com\">davidhatfield@yahoo.com<\/a><\/p>\n<p>&nbsp;<\/p>\n<p><strong>Julie Johnson<\/strong><br \/>\n964 Pioneer Court<br \/>\nJordan, MN 55352<br \/>\nUSA<br \/>\n(tel) 952-492-6493<br \/>\n(email)<a href=\"mailto:jj.grace@yahoo.com\">\u00a0jj.grace@yahoo.com<\/a><\/p>\n<p>&nbsp;<\/p>\n<p><strong>Kim Kostepen<\/strong><br \/>\n150 Azzuro Court<br \/>\nMorgan Hill, CA 95037<br \/>\nUSA<br \/>\n(tel) 770-364-6549<br \/>\n(email) <a href=\"mailto:kimkostepen@gmail.com\" target=\"_blank\" rel=\"noopener\">kimkostepen@gmail.com<\/a><\/p>\n<p>&nbsp;<\/p>\n<p><strong>TraceyJoy Miller<\/strong><br \/>\nMinneapolis, MN<br \/>\nUSA<br \/>\n(tel) 360-941-8231<br \/>\n(email)\u00a0traceyjoy@traceyjoy.com<\/p>\n<p>&nbsp;<\/p>\n<p><strong>Deb Montoya<\/strong><br \/>\nP.O. Box 1481<br \/>\nSanta Fe, NM 87504-1481<br \/>\nUSA<br \/>\n(tel) 505-850-4302<br \/>\n(email) <a href=\"mailto:fairweathergypsy@gmail.com\">fairweathergypsy@gmail.com<\/a><\/p>\n<p>&nbsp;<\/p>\n<p><strong>Margaret Rauenhorst<\/strong><br \/>\n37 Start Road<br \/>\nCamden, Maine 04843<br \/>\nUSA<br \/>\n(tel) 207-236-8139<br \/>\n(email)\u00a0<a href=\"mailto:margaret@thestartcenter.com\">margaret@thestartcenter.org<\/a><\/p>\n<p>&nbsp;<\/p>\n<p><strong>Beth Timmer<\/strong><br \/>\n8851 163rd St. W.<br \/>\nLakeville, MN 55044<br \/>\nUSA<br \/>\n(tel) 612-790-4122<br \/>\n(email)\u00a0<a href=\"mailto:mntimmer@yahoo.com\">mntimmer@yahoo.com<\/a>[\/vc_column_text][\/vc_column][\/vc_row][vc_row][vc_column][vc_separator height_2=&#8220;40&#8243; height=&#8220;0&#8243; show_border=&#8220;yes_border&#8220;][\/vc_column][\/vc_row][vc_row][vc_column][vc_column_text][\/vc_column_text][\/vc_column][\/vc_row]<\/p>\n<\/div>","protected":false},"excerpt":{"rendered":"<p>[vc_row][vc_column css=&#8220;.vc_custom_1453450499130{margin-top: 30px !important;}&#8220;][vc_column_text undefined=&#8220;&#8220;] Zertifizierte BehandlerInnen [\/vc_column_text][\/vc_column][\/vc_row][vc_row][vc_column][vc_column_text css=&#8220;&#8220; undefined=&#8220;&#8220;]Was bestimmt die Qualit\u00e4t einer RCT-Behandlung? In RCT-Behandlungen bestimmt das Bewusstsein, dass der Information \u00fcber Perfektion im<span class=\"excerpt-hellip\"> [\u2026]<\/span><\/p>\n","protected":false},"author":13,"featured_media":0,"parent":12563,"menu_order":2,"comment_status":"closed","ping_status":"closed","template":"","meta":{"footnotes":""},"class_list":["post-6435","page","type-page","status-publish","hentry"],"yoast_head":"<!-- This site is optimized with the Yoast SEO plugin v27.5 - https:\/\/yoast.com\/product\/yoast-seo-wordpress\/ -->\n<title>RCT Intensiv f\u00fcr Heilung - Reconnective Therapy<\/title>\n<meta name=\"description\" content=\"RCT Intensiv f\u00fcr Heilung - Reconnective Therapy | Herwig und Kerstin Sch\u00f6n. Jeder von uns tr\u00e4gt das Wissen \u00fcber perfektes Wohlbefinden in sich.\" \/>\n<meta name=\"robots\" content=\"index, follow, max-snippet:-1, max-image-preview:large, max-video-preview:-1\" \/>\n<link rel=\"canonical\" href=\"https:\/\/www.reconnectivetherapy.com\/de\/heilung\/was-ist\/certified-practitioners\/\" \/>\n<meta property=\"og:locale\" content=\"de_DE\" \/>\n<meta property=\"og:type\" content=\"article\" \/>\n<meta property=\"og:title\" content=\"RCT Intensiv f\u00fcr Heilung - Reconnective Therapy\" \/>\n<meta property=\"og:description\" content=\"RCT Intensiv f\u00fcr Heilung - Reconnective Therapy | Herwig und Kerstin Sch\u00f6n. Jeder von uns tr\u00e4gt das Wissen \u00fcber perfektes Wohlbefinden in sich.\" \/>\n<meta property=\"og:url\" content=\"https:\/\/www.reconnectivetherapy.com\/de\/heilung\/was-ist\/certified-practitioners\/\" \/>\n<meta property=\"og:site_name\" content=\"RCT - Reconnective Therapy | Kerstin Sch\u00f6n\" \/>\n<meta property=\"article:modified_time\" content=\"2025-03-10T16:19:31+00:00\" \/>\n<meta name=\"twitter:label1\" content=\"Gesch\u00e4tzte Lesezeit\" \/>\n\t<meta name=\"twitter:data1\" content=\"3\u00a0Minuten\" \/>\n<script type=\"application\/ld+json\" class=\"yoast-schema-graph\">{\"@context\":\"https:\\\/\\\/schema.org\",\"@graph\":[{\"@type\":\"WebPage\",\"@id\":\"https:\\\/\\\/www.reconnectivetherapy.com\\\/de\\\/heilung\\\/was-ist\\\/certified-practitioners\\\/\",\"url\":\"https:\\\/\\\/www.reconnectivetherapy.com\\\/de\\\/heilung\\\/was-ist\\\/certified-practitioners\\\/\",\"name\":\"RCT Intensiv f\u00fcr Heilung - Reconnective Therapy\",\"isPartOf\":{\"@id\":\"https:\\\/\\\/www.reconnectivetherapy.com\\\/#website\"},\"datePublished\":\"2016-03-23T12:21:01+00:00\",\"dateModified\":\"2025-03-10T16:19:31+00:00\",\"description\":\"RCT Intensiv f\u00fcr Heilung - Reconnective Therapy | Herwig und Kerstin Sch\u00f6n. Jeder von uns tr\u00e4gt das Wissen \u00fcber perfektes Wohlbefinden in sich.\",\"breadcrumb\":{\"@id\":\"https:\\\/\\\/www.reconnectivetherapy.com\\\/de\\\/heilung\\\/was-ist\\\/certified-practitioners\\\/#breadcrumb\"},\"inLanguage\":\"de\",\"potentialAction\":[{\"@type\":\"ReadAction\",\"target\":[\"https:\\\/\\\/www.reconnectivetherapy.com\\\/de\\\/heilung\\\/was-ist\\\/certified-practitioners\\\/\"]}]},{\"@type\":\"BreadcrumbList\",\"@id\":\"https:\\\/\\\/www.reconnectivetherapy.com\\\/de\\\/heilung\\\/was-ist\\\/certified-practitioners\\\/#breadcrumb\",\"itemListElement\":[{\"@type\":\"ListItem\",\"position\":1,\"name\":\"Start\",\"item\":\"https:\\\/\\\/www.reconnectivetherapy.com\\\/\"},{\"@type\":\"ListItem\",\"position\":2,\"name\":\"Heilung\",\"item\":\"https:\\\/\\\/www.reconnectivetherapy.com\\\/healing\\\/\"},{\"@type\":\"ListItem\",\"position\":3,\"name\":\"Was ist RCT\",\"item\":\"https:\\\/\\\/www.reconnectivetherapy.com\\\/de\\\/heilung\\\/was-ist\\\/\"},{\"@type\":\"ListItem\",\"position\":4,\"name\":\"Zertifizierte BehandlerInnen\"}]},{\"@type\":\"WebSite\",\"@id\":\"https:\\\/\\\/www.reconnectivetherapy.com\\\/#website\",\"url\":\"https:\\\/\\\/www.reconnectivetherapy.com\\\/\",\"name\":\"RCT - Reconnective Therapy | Kerstin Sch\u00f6n\",\"description\":\"RCT - Reconnective Therapy | Kerstin Sch\u00f6n\",\"potentialAction\":[{\"@type\":\"SearchAction\",\"target\":{\"@type\":\"EntryPoint\",\"urlTemplate\":\"https:\\\/\\\/www.reconnectivetherapy.com\\\/?s={search_term_string}\"},\"query-input\":{\"@type\":\"PropertyValueSpecification\",\"valueRequired\":true,\"valueName\":\"search_term_string\"}}],\"inLanguage\":\"de\"}]}<\/script>\n<!-- \/ Yoast SEO plugin. -->","yoast_head_json":{"title":"RCT Intensiv f\u00fcr Heilung - Reconnective Therapy","description":"RCT Intensiv f\u00fcr Heilung - Reconnective Therapy | Herwig und Kerstin Sch\u00f6n. Jeder von uns tr\u00e4gt das Wissen \u00fcber perfektes Wohlbefinden in sich.","robots":{"index":"index","follow":"follow","max-snippet":"max-snippet:-1","max-image-preview":"max-image-preview:large","max-video-preview":"max-video-preview:-1"},"canonical":"https:\/\/www.reconnectivetherapy.com\/de\/heilung\/was-ist\/certified-practitioners\/","og_locale":"de_DE","og_type":"article","og_title":"RCT Intensiv f\u00fcr Heilung - Reconnective Therapy","og_description":"RCT Intensiv f\u00fcr Heilung - Reconnective Therapy | Herwig und Kerstin Sch\u00f6n. Jeder von uns tr\u00e4gt das Wissen \u00fcber perfektes Wohlbefinden in sich.","og_url":"https:\/\/www.reconnectivetherapy.com\/de\/heilung\/was-ist\/certified-practitioners\/","og_site_name":"RCT - Reconnective Therapy | Kerstin Sch\u00f6n","article_modified_time":"2025-03-10T16:19:31+00:00","twitter_misc":{"Gesch\u00e4tzte Lesezeit":"3\u00a0Minuten"},"schema":{"@context":"https:\/\/schema.org","@graph":[{"@type":"WebPage","@id":"https:\/\/www.reconnectivetherapy.com\/de\/heilung\/was-ist\/certified-practitioners\/","url":"https:\/\/www.reconnectivetherapy.com\/de\/heilung\/was-ist\/certified-practitioners\/","name":"RCT Intensiv f\u00fcr Heilung - Reconnective Therapy","isPartOf":{"@id":"https:\/\/www.reconnectivetherapy.com\/#website"},"datePublished":"2016-03-23T12:21:01+00:00","dateModified":"2025-03-10T16:19:31+00:00","description":"RCT Intensiv f\u00fcr Heilung - Reconnective Therapy | Herwig und Kerstin Sch\u00f6n. Jeder von uns tr\u00e4gt das Wissen \u00fcber perfektes Wohlbefinden in sich.","breadcrumb":{"@id":"https:\/\/www.reconnectivetherapy.com\/de\/heilung\/was-ist\/certified-practitioners\/#breadcrumb"},"inLanguage":"de","potentialAction":[{"@type":"ReadAction","target":["https:\/\/www.reconnectivetherapy.com\/de\/heilung\/was-ist\/certified-practitioners\/"]}]},{"@type":"BreadcrumbList","@id":"https:\/\/www.reconnectivetherapy.com\/de\/heilung\/was-ist\/certified-practitioners\/#breadcrumb","itemListElement":[{"@type":"ListItem","position":1,"name":"Start","item":"https:\/\/www.reconnectivetherapy.com\/"},{"@type":"ListItem","position":2,"name":"Heilung","item":"https:\/\/www.reconnectivetherapy.com\/healing\/"},{"@type":"ListItem","position":3,"name":"Was ist RCT","item":"https:\/\/www.reconnectivetherapy.com\/de\/heilung\/was-ist\/"},{"@type":"ListItem","position":4,"name":"Zertifizierte BehandlerInnen"}]},{"@type":"WebSite","@id":"https:\/\/www.reconnectivetherapy.com\/#website","url":"https:\/\/www.reconnectivetherapy.com\/","name":"RCT - Reconnective Therapy | Kerstin Sch\u00f6n","description":"RCT - Reconnective Therapy | Kerstin Sch\u00f6n","potentialAction":[{"@type":"SearchAction","target":{"@type":"EntryPoint","urlTemplate":"https:\/\/www.reconnectivetherapy.com\/?s={search_term_string}"},"query-input":{"@type":"PropertyValueSpecification","valueRequired":true,"valueName":"search_term_string"}}],"inLanguage":"de"}]}},"_links":{"self":[{"href":"https:\/\/www.reconnectivetherapy.com\/de\/wp-json\/wp\/v2\/pages\/6435","targetHints":{"allow":["GET"]}}],"collection":[{"href":"https:\/\/www.reconnectivetherapy.com\/de\/wp-json\/wp\/v2\/pages"}],"about":[{"href":"https:\/\/www.reconnectivetherapy.com\/de\/wp-json\/wp\/v2\/types\/page"}],"author":[{"embeddable":true,"href":"https:\/\/www.reconnectivetherapy.com\/de\/wp-json\/wp\/v2\/users\/13"}],"replies":[{"embeddable":true,"href":"https:\/\/www.reconnectivetherapy.com\/de\/wp-json\/wp\/v2\/comments?post=6435"}],"version-history":[{"count":0,"href":"https:\/\/www.reconnectivetherapy.com\/de\/wp-json\/wp\/v2\/pages\/6435\/revisions"}],"up":[{"embeddable":true,"href":"https:\/\/www.reconnectivetherapy.com\/de\/wp-json\/wp\/v2\/pages\/12563"}],"wp:attachment":[{"href":"https:\/\/www.reconnectivetherapy.com\/de\/wp-json\/wp\/v2\/media?parent=6435"}],"curies":[{"name":"wp","href":"https:\/\/api.w.org\/{rel}","templated":true}]}}