{"id":6378,"date":"2016-03-23T09:36:27","date_gmt":"2016-03-23T08:36:27","guid":{"rendered":"http:\/\/www.reconnectivetherapy.com\/?page_id=6378"},"modified":"2026-02-04T16:09:14","modified_gmt":"2026-02-04T15:09:14","slug":"applied-principles-of-energy-work","status":"publish","type":"page","link":"https:\/\/www.reconnectivetherapy.com\/de\/heilung\/ausbildung\/applied-principles-of-energy-work\/","title":{"rendered":"Angewandte Prinzipien der Energiearbeit (APE)"},"content":{"rendered":"<div class=\"wpb-content-wrapper\"><p>[vc_row][vc_column css=&#8220;.vc_custom_1453450499130{margin-top: 30px !important;}&#8220;][vc_column_text undefined=&#8220;&#8220;]<\/p>\n<h3>Angewandte Prinzipien der Energiearbeit (APE) Level 1-5<\/h3>\n<p>[\/vc_column_text][vc_column_text css=&#8220;&#8220;]<\/p>\n<div class=\"clearfix row-fluid krown-column-row clearfix-fluid\">\n<div class=\"span12 krown-column-container clearfix column_container vc_custom_1453450499130\">\n<div class=\"clearfix \">\n<div class=\"wpb_wrapper\">\n<p>Seit dem Beginn des Jahres steht uns allen ein neues Energiesystem mit neuen Frequenzen zur Verf\u00fcgung, sobald dieses auf der physischen Ebene verankert ist. Die Verankerung geschieht jedoch nicht unbedingt automatisch \u2013 die RCT erleichtert den Prozess der Expansion in das neue System und in die neuen Frequenzen, sowie den Prozess der Verankerung im physischen K\u00f6rper.<br \/>\nSeit Beginn des Jahres 2023 wird auch das BehandlerInnen-Training auf die neuen Frequenzen ausgerichtet. Das soll deinen\u00a0K\u00f6rper dabei unterst\u00fctzen, sich auf das neue Energiesystem einzustellen. Mit dem neuen Energiesystem kann der K\u00f6rper eine breitere Resonanz halten als mit dem alten System. Wenn dein\u00a0System das neue Energiesystem verk\u00f6rpert und verankert, wirst du in der Lage sein auch\u00a0deine\u00a0KlientInnen in demselben Prozess zu unterst\u00fctzen.<\/p>\n<\/div>\n<\/div>\n<\/div>\n<\/div>\n<p>[\/vc_column_text][\/vc_column][\/vc_row][vc_row][vc_column][vc_column_text css=&#8220;&#8220; undefined=&#8220;&#8220;]<strong>Voraussetzung:<\/strong> Abschluss des Kurses APE I<br \/>\n<strong>APE Level I<\/strong> \u2013 die Biomechanik des K\u00f6rpers (Muskeln, Knochen, Gelenke, Becken, Wirbels\u00e4ule, Sch\u00e4del)<br \/>\n<strong>APE Level II<\/strong> \u2013 die Organe und Eingeweide<br \/>\n<strong>APE Level III<\/strong> \u2013 das Zentralnervensystem (ZNS)<br \/>\n<strong>APE Level IV<\/strong> \u2013 das Kreislaufsystem<br \/>\n<strong>APE Level V <\/strong>\u2013 das Lympathische System<\/p>\n<p><strong>Jedes Level setzt sich aus drei Teilen zusammen:<\/strong><\/p>\n<ul>\n<li>Angewandte Prinzipien der Energiearbeit (Online oder In Person)<\/li>\n<li>Verk\u00f6perung der RCT-Konzepte (3h Online)<\/li>\n<li>Dabei-Sein bei Behandlungen (4h Online)<\/li>\n<\/ul>\n<p>In dieser Kursserie wird euch Kerstin in die Arbeit mit der ersten Frequenz als reine Energiearbeit einf\u00fchren. Ihr werdet lernen mit den verschiedenen Systemen des K\u00f6rpers zu arbeiten \u2013 der Biomechanik des K\u00f6rpers, den Organen, dem Zentralnervensystem, dem Kreislaufsystem und dem Lympathischen System.<\/p>\n<p>In den APE-Kursen\u00a0(Level 1-5) werdet ihr aneinander arbeiten und Kerstin wird unterrichten wie der K\u00f6rper als lebendiges, intelligentes Wesen funktioniert. Die Inhalte dieses Unterrichts werden in der Arbeit aneinander f\u00fcr euch lebendig werden.<\/p>\n<p><strong>Kosten: 1.200,- \u20ac <\/strong><span style=\"font-size: 14px;\"><em>(Ratenzahlung m\u00f6glich: Anzahlung 300,-\u20ac)<\/em><\/span>[\/vc_column_text][vc_separator height_2=&#8220;40&#8243; height=&#8220;0&#8243; show_border=&#8220;yes_border&#8220;][\/vc_column][\/vc_row][vc_row][vc_column width=&#8220;1\/2&#8243;][vc_column_text css=&#8220;&#8220;]<\/p>\n<div class=\"krown-column-container clearfix vc_column_container span4\">\n<div class=\"vc_column-inner \">\n<div class=\"wpb_wrapper\">\n<div class=\"clearfix \">\n<div class=\"wpb_wrapper\">\n<p><strong>APE I Biomechanik des K\u00f6rpers<br \/>\n<\/strong><\/p>\n<p><strong>Termin: <\/strong>wird ehestm\u00f6glich bekannt gegeben<br \/>\n<strong>Zeit: <\/strong>tgl. 10:00 \u2013 18:00 Uhr<\/p>\n<p><strong>Verk\u00f6rperung der RCT-Konzepte <\/strong><br \/>\n<strong>Termin:<\/strong> wird mit den TeilnehmerInnen am Ende des APE-Kurses vereinbart<\/p>\n<p><strong>Dabei-Sein bei Behandlungen <\/strong><br \/>\n<strong>Termin:<\/strong> wird mit den TeilnehmerInnen am Ende des APE-Kurses vereinbart<\/p>\n<\/div>\n<\/div>\n<\/div>\n<\/div>\n<\/div>\n<p>[\/vc_column_text][\/vc_column][vc_column width=&#8220;1\/2&#8243;][vc_column_text css=&#8220;&#8220;]<\/p>\n<div class=\"krown-column-container clearfix vc_column_container span4\">\n<div class=\"vc_column-inner \">\n<div class=\"wpb_wrapper\">\n<div class=\"clearfix \">\n<div class=\"wpb_wrapper\">\n<p><strong>APE II Organe und Eingeweide<\/strong><\/p>\n<p><strong>Termin: <\/strong>wird ehestm\u00f6glich bekannt gegeben<br \/>\n<strong>Zeit: <\/strong>tgl. 10:00 \u2013 18:00 Uhr<\/p>\n<p><strong>Verk\u00f6rperung der RCT-Konzepte <\/strong><br \/>\n<strong>Termin:<\/strong> wird mit den TeilnehmerInnen am Ende des APE-Kurses vereinbart<\/p>\n<p><strong>Dabei-Sein bei Behandlungen <\/strong><br \/>\n<strong>Termin:<\/strong> wird mit den TeilnehmerInnen am Ende des APE-Kurses vereinbart<\/p>\n<\/div>\n<\/div>\n<\/div>\n<\/div>\n<\/div>\n<p>[\/vc_column_text][\/vc_column][\/vc_row][vc_row][vc_column width=&#8220;1\/3&#8243;][vc_column_text css=&#8220;&#8220;]<\/p>\n<div class=\"krown-column-container clearfix vc_column_container span4\">\n<div class=\"vc_column-inner \">\n<div class=\"wpb_wrapper\">\n<div class=\"clearfix \">\n<div class=\"wpb_wrapper\">\n<p><strong>APE III Zentralnervensystem (ZNS)<\/strong><\/p>\n<p><strong>Termin: <\/strong>13. und 14. M\u00e4rz 2026 in Person sowie 20. M\u00e4rz 2026 Online<br \/>\n<strong>Zeit: <\/strong>tgl. 10:00 \u2013 18:00 Uhr<br \/>\n<strong>Ort: <\/strong>K\u00e4rnten, \u00d6sterreich (Adresse wird bei Anmeldung \u00fcbermittelt)<\/p>\n<p><strong>Verk\u00f6rperung der RCT-Konzepte <\/strong><br \/>\n<strong>Termin:<\/strong> wird mit den TeilnehmerInnen am Ende des APE-Kurses vereinbart<\/p>\n<p><strong>Dabei-Sein bei Behandlungen <\/strong><br \/>\n<strong>Termin:<\/strong> wird mit den TeilnehmerInnen am Ende des APE-Kurses vereinbart<\/p>\n<\/div>\n<\/div>\n<\/div>\n<\/div>\n<\/div>\n<p>[\/vc_column_text][\/vc_column][vc_column width=&#8220;1\/3&#8243;][vc_column_text]<\/p>\n<div class=\"krown-column-container clearfix vc_column_container span4\">\n<div class=\"vc_column-inner \">\n<div class=\"wpb_wrapper\">\n<div class=\"clearfix \">\n<div class=\"wpb_wrapper\">\n<p><strong>APE IV Kreislaufsystem<\/strong><\/p>\n<p><strong>Termin: <\/strong>wird ehestm\u00f6glich bekannt gegeben<br \/>\n<strong>Zeit: <\/strong>tgl. 10:00 \u2013 18:00 Uhr<\/p>\n<p><strong>Verk\u00f6rperung der RCT-Konzepte <\/strong><br \/>\n<strong>Termin:<\/strong> wird mit den TeilnehmerInnen am Ende des APE-Kurses vereinbart<\/p>\n<p><strong>Dabei-Sein bei Behandlungen <\/strong><br \/>\n<strong>Termin:<\/strong> wird mit den TeilnehmerInnen am Ende des APE-Kurses vereinbart<\/p>\n<\/div>\n<\/div>\n<\/div>\n<\/div>\n<\/div>\n<p>[\/vc_column_text][\/vc_column][vc_column width=&#8220;1\/3&#8243;][vc_column_text]<\/p>\n<div class=\"clearfix \">\n<div class=\"wpb_wrapper\">\n<p><strong>APE V Lympathisches System<\/strong><\/p>\n<p><strong>Termin: <\/strong>wird ehestm\u00f6glich bekannt gegeben<br \/>\n<strong>Zeit: <\/strong>tgl. 10:00 \u2013 18:00 Uhr<\/p>\n<p><strong>Verk\u00f6rperung der RCT-Konzepte <\/strong><br \/>\n<strong>Termin:<\/strong> wird mit den TeilnehmerInnen am Ende des APE-Kurses vereinbart<\/p>\n<p><strong>Dabei-Sein bei Behandlungen <\/strong><br \/>\n<strong>Termin:<\/strong> wird mit den TeilnehmerInnen am Ende des APE-Kurses vereinbart<\/p>\n<\/div>\n<\/div>\n<p>[\/vc_column_text][\/vc_column][\/vc_row][vc_row][vc_column][vc_row_inner css=&#8220;.vc_custom_1524298780641{margin-top: 24px !important;}&#8220;][vc_column_inner][vc_btn title=&#8220;Zum Terminkalender&#8220; align=&#8220;center&#8220; link=&#8220;url:https%3A%2F%2Fwww.reconnectivetherapy.com%2Fde%2Fevent%2Frct-behandlerinnen-weiterfuehrendes-training-die-verkoerperung-neuer-frequenzen-5%2F&#8220;][\/vc_column_inner][\/vc_row_inner][\/vc_column][\/vc_row]<\/p>\n<\/div>","protected":false},"excerpt":{"rendered":"<p>[vc_row][vc_column css=&#8220;.vc_custom_1453450499130{margin-top: 30px !important;}&#8220;][vc_column_text undefined=&#8220;&#8220;] Angewandte Prinzipien der Energiearbeit (APE) Level 1-5 [\/vc_column_text][vc_column_text css=&#8220;&#8220;] Seit dem Beginn des Jahres steht uns allen ein neues Energiesystem mit<span class=\"excerpt-hellip\"> [\u2026]<\/span><\/p>\n","protected":false},"author":13,"featured_media":0,"parent":6338,"menu_order":3,"comment_status":"closed","ping_status":"closed","template":"","meta":{"footnotes":""},"class_list":["post-6378","page","type-page","status-publish","hentry"],"yoast_head":"<!-- This site is optimized with the Yoast SEO plugin v27.6 - https:\/\/yoast.com\/product\/yoast-seo-wordpress\/ -->\n<title>RCT Intensiv f\u00fcr Heilung - Reconnective Therapy<\/title>\n<meta name=\"description\" content=\"RCT Intensiv f\u00fcr Heilung - Reconnective Therapy | Herwig und Kerstin Sch\u00f6n. Jeder von uns tr\u00e4gt das Wissen \u00fcber perfektes Wohlbefinden in sich.\" \/>\n<meta name=\"robots\" content=\"index, follow, max-snippet:-1, max-image-preview:large, max-video-preview:-1\" \/>\n<link rel=\"canonical\" href=\"https:\/\/www.reconnectivetherapy.com\/de\/heilung\/ausbildung\/applied-principles-of-energy-work\/\" \/>\n<meta property=\"og:locale\" content=\"de_DE\" \/>\n<meta property=\"og:type\" content=\"article\" \/>\n<meta property=\"og:title\" content=\"RCT Intensiv f\u00fcr Heilung - Reconnective Therapy\" \/>\n<meta property=\"og:description\" content=\"RCT Intensiv f\u00fcr Heilung - Reconnective Therapy | Herwig und Kerstin Sch\u00f6n. Jeder von uns tr\u00e4gt das Wissen \u00fcber perfektes Wohlbefinden in sich.\" \/>\n<meta property=\"og:url\" content=\"https:\/\/www.reconnectivetherapy.com\/de\/heilung\/ausbildung\/applied-principles-of-energy-work\/\" \/>\n<meta property=\"og:site_name\" content=\"RCT - Reconnective Therapy | Kerstin Sch\u00f6n\" \/>\n<meta property=\"article:modified_time\" content=\"2026-02-04T15:09:14+00:00\" \/>\n<meta name=\"twitter:label1\" content=\"Gesch\u00e4tzte Lesezeit\" \/>\n\t<meta name=\"twitter:data1\" content=\"3\u00a0Minuten\" \/>\n<script type=\"application\/ld+json\" class=\"yoast-schema-graph\">{\"@context\":\"https:\\\/\\\/schema.org\",\"@graph\":[{\"@type\":\"WebPage\",\"@id\":\"https:\\\/\\\/www.reconnectivetherapy.com\\\/de\\\/heilung\\\/ausbildung\\\/applied-principles-of-energy-work\\\/\",\"url\":\"https:\\\/\\\/www.reconnectivetherapy.com\\\/de\\\/heilung\\\/ausbildung\\\/applied-principles-of-energy-work\\\/\",\"name\":\"RCT Intensiv f\u00fcr Heilung - Reconnective Therapy\",\"isPartOf\":{\"@id\":\"https:\\\/\\\/www.reconnectivetherapy.com\\\/#website\"},\"datePublished\":\"2016-03-23T08:36:27+00:00\",\"dateModified\":\"2026-02-04T15:09:14+00:00\",\"description\":\"RCT Intensiv f\u00fcr Heilung - Reconnective Therapy | Herwig und Kerstin Sch\u00f6n. Jeder von uns tr\u00e4gt das Wissen \u00fcber perfektes Wohlbefinden in sich.\",\"breadcrumb\":{\"@id\":\"https:\\\/\\\/www.reconnectivetherapy.com\\\/de\\\/heilung\\\/ausbildung\\\/applied-principles-of-energy-work\\\/#breadcrumb\"},\"inLanguage\":\"de\",\"potentialAction\":[{\"@type\":\"ReadAction\",\"target\":[\"https:\\\/\\\/www.reconnectivetherapy.com\\\/de\\\/heilung\\\/ausbildung\\\/applied-principles-of-energy-work\\\/\"]}]},{\"@type\":\"BreadcrumbList\",\"@id\":\"https:\\\/\\\/www.reconnectivetherapy.com\\\/de\\\/heilung\\\/ausbildung\\\/applied-principles-of-energy-work\\\/#breadcrumb\",\"itemListElement\":[{\"@type\":\"ListItem\",\"position\":1,\"name\":\"Start\",\"item\":\"https:\\\/\\\/www.reconnectivetherapy.com\\\/\"},{\"@type\":\"ListItem\",\"position\":2,\"name\":\"Heilung\",\"item\":\"https:\\\/\\\/www.reconnectivetherapy.com\\\/healing\\\/\"},{\"@type\":\"ListItem\",\"position\":3,\"name\":\"Ausbildung\",\"item\":\"https:\\\/\\\/www.reconnectivetherapy.com\\\/healing\\\/ausbildung\\\/\"},{\"@type\":\"ListItem\",\"position\":4,\"name\":\"Angewandte Prinzipien der Energiearbeit (APE)\"}]},{\"@type\":\"WebSite\",\"@id\":\"https:\\\/\\\/www.reconnectivetherapy.com\\\/#website\",\"url\":\"https:\\\/\\\/www.reconnectivetherapy.com\\\/\",\"name\":\"RCT - Reconnective Therapy | Kerstin Sch\u00f6n\",\"description\":\"RCT - Reconnective Therapy | Kerstin Sch\u00f6n\",\"potentialAction\":[{\"@type\":\"SearchAction\",\"target\":{\"@type\":\"EntryPoint\",\"urlTemplate\":\"https:\\\/\\\/www.reconnectivetherapy.com\\\/?s={search_term_string}\"},\"query-input\":{\"@type\":\"PropertyValueSpecification\",\"valueRequired\":true,\"valueName\":\"search_term_string\"}}],\"inLanguage\":\"de\"}]}<\/script>\n<!-- \/ Yoast SEO plugin. -->","yoast_head_json":{"title":"RCT Intensiv f\u00fcr Heilung - Reconnective Therapy","description":"RCT Intensiv f\u00fcr Heilung - Reconnective Therapy | Herwig und Kerstin Sch\u00f6n. Jeder von uns tr\u00e4gt das Wissen \u00fcber perfektes Wohlbefinden in sich.","robots":{"index":"index","follow":"follow","max-snippet":"max-snippet:-1","max-image-preview":"max-image-preview:large","max-video-preview":"max-video-preview:-1"},"canonical":"https:\/\/www.reconnectivetherapy.com\/de\/heilung\/ausbildung\/applied-principles-of-energy-work\/","og_locale":"de_DE","og_type":"article","og_title":"RCT Intensiv f\u00fcr Heilung - Reconnective Therapy","og_description":"RCT Intensiv f\u00fcr Heilung - Reconnective Therapy | Herwig und Kerstin Sch\u00f6n. Jeder von uns tr\u00e4gt das Wissen \u00fcber perfektes Wohlbefinden in sich.","og_url":"https:\/\/www.reconnectivetherapy.com\/de\/heilung\/ausbildung\/applied-principles-of-energy-work\/","og_site_name":"RCT - Reconnective Therapy | Kerstin Sch\u00f6n","article_modified_time":"2026-02-04T15:09:14+00:00","twitter_misc":{"Gesch\u00e4tzte Lesezeit":"3\u00a0Minuten"},"schema":{"@context":"https:\/\/schema.org","@graph":[{"@type":"WebPage","@id":"https:\/\/www.reconnectivetherapy.com\/de\/heilung\/ausbildung\/applied-principles-of-energy-work\/","url":"https:\/\/www.reconnectivetherapy.com\/de\/heilung\/ausbildung\/applied-principles-of-energy-work\/","name":"RCT Intensiv f\u00fcr Heilung - Reconnective Therapy","isPartOf":{"@id":"https:\/\/www.reconnectivetherapy.com\/#website"},"datePublished":"2016-03-23T08:36:27+00:00","dateModified":"2026-02-04T15:09:14+00:00","description":"RCT Intensiv f\u00fcr Heilung - Reconnective Therapy | Herwig und Kerstin Sch\u00f6n. Jeder von uns tr\u00e4gt das Wissen \u00fcber perfektes Wohlbefinden in sich.","breadcrumb":{"@id":"https:\/\/www.reconnectivetherapy.com\/de\/heilung\/ausbildung\/applied-principles-of-energy-work\/#breadcrumb"},"inLanguage":"de","potentialAction":[{"@type":"ReadAction","target":["https:\/\/www.reconnectivetherapy.com\/de\/heilung\/ausbildung\/applied-principles-of-energy-work\/"]}]},{"@type":"BreadcrumbList","@id":"https:\/\/www.reconnectivetherapy.com\/de\/heilung\/ausbildung\/applied-principles-of-energy-work\/#breadcrumb","itemListElement":[{"@type":"ListItem","position":1,"name":"Start","item":"https:\/\/www.reconnectivetherapy.com\/"},{"@type":"ListItem","position":2,"name":"Heilung","item":"https:\/\/www.reconnectivetherapy.com\/healing\/"},{"@type":"ListItem","position":3,"name":"Ausbildung","item":"https:\/\/www.reconnectivetherapy.com\/healing\/ausbildung\/"},{"@type":"ListItem","position":4,"name":"Angewandte Prinzipien der Energiearbeit (APE)"}]},{"@type":"WebSite","@id":"https:\/\/www.reconnectivetherapy.com\/#website","url":"https:\/\/www.reconnectivetherapy.com\/","name":"RCT - Reconnective Therapy | Kerstin Sch\u00f6n","description":"RCT - Reconnective Therapy | Kerstin Sch\u00f6n","potentialAction":[{"@type":"SearchAction","target":{"@type":"EntryPoint","urlTemplate":"https:\/\/www.reconnectivetherapy.com\/?s={search_term_string}"},"query-input":{"@type":"PropertyValueSpecification","valueRequired":true,"valueName":"search_term_string"}}],"inLanguage":"de"}]}},"_links":{"self":[{"href":"https:\/\/www.reconnectivetherapy.com\/de\/wp-json\/wp\/v2\/pages\/6378","targetHints":{"allow":["GET"]}}],"collection":[{"href":"https:\/\/www.reconnectivetherapy.com\/de\/wp-json\/wp\/v2\/pages"}],"about":[{"href":"https:\/\/www.reconnectivetherapy.com\/de\/wp-json\/wp\/v2\/types\/page"}],"author":[{"embeddable":true,"href":"https:\/\/www.reconnectivetherapy.com\/de\/wp-json\/wp\/v2\/users\/13"}],"replies":[{"embeddable":true,"href":"https:\/\/www.reconnectivetherapy.com\/de\/wp-json\/wp\/v2\/comments?post=6378"}],"version-history":[{"count":3,"href":"https:\/\/www.reconnectivetherapy.com\/de\/wp-json\/wp\/v2\/pages\/6378\/revisions"}],"predecessor-version":[{"id":14855,"href":"https:\/\/www.reconnectivetherapy.com\/de\/wp-json\/wp\/v2\/pages\/6378\/revisions\/14855"}],"up":[{"embeddable":true,"href":"https:\/\/www.reconnectivetherapy.com\/de\/wp-json\/wp\/v2\/pages\/6338"}],"wp:attachment":[{"href":"https:\/\/www.reconnectivetherapy.com\/de\/wp-json\/wp\/v2\/media?parent=6378"}],"curies":[{"name":"wp","href":"https:\/\/api.w.org\/{rel}","templated":true}]}}