{"id":6328,"date":"2016-03-22T16:29:45","date_gmt":"2016-03-22T15:29:45","guid":{"rendered":"http:\/\/www.reconnectivetherapy.com\/?page_id=6328"},"modified":"2023-07-03T12:06:18","modified_gmt":"2023-07-03T10:06:18","slug":"introductory-class","status":"publish","type":"page","link":"https:\/\/www.reconnectivetherapy.com\/de\/heilung\/ausbildung\/introductory-class\/","title":{"rendered":"Der Einf\u00fchrungskurs"},"content":{"rendered":"<div class=\"wpb-content-wrapper\"><p>[vc_row][vc_column css=&#8220;.vc_custom_1453450499130{margin-top: 30px !important;}&#8220;][vc_column_text undefined=&#8220;&#8220;]<\/p>\n<h3>Der Einf\u00fchrungskurs<\/h3>\n<p>[\/vc_column_text][\/vc_column][\/vc_row][vc_row][vc_column][vc_column_text undefined=&#8220;&#8220;]Voraussetzung zur Teilnahme:<br \/>\nPrinzipien der Energiearbeit (<a href=\"http:\/\/www.reconnectivetherapy.com\/de\/heilung\/ausbildung\/prinzipien-der-energiearbeit\/\">mehr Info dazu)<\/a><\/p>\n<div class=\"\"><span class=\"\"><br \/>\nDer Einf\u00fchrungskurs ist der erste konkrete Schritt in das Arbeiten mit der RCT. Hierzu sind die folgenden Schritte notwendig, die ihr in diesem Kurs absolvieren werdet:<\/span><\/div>\n<div class=\"\"><\/div>\n<ul class=\"\">\n<li class=\"\"><span class=\"\">Aktivierung in die Erste Frequenz<\/span><\/li>\n<li class=\"\"><span class=\"\">Lernen der Funktionsweise der RCT<\/span><\/li>\n<li class=\"\"><span class=\"\">Die einzelnen Schritte einer RCT-Behandlung<\/span><\/li>\n<li class=\"\"><span class=\"\">Konkrete Anwendung der Prinzipien der RCT auf das Arbeiten mit dem K\u00f6rper<\/span><\/li>\n<\/ul>\n<div class=\"\"><\/div>\n<div class=\"\">\n<p><span class=\"\">Die Aktivierung dessen, was wir die \u201cErste Frequenz\u201d nennen ist die Voraussetzung daf\u00fcr in die RCT als reine Energiearbeit einsteigen zu k\u00f6nnen. Da die Integration dieser Aktivierung zwischen 6 Wochen und 3 Monaten in Anspruch nimmt, werden wir euch erst die vollst\u00e4ndige Sequenz, wie ihr RCT als reine Energiearbeit aus\u00fcben k\u00f6nnt, im Level 1 geben.<\/span><\/p>\n<p><span class=\"\">Im Einf\u00fchrungskurs werden wir euch zeigen und mit euch \u00fcben, wie Ihr die Prinzipien der RCT auf das Arbeiten mit dem K\u00f6rper anwenden k\u00f6nnt. Das ist eine sehr sch\u00f6ne und effektive Arbeit, die ihr dann auch sogleich anwenden, \u00fcben und ausbauen k\u00f6nnt. Wir haben sehr gute Resultate von unseren Studenten gesehen, die diese Arbeit konkret angewendet haben.<\/span><\/p>\n<p><span class=\"\">Wir f\u00fchren euch ein in die einzelnen Schritte RCT als reine Energiearbeit auszu\u00fcben bis auf einen Schritt, der erst dann funktionieren wird, wenn die Aktivierung in die Erste Frequenz abgeschlossen ist.<\/span><\/p>\n<p><span class=\"\">Dar\u00fcber hinaus werden wir euch mit dem Konzept und dem Hintergrund der RCT vertraut machen. Dazu ist es hilfreich, wenn ihr schon das Buch \u201cReConnective Therapy, ein neues Paradigma der Heilkunde\u201d gelesen habt.<\/span><\/p>\n<p><span class=\"\">Der Einf\u00fchrungskurs ist ein Ereignis von enormer Transformationskraft, der das pers\u00f6nliche Wachstum gewaltig vorantreiben kann.\u00a0<\/span><\/p>\n<\/div>\n<p>&nbsp;<\/p>\n<p><strong>Kosten:<\/strong><\/p>\n<p>720,- \u20ac (Kursgeb\u00fchr)<br \/>\n500,- \u20ac (Kursgeb\u00fchr) f\u00fcr jede Wiederholung[\/vc_column_text][\/vc_column][\/vc_row]<\/p>\n<\/div>","protected":false},"excerpt":{"rendered":"<p>[vc_row][vc_column css=&#8220;.vc_custom_1453450499130{margin-top: 30px !important;}&#8220;][vc_column_text undefined=&#8220;&#8220;] Der Einf\u00fchrungskurs [\/vc_column_text][\/vc_column][\/vc_row][vc_row][vc_column][vc_column_text undefined=&#8220;&#8220;]Voraussetzung zur Teilnahme: Prinzipien der Energiearbeit (mehr Info dazu) Der Einf\u00fchrungskurs ist der erste konkrete Schritt in das<span class=\"excerpt-hellip\"> [\u2026]<\/span><\/p>\n","protected":false},"author":13,"featured_media":0,"parent":6338,"menu_order":2,"comment_status":"closed","ping_status":"closed","template":"","meta":{"footnotes":""},"class_list":["post-6328","page","type-page","status-publish","hentry"],"yoast_head":"<!-- This site is optimized with the Yoast SEO plugin v27.6 - https:\/\/yoast.com\/product\/yoast-seo-wordpress\/ -->\n<title>RCT Intensiv f\u00fcr Heilung - Reconnective Therapy<\/title>\n<meta name=\"description\" content=\"RCT Intensiv f\u00fcr Heilung - Reconnective Therapy | Herwig und Kerstin Sch\u00f6n. Jeder von uns tr\u00e4gt das Wissen \u00fcber perfektes Wohlbefinden in sich.\" \/>\n<meta name=\"robots\" content=\"index, follow, max-snippet:-1, max-image-preview:large, max-video-preview:-1\" \/>\n<link rel=\"canonical\" href=\"https:\/\/www.reconnectivetherapy.com\/healing\/ausbildung\/introductory-class\/\" \/>\n<meta property=\"og:locale\" content=\"de_DE\" \/>\n<meta property=\"og:type\" content=\"article\" \/>\n<meta property=\"og:title\" content=\"RCT Intensiv f\u00fcr Heilung - Reconnective Therapy\" \/>\n<meta property=\"og:description\" content=\"RCT Intensiv f\u00fcr Heilung - Reconnective Therapy | Herwig und Kerstin Sch\u00f6n. Jeder von uns tr\u00e4gt das Wissen \u00fcber perfektes Wohlbefinden in sich.\" \/>\n<meta property=\"og:url\" content=\"https:\/\/www.reconnectivetherapy.com\/healing\/ausbildung\/introductory-class\/\" \/>\n<meta property=\"og:site_name\" content=\"RCT - Reconnective Therapy | Kerstin Sch\u00f6n\" \/>\n<meta property=\"article:modified_time\" content=\"2023-07-03T10:06:18+00:00\" \/>\n<meta name=\"twitter:label1\" content=\"Gesch\u00e4tzte Lesezeit\" \/>\n\t<meta name=\"twitter:data1\" content=\"2\u00a0Minuten\" \/>\n<script type=\"application\/ld+json\" class=\"yoast-schema-graph\">{\"@context\":\"https:\\\/\\\/schema.org\",\"@graph\":[{\"@type\":\"WebPage\",\"@id\":\"https:\\\/\\\/www.reconnectivetherapy.com\\\/healing\\\/ausbildung\\\/introductory-class\\\/\",\"url\":\"https:\\\/\\\/www.reconnectivetherapy.com\\\/healing\\\/ausbildung\\\/introductory-class\\\/\",\"name\":\"RCT Intensiv f\u00fcr Heilung - Reconnective Therapy\",\"isPartOf\":{\"@id\":\"https:\\\/\\\/www.reconnectivetherapy.com\\\/#website\"},\"datePublished\":\"2016-03-22T15:29:45+00:00\",\"dateModified\":\"2023-07-03T10:06:18+00:00\",\"description\":\"RCT Intensiv f\u00fcr Heilung - Reconnective Therapy | Herwig und Kerstin Sch\u00f6n. Jeder von uns tr\u00e4gt das Wissen \u00fcber perfektes Wohlbefinden in sich.\",\"breadcrumb\":{\"@id\":\"https:\\\/\\\/www.reconnectivetherapy.com\\\/healing\\\/ausbildung\\\/introductory-class\\\/#breadcrumb\"},\"inLanguage\":\"de\",\"potentialAction\":[{\"@type\":\"ReadAction\",\"target\":[\"https:\\\/\\\/www.reconnectivetherapy.com\\\/healing\\\/ausbildung\\\/introductory-class\\\/\"]}]},{\"@type\":\"BreadcrumbList\",\"@id\":\"https:\\\/\\\/www.reconnectivetherapy.com\\\/healing\\\/ausbildung\\\/introductory-class\\\/#breadcrumb\",\"itemListElement\":[{\"@type\":\"ListItem\",\"position\":1,\"name\":\"Start\",\"item\":\"https:\\\/\\\/www.reconnectivetherapy.com\\\/\"},{\"@type\":\"ListItem\",\"position\":2,\"name\":\"Heilung\",\"item\":\"https:\\\/\\\/www.reconnectivetherapy.com\\\/healing\\\/\"},{\"@type\":\"ListItem\",\"position\":3,\"name\":\"Ausbildung\",\"item\":\"https:\\\/\\\/www.reconnectivetherapy.com\\\/healing\\\/ausbildung\\\/\"},{\"@type\":\"ListItem\",\"position\":4,\"name\":\"Der Einf\u00fchrungskurs\"}]},{\"@type\":\"WebSite\",\"@id\":\"https:\\\/\\\/www.reconnectivetherapy.com\\\/#website\",\"url\":\"https:\\\/\\\/www.reconnectivetherapy.com\\\/\",\"name\":\"RCT - Reconnective Therapy | Kerstin Sch\u00f6n\",\"description\":\"RCT - Reconnective Therapy | Kerstin Sch\u00f6n\",\"potentialAction\":[{\"@type\":\"SearchAction\",\"target\":{\"@type\":\"EntryPoint\",\"urlTemplate\":\"https:\\\/\\\/www.reconnectivetherapy.com\\\/?s={search_term_string}\"},\"query-input\":{\"@type\":\"PropertyValueSpecification\",\"valueRequired\":true,\"valueName\":\"search_term_string\"}}],\"inLanguage\":\"de\"}]}<\/script>\n<!-- \/ Yoast SEO plugin. -->","yoast_head_json":{"title":"RCT Intensiv f\u00fcr Heilung - Reconnective Therapy","description":"RCT Intensiv f\u00fcr Heilung - Reconnective Therapy | Herwig und Kerstin Sch\u00f6n. Jeder von uns tr\u00e4gt das Wissen \u00fcber perfektes Wohlbefinden in sich.","robots":{"index":"index","follow":"follow","max-snippet":"max-snippet:-1","max-image-preview":"max-image-preview:large","max-video-preview":"max-video-preview:-1"},"canonical":"https:\/\/www.reconnectivetherapy.com\/healing\/ausbildung\/introductory-class\/","og_locale":"de_DE","og_type":"article","og_title":"RCT Intensiv f\u00fcr Heilung - Reconnective Therapy","og_description":"RCT Intensiv f\u00fcr Heilung - Reconnective Therapy | Herwig und Kerstin Sch\u00f6n. Jeder von uns tr\u00e4gt das Wissen \u00fcber perfektes Wohlbefinden in sich.","og_url":"https:\/\/www.reconnectivetherapy.com\/healing\/ausbildung\/introductory-class\/","og_site_name":"RCT - Reconnective Therapy | Kerstin Sch\u00f6n","article_modified_time":"2023-07-03T10:06:18+00:00","twitter_misc":{"Gesch\u00e4tzte Lesezeit":"2\u00a0Minuten"},"schema":{"@context":"https:\/\/schema.org","@graph":[{"@type":"WebPage","@id":"https:\/\/www.reconnectivetherapy.com\/healing\/ausbildung\/introductory-class\/","url":"https:\/\/www.reconnectivetherapy.com\/healing\/ausbildung\/introductory-class\/","name":"RCT Intensiv f\u00fcr Heilung - Reconnective Therapy","isPartOf":{"@id":"https:\/\/www.reconnectivetherapy.com\/#website"},"datePublished":"2016-03-22T15:29:45+00:00","dateModified":"2023-07-03T10:06:18+00:00","description":"RCT Intensiv f\u00fcr Heilung - Reconnective Therapy | Herwig und Kerstin Sch\u00f6n. Jeder von uns tr\u00e4gt das Wissen \u00fcber perfektes Wohlbefinden in sich.","breadcrumb":{"@id":"https:\/\/www.reconnectivetherapy.com\/healing\/ausbildung\/introductory-class\/#breadcrumb"},"inLanguage":"de","potentialAction":[{"@type":"ReadAction","target":["https:\/\/www.reconnectivetherapy.com\/healing\/ausbildung\/introductory-class\/"]}]},{"@type":"BreadcrumbList","@id":"https:\/\/www.reconnectivetherapy.com\/healing\/ausbildung\/introductory-class\/#breadcrumb","itemListElement":[{"@type":"ListItem","position":1,"name":"Start","item":"https:\/\/www.reconnectivetherapy.com\/"},{"@type":"ListItem","position":2,"name":"Heilung","item":"https:\/\/www.reconnectivetherapy.com\/healing\/"},{"@type":"ListItem","position":3,"name":"Ausbildung","item":"https:\/\/www.reconnectivetherapy.com\/healing\/ausbildung\/"},{"@type":"ListItem","position":4,"name":"Der Einf\u00fchrungskurs"}]},{"@type":"WebSite","@id":"https:\/\/www.reconnectivetherapy.com\/#website","url":"https:\/\/www.reconnectivetherapy.com\/","name":"RCT - Reconnective Therapy | Kerstin Sch\u00f6n","description":"RCT - Reconnective Therapy | Kerstin Sch\u00f6n","potentialAction":[{"@type":"SearchAction","target":{"@type":"EntryPoint","urlTemplate":"https:\/\/www.reconnectivetherapy.com\/?s={search_term_string}"},"query-input":{"@type":"PropertyValueSpecification","valueRequired":true,"valueName":"search_term_string"}}],"inLanguage":"de"}]}},"_links":{"self":[{"href":"https:\/\/www.reconnectivetherapy.com\/de\/wp-json\/wp\/v2\/pages\/6328","targetHints":{"allow":["GET"]}}],"collection":[{"href":"https:\/\/www.reconnectivetherapy.com\/de\/wp-json\/wp\/v2\/pages"}],"about":[{"href":"https:\/\/www.reconnectivetherapy.com\/de\/wp-json\/wp\/v2\/types\/page"}],"author":[{"embeddable":true,"href":"https:\/\/www.reconnectivetherapy.com\/de\/wp-json\/wp\/v2\/users\/13"}],"replies":[{"embeddable":true,"href":"https:\/\/www.reconnectivetherapy.com\/de\/wp-json\/wp\/v2\/comments?post=6328"}],"version-history":[{"count":0,"href":"https:\/\/www.reconnectivetherapy.com\/de\/wp-json\/wp\/v2\/pages\/6328\/revisions"}],"up":[{"embeddable":true,"href":"https:\/\/www.reconnectivetherapy.com\/de\/wp-json\/wp\/v2\/pages\/6338"}],"wp:attachment":[{"href":"https:\/\/www.reconnectivetherapy.com\/de\/wp-json\/wp\/v2\/media?parent=6328"}],"curies":[{"name":"wp","href":"https:\/\/api.w.org\/{rel}","templated":true}]}}