{"id":6215,"date":"2016-03-10T09:25:52","date_gmt":"2016-03-10T08:25:52","guid":{"rendered":"http:\/\/www.reconnectivetherapy.com\/?page_id=6215"},"modified":"2024-02-13T11:19:36","modified_gmt":"2024-02-13T10:19:36","slug":"what-is-rct","status":"publish","type":"page","link":"https:\/\/www.reconnectivetherapy.com\/de\/heilung\/was-ist\/what-is-rct\/","title":{"rendered":"Was ist RCT ?"},"content":{"rendered":"<div class=\"wpb-content-wrapper\"><p>[vc_row][vc_column css=&#8220;.vc_custom_1453450499130{margin-top: 30px !important;}&#8220;][vc_column_text undefined=&#8220;&#8220;]<\/p>\n<h3>Was ist ReConnective Therapy?<\/h3>\n<p>[\/vc_column_text][\/vc_column][\/vc_row][vc_row][vc_column][vc_column_text undefined=&#8220;&#8220;]Jeder von uns tr\u00e4gt das Wissen \u00fcber absolutes Wohlbefinden in sich. Dieses Wissen ist in unserem Energiek\u00f6rper gespeichert. Der Energiek\u00f6rper ist die Kraft, die den stofflichen K\u00f6rper bildet und er enth\u00e4lt die Information \u00fcber perfekte Struktur und Funktion des K\u00f6rpers sowie des Denkens und F\u00fchlens. Dar\u00fcber hinaus enth\u00e4lt er unsere gesamte Vergangenheit sowie alle M\u00f6glichkeiten der Zukunft. Wir k\u00f6nnen unser Wohlbefinden einb\u00fc\u00dfen, wenn Verbindungen zwischen dem Energiek\u00f6rper und dem stofflichen K\u00f6rper unterbrochen sind. ReConnective Therapy (RCT) ist eine Heilweise, die es erlaubt Verbindungen zwischen dem stofflichen K\u00f6rper und dem Energiek\u00f6rper wieder herzustellen.[\/vc_column_text][\/vc_column][\/vc_row][vc_row][vc_column][vc_separator height_2=&#8220;40&#8243; height=&#8220;0&#8243; show_border=&#8220;yes_border&#8220;][\/vc_column][\/vc_row][vc_row][vc_column][vc_video link=&#8220;https:\/\/www.youtube.com\/watch?v=TNpXXvKdoEo&amp;t=17s&#8220; align=&#8220;center&#8220;][\/vc_column][\/vc_row][vc_row][vc_column][vc_separator height_2=&#8220;40&#8243; height=&#8220;0&#8243; show_border=&#8220;yes_border&#8220;][\/vc_column][\/vc_row][vc_row][vc_column css=&#8220;.vc_custom_1453450499130{margin-top: 30px !important;}&#8220;][vc_column_text undefined=&#8220;&#8220;]<\/p>\n<h3>Der Energiek\u00f6rper<\/h3>\n<p>[\/vc_column_text][\/vc_column][\/vc_row][vc_row][vc_column][vc_column_text undefined=&#8220;&#8220;]<\/p>\n<p align=\"justify\">Eine M\u00f6glichkeit die Grundlagen der RCT zu verstehen ist, sich die Beziehung zwischen Kraft und Materie anzuschauen.<\/p>\n<p align=\"justify\">Unser stofflicher K\u00f6rper besteht aus Materie. Das erste Axiom der klassischen Mechanik beschreibt die Beziehung zwischen Kraft und Materie als: F = m \u00d7 a, Kraft ist gleich dem Produkt aus Masse und Beschleunigung. Anschaulich gesehen hei\u00dft das, dass Stoffe sich nicht bewegen k\u00f6nnen, es sei denn dies geschieht durch das Einwirken einer Kraft. Eine menschliche Zelle besteht z.B. aus vielen verschiedenen Substanzen wie Kohlenstoff, Sauerstoff, Stickstoff, Wasserstoff und diversen Mineralien. Mischen wir all diese Stoffe im richtigen Verh\u00e4ltnis zusammen, dann entsteht dadurch keine Zelle, sondern es bleibt eine Mischung all dieser Substanzen.<br \/>\nEine Zelle kann nur dann entstehen, wenn eine Kraft auf diese Stoffe einwirkt und sie auf eine ganz spezifische Weise anordnet und bewegt. Eine Zelle ist also nicht eine Ansammlung von Stofflichkeit, sondern eine Kraft, die Stofflichkeit so bewegt, dass eine Zelle entsteht. Wenn diese Kraft die Zelle verl\u00e4\u00dft, wird jede einzelne Substanz, aus der die Zelle bestand, wieder ihren eigenen Weg gehen. Wir sagen dann, dass die Zelle gestorben ist.<\/p>\n<p align=\"justify\">Was f\u00fcr eine Zelle gilt, muss nat\u00fcrlich auch f\u00fcr einen Verband von Zellen wie es der menschliche K\u00f6rper ist, G\u00fcltigkeit haben. Es ist eine Kraft, die die Stofflichkeit anordnet und bewegt, und somit daf\u00fcr sorgt, dass dieser K\u00f6rper manifestiert wird und erhalten bleibt. Diese Kraft durchdringt jeden Aspekt des K\u00f6rpers vollst\u00e4ndig und ist verantwortlich f\u00fcr jegliche Art von Bewegung in diesem K\u00f6rper. Diese Kraft nenne ich den \u201cEnergiek\u00f6rper\u201d. Dieser Energiek\u00f6rper existiert unabh\u00e4ngig davon ob er sich in der stofflichen Welt ausdr\u00fcckt oder nicht. Wenn er sich mit der Stofflichkeit verbindet dann nennen wir das \u201eEmpf\u00e4ngnis\u201c und wenn er sich von der Stofflichkeit l\u00f6st, \u201eTod\u201c. So wie der stoffliche K\u00f6rper hat auch der Energiek\u00f6rper eine ganz genau definierte Anatomie und Struktur.<\/p>\n<p align=\"justify\">Der Energiek\u00f6rper enth\u00e4lt die Information \u00fcber K\u00f6rperstruktur und Funktion und zwar auf zwei verschiedenen Ebenen. Auf einer Ebene ist es die Information \u00fcber K\u00f6rperstruktur und Funktion so wie es im Moment ist und auf der anderen Ebene Information \u00fcber perfekte K\u00f6rperstruktur und Funktion. Wenn jemand zum Beispiel eine Lungenentz\u00fcndung hat, dann ist diese Information auch in der Ebene \u00fcber aktuelle K\u00f6rperstruktur und Funktion zu finden. Das muss so sein, da der Energiek\u00f6rper den stofflichen K\u00f6rper regiert, muss die \u201eLungenentz\u00fcndung\u201c zuerst im Energiek\u00f6rper auftauchen bevor sie sich im stofflichen K\u00f6rper manifestieren kann. Auf der Ebene der Perfektion kann es keine Lungenentz\u00fcndung geben, dort gibt es nur Information \u00fcber eine perfekt funktionierende Lunge.<\/p>\n<p>[\/vc_column_text][\/vc_column][\/vc_row][vc_row][vc_column][vc_separator height_2=&#8220;40&#8243; height=&#8220;0&#8243; show_border=&#8220;yes_border&#8220;][\/vc_column][\/vc_row][vc_row][vc_column css=&#8220;.vc_custom_1453450499130{margin-top: 30px !important;}&#8220;][vc_column_text undefined=&#8220;&#8220;]<\/p>\n<h3>Was macht RCT?<\/h3>\n<p>[\/vc_column_text][\/vc_column][\/vc_row][vc_row][vc_column][vc_column_text undefined=&#8220;&#8220;]<\/p>\n<p align=\"justify\">Mit der RCT verbinden wir Information von der Ebene der Perfektion in den stofflichen K\u00f6rper und verankern diese dort. Im Fall der Lungenentz\u00fcndung, nachdem Information \u00fcber perfekte Lungen-struktur und Funktion in den K\u00f6rper verbunden wurde, wird sich diese in Richtung ihrer Perfektion umbauen und die Entz\u00fcndung wird schwinden.<\/p>\n<p align=\"justify\">Die Verankerung sorgt daf\u00fcr, dass die hergestellten Verbindungen bestehen bleiben und sich nicht wieder l\u00f6sen. Das garantiert einen konstanten Strom von Information aus den Bereichen der Perfektion in den K\u00f6rper. Ich habe es noch nie gesehen, dass Verbindungen, die auf diese Weise hergestellt wurden, sich wieder gel\u00f6st haben.<\/p>\n<p align=\"justify\">Das gleiche gilt f\u00fcr das Heilen des Denkens und F\u00fchlens. Wie oben bereits erw\u00e4hnt, enth\u00e4lt der Energiek\u00f6rper alle unsere Gedanken und Gef\u00fchle. Hier gibt es genauso die beiden Aspekte des Energiek\u00f6rpers, des Zustandes so wie es im Moment ist und den der Perfektion. Die Heilung des Gem\u00fctes geschieht im Prinzip genauso wie die des K\u00f6rpers, durch die Verbindung und Verankerung von Information aus den Bereichen der Perfektion in den K\u00f6rper. Der Effekt ist etwas zu komplex um ihn an dieser Stelle zu erkl\u00e4ren. Wer an mehr Information interessiert ist, ich habe ein Buch \u00fcber diesen Vorgang geschrieben mit dem Titel: \u201eReconnective Therapy, ein neues Paradigma der Heilkunde\u201c, das im Buchhandel erh\u00e4ltlich ist.<\/p>\n<p>Es gibt mannigfache Ursachen f\u00fcr die Unterbrechung von Verbindungen zwischen dem Energiek\u00f6rper und dem stofflichen K\u00f6rper wie emotionale und mentale Traumata, schwere Erkrankungen, Umweltbelastungen, zerst\u00f6rerische emotionale und mentale Strukturen usw.<\/p>\n<p>[\/vc_column_text][\/vc_column][\/vc_row][vc_row][vc_column][vc_separator height_2=&#8220;40&#8243; height=&#8220;0&#8243; show_border=&#8220;yes_border&#8220;][\/vc_column][\/vc_row][vc_row][vc_column css=&#8220;.vc_custom_1453450499130{margin-top: 30px !important;}&#8220;][vc_column_text undefined=&#8220;&#8220;]<\/p>\n<h3>Wie werden die Verbindungen hergestellt?<\/h3>\n<p>[\/vc_column_text][\/vc_column][\/vc_row][vc_row][vc_column][vc_column_text undefined=&#8220;&#8220;]<\/p>\n<p align=\"justify\">Es ist meine Beobachtung, dass alle Ebenen der Perfektion, k\u00f6rperlich, emotional und mental, bei jedem Menschen auf derselben Schwingungsebene sind, das hei\u00dft, sie haben dieselbe Frequenz. Die Verbindungen werden dadurch hergestellt, dass der RCT-Therapeut die Anteile des Energiek\u00f6rpers, die Information \u00fcber Perfektion enthalten, aktiviert. Das hei\u00dft, dass er daf\u00fcr sorgt, dass sie st\u00e4rker schwingen, mit anderen Worten, die Amplitude wird gr\u00f6\u00dfer. Das kann man sich ungef\u00e4hr so vorstellen wie man eine Lampe dadurch heller machen kann, dass man den Dimmer aufdreht. Durch diese Aktivierung kommt es zu einem Resonanzeffekt, der daf\u00fcr sorgt, dass auch die Anteile der Perfektion des Patienten anfangen st\u00e4rker zu schwingen. Ist diese Schwingung stark genug, wird sich Information aus den Bereichen der Perfektion mit dem K\u00f6rper verbinden und dort verankern.<\/p>\n<p align=\"justify\">Dieser Vorgang dauert ca. eine Minute und dann hat der K\u00f6rper alles, was er nehmen kann und braucht Zeit sich umzustrukturieren bevor er wieder eine Behandlung dieser Art annehmen kann.<\/p>\n<p align=\"justify\">Diese Arbeit kann in der pers\u00f6nlichen Begegnung als auch auf die Entfernung durchgef\u00fchrt werden. Wir haben festgestellt, dass sich in Gruppenbehandlungen der Effekt enorm verst\u00e4rkt, weil der Heilungsprozess eines jeden Teilnehmers Heilung bei allen anderen Teilnehmern ausl\u00f6sen kann. Ganz besonders effektiv ist diese Arbeit im Zusammenhang mit bewusster Arbeit, wo die Teilnehmer bewusst in nicht geheilte Bereiche hineinschauen, so wie wir das im &#8222;RCT-Intensiv f\u00fcr Heilung&#8220; anbieten. Diese Heilungen sind oftmals so stark, dass sie einer Neugeburt der Teilnehmer gleichkommen.<\/p>\n<p align=\"justify\"><span style=\"color: #ffffff;\">&#8211;<\/span><\/p>\n<p align=\"justify\"><strong>Herwig Sch\u00f6n (Gr\u00fcnder und Autor)<\/strong><\/p>\n<p>[\/vc_column_text][\/vc_column][\/vc_row][vc_row][vc_column][vc_separator height_2=&#8220;40&#8243; height=&#8220;0&#8243; show_border=&#8220;yes_border&#8220;][\/vc_column][\/vc_row]<\/p>\n<\/div>","protected":false},"excerpt":{"rendered":"<p>[vc_row][vc_column css=&#8220;.vc_custom_1453450499130{margin-top: 30px !important;}&#8220;][vc_column_text undefined=&#8220;&#8220;] Was ist ReConnective Therapy? [\/vc_column_text][\/vc_column][\/vc_row][vc_row][vc_column][vc_column_text undefined=&#8220;&#8220;]Jeder von uns tr\u00e4gt das Wissen \u00fcber absolutes Wohlbefinden in sich. Dieses Wissen ist in unserem<span class=\"excerpt-hellip\"> [\u2026]<\/span><\/p>\n","protected":false},"author":13,"featured_media":0,"parent":12563,"menu_order":0,"comment_status":"closed","ping_status":"closed","template":"","meta":{"footnotes":""},"class_list":["post-6215","page","type-page","status-publish","hentry"],"yoast_head":"<!-- This site is optimized with the Yoast SEO plugin v27.5 - https:\/\/yoast.com\/product\/yoast-seo-wordpress\/ -->\n<title>Was ist RCT - Reconnective Therapy<\/title>\n<meta name=\"description\" content=\"Was ist RCT - Reconnective Therapy | Herwig und Kerstin Sch\u00f6n. Jeder von uns tr\u00e4gt das Wissen \u00fcber perfektes Wohlbefinden in sich.\" \/>\n<meta name=\"robots\" content=\"index, follow, max-snippet:-1, max-image-preview:large, max-video-preview:-1\" \/>\n<link rel=\"canonical\" href=\"https:\/\/www.reconnectivetherapy.com\/de\/heilung\/was-ist\/what-is-rct\/\" \/>\n<meta property=\"og:locale\" content=\"de_DE\" \/>\n<meta property=\"og:type\" content=\"article\" \/>\n<meta property=\"og:title\" content=\"Was ist RCT - Reconnective Therapy\" \/>\n<meta property=\"og:description\" content=\"Was ist RCT - Reconnective Therapy | Herwig und Kerstin Sch\u00f6n. Jeder von uns tr\u00e4gt das Wissen \u00fcber perfektes Wohlbefinden in sich.\" \/>\n<meta property=\"og:url\" content=\"https:\/\/www.reconnectivetherapy.com\/de\/heilung\/was-ist\/what-is-rct\/\" \/>\n<meta property=\"og:site_name\" content=\"RCT - Reconnective Therapy | Kerstin Sch\u00f6n\" \/>\n<meta property=\"article:modified_time\" content=\"2024-02-13T10:19:36+00:00\" \/>\n<meta name=\"twitter:label1\" content=\"Gesch\u00e4tzte Lesezeit\" \/>\n\t<meta name=\"twitter:data1\" content=\"5\u00a0Minuten\" \/>\n<script type=\"application\/ld+json\" class=\"yoast-schema-graph\">{\"@context\":\"https:\\\/\\\/schema.org\",\"@graph\":[{\"@type\":\"WebPage\",\"@id\":\"https:\\\/\\\/www.reconnectivetherapy.com\\\/de\\\/heilung\\\/was-ist\\\/what-is-rct\\\/\",\"url\":\"https:\\\/\\\/www.reconnectivetherapy.com\\\/de\\\/heilung\\\/was-ist\\\/what-is-rct\\\/\",\"name\":\"Was ist RCT - Reconnective Therapy\",\"isPartOf\":{\"@id\":\"https:\\\/\\\/www.reconnectivetherapy.com\\\/#website\"},\"datePublished\":\"2016-03-10T08:25:52+00:00\",\"dateModified\":\"2024-02-13T10:19:36+00:00\",\"description\":\"Was ist RCT - Reconnective Therapy | Herwig und Kerstin Sch\u00f6n. Jeder von uns tr\u00e4gt das Wissen \u00fcber perfektes Wohlbefinden in sich.\",\"breadcrumb\":{\"@id\":\"https:\\\/\\\/www.reconnectivetherapy.com\\\/de\\\/heilung\\\/was-ist\\\/what-is-rct\\\/#breadcrumb\"},\"inLanguage\":\"de\",\"potentialAction\":[{\"@type\":\"ReadAction\",\"target\":[\"https:\\\/\\\/www.reconnectivetherapy.com\\\/de\\\/heilung\\\/was-ist\\\/what-is-rct\\\/\"]}]},{\"@type\":\"BreadcrumbList\",\"@id\":\"https:\\\/\\\/www.reconnectivetherapy.com\\\/de\\\/heilung\\\/was-ist\\\/what-is-rct\\\/#breadcrumb\",\"itemListElement\":[{\"@type\":\"ListItem\",\"position\":1,\"name\":\"Start\",\"item\":\"https:\\\/\\\/www.reconnectivetherapy.com\\\/\"},{\"@type\":\"ListItem\",\"position\":2,\"name\":\"Heilung\",\"item\":\"https:\\\/\\\/www.reconnectivetherapy.com\\\/healing\\\/\"},{\"@type\":\"ListItem\",\"position\":3,\"name\":\"Was ist RCT\",\"item\":\"https:\\\/\\\/www.reconnectivetherapy.com\\\/de\\\/heilung\\\/was-ist\\\/\"},{\"@type\":\"ListItem\",\"position\":4,\"name\":\"Was ist RCT ?\"}]},{\"@type\":\"WebSite\",\"@id\":\"https:\\\/\\\/www.reconnectivetherapy.com\\\/#website\",\"url\":\"https:\\\/\\\/www.reconnectivetherapy.com\\\/\",\"name\":\"RCT - Reconnective Therapy | Kerstin Sch\u00f6n\",\"description\":\"RCT - Reconnective Therapy | Kerstin Sch\u00f6n\",\"potentialAction\":[{\"@type\":\"SearchAction\",\"target\":{\"@type\":\"EntryPoint\",\"urlTemplate\":\"https:\\\/\\\/www.reconnectivetherapy.com\\\/?s={search_term_string}\"},\"query-input\":{\"@type\":\"PropertyValueSpecification\",\"valueRequired\":true,\"valueName\":\"search_term_string\"}}],\"inLanguage\":\"de\"}]}<\/script>\n<!-- \/ Yoast SEO plugin. -->","yoast_head_json":{"title":"Was ist RCT - Reconnective Therapy","description":"Was ist RCT - Reconnective Therapy | Herwig und Kerstin Sch\u00f6n. Jeder von uns tr\u00e4gt das Wissen \u00fcber perfektes Wohlbefinden in sich.","robots":{"index":"index","follow":"follow","max-snippet":"max-snippet:-1","max-image-preview":"max-image-preview:large","max-video-preview":"max-video-preview:-1"},"canonical":"https:\/\/www.reconnectivetherapy.com\/de\/heilung\/was-ist\/what-is-rct\/","og_locale":"de_DE","og_type":"article","og_title":"Was ist RCT - Reconnective Therapy","og_description":"Was ist RCT - Reconnective Therapy | Herwig und Kerstin Sch\u00f6n. Jeder von uns tr\u00e4gt das Wissen \u00fcber perfektes Wohlbefinden in sich.","og_url":"https:\/\/www.reconnectivetherapy.com\/de\/heilung\/was-ist\/what-is-rct\/","og_site_name":"RCT - Reconnective Therapy | Kerstin Sch\u00f6n","article_modified_time":"2024-02-13T10:19:36+00:00","twitter_misc":{"Gesch\u00e4tzte Lesezeit":"5\u00a0Minuten"},"schema":{"@context":"https:\/\/schema.org","@graph":[{"@type":"WebPage","@id":"https:\/\/www.reconnectivetherapy.com\/de\/heilung\/was-ist\/what-is-rct\/","url":"https:\/\/www.reconnectivetherapy.com\/de\/heilung\/was-ist\/what-is-rct\/","name":"Was ist RCT - Reconnective Therapy","isPartOf":{"@id":"https:\/\/www.reconnectivetherapy.com\/#website"},"datePublished":"2016-03-10T08:25:52+00:00","dateModified":"2024-02-13T10:19:36+00:00","description":"Was ist RCT - Reconnective Therapy | Herwig und Kerstin Sch\u00f6n. Jeder von uns tr\u00e4gt das Wissen \u00fcber perfektes Wohlbefinden in sich.","breadcrumb":{"@id":"https:\/\/www.reconnectivetherapy.com\/de\/heilung\/was-ist\/what-is-rct\/#breadcrumb"},"inLanguage":"de","potentialAction":[{"@type":"ReadAction","target":["https:\/\/www.reconnectivetherapy.com\/de\/heilung\/was-ist\/what-is-rct\/"]}]},{"@type":"BreadcrumbList","@id":"https:\/\/www.reconnectivetherapy.com\/de\/heilung\/was-ist\/what-is-rct\/#breadcrumb","itemListElement":[{"@type":"ListItem","position":1,"name":"Start","item":"https:\/\/www.reconnectivetherapy.com\/"},{"@type":"ListItem","position":2,"name":"Heilung","item":"https:\/\/www.reconnectivetherapy.com\/healing\/"},{"@type":"ListItem","position":3,"name":"Was ist RCT","item":"https:\/\/www.reconnectivetherapy.com\/de\/heilung\/was-ist\/"},{"@type":"ListItem","position":4,"name":"Was ist RCT ?"}]},{"@type":"WebSite","@id":"https:\/\/www.reconnectivetherapy.com\/#website","url":"https:\/\/www.reconnectivetherapy.com\/","name":"RCT - Reconnective Therapy | Kerstin Sch\u00f6n","description":"RCT - Reconnective Therapy | Kerstin Sch\u00f6n","potentialAction":[{"@type":"SearchAction","target":{"@type":"EntryPoint","urlTemplate":"https:\/\/www.reconnectivetherapy.com\/?s={search_term_string}"},"query-input":{"@type":"PropertyValueSpecification","valueRequired":true,"valueName":"search_term_string"}}],"inLanguage":"de"}]}},"_links":{"self":[{"href":"https:\/\/www.reconnectivetherapy.com\/de\/wp-json\/wp\/v2\/pages\/6215","targetHints":{"allow":["GET"]}}],"collection":[{"href":"https:\/\/www.reconnectivetherapy.com\/de\/wp-json\/wp\/v2\/pages"}],"about":[{"href":"https:\/\/www.reconnectivetherapy.com\/de\/wp-json\/wp\/v2\/types\/page"}],"author":[{"embeddable":true,"href":"https:\/\/www.reconnectivetherapy.com\/de\/wp-json\/wp\/v2\/users\/13"}],"replies":[{"embeddable":true,"href":"https:\/\/www.reconnectivetherapy.com\/de\/wp-json\/wp\/v2\/comments?post=6215"}],"version-history":[{"count":0,"href":"https:\/\/www.reconnectivetherapy.com\/de\/wp-json\/wp\/v2\/pages\/6215\/revisions"}],"up":[{"embeddable":true,"href":"https:\/\/www.reconnectivetherapy.com\/de\/wp-json\/wp\/v2\/pages\/12563"}],"wp:attachment":[{"href":"https:\/\/www.reconnectivetherapy.com\/de\/wp-json\/wp\/v2\/media?parent=6215"}],"curies":[{"name":"wp","href":"https:\/\/api.w.org\/{rel}","templated":true}]}}