{"id":5736,"date":"2016-02-28T15:27:29","date_gmt":"2016-02-28T14:27:29","guid":{"rendered":"http:\/\/www.reconnectivetherapy.com\/?page_id=5736"},"modified":"2023-05-08T11:28:57","modified_gmt":"2023-05-08T09:28:57","slug":"contact-us","status":"publish","type":"page","link":"https:\/\/www.reconnectivetherapy.com\/de\/contact-us\/","title":{"rendered":"Kontakt\/Anfahrt"},"content":{"rendered":"<div class=\"wpb-content-wrapper\"><p>[vc_row][vc_column][vc_separator color=&#8220;white&#8220;][\/vc_column][\/vc_row][vc_row][vc_column width=&#8220;1\/3&#8243; css=&#8220;.vc_custom_1457535097622{margin-top: 12px !important;}&#8220;][vc_column_text undefined=&#8220;&#8220;]<\/p>\n<p style=\"text-align: left;\" align=\"center\"><strong>ReConnective Therapy<br \/>\nKontakt\u00a0Europa<\/strong><\/p>\n<p style=\"text-align: left;\" align=\"center\">Kurt und Karin Dirkorte<strong><br \/>\n<\/strong>Auf der Schuchen 2<br \/>\n82418 Seehausen<\/p>\n<p style=\"text-align: left;\" align=\"center\">Telefon: 08841 &#8211; 489 6135<\/p>\n<p style=\"text-align: left;\" align=\"center\">E-Mail: <a href=\"mailto:info.de@reconnectivetherapy.com\"> info.de@reconnectivetherapy.com<\/a><\/p>\n<p style=\"text-align: left;\" align=\"center\"><a href=\"http:\/\/www.reconnectivetherapy.com\" target=\"_blank\" rel=\"noopener\"> www.reconnectivetherapy.com<\/a><\/p>\n<p>[\/vc_column_text][\/vc_column][vc_column width=&#8220;2\/3&#8243; css=&#8220;.vc_custom_1457535153045{margin-top: -48px !important;}&#8220;][vc_column_text][\/vc_column_text][\/vc_column][\/vc_row][vc_row][vc_column][vc_separator height_2=&#8220;40&#8243; height=&#8220;0&#8243; show_border=&#8220;yes_border&#8220;][\/vc_column][\/vc_row]<\/p>\n<\/div>","protected":false},"excerpt":{"rendered":"<p>[vc_row][vc_column][vc_separator color=&#8220;white&#8220;][\/vc_column][\/vc_row][vc_row][vc_column width=&#8220;1\/3&#8243; css=&#8220;.vc_custom_1457535097622{margin-top: 12px !important;}&#8220;][vc_column_text undefined=&#8220;&#8220;] ReConnective Therapy Kontakt\u00a0Europa Kurt und Karin Dirkorte Auf der Schuchen 2 82418 Seehausen Telefon: 08841 &#8211; 489 6135 E-Mail:<span class=\"excerpt-hellip\"> [\u2026]<\/span><\/p>\n","protected":false},"author":13,"featured_media":0,"parent":0,"menu_order":6,"comment_status":"closed","ping_status":"closed","template":"","meta":{"footnotes":""},"class_list":["post-5736","page","type-page","status-publish","hentry"],"yoast_head":"<!-- This site is optimized with the Yoast SEO plugin v27.5 - https:\/\/yoast.com\/product\/yoast-seo-wordpress\/ -->\n<title>RCT - Reconnective Therapy | Kerstin Sch\u00f6n<\/title>\n<meta name=\"description\" content=\"Bauer in 82544 Ergertshausen Dienstleistungen wie Ackern &amp; S\u00e4en, Baggerarbeiten, G\u00fclle ausbringung, Raps\u00f6ltransport, Silowalzen, Transport, Winterdienst\" \/>\n<meta name=\"robots\" content=\"index, follow, max-snippet:-1, max-image-preview:large, max-video-preview:-1\" \/>\n<link rel=\"canonical\" href=\"https:\/\/www.reconnectivetherapy.com\/contact-us\/\" \/>\n<meta property=\"og:locale\" content=\"de_DE\" \/>\n<meta property=\"og:type\" content=\"article\" \/>\n<meta property=\"og:title\" content=\"RCT - Reconnective Therapy | Kerstin Sch\u00f6n\" \/>\n<meta property=\"og:description\" content=\"Bauer in 82544 Ergertshausen Dienstleistungen wie Ackern &amp; S\u00e4en, Baggerarbeiten, G\u00fclle ausbringung, Raps\u00f6ltransport, Silowalzen, Transport, Winterdienst\" \/>\n<meta property=\"og:url\" content=\"https:\/\/www.reconnectivetherapy.com\/contact-us\/\" \/>\n<meta property=\"og:site_name\" content=\"RCT - Reconnective Therapy | Kerstin Sch\u00f6n\" \/>\n<meta property=\"article:modified_time\" content=\"2023-05-08T09:28:57+00:00\" \/>\n<meta name=\"twitter:label1\" content=\"Gesch\u00e4tzte Lesezeit\" \/>\n\t<meta name=\"twitter:data1\" content=\"1\u00a0Minute\" \/>\n<script type=\"application\/ld+json\" class=\"yoast-schema-graph\">{\"@context\":\"https:\\\/\\\/schema.org\",\"@graph\":[{\"@type\":\"WebPage\",\"@id\":\"https:\\\/\\\/www.reconnectivetherapy.com\\\/contact-us\\\/\",\"url\":\"https:\\\/\\\/www.reconnectivetherapy.com\\\/contact-us\\\/\",\"name\":\"RCT - Reconnective Therapy | Kerstin Sch\u00f6n\",\"isPartOf\":{\"@id\":\"https:\\\/\\\/www.reconnectivetherapy.com\\\/#website\"},\"datePublished\":\"2016-02-28T14:27:29+00:00\",\"dateModified\":\"2023-05-08T09:28:57+00:00\",\"description\":\"Bauer in 82544 Ergertshausen Dienstleistungen wie Ackern & S\u00e4en, Baggerarbeiten, G\u00fclle ausbringung, Raps\u00f6ltransport, Silowalzen, Transport, Winterdienst\",\"breadcrumb\":{\"@id\":\"https:\\\/\\\/www.reconnectivetherapy.com\\\/contact-us\\\/#breadcrumb\"},\"inLanguage\":\"de\",\"potentialAction\":[{\"@type\":\"ReadAction\",\"target\":[\"https:\\\/\\\/www.reconnectivetherapy.com\\\/contact-us\\\/\"]}]},{\"@type\":\"BreadcrumbList\",\"@id\":\"https:\\\/\\\/www.reconnectivetherapy.com\\\/contact-us\\\/#breadcrumb\",\"itemListElement\":[{\"@type\":\"ListItem\",\"position\":1,\"name\":\"Start\",\"item\":\"https:\\\/\\\/www.reconnectivetherapy.com\\\/\"},{\"@type\":\"ListItem\",\"position\":2,\"name\":\"Kontakt\\\/Anfahrt\"}]},{\"@type\":\"WebSite\",\"@id\":\"https:\\\/\\\/www.reconnectivetherapy.com\\\/#website\",\"url\":\"https:\\\/\\\/www.reconnectivetherapy.com\\\/\",\"name\":\"RCT - Reconnective Therapy | Kerstin Sch\u00f6n\",\"description\":\"RCT - Reconnective Therapy | Kerstin Sch\u00f6n\",\"potentialAction\":[{\"@type\":\"SearchAction\",\"target\":{\"@type\":\"EntryPoint\",\"urlTemplate\":\"https:\\\/\\\/www.reconnectivetherapy.com\\\/?s={search_term_string}\"},\"query-input\":{\"@type\":\"PropertyValueSpecification\",\"valueRequired\":true,\"valueName\":\"search_term_string\"}}],\"inLanguage\":\"de\"}]}<\/script>\n<!-- \/ Yoast SEO plugin. -->","yoast_head_json":{"title":"RCT - Reconnective Therapy | Kerstin Sch\u00f6n","description":"Bauer in 82544 Ergertshausen Dienstleistungen wie Ackern & S\u00e4en, Baggerarbeiten, G\u00fclle ausbringung, Raps\u00f6ltransport, Silowalzen, Transport, Winterdienst","robots":{"index":"index","follow":"follow","max-snippet":"max-snippet:-1","max-image-preview":"max-image-preview:large","max-video-preview":"max-video-preview:-1"},"canonical":"https:\/\/www.reconnectivetherapy.com\/contact-us\/","og_locale":"de_DE","og_type":"article","og_title":"RCT - Reconnective Therapy | Kerstin Sch\u00f6n","og_description":"Bauer in 82544 Ergertshausen Dienstleistungen wie Ackern & S\u00e4en, Baggerarbeiten, G\u00fclle ausbringung, Raps\u00f6ltransport, Silowalzen, Transport, Winterdienst","og_url":"https:\/\/www.reconnectivetherapy.com\/contact-us\/","og_site_name":"RCT - Reconnective Therapy | Kerstin Sch\u00f6n","article_modified_time":"2023-05-08T09:28:57+00:00","twitter_misc":{"Gesch\u00e4tzte Lesezeit":"1\u00a0Minute"},"schema":{"@context":"https:\/\/schema.org","@graph":[{"@type":"WebPage","@id":"https:\/\/www.reconnectivetherapy.com\/contact-us\/","url":"https:\/\/www.reconnectivetherapy.com\/contact-us\/","name":"RCT - Reconnective Therapy | Kerstin Sch\u00f6n","isPartOf":{"@id":"https:\/\/www.reconnectivetherapy.com\/#website"},"datePublished":"2016-02-28T14:27:29+00:00","dateModified":"2023-05-08T09:28:57+00:00","description":"Bauer in 82544 Ergertshausen Dienstleistungen wie Ackern & S\u00e4en, Baggerarbeiten, G\u00fclle ausbringung, Raps\u00f6ltransport, Silowalzen, Transport, Winterdienst","breadcrumb":{"@id":"https:\/\/www.reconnectivetherapy.com\/contact-us\/#breadcrumb"},"inLanguage":"de","potentialAction":[{"@type":"ReadAction","target":["https:\/\/www.reconnectivetherapy.com\/contact-us\/"]}]},{"@type":"BreadcrumbList","@id":"https:\/\/www.reconnectivetherapy.com\/contact-us\/#breadcrumb","itemListElement":[{"@type":"ListItem","position":1,"name":"Start","item":"https:\/\/www.reconnectivetherapy.com\/"},{"@type":"ListItem","position":2,"name":"Kontakt\/Anfahrt"}]},{"@type":"WebSite","@id":"https:\/\/www.reconnectivetherapy.com\/#website","url":"https:\/\/www.reconnectivetherapy.com\/","name":"RCT - Reconnective Therapy | Kerstin Sch\u00f6n","description":"RCT - Reconnective Therapy | Kerstin Sch\u00f6n","potentialAction":[{"@type":"SearchAction","target":{"@type":"EntryPoint","urlTemplate":"https:\/\/www.reconnectivetherapy.com\/?s={search_term_string}"},"query-input":{"@type":"PropertyValueSpecification","valueRequired":true,"valueName":"search_term_string"}}],"inLanguage":"de"}]}},"_links":{"self":[{"href":"https:\/\/www.reconnectivetherapy.com\/de\/wp-json\/wp\/v2\/pages\/5736","targetHints":{"allow":["GET"]}}],"collection":[{"href":"https:\/\/www.reconnectivetherapy.com\/de\/wp-json\/wp\/v2\/pages"}],"about":[{"href":"https:\/\/www.reconnectivetherapy.com\/de\/wp-json\/wp\/v2\/types\/page"}],"author":[{"embeddable":true,"href":"https:\/\/www.reconnectivetherapy.com\/de\/wp-json\/wp\/v2\/users\/13"}],"replies":[{"embeddable":true,"href":"https:\/\/www.reconnectivetherapy.com\/de\/wp-json\/wp\/v2\/comments?post=5736"}],"version-history":[{"count":0,"href":"https:\/\/www.reconnectivetherapy.com\/de\/wp-json\/wp\/v2\/pages\/5736\/revisions"}],"wp:attachment":[{"href":"https:\/\/www.reconnectivetherapy.com\/de\/wp-json\/wp\/v2\/media?parent=5736"}],"curies":[{"name":"wp","href":"https:\/\/api.w.org\/{rel}","templated":true}]}}