{"id":12612,"date":"2023-03-19T17:28:36","date_gmt":"2023-03-19T16:28:36","guid":{"rendered":"http:\/\/www.reconnectivetherapy.com\/rct-heilung\/ausbildung\/additional-training-puzzle-pieces\/3-puzzle-pieces\/"},"modified":"2026-02-04T16:07:37","modified_gmt":"2026-02-04T15:07:37","slug":"3-puzzle-pieces","status":"publish","type":"page","link":"https:\/\/www.reconnectivetherapy.com\/de\/heilung\/ausbildung\/training-puzzleteile\/3-puzzle-pieces\/","title":{"rendered":"Strukturelle Arbeit und Verk\u00f6rperung der RCT-Konzepte"},"content":{"rendered":"<div class=\"wpb-content-wrapper\"><p>[vc_row][vc_column css=&#8220;.vc_custom_1453450499130{margin-top: 30px !important;}&#8220;][vc_column_text undefined=&#8220;&#8220;]3 Puzzleteile[\/vc_column_text][\/vc_column][\/vc_row][vc_row][vc_column width=&#8220;1\/2&#8243;][vc_column_text undefined=&#8220;&#8220;]<\/p>\n<h2><b>Strukturelle Arbeit und Verk\u00f6rperung der RCT-Konzepte<\/b><\/h2>\n<h4>\u2013 Angewandte Prinzipien der Energiearbeit (APE)<br \/>\n\u2013 Verk\u00f6rperung der RCT-Konzepte<br \/>\n\u2013 DabeiSein bei Behandlungen<\/h4>\n<p>&nbsp;<\/p>\n<p>Wir bieten diese Puzzleteile zusammen als Paket an, um RCT-BehandlerInnen sowohl bei der Ausbildung in der Strukturellen Arbeit, als auch bei der Integration der RCT-Konzepte zu unterst\u00fctzen. So steht dir dies in deiner Arbeit mit KlientInnen zur Verf\u00fcgung. Das Dabei Sein bei Behandlungen unterst\u00fctzt dich als BehandlerIn sowohl energetisch als auch bewusst, da du Kerstin in einer Sitzung mit ihren KlientInnen dabei beobachten wirst, wie sie die Strukturelle Arbeit und die RCT-Konzepte in der direkten Anwendung ineinander verwebt.<br \/>\nEin weiteres Puzzlest\u00fcck ist die M\u00f6glichkeit, sich f\u00fcr die Anwendung der Arbeit an deinen eigenen KlientInnen in den Fallstudien Feedback zu holen.[\/vc_column_text][\/vc_column][vc_column width=&#8220;1\/2&#8243;][vc_single_image image=&#8220;12964&#8243; img_size=&#8220;medium&#8220;][\/vc_column][\/vc_row][vc_row][vc_column width=&#8220;1\/3&#8243;][vc_column_text css=&#8220;&#8220;]<\/p>\n<div class=\"span4 krown-column-container clearfix column_container\">\n<div class=\"clearfix \">\n<div class=\"wpb_wrapper\">\n<p><span style=\"color: #000080;\"><strong>APE I Biomechanik des K\u00f6rpers<\/strong><\/span><span style=\"color: #ff0000;\"><strong><br \/>\n<\/strong><\/span><strong>Termin: <\/strong>wird ehestm\u00f6glich bekannt gegeben<br \/>\n<strong>Zeit: tgl. <\/strong>10:00 h \u2013 18:00 h<br \/>\n<strong>Ort:<\/strong><\/p>\n<p><strong><span style=\"color: #000080;\">Verk\u00f6rperung der RCT-Konzepte<\/span> <span style=\"color: #ff0000;\">(ONLINE)<\/span><\/strong><br \/>\n<strong>Termin:<\/strong> wird vereinbart mit den TeilnehmerInnen am Ende des APE Kurses!<\/p>\n<p><strong><span style=\"color: #000080;\">Dabei-Sein bei Behandlungen <\/span><span style=\"color: #ff0000;\">(ONLINE)<\/span><\/strong><br \/>\n<strong>Termin:<\/strong> wird vereinbart mit den TeilnehmerInnen am Ende des APE Kurses!<\/p>\n<p><strong>Kosten: 1.200,- \u20ac<\/strong> <em>(Ratenzahlung m\u00f6glich: Anzahlung 300,- \u20ac)<\/em><\/p>\n<\/div>\n<\/div>\n<\/div>\n<p>[\/vc_column_text][vc_separator height_2=&#8220;40&#8243; height=&#8220;0&#8243; show_border=&#8220;yes_border&#8220;][vc_btn title=&#8220;Zum Terminkalender&#8220; color=&#8220;primary&#8220; size=&#8220;lg&#8220; align=&#8220;center&#8220; css=&#8220;&#8220; link=&#8220;url:https%3A%2F%2Fwww.reconnectivetherapy.com%2Fde%2Fevent%2Frct-behandlerinnen-weiterfuehrendes-training-die-verkoerperung-neuer-frequenzen-5%2F&#8220;][\/vc_column][vc_column width=&#8220;1\/3&#8243;][vc_column_text css=&#8220;&#8220;]<\/p>\n<div class=\"span4 krown-column-container clearfix column_container\">\n<div class=\"clearfix \">\n<div class=\"wpb_wrapper\">\n<p><span style=\"color: #000080;\"><strong>APE II Organe und Eingeweide<\/strong><\/span><span style=\"color: #ff0000;\"><strong><br \/>\n<\/strong><\/span><strong>Termin: <\/strong>wird ehestm\u00f6glich bekannt gegeben<br \/>\n<strong>Zeit: tgl. <\/strong>10:00 h \u2013 18:00 h<\/p>\n<p><strong><span style=\"color: #000080;\">Verk\u00f6rperung der RCT-Konzepte<\/span> <span style=\"color: #ff0000;\">(ONLINE)<\/span><\/strong><br \/>\n<strong>Termin:<\/strong> wird vereinbart mit den TeilnehmerInnen am Ende des APE Kurses!<\/p>\n<p><strong><span style=\"color: #000080;\">Dabei-Sein bei Behandlungen<\/span>\u00a0<span style=\"color: #ff0000;\">(ONLINE)<\/span><\/strong><br \/>\n<strong>Termin:<\/strong> wird vereinbart mit den TeilnehmerInnen am Ende des APE Kurses!<\/p>\n<p><strong>Kosten: 1.200,- \u20ac<\/strong> <em>(Ratenzahlung m\u00f6glich: Anzahlung 300,- \u20ac)<\/em><\/p>\n<\/div>\n<\/div>\n<\/div>\n<p>[\/vc_column_text][vc_separator][\/vc_column][vc_column width=&#8220;1\/3&#8243;][vc_column_text css=&#8220;&#8220;]<\/p>\n<div class=\"span4 krown-column-container clearfix column_container\">\n<div class=\"clearfix \">\n<div class=\"wpb_wrapper\">\n<p><span style=\"color: #000080;\"><strong>APE III Zentralnervensystem<\/strong> <\/span><\/p>\n<p><strong>Termin: <\/strong>13.,14. M\u00e4rz 2026 (in Person) und 20. M\u00e4rz (online)<br \/>\n<strong>Zeit: <\/strong>10:00 h \u2013 18:00 h<br \/>\n<strong>Ort: <\/strong>K\u00e4rnten, \u00d6sterreich (Adresse wird bei Anmeldung \u00fcbermittelt)<\/p>\n<p><strong><span style=\"color: #000080;\">Verk\u00f6rperung der RCT-Konzepte<\/span> <span style=\"color: #ff0000;\">(ONLINE)<\/span><\/strong><br \/>\n<strong>Termin:<\/strong> wird vereinbart mit den TeilnehmerInnen am Ende des APE Kurses!<\/p>\n<p><strong><span style=\"color: #000080;\">Dabei-Sein bei Behandlungen<\/span>\u00a0<span style=\"color: #ff0000;\">(ONLINE)<\/span><\/strong><br \/>\n<strong>Termin:<\/strong> wird vereinbart mit den TeilnehmerInnen am Ende des APE Kurses!<\/p>\n<\/div>\n<\/div>\n<\/div>\n<p>[\/vc_column_text][\/vc_column][\/vc_row][vc_row][vc_column][vc_separator][vc_btn title=&#8220;Weitere Informationen zu APE&#8220; color=&#8220;primary&#8220; align=&#8220;center&#8220; css=&#8220;&#8220; link=&#8220;url:https%3A%2F%2Fwww.reconnectivetherapy.com%2Fde%2Fheilung%2Fausbildung%2Fapplied-principles-of-energy-work%2F&#8220;][\/vc_column][\/vc_row]<\/p>\n<\/div>","protected":false},"excerpt":{"rendered":"<p>[vc_row][vc_column css=&#8220;.vc_custom_1453450499130{margin-top: 30px !important;}&#8220;][vc_column_text undefined=&#8220;&#8220;]3 Puzzleteile[\/vc_column_text][\/vc_column][\/vc_row][vc_row][vc_column width=&#8220;1\/2&#8243;][vc_column_text undefined=&#8220;&#8220;] Strukturelle Arbeit und Verk\u00f6rperung der RCT-Konzepte \u2013 Angewandte Prinzipien der Energiearbeit (APE) \u2013 Verk\u00f6rperung der RCT-Konzepte \u2013 DabeiSein<span class=\"excerpt-hellip\"> [\u2026]<\/span><\/p>\n","protected":false},"author":13,"featured_media":0,"parent":12611,"menu_order":0,"comment_status":"closed","ping_status":"closed","template":"","meta":{"footnotes":""},"class_list":["post-12612","page","type-page","status-publish","hentry"],"yoast_head":"<!-- This site is optimized with the Yoast SEO plugin v27.5 - https:\/\/yoast.com\/product\/yoast-seo-wordpress\/ -->\n<title>Practitioner Support - Reconnective Therapy<\/title>\n<meta name=\"description\" content=\"Practitioner Support - Reconnective Therapy | Herwig und Kerstin Sch\u00f6n. Jeder von uns tr\u00e4gt das Wissen \u00fcber perfektes Wohlbefinden in sich.\" \/>\n<meta name=\"robots\" content=\"index, follow, max-snippet:-1, max-image-preview:large, max-video-preview:-1\" \/>\n<link rel=\"canonical\" href=\"https:\/\/www.reconnectivetherapy.com\/de\/heilung\/ausbildung\/training-puzzleteile\/3-puzzle-pieces\/\" \/>\n<meta property=\"og:locale\" content=\"de_DE\" \/>\n<meta property=\"og:type\" content=\"article\" \/>\n<meta property=\"og:title\" content=\"Practitioner Support - Reconnective Therapy\" \/>\n<meta property=\"og:description\" content=\"Practitioner Support - Reconnective Therapy | Herwig und Kerstin Sch\u00f6n. Jeder von uns tr\u00e4gt das Wissen \u00fcber perfektes Wohlbefinden in sich.\" \/>\n<meta property=\"og:url\" content=\"https:\/\/www.reconnectivetherapy.com\/de\/heilung\/ausbildung\/training-puzzleteile\/3-puzzle-pieces\/\" \/>\n<meta property=\"og:site_name\" content=\"RCT - Reconnective Therapy | Kerstin Sch\u00f6n\" \/>\n<meta property=\"article:modified_time\" content=\"2026-02-04T15:07:37+00:00\" \/>\n<meta name=\"twitter:label1\" content=\"Gesch\u00e4tzte Lesezeit\" \/>\n\t<meta name=\"twitter:data1\" content=\"2\u00a0Minuten\" \/>\n<script type=\"application\/ld+json\" class=\"yoast-schema-graph\">{\"@context\":\"https:\\\/\\\/schema.org\",\"@graph\":[{\"@type\":\"WebPage\",\"@id\":\"https:\\\/\\\/www.reconnectivetherapy.com\\\/de\\\/heilung\\\/ausbildung\\\/training-puzzleteile\\\/3-puzzle-pieces\\\/\",\"url\":\"https:\\\/\\\/www.reconnectivetherapy.com\\\/de\\\/heilung\\\/ausbildung\\\/training-puzzleteile\\\/3-puzzle-pieces\\\/\",\"name\":\"Practitioner Support - Reconnective Therapy\",\"isPartOf\":{\"@id\":\"https:\\\/\\\/www.reconnectivetherapy.com\\\/#website\"},\"datePublished\":\"2023-03-19T16:28:36+00:00\",\"dateModified\":\"2026-02-04T15:07:37+00:00\",\"description\":\"Practitioner Support - Reconnective Therapy | Herwig und Kerstin Sch\u00f6n. Jeder von uns tr\u00e4gt das Wissen \u00fcber perfektes Wohlbefinden in sich.\",\"breadcrumb\":{\"@id\":\"https:\\\/\\\/www.reconnectivetherapy.com\\\/de\\\/heilung\\\/ausbildung\\\/training-puzzleteile\\\/3-puzzle-pieces\\\/#breadcrumb\"},\"inLanguage\":\"de\",\"potentialAction\":[{\"@type\":\"ReadAction\",\"target\":[\"https:\\\/\\\/www.reconnectivetherapy.com\\\/de\\\/heilung\\\/ausbildung\\\/training-puzzleteile\\\/3-puzzle-pieces\\\/\"]}]},{\"@type\":\"BreadcrumbList\",\"@id\":\"https:\\\/\\\/www.reconnectivetherapy.com\\\/de\\\/heilung\\\/ausbildung\\\/training-puzzleteile\\\/3-puzzle-pieces\\\/#breadcrumb\",\"itemListElement\":[{\"@type\":\"ListItem\",\"position\":1,\"name\":\"Start\",\"item\":\"https:\\\/\\\/www.reconnectivetherapy.com\\\/\"},{\"@type\":\"ListItem\",\"position\":2,\"name\":\"Heilung\",\"item\":\"https:\\\/\\\/www.reconnectivetherapy.com\\\/healing\\\/\"},{\"@type\":\"ListItem\",\"position\":3,\"name\":\"Ausbildung\",\"item\":\"https:\\\/\\\/www.reconnectivetherapy.com\\\/healing\\\/ausbildung\\\/\"},{\"@type\":\"ListItem\",\"position\":4,\"name\":\"Training &#8211; Puzzleteile\",\"item\":\"https:\\\/\\\/www.reconnectivetherapy.com\\\/de\\\/heilung\\\/ausbildung\\\/training-puzzleteile\\\/\"},{\"@type\":\"ListItem\",\"position\":5,\"name\":\"Strukturelle Arbeit und Verk\u00f6rperung der RCT-Konzepte\"}]},{\"@type\":\"WebSite\",\"@id\":\"https:\\\/\\\/www.reconnectivetherapy.com\\\/#website\",\"url\":\"https:\\\/\\\/www.reconnectivetherapy.com\\\/\",\"name\":\"RCT - Reconnective Therapy | Kerstin Sch\u00f6n\",\"description\":\"RCT - Reconnective Therapy | Kerstin Sch\u00f6n\",\"potentialAction\":[{\"@type\":\"SearchAction\",\"target\":{\"@type\":\"EntryPoint\",\"urlTemplate\":\"https:\\\/\\\/www.reconnectivetherapy.com\\\/?s={search_term_string}\"},\"query-input\":{\"@type\":\"PropertyValueSpecification\",\"valueRequired\":true,\"valueName\":\"search_term_string\"}}],\"inLanguage\":\"de\"}]}<\/script>\n<!-- \/ Yoast SEO plugin. -->","yoast_head_json":{"title":"Practitioner Support - Reconnective Therapy","description":"Practitioner Support - Reconnective Therapy | Herwig und Kerstin Sch\u00f6n. Jeder von uns tr\u00e4gt das Wissen \u00fcber perfektes Wohlbefinden in sich.","robots":{"index":"index","follow":"follow","max-snippet":"max-snippet:-1","max-image-preview":"max-image-preview:large","max-video-preview":"max-video-preview:-1"},"canonical":"https:\/\/www.reconnectivetherapy.com\/de\/heilung\/ausbildung\/training-puzzleteile\/3-puzzle-pieces\/","og_locale":"de_DE","og_type":"article","og_title":"Practitioner Support - Reconnective Therapy","og_description":"Practitioner Support - Reconnective Therapy | Herwig und Kerstin Sch\u00f6n. Jeder von uns tr\u00e4gt das Wissen \u00fcber perfektes Wohlbefinden in sich.","og_url":"https:\/\/www.reconnectivetherapy.com\/de\/heilung\/ausbildung\/training-puzzleteile\/3-puzzle-pieces\/","og_site_name":"RCT - Reconnective Therapy | Kerstin Sch\u00f6n","article_modified_time":"2026-02-04T15:07:37+00:00","twitter_misc":{"Gesch\u00e4tzte Lesezeit":"2\u00a0Minuten"},"schema":{"@context":"https:\/\/schema.org","@graph":[{"@type":"WebPage","@id":"https:\/\/www.reconnectivetherapy.com\/de\/heilung\/ausbildung\/training-puzzleteile\/3-puzzle-pieces\/","url":"https:\/\/www.reconnectivetherapy.com\/de\/heilung\/ausbildung\/training-puzzleteile\/3-puzzle-pieces\/","name":"Practitioner Support - Reconnective Therapy","isPartOf":{"@id":"https:\/\/www.reconnectivetherapy.com\/#website"},"datePublished":"2023-03-19T16:28:36+00:00","dateModified":"2026-02-04T15:07:37+00:00","description":"Practitioner Support - Reconnective Therapy | Herwig und Kerstin Sch\u00f6n. Jeder von uns tr\u00e4gt das Wissen \u00fcber perfektes Wohlbefinden in sich.","breadcrumb":{"@id":"https:\/\/www.reconnectivetherapy.com\/de\/heilung\/ausbildung\/training-puzzleteile\/3-puzzle-pieces\/#breadcrumb"},"inLanguage":"de","potentialAction":[{"@type":"ReadAction","target":["https:\/\/www.reconnectivetherapy.com\/de\/heilung\/ausbildung\/training-puzzleteile\/3-puzzle-pieces\/"]}]},{"@type":"BreadcrumbList","@id":"https:\/\/www.reconnectivetherapy.com\/de\/heilung\/ausbildung\/training-puzzleteile\/3-puzzle-pieces\/#breadcrumb","itemListElement":[{"@type":"ListItem","position":1,"name":"Start","item":"https:\/\/www.reconnectivetherapy.com\/"},{"@type":"ListItem","position":2,"name":"Heilung","item":"https:\/\/www.reconnectivetherapy.com\/healing\/"},{"@type":"ListItem","position":3,"name":"Ausbildung","item":"https:\/\/www.reconnectivetherapy.com\/healing\/ausbildung\/"},{"@type":"ListItem","position":4,"name":"Training &#8211; Puzzleteile","item":"https:\/\/www.reconnectivetherapy.com\/de\/heilung\/ausbildung\/training-puzzleteile\/"},{"@type":"ListItem","position":5,"name":"Strukturelle Arbeit und Verk\u00f6rperung der RCT-Konzepte"}]},{"@type":"WebSite","@id":"https:\/\/www.reconnectivetherapy.com\/#website","url":"https:\/\/www.reconnectivetherapy.com\/","name":"RCT - Reconnective Therapy | Kerstin Sch\u00f6n","description":"RCT - Reconnective Therapy | Kerstin Sch\u00f6n","potentialAction":[{"@type":"SearchAction","target":{"@type":"EntryPoint","urlTemplate":"https:\/\/www.reconnectivetherapy.com\/?s={search_term_string}"},"query-input":{"@type":"PropertyValueSpecification","valueRequired":true,"valueName":"search_term_string"}}],"inLanguage":"de"}]}},"_links":{"self":[{"href":"https:\/\/www.reconnectivetherapy.com\/de\/wp-json\/wp\/v2\/pages\/12612","targetHints":{"allow":["GET"]}}],"collection":[{"href":"https:\/\/www.reconnectivetherapy.com\/de\/wp-json\/wp\/v2\/pages"}],"about":[{"href":"https:\/\/www.reconnectivetherapy.com\/de\/wp-json\/wp\/v2\/types\/page"}],"author":[{"embeddable":true,"href":"https:\/\/www.reconnectivetherapy.com\/de\/wp-json\/wp\/v2\/users\/13"}],"replies":[{"embeddable":true,"href":"https:\/\/www.reconnectivetherapy.com\/de\/wp-json\/wp\/v2\/comments?post=12612"}],"version-history":[{"count":3,"href":"https:\/\/www.reconnectivetherapy.com\/de\/wp-json\/wp\/v2\/pages\/12612\/revisions"}],"predecessor-version":[{"id":14854,"href":"https:\/\/www.reconnectivetherapy.com\/de\/wp-json\/wp\/v2\/pages\/12612\/revisions\/14854"}],"up":[{"embeddable":true,"href":"https:\/\/www.reconnectivetherapy.com\/de\/wp-json\/wp\/v2\/pages\/12611"}],"wp:attachment":[{"href":"https:\/\/www.reconnectivetherapy.com\/de\/wp-json\/wp\/v2\/media?parent=12612"}],"curies":[{"name":"wp","href":"https:\/\/api.w.org\/{rel}","templated":true}]}}