{"id":12611,"date":"2023-03-19T17:25:52","date_gmt":"2023-03-19T16:25:13","guid":{"rendered":"http:\/\/www.reconnectivetherapy.com\/rct-heilung\/ausbildung\/additional-training-puzzle-pieces\/"},"modified":"2023-12-07T10:55:52","modified_gmt":"2023-12-07T09:55:52","slug":"training-puzzleteile","status":"publish","type":"page","link":"https:\/\/www.reconnectivetherapy.com\/de\/heilung\/ausbildung\/training-puzzleteile\/","title":{"rendered":"Training &#8211; Puzzleteile"},"content":{"rendered":"<div class=\"wpb-content-wrapper\"><p>[vc_row][vc_column css=&#8220;.vc_custom_1453450499130{margin-top: 30px !important;}&#8220;][vc_column_text undefined=&#8220;&#8220;]<\/p>\n<div class=\"span12 krown-column-container clearfix column_container vc_custom_1453450499130\">\n<div class=\"clearfix \">\n<div class=\"wpb_wrapper\">\n<h3>RCT BehandlerInnen \u2013 Weiterf\u00fchrendes Training 2023<br \/>\nDie Verk\u00f6rperung neuer Frequenzen<\/h3>\n<\/div>\n<\/div>\n<\/div>\n<p>[\/vc_column_text][\/vc_column][\/vc_row][vc_row][vc_column][vc_column_text undefined=&#8220;&#8220;]Mit dem Beginn des Jahres 2023 steht uns allen ein neues Energiesystem mit neuen Frequenzen zur Verf\u00fcgung, sobald dieses auf der physischen Ebene verankert ist. Dies geschieht jedoch nicht unbedingt automatisch \u2013 die RCT erleichtert den Prozess der Expansion in das neue System und in die neuen Frequenzen, sowie den Prozess der Verankerung im physischen K\u00f6rper.<\/p>\n<p>Die Arbeit als RCT-BehandlerIn beinhaltet die energetische Arbeit der ReConnective Therapy. Zugleich sind die Konzepte der RCT auch Grundlage daf\u00fcr, deine KlientInnen mit Informationen zu versorgen, die sie dabei unterst\u00fctzen, sich auf Ihre individuelle Situation einzustellen. In diesem Jahr wird zus\u00e4tzlich zu dem Strukturellen Training in den APE-Kursen, auch das BehandlerInnen-Training auf die neuen Frequenzen ausgerichtet. Das soll deinen K\u00f6rper dabei unterst\u00fctzen, sich auf das neue Energiesystem einzustellen. Mit dem neuen Energiesystem kann der K\u00f6rper eine breitere Resonanz halten als mit dem alten System. Wenn dein System das neue Energiesystem verk\u00f6rpert und verankert, wirst du in der Lage sein auch deine KlientInnen in demselben Prozess zu unterst\u00fctzen.<\/p>\n<p>Als BehandlerIn hat deine Beziehung zu deiner inneren Welt einen Einfluss auf dein pers\u00f6nliches Leben, so wie auf deine Rolle als RCT-BehandlerIn. Wir bieten 2 Ausbildungsschwerpunkte (Strukturelle Arbeit und Bewusstwerdungs-Arbeit) an, um deine Selbstwahrnehmung, dein Inneres \u00dcben und deine Expansion zu f\u00f6rdern.[\/vc_column_text][\/vc_column][\/vc_row][vc_row][vc_column][vc_separator height_2=&#8220;40&#8243; height=&#8220;0&#8243; show_border=&#8220;yes_border&#8220;][\/vc_column][\/vc_row][vc_row][vc_column width=&#8220;1\/4&#8243;][vc_single_image image=&#8220;12964&#8243; img_size=&#8220;300&#215;300&#8243;][vc_btn title=&#8220;Strukturelle Arbeit &amp; Verk\u00f6rperung der RCT-Konzepte&#8220; color=&#8220;primary&#8220; link=&#8220;url:https%3A%2F%2Fwww.reconnectivetherapy.com%2Fde%2Fheilung%2Fausbildung%2Ftraining-puzzleteile%2F3-puzzle-pieces%2F&#8220;][\/vc_column][vc_column width=&#8220;1\/4&#8243;][vc_single_image image=&#8220;12961&#8243; img_size=&#8220;300&#215;300&#8243;][vc_btn title=&#8220;Inneres \u00dcben f\u00fcr BehandlerInnen&#8220; color=&#8220;primary&#8220; link=&#8220;url:https%3A%2F%2Fwww.reconnectivetherapy.com%2Fde%2Fheilung%2Fausbildung%2Ftraining-puzzleteile%2F2-puzzle-pieces%2F&#8220;][\/vc_column][vc_column width=&#8220;1\/4&#8243;][vc_single_image image=&#8220;12975&#8243; img_size=&#8220;300&#215;300&#8243;][vc_btn title=&#8220;Strukutelle Arbeit &amp; Anwendung&#8220; color=&#8220;primary&#8220; link=&#8220;url:https%3A%2F%2Fwww.reconnectivetherapy.com%2Fde%2Fheilung%2Fausbildung%2Ftraining-puzzleteile%2F1-puzzle-pieces%2F&#8220;][\/vc_column][vc_column width=&#8220;1\/4&#8243;][vc_single_image image=&#8220;12970&#8243; img_size=&#8220;300&#215;300&#8243; alignment=&#8220;center&#8220;][vc_btn title=&#8220;Bewusste Arbeit f\u00fcr BehandlerInnen&#8220; color=&#8220;primary&#8220; link=&#8220;url:https%3A%2F%2Fwww.reconnectivetherapy.com%2Fde%2Fheilung%2Fausbildung%2Ftraining-puzzleteile%2F2-puzzle-pieces-1%2F&#8220;][\/vc_column][\/vc_row]<\/p>\n<\/div>","protected":false},"excerpt":{"rendered":"<p>[vc_row][vc_column css=&#8220;.vc_custom_1453450499130{margin-top: 30px !important;}&#8220;][vc_column_text undefined=&#8220;&#8220;] RCT BehandlerInnen \u2013 Weiterf\u00fchrendes Training 2023 Die Verk\u00f6rperung neuer Frequenzen [\/vc_column_text][\/vc_column][\/vc_row][vc_row][vc_column][vc_column_text undefined=&#8220;&#8220;]Mit dem Beginn des Jahres 2023 steht uns allen ein<span class=\"excerpt-hellip\"> [\u2026]<\/span><\/p>\n","protected":false},"author":13,"featured_media":0,"parent":6338,"menu_order":5,"comment_status":"closed","ping_status":"closed","template":"","meta":{"footnotes":""},"class_list":["post-12611","page","type-page","status-publish","hentry"],"yoast_head":"<!-- This site is optimized with the Yoast SEO plugin v27.4 - https:\/\/yoast.com\/product\/yoast-seo-wordpress\/ -->\n<title>Practitioner Support - Reconnective Therapy<\/title>\n<meta name=\"description\" content=\"Practitioner Support - Reconnective Therapy | Herwig und Kerstin Sch\u00f6n. Jeder von uns tr\u00e4gt das Wissen \u00fcber perfektes Wohlbefinden in sich.\" \/>\n<meta name=\"robots\" content=\"index, follow, max-snippet:-1, max-image-preview:large, max-video-preview:-1\" \/>\n<link rel=\"canonical\" href=\"https:\/\/www.reconnectivetherapy.com\/de\/heilung\/ausbildung\/training-puzzleteile\/\" \/>\n<meta property=\"og:locale\" content=\"de_DE\" \/>\n<meta property=\"og:type\" content=\"article\" \/>\n<meta property=\"og:title\" content=\"Practitioner Support - Reconnective Therapy\" \/>\n<meta property=\"og:description\" content=\"Practitioner Support - Reconnective Therapy | Herwig und Kerstin Sch\u00f6n. Jeder von uns tr\u00e4gt das Wissen \u00fcber perfektes Wohlbefinden in sich.\" \/>\n<meta property=\"og:url\" content=\"https:\/\/www.reconnectivetherapy.com\/de\/heilung\/ausbildung\/training-puzzleteile\/\" \/>\n<meta property=\"og:site_name\" content=\"RCT - Reconnective Therapy | Kerstin Sch\u00f6n\" \/>\n<meta property=\"article:modified_time\" content=\"2023-12-07T09:55:52+00:00\" \/>\n<meta name=\"twitter:label1\" content=\"Gesch\u00e4tzte Lesezeit\" \/>\n\t<meta name=\"twitter:data1\" content=\"2\u00a0Minuten\" \/>\n<script type=\"application\/ld+json\" class=\"yoast-schema-graph\">{\"@context\":\"https:\\\/\\\/schema.org\",\"@graph\":[{\"@type\":\"WebPage\",\"@id\":\"https:\\\/\\\/www.reconnectivetherapy.com\\\/de\\\/heilung\\\/ausbildung\\\/training-puzzleteile\\\/\",\"url\":\"https:\\\/\\\/www.reconnectivetherapy.com\\\/de\\\/heilung\\\/ausbildung\\\/training-puzzleteile\\\/\",\"name\":\"Practitioner Support - Reconnective Therapy\",\"isPartOf\":{\"@id\":\"https:\\\/\\\/www.reconnectivetherapy.com\\\/#website\"},\"datePublished\":\"2023-03-19T16:25:13+00:00\",\"dateModified\":\"2023-12-07T09:55:52+00:00\",\"description\":\"Practitioner Support - Reconnective Therapy | Herwig und Kerstin Sch\u00f6n. Jeder von uns tr\u00e4gt das Wissen \u00fcber perfektes Wohlbefinden in sich.\",\"breadcrumb\":{\"@id\":\"https:\\\/\\\/www.reconnectivetherapy.com\\\/de\\\/heilung\\\/ausbildung\\\/training-puzzleteile\\\/#breadcrumb\"},\"inLanguage\":\"de\",\"potentialAction\":[{\"@type\":\"ReadAction\",\"target\":[\"https:\\\/\\\/www.reconnectivetherapy.com\\\/de\\\/heilung\\\/ausbildung\\\/training-puzzleteile\\\/\"]}]},{\"@type\":\"BreadcrumbList\",\"@id\":\"https:\\\/\\\/www.reconnectivetherapy.com\\\/de\\\/heilung\\\/ausbildung\\\/training-puzzleteile\\\/#breadcrumb\",\"itemListElement\":[{\"@type\":\"ListItem\",\"position\":1,\"name\":\"Start\",\"item\":\"https:\\\/\\\/www.reconnectivetherapy.com\\\/\"},{\"@type\":\"ListItem\",\"position\":2,\"name\":\"Heilung\",\"item\":\"https:\\\/\\\/www.reconnectivetherapy.com\\\/healing\\\/\"},{\"@type\":\"ListItem\",\"position\":3,\"name\":\"Ausbildung\",\"item\":\"https:\\\/\\\/www.reconnectivetherapy.com\\\/healing\\\/ausbildung\\\/\"},{\"@type\":\"ListItem\",\"position\":4,\"name\":\"Training &#8211; Puzzleteile\"}]},{\"@type\":\"WebSite\",\"@id\":\"https:\\\/\\\/www.reconnectivetherapy.com\\\/#website\",\"url\":\"https:\\\/\\\/www.reconnectivetherapy.com\\\/\",\"name\":\"RCT - Reconnective Therapy | Kerstin Sch\u00f6n\",\"description\":\"RCT - Reconnective Therapy | Kerstin Sch\u00f6n\",\"potentialAction\":[{\"@type\":\"SearchAction\",\"target\":{\"@type\":\"EntryPoint\",\"urlTemplate\":\"https:\\\/\\\/www.reconnectivetherapy.com\\\/?s={search_term_string}\"},\"query-input\":{\"@type\":\"PropertyValueSpecification\",\"valueRequired\":true,\"valueName\":\"search_term_string\"}}],\"inLanguage\":\"de\"}]}<\/script>\n<!-- \/ Yoast SEO plugin. -->","yoast_head_json":{"title":"Practitioner Support - Reconnective Therapy","description":"Practitioner Support - Reconnective Therapy | Herwig und Kerstin Sch\u00f6n. Jeder von uns tr\u00e4gt das Wissen \u00fcber perfektes Wohlbefinden in sich.","robots":{"index":"index","follow":"follow","max-snippet":"max-snippet:-1","max-image-preview":"max-image-preview:large","max-video-preview":"max-video-preview:-1"},"canonical":"https:\/\/www.reconnectivetherapy.com\/de\/heilung\/ausbildung\/training-puzzleteile\/","og_locale":"de_DE","og_type":"article","og_title":"Practitioner Support - Reconnective Therapy","og_description":"Practitioner Support - Reconnective Therapy | Herwig und Kerstin Sch\u00f6n. Jeder von uns tr\u00e4gt das Wissen \u00fcber perfektes Wohlbefinden in sich.","og_url":"https:\/\/www.reconnectivetherapy.com\/de\/heilung\/ausbildung\/training-puzzleteile\/","og_site_name":"RCT - Reconnective Therapy | Kerstin Sch\u00f6n","article_modified_time":"2023-12-07T09:55:52+00:00","twitter_misc":{"Gesch\u00e4tzte Lesezeit":"2\u00a0Minuten"},"schema":{"@context":"https:\/\/schema.org","@graph":[{"@type":"WebPage","@id":"https:\/\/www.reconnectivetherapy.com\/de\/heilung\/ausbildung\/training-puzzleteile\/","url":"https:\/\/www.reconnectivetherapy.com\/de\/heilung\/ausbildung\/training-puzzleteile\/","name":"Practitioner Support - Reconnective Therapy","isPartOf":{"@id":"https:\/\/www.reconnectivetherapy.com\/#website"},"datePublished":"2023-03-19T16:25:13+00:00","dateModified":"2023-12-07T09:55:52+00:00","description":"Practitioner Support - Reconnective Therapy | Herwig und Kerstin Sch\u00f6n. Jeder von uns tr\u00e4gt das Wissen \u00fcber perfektes Wohlbefinden in sich.","breadcrumb":{"@id":"https:\/\/www.reconnectivetherapy.com\/de\/heilung\/ausbildung\/training-puzzleteile\/#breadcrumb"},"inLanguage":"de","potentialAction":[{"@type":"ReadAction","target":["https:\/\/www.reconnectivetherapy.com\/de\/heilung\/ausbildung\/training-puzzleteile\/"]}]},{"@type":"BreadcrumbList","@id":"https:\/\/www.reconnectivetherapy.com\/de\/heilung\/ausbildung\/training-puzzleteile\/#breadcrumb","itemListElement":[{"@type":"ListItem","position":1,"name":"Start","item":"https:\/\/www.reconnectivetherapy.com\/"},{"@type":"ListItem","position":2,"name":"Heilung","item":"https:\/\/www.reconnectivetherapy.com\/healing\/"},{"@type":"ListItem","position":3,"name":"Ausbildung","item":"https:\/\/www.reconnectivetherapy.com\/healing\/ausbildung\/"},{"@type":"ListItem","position":4,"name":"Training &#8211; Puzzleteile"}]},{"@type":"WebSite","@id":"https:\/\/www.reconnectivetherapy.com\/#website","url":"https:\/\/www.reconnectivetherapy.com\/","name":"RCT - Reconnective Therapy | Kerstin Sch\u00f6n","description":"RCT - Reconnective Therapy | Kerstin Sch\u00f6n","potentialAction":[{"@type":"SearchAction","target":{"@type":"EntryPoint","urlTemplate":"https:\/\/www.reconnectivetherapy.com\/?s={search_term_string}"},"query-input":{"@type":"PropertyValueSpecification","valueRequired":true,"valueName":"search_term_string"}}],"inLanguage":"de"}]}},"_links":{"self":[{"href":"https:\/\/www.reconnectivetherapy.com\/de\/wp-json\/wp\/v2\/pages\/12611","targetHints":{"allow":["GET"]}}],"collection":[{"href":"https:\/\/www.reconnectivetherapy.com\/de\/wp-json\/wp\/v2\/pages"}],"about":[{"href":"https:\/\/www.reconnectivetherapy.com\/de\/wp-json\/wp\/v2\/types\/page"}],"author":[{"embeddable":true,"href":"https:\/\/www.reconnectivetherapy.com\/de\/wp-json\/wp\/v2\/users\/13"}],"replies":[{"embeddable":true,"href":"https:\/\/www.reconnectivetherapy.com\/de\/wp-json\/wp\/v2\/comments?post=12611"}],"version-history":[{"count":0,"href":"https:\/\/www.reconnectivetherapy.com\/de\/wp-json\/wp\/v2\/pages\/12611\/revisions"}],"up":[{"embeddable":true,"href":"https:\/\/www.reconnectivetherapy.com\/de\/wp-json\/wp\/v2\/pages\/6338"}],"wp:attachment":[{"href":"https:\/\/www.reconnectivetherapy.com\/de\/wp-json\/wp\/v2\/media?parent=12611"}],"curies":[{"name":"wp","href":"https:\/\/api.w.org\/{rel}","templated":true}]}}