{"id":12592,"date":"2021-06-30T14:34:24","date_gmt":"2021-06-30T12:34:24","guid":{"rendered":"http:\/\/www.reconnectivetherapy.com\/rct-heilung\/heilung\/long-distance-sessions\/"},"modified":"2023-05-08T11:02:59","modified_gmt":"2023-05-08T09:02:59","slug":"fernbehandlung","status":"publish","type":"page","link":"https:\/\/www.reconnectivetherapy.com\/de\/heilung\/heilung\/fernbehandlung\/","title":{"rendered":"Behandlungen auf die Ferne"},"content":{"rendered":"<div class=\"wpb-content-wrapper\"><p>[vc_row][vc_column css=&#8220;.vc_custom_1453450499130{margin-top: 30px !important;}&#8220;][vc_column_text undefined=&#8220;&#8220;]<\/p>\n<h3>Der Ablauf von Behandlungen<br \/>\n<span style=\"font-size: 16px;\">RCT-Fernbehandlung<\/span><\/h3>\n<p>[\/vc_column_text][\/vc_column][\/vc_row][vc_row][vc_column][vc_column_text undefined=&#8220;&#8220;]<\/p>\n<ul>\n<li>Behandlungen eins zu eins f\u00fchren wir in aller Regel auf die Entfernung durch, wobei die Kommunikation \u00fcber das Telefon stattfindet.<\/li>\n<\/ul>\n<ul>\n<li><strong>Buche einen RCT-Behandlungstermin:<\/strong><br \/>\n1) wende dich an die\u00a0Kontaktstelle Europa &#8211; Deutschland (+49) 08841 \u2013 489 6135<br \/>\n2) dort wird dir alles erkl\u00e4rt\u00a0wie es funktioniert und all deine Fragen beantwortet<br \/>\n3)\u00a0dann wird dir ein Termin bei Kerstin Sch\u00f6n gegeben<\/li>\n<li><strong>Die Struktur einer RCT-Fernbehandlung:<\/strong><br \/>\n1) zu dem Termin wirst du angerufen.<br \/>\n2) die Behandlung selber, also das Erm\u00f6glichen der Verbindung zwischen den Blaupausen der Perfektion und dem K\u00f6rper ben\u00f6tigen nur wenige Sekunden, dann hat der K\u00f6rper alles, was er zur Zeit aufnehmen kann.<br \/>\n3) ein Teil der Arbeit kann auch sehr wohl das gesprochene Wort sein. Dir wird zugeh\u00f6rt was du zu berichten hast und entsprechend darauf eingegangen um den Heilungs- und Bewusstwerdungsprozess zu unterst\u00fctzen.<br \/>\n4) dann wird dein\u00a0Energiek\u00f6rper gelesen um zu bestimmen wie lange die Integrationszeit sein wird, das ergibt die M\u00f6glichkeit dir bereits den n\u00e4chsten Termin anzubieten, so du das willst.<\/li>\n<\/ul>\n<ul>\n<li>Es gibt auch die M\u00f6glichkeit dich zu behandeln,\u00a0<strong>ohne dass du am Telefon mit dem Behandler oder der Behandlerin sprichst.<\/strong>\u00a0Das hat genau den gleichen Heilungseffekt wie mit Sprechen und kann dann von Vorteil sein wenn der Behandler, die Behandlerin telefonisch nicht erreichbar ist.<\/li>\n<\/ul>\n<ul>\n<li>\u00dcber die Kontaktstelle gibt es immer die M\u00f6glichkeit mit uns kurzfristig in Verbindung zu treten, so dass wir auch <strong>im Notfall<\/strong> zur Stelle sein k\u00f6nnen.<\/li>\n<\/ul>\n<p><strong>Kosten:<\/strong><br \/>\n\u20ac 50,- RCT-Behandlung ohne Anruf<br \/>\n\u20ac 65,- RCT-Behandlung mit Anruf[\/vc_column_text][\/vc_column][\/vc_row][vc_row][vc_column][vc_separator height_2=&#8220;40&#8243; height=&#8220;0&#8243; show_border=&#8220;yes_border&#8220;][\/vc_column][\/vc_row]<\/p>\n<\/div>","protected":false},"excerpt":{"rendered":"<p>[vc_row][vc_column css=&#8220;.vc_custom_1453450499130{margin-top: 30px !important;}&#8220;][vc_column_text undefined=&#8220;&#8220;] Der Ablauf von Behandlungen RCT-Fernbehandlung [\/vc_column_text][\/vc_column][\/vc_row][vc_row][vc_column][vc_column_text undefined=&#8220;&#8220;] Behandlungen eins zu eins f\u00fchren wir in aller Regel auf die Entfernung durch, wobei<span class=\"excerpt-hellip\"> [\u2026]<\/span><\/p>\n","protected":false},"author":13,"featured_media":0,"parent":6332,"menu_order":0,"comment_status":"closed","ping_status":"closed","template":"","meta":{"footnotes":""},"class_list":["post-12592","page","type-page","status-publish","hentry"],"yoast_head":"<!-- This site is optimized with the Yoast SEO plugin v27.5 - https:\/\/yoast.com\/product\/yoast-seo-wordpress\/ -->\n<title>Treatments in person and long distance - Reconnective Therapy<\/title>\n<meta name=\"description\" content=\"Treatments in person and long distance - Reconnective Therapy | Herwig und Kerstin Sch\u00f6n.\" \/>\n<meta name=\"robots\" content=\"index, follow, max-snippet:-1, max-image-preview:large, max-video-preview:-1\" \/>\n<link rel=\"canonical\" href=\"https:\/\/www.reconnectivetherapy.com\/healing\/rct-healing-work\/long-distance-sessions\/\" \/>\n<meta property=\"og:locale\" content=\"de_DE\" \/>\n<meta property=\"og:type\" content=\"article\" \/>\n<meta property=\"og:title\" content=\"Treatments in person and long distance - Reconnective Therapy\" \/>\n<meta property=\"og:description\" content=\"Treatments in person and long distance - Reconnective Therapy | Herwig und Kerstin Sch\u00f6n.\" \/>\n<meta property=\"og:url\" content=\"https:\/\/www.reconnectivetherapy.com\/healing\/rct-healing-work\/long-distance-sessions\/\" \/>\n<meta property=\"og:site_name\" content=\"RCT - Reconnective Therapy | Kerstin Sch\u00f6n\" \/>\n<meta property=\"article:modified_time\" content=\"2023-05-08T09:02:59+00:00\" \/>\n<meta name=\"twitter:label1\" content=\"Gesch\u00e4tzte Lesezeit\" \/>\n\t<meta name=\"twitter:data1\" content=\"2\u00a0Minuten\" \/>\n<script type=\"application\/ld+json\" class=\"yoast-schema-graph\">{\"@context\":\"https:\\\/\\\/schema.org\",\"@graph\":[{\"@type\":\"WebPage\",\"@id\":\"https:\\\/\\\/www.reconnectivetherapy.com\\\/healing\\\/rct-healing-work\\\/long-distance-sessions\\\/\",\"url\":\"https:\\\/\\\/www.reconnectivetherapy.com\\\/healing\\\/rct-healing-work\\\/long-distance-sessions\\\/\",\"name\":\"Treatments in person and long distance - Reconnective Therapy\",\"isPartOf\":{\"@id\":\"https:\\\/\\\/www.reconnectivetherapy.com\\\/#website\"},\"datePublished\":\"2021-06-30T12:34:24+00:00\",\"dateModified\":\"2023-05-08T09:02:59+00:00\",\"description\":\"Treatments in person and long distance - Reconnective Therapy | Herwig und Kerstin Sch\u00f6n.\",\"breadcrumb\":{\"@id\":\"https:\\\/\\\/www.reconnectivetherapy.com\\\/healing\\\/rct-healing-work\\\/long-distance-sessions\\\/#breadcrumb\"},\"inLanguage\":\"de\",\"potentialAction\":[{\"@type\":\"ReadAction\",\"target\":[\"https:\\\/\\\/www.reconnectivetherapy.com\\\/healing\\\/rct-healing-work\\\/long-distance-sessions\\\/\"]}]},{\"@type\":\"BreadcrumbList\",\"@id\":\"https:\\\/\\\/www.reconnectivetherapy.com\\\/healing\\\/rct-healing-work\\\/long-distance-sessions\\\/#breadcrumb\",\"itemListElement\":[{\"@type\":\"ListItem\",\"position\":1,\"name\":\"Start\",\"item\":\"https:\\\/\\\/www.reconnectivetherapy.com\\\/\"},{\"@type\":\"ListItem\",\"position\":2,\"name\":\"Heilung\",\"item\":\"https:\\\/\\\/www.reconnectivetherapy.com\\\/healing\\\/\"},{\"@type\":\"ListItem\",\"position\":3,\"name\":\"Heilung\",\"item\":\"https:\\\/\\\/www.reconnectivetherapy.com\\\/healing\\\/rct-healing-work\\\/\"},{\"@type\":\"ListItem\",\"position\":4,\"name\":\"Behandlungen auf die Ferne\"}]},{\"@type\":\"WebSite\",\"@id\":\"https:\\\/\\\/www.reconnectivetherapy.com\\\/#website\",\"url\":\"https:\\\/\\\/www.reconnectivetherapy.com\\\/\",\"name\":\"RCT - Reconnective Therapy | Kerstin Sch\u00f6n\",\"description\":\"RCT - Reconnective Therapy | Kerstin Sch\u00f6n\",\"potentialAction\":[{\"@type\":\"SearchAction\",\"target\":{\"@type\":\"EntryPoint\",\"urlTemplate\":\"https:\\\/\\\/www.reconnectivetherapy.com\\\/?s={search_term_string}\"},\"query-input\":{\"@type\":\"PropertyValueSpecification\",\"valueRequired\":true,\"valueName\":\"search_term_string\"}}],\"inLanguage\":\"de\"}]}<\/script>\n<!-- \/ Yoast SEO plugin. -->","yoast_head_json":{"title":"Treatments in person and long distance - Reconnective Therapy","description":"Treatments in person and long distance - Reconnective Therapy | Herwig und Kerstin Sch\u00f6n.","robots":{"index":"index","follow":"follow","max-snippet":"max-snippet:-1","max-image-preview":"max-image-preview:large","max-video-preview":"max-video-preview:-1"},"canonical":"https:\/\/www.reconnectivetherapy.com\/healing\/rct-healing-work\/long-distance-sessions\/","og_locale":"de_DE","og_type":"article","og_title":"Treatments in person and long distance - Reconnective Therapy","og_description":"Treatments in person and long distance - Reconnective Therapy | Herwig und Kerstin Sch\u00f6n.","og_url":"https:\/\/www.reconnectivetherapy.com\/healing\/rct-healing-work\/long-distance-sessions\/","og_site_name":"RCT - Reconnective Therapy | Kerstin Sch\u00f6n","article_modified_time":"2023-05-08T09:02:59+00:00","twitter_misc":{"Gesch\u00e4tzte Lesezeit":"2\u00a0Minuten"},"schema":{"@context":"https:\/\/schema.org","@graph":[{"@type":"WebPage","@id":"https:\/\/www.reconnectivetherapy.com\/healing\/rct-healing-work\/long-distance-sessions\/","url":"https:\/\/www.reconnectivetherapy.com\/healing\/rct-healing-work\/long-distance-sessions\/","name":"Treatments in person and long distance - Reconnective Therapy","isPartOf":{"@id":"https:\/\/www.reconnectivetherapy.com\/#website"},"datePublished":"2021-06-30T12:34:24+00:00","dateModified":"2023-05-08T09:02:59+00:00","description":"Treatments in person and long distance - Reconnective Therapy | Herwig und Kerstin Sch\u00f6n.","breadcrumb":{"@id":"https:\/\/www.reconnectivetherapy.com\/healing\/rct-healing-work\/long-distance-sessions\/#breadcrumb"},"inLanguage":"de","potentialAction":[{"@type":"ReadAction","target":["https:\/\/www.reconnectivetherapy.com\/healing\/rct-healing-work\/long-distance-sessions\/"]}]},{"@type":"BreadcrumbList","@id":"https:\/\/www.reconnectivetherapy.com\/healing\/rct-healing-work\/long-distance-sessions\/#breadcrumb","itemListElement":[{"@type":"ListItem","position":1,"name":"Start","item":"https:\/\/www.reconnectivetherapy.com\/"},{"@type":"ListItem","position":2,"name":"Heilung","item":"https:\/\/www.reconnectivetherapy.com\/healing\/"},{"@type":"ListItem","position":3,"name":"Heilung","item":"https:\/\/www.reconnectivetherapy.com\/healing\/rct-healing-work\/"},{"@type":"ListItem","position":4,"name":"Behandlungen auf die Ferne"}]},{"@type":"WebSite","@id":"https:\/\/www.reconnectivetherapy.com\/#website","url":"https:\/\/www.reconnectivetherapy.com\/","name":"RCT - Reconnective Therapy | Kerstin Sch\u00f6n","description":"RCT - Reconnective Therapy | Kerstin Sch\u00f6n","potentialAction":[{"@type":"SearchAction","target":{"@type":"EntryPoint","urlTemplate":"https:\/\/www.reconnectivetherapy.com\/?s={search_term_string}"},"query-input":{"@type":"PropertyValueSpecification","valueRequired":true,"valueName":"search_term_string"}}],"inLanguage":"de"}]}},"_links":{"self":[{"href":"https:\/\/www.reconnectivetherapy.com\/de\/wp-json\/wp\/v2\/pages\/12592","targetHints":{"allow":["GET"]}}],"collection":[{"href":"https:\/\/www.reconnectivetherapy.com\/de\/wp-json\/wp\/v2\/pages"}],"about":[{"href":"https:\/\/www.reconnectivetherapy.com\/de\/wp-json\/wp\/v2\/types\/page"}],"author":[{"embeddable":true,"href":"https:\/\/www.reconnectivetherapy.com\/de\/wp-json\/wp\/v2\/users\/13"}],"replies":[{"embeddable":true,"href":"https:\/\/www.reconnectivetherapy.com\/de\/wp-json\/wp\/v2\/comments?post=12592"}],"version-history":[{"count":0,"href":"https:\/\/www.reconnectivetherapy.com\/de\/wp-json\/wp\/v2\/pages\/12592\/revisions"}],"up":[{"embeddable":true,"href":"https:\/\/www.reconnectivetherapy.com\/de\/wp-json\/wp\/v2\/pages\/6332"}],"wp:attachment":[{"href":"https:\/\/www.reconnectivetherapy.com\/de\/wp-json\/wp\/v2\/media?parent=12592"}],"curies":[{"name":"wp","href":"https:\/\/api.w.org\/{rel}","templated":true}]}}