{"id":12583,"date":"2020-06-12T19:34:56","date_gmt":"2020-06-12T17:34:27","guid":{"rendered":"http:\/\/www.reconnectivetherapy.com\/rct-heilung\/was-ist\/herwig-schoen-2\/"},"modified":"2024-01-23T08:30:55","modified_gmt":"2024-01-23T07:30:55","slug":"herwig-schoen","status":"publish","type":"page","link":"https:\/\/www.reconnectivetherapy.com\/de\/heilung\/was-ist\/herwig-schoen\/","title":{"rendered":"Gr\u00fcnder Herwig Schoen"},"content":{"rendered":"<div class=\"wpb-content-wrapper\"><p>[vc_row][vc_column width=&#8220;1\/4&#8243; css=&#8220;.vc_custom_1459842189193{margin-top: 18px !important;}&#8220;][vc_single_image image=&#8220;13653&#8243; img_size=&#8220;full&#8220;][\/vc_column][vc_column width=&#8220;3\/4&#8243;][vc_row_inner][vc_column_inner][\/vc_column_inner][\/vc_row_inner][vc_column_text]<strong>Herwig Sch\u00f6n (HP) &#8211; Gr\u00fcnder, Lehrer, RCT-Behandler<\/strong><\/p>\n<p>Herwig Sch\u00f6n (1958 &#8211; 2020) war in Deutschland geboren und aufgewachsen.<\/p>\n<p>Seit 1989 war er als Heilpraktiker t\u00e4tig. Er praktizierte von 1989 bis 1998\u00a0klassische Hom\u00f6opathie. Er studierte am Upledger-Institut in Deutschland Cranio-Sakral-Therapie, sowie von 1995 bis 1998 integrative manuelle Therapie beim &#8222;Dialogs in contemporary Rehabilitation&#8220; in Deutschland und den USA.<\/p>\n<p>Herwig Sch\u00f6n entwickelte die ReConnective Therapy und bot diese neue alternative, nichtmedizinische und nichtpsychologische Heilungsmethode zusammen mit seiner Frau Kerstin Sch\u00f6n in Einzel- und Gruppensitzungen an.<br \/>\nEr bildete RCT-Behandler\u00a0sowohl in Europa als auch in den USA aus.[\/vc_column_text][\/vc_column][\/vc_row][vc_row][vc_column][vc_separator height_2=&#8220;40&#8243; height=&#8220;24&#8243; show_border=&#8220;yes_border&#8220;][\/vc_column][\/vc_row]<\/p>\n<\/div>","protected":false},"excerpt":{"rendered":"<p>[vc_row][vc_column width=&#8220;1\/4&#8243; css=&#8220;.vc_custom_1459842189193{margin-top: 18px !important;}&#8220;][vc_single_image image=&#8220;13653&#8243; img_size=&#8220;full&#8220;][\/vc_column][vc_column width=&#8220;3\/4&#8243;][vc_row_inner][vc_column_inner][\/vc_column_inner][\/vc_row_inner][vc_column_text]Herwig Sch\u00f6n (HP) &#8211; Gr\u00fcnder, Lehrer, RCT-Behandler Herwig Sch\u00f6n (1958 &#8211; 2020) war in Deutschland geboren und aufgewachsen. Seit<span class=\"excerpt-hellip\"> [\u2026]<\/span><\/p>\n","protected":false},"author":13,"featured_media":0,"parent":12563,"menu_order":3,"comment_status":"closed","ping_status":"closed","template":"","meta":{"footnotes":""},"class_list":["post-12583","page","type-page","status-publish","hentry"],"yoast_head":"<!-- This site is optimized with the Yoast SEO plugin v27.4 - https:\/\/yoast.com\/product\/yoast-seo-wordpress\/ -->\n<title>Our Team RCT - Reconnective Therapy<\/title>\n<meta name=\"description\" content=\"Our Team RCT - Reconnective Therapy | Herwig und Kerstin Sch\u00f6n. Jeder von uns tr\u00e4gt das Wissen \u00fcber perfektes Wohlbefinden in sich.\" \/>\n<meta name=\"robots\" content=\"index, follow, max-snippet:-1, max-image-preview:large, max-video-preview:-1\" \/>\n<link rel=\"canonical\" href=\"https:\/\/www.reconnectivetherapy.com\/de\/heilung\/was-ist\/herwig-schoen\/\" \/>\n<meta property=\"og:locale\" content=\"de_DE\" \/>\n<meta property=\"og:type\" content=\"article\" \/>\n<meta property=\"og:title\" content=\"Our Team RCT - Reconnective Therapy\" \/>\n<meta property=\"og:description\" content=\"Our Team RCT - Reconnective Therapy | Herwig und Kerstin Sch\u00f6n. Jeder von uns tr\u00e4gt das Wissen \u00fcber perfektes Wohlbefinden in sich.\" \/>\n<meta property=\"og:url\" content=\"https:\/\/www.reconnectivetherapy.com\/de\/heilung\/was-ist\/herwig-schoen\/\" \/>\n<meta property=\"og:site_name\" content=\"RCT - Reconnective Therapy | Kerstin Sch\u00f6n\" \/>\n<meta property=\"article:modified_time\" content=\"2024-01-23T07:30:55+00:00\" \/>\n<meta name=\"twitter:label1\" content=\"Gesch\u00e4tzte Lesezeit\" \/>\n\t<meta name=\"twitter:data1\" content=\"1\u00a0Minute\" \/>\n<script type=\"application\/ld+json\" class=\"yoast-schema-graph\">{\"@context\":\"https:\\\/\\\/schema.org\",\"@graph\":[{\"@type\":\"WebPage\",\"@id\":\"https:\\\/\\\/www.reconnectivetherapy.com\\\/de\\\/heilung\\\/was-ist\\\/herwig-schoen\\\/\",\"url\":\"https:\\\/\\\/www.reconnectivetherapy.com\\\/de\\\/heilung\\\/was-ist\\\/herwig-schoen\\\/\",\"name\":\"Our Team RCT - Reconnective Therapy\",\"isPartOf\":{\"@id\":\"https:\\\/\\\/www.reconnectivetherapy.com\\\/#website\"},\"datePublished\":\"2020-06-12T17:34:27+00:00\",\"dateModified\":\"2024-01-23T07:30:55+00:00\",\"description\":\"Our Team RCT - Reconnective Therapy | Herwig und Kerstin Sch\u00f6n. Jeder von uns tr\u00e4gt das Wissen \u00fcber perfektes Wohlbefinden in sich.\",\"breadcrumb\":{\"@id\":\"https:\\\/\\\/www.reconnectivetherapy.com\\\/de\\\/heilung\\\/was-ist\\\/herwig-schoen\\\/#breadcrumb\"},\"inLanguage\":\"de\",\"potentialAction\":[{\"@type\":\"ReadAction\",\"target\":[\"https:\\\/\\\/www.reconnectivetherapy.com\\\/de\\\/heilung\\\/was-ist\\\/herwig-schoen\\\/\"]}]},{\"@type\":\"BreadcrumbList\",\"@id\":\"https:\\\/\\\/www.reconnectivetherapy.com\\\/de\\\/heilung\\\/was-ist\\\/herwig-schoen\\\/#breadcrumb\",\"itemListElement\":[{\"@type\":\"ListItem\",\"position\":1,\"name\":\"Start\",\"item\":\"https:\\\/\\\/www.reconnectivetherapy.com\\\/\"},{\"@type\":\"ListItem\",\"position\":2,\"name\":\"Heilung\",\"item\":\"https:\\\/\\\/www.reconnectivetherapy.com\\\/healing\\\/\"},{\"@type\":\"ListItem\",\"position\":3,\"name\":\"Was ist RCT\",\"item\":\"https:\\\/\\\/www.reconnectivetherapy.com\\\/de\\\/heilung\\\/was-ist\\\/\"},{\"@type\":\"ListItem\",\"position\":4,\"name\":\"Gr\u00fcnder Herwig Schoen\"}]},{\"@type\":\"WebSite\",\"@id\":\"https:\\\/\\\/www.reconnectivetherapy.com\\\/#website\",\"url\":\"https:\\\/\\\/www.reconnectivetherapy.com\\\/\",\"name\":\"RCT - Reconnective Therapy | Kerstin Sch\u00f6n\",\"description\":\"RCT - Reconnective Therapy | Kerstin Sch\u00f6n\",\"potentialAction\":[{\"@type\":\"SearchAction\",\"target\":{\"@type\":\"EntryPoint\",\"urlTemplate\":\"https:\\\/\\\/www.reconnectivetherapy.com\\\/?s={search_term_string}\"},\"query-input\":{\"@type\":\"PropertyValueSpecification\",\"valueRequired\":true,\"valueName\":\"search_term_string\"}}],\"inLanguage\":\"de\"}]}<\/script>\n<!-- \/ Yoast SEO plugin. -->","yoast_head_json":{"title":"Our Team RCT - Reconnective Therapy","description":"Our Team RCT - Reconnective Therapy | Herwig und Kerstin Sch\u00f6n. Jeder von uns tr\u00e4gt das Wissen \u00fcber perfektes Wohlbefinden in sich.","robots":{"index":"index","follow":"follow","max-snippet":"max-snippet:-1","max-image-preview":"max-image-preview:large","max-video-preview":"max-video-preview:-1"},"canonical":"https:\/\/www.reconnectivetherapy.com\/de\/heilung\/was-ist\/herwig-schoen\/","og_locale":"de_DE","og_type":"article","og_title":"Our Team RCT - Reconnective Therapy","og_description":"Our Team RCT - Reconnective Therapy | Herwig und Kerstin Sch\u00f6n. Jeder von uns tr\u00e4gt das Wissen \u00fcber perfektes Wohlbefinden in sich.","og_url":"https:\/\/www.reconnectivetherapy.com\/de\/heilung\/was-ist\/herwig-schoen\/","og_site_name":"RCT - Reconnective Therapy | Kerstin Sch\u00f6n","article_modified_time":"2024-01-23T07:30:55+00:00","twitter_misc":{"Gesch\u00e4tzte Lesezeit":"1\u00a0Minute"},"schema":{"@context":"https:\/\/schema.org","@graph":[{"@type":"WebPage","@id":"https:\/\/www.reconnectivetherapy.com\/de\/heilung\/was-ist\/herwig-schoen\/","url":"https:\/\/www.reconnectivetherapy.com\/de\/heilung\/was-ist\/herwig-schoen\/","name":"Our Team RCT - Reconnective Therapy","isPartOf":{"@id":"https:\/\/www.reconnectivetherapy.com\/#website"},"datePublished":"2020-06-12T17:34:27+00:00","dateModified":"2024-01-23T07:30:55+00:00","description":"Our Team RCT - Reconnective Therapy | Herwig und Kerstin Sch\u00f6n. Jeder von uns tr\u00e4gt das Wissen \u00fcber perfektes Wohlbefinden in sich.","breadcrumb":{"@id":"https:\/\/www.reconnectivetherapy.com\/de\/heilung\/was-ist\/herwig-schoen\/#breadcrumb"},"inLanguage":"de","potentialAction":[{"@type":"ReadAction","target":["https:\/\/www.reconnectivetherapy.com\/de\/heilung\/was-ist\/herwig-schoen\/"]}]},{"@type":"BreadcrumbList","@id":"https:\/\/www.reconnectivetherapy.com\/de\/heilung\/was-ist\/herwig-schoen\/#breadcrumb","itemListElement":[{"@type":"ListItem","position":1,"name":"Start","item":"https:\/\/www.reconnectivetherapy.com\/"},{"@type":"ListItem","position":2,"name":"Heilung","item":"https:\/\/www.reconnectivetherapy.com\/healing\/"},{"@type":"ListItem","position":3,"name":"Was ist RCT","item":"https:\/\/www.reconnectivetherapy.com\/de\/heilung\/was-ist\/"},{"@type":"ListItem","position":4,"name":"Gr\u00fcnder Herwig Schoen"}]},{"@type":"WebSite","@id":"https:\/\/www.reconnectivetherapy.com\/#website","url":"https:\/\/www.reconnectivetherapy.com\/","name":"RCT - Reconnective Therapy | Kerstin Sch\u00f6n","description":"RCT - Reconnective Therapy | Kerstin Sch\u00f6n","potentialAction":[{"@type":"SearchAction","target":{"@type":"EntryPoint","urlTemplate":"https:\/\/www.reconnectivetherapy.com\/?s={search_term_string}"},"query-input":{"@type":"PropertyValueSpecification","valueRequired":true,"valueName":"search_term_string"}}],"inLanguage":"de"}]}},"_links":{"self":[{"href":"https:\/\/www.reconnectivetherapy.com\/de\/wp-json\/wp\/v2\/pages\/12583","targetHints":{"allow":["GET"]}}],"collection":[{"href":"https:\/\/www.reconnectivetherapy.com\/de\/wp-json\/wp\/v2\/pages"}],"about":[{"href":"https:\/\/www.reconnectivetherapy.com\/de\/wp-json\/wp\/v2\/types\/page"}],"author":[{"embeddable":true,"href":"https:\/\/www.reconnectivetherapy.com\/de\/wp-json\/wp\/v2\/users\/13"}],"replies":[{"embeddable":true,"href":"https:\/\/www.reconnectivetherapy.com\/de\/wp-json\/wp\/v2\/comments?post=12583"}],"version-history":[{"count":0,"href":"https:\/\/www.reconnectivetherapy.com\/de\/wp-json\/wp\/v2\/pages\/12583\/revisions"}],"up":[{"embeddable":true,"href":"https:\/\/www.reconnectivetherapy.com\/de\/wp-json\/wp\/v2\/pages\/12563"}],"wp:attachment":[{"href":"https:\/\/www.reconnectivetherapy.com\/de\/wp-json\/wp\/v2\/media?parent=12583"}],"curies":[{"name":"wp","href":"https:\/\/api.w.org\/{rel}","templated":true}]}}